{"id":1420,"date":"2017-10-11T05:55:25","date_gmt":"2017-10-11T05:55:25","guid":{"rendered":"http:\/\/apressthemes.com\/demo35\/?page_id=1420"},"modified":"2022-10-13T07:34:46","modified_gmt":"2022-10-13T07:34:46","slug":"kontakt","status":"publish","type":"page","link":"https:\/\/killer-press.com\/de\/kontakt\/","title":{"rendered":"Kontakt"},"content":{"rendered":"<div class=\"wpb-content-wrapper\"><p>[vc_row full_width=&#8221;stretch_row_content_no_spaces&#8221;][vc_column][vc_single_image image=&#8221;1519&#8243; img_size=&#8221;2500&#215;200&#8243;][\/vc_column][\/vc_row][vc_row css=&#8221;.vc_custom_1474113519407{padding-top: 50px !important;padding-bottom: 50px !important;}&#8221;][vc_column width=&#8221;1\/3&#8243;]<div class=\"ult-spacer spacer-69d022e7af732\" data-id=\"69d022e7af732\" data-height=\"45\" data-height-mobile=\"45\" data-height-tab=\"45\" data-height-tab-portrait=\"\" data-height-mobile-landscape=\"\" style=\"clear:both;display:block;\"><\/div><div id=\"ultimate-heading-493669d022e7af750\" class=\"uvc-heading ult-adjust-bottom-margin ultimate-heading-493669d022e7af750 uvc-3594 \" data-hspacer=\"no_spacer\"  data-halign=\"left\" style=\"text-align:left\"><div class=\"uvc-heading-spacer no_spacer\" style=\"top\"><\/div><div class=\"uvc-main-heading ult-responsive\"  data-ultimate-target='.uvc-heading.ultimate-heading-493669d022e7af750 h2'  data-responsive-json-new='{\"font-size\":\"\",\"line-height\":\"\"}' ><h2 style=\"font-weight:normal;margin-bottom:38px;\">Contact Info<\/h2><\/div><\/div>[apress_icon_box iconcolor=&#8221;#8659d6&#8243; icon_hover_color=&#8221;#8659d6&#8243; icon_size=&#8221;22&#8243; icon_background_shape=&#8221;circle&#8221; icon_background_shape_type=&#8221;thick_bordered&#8221; shape_background_color=&#8221;#8659d6&#8243; icon_hover_bg_color=&#8221;#8659d6&#8243; contentboxtitle_size=&#8221;16&#8243; boxtitlepad=&#8221;padding-top:10|padding-bottom:5&#8243; title_desc_color=&#8221;#545454&#8243; icon_family=&#8221;fontawesome&#8221; icon_fontawesome=&#8221;fab fa-accessible-icon&#8221; contentboxtitle=&#8221;&#8221; contentboxarea=&#8221;Claudia Scheffler-Perrone<br \/>\n&#8221; icon=&#8221;fa-map-marker&#8221;]<div class=\"ult-spacer spacer-69d022e7af766\" data-id=\"69d022e7af766\" data-height=\"20\" data-height-mobile=\"20\" data-height-tab=\"20\" data-height-tab-portrait=\"\" data-height-mobile-landscape=\"\" style=\"clear:both;display:block;\"><\/div>[apress_icon_box iconcolor=&#8221;#8659d6&#8243; icon_hover_color=&#8221;#8659d6&#8243; icon_size=&#8221;22&#8243; icon_background_shape=&#8221;circle&#8221; icon_background_shape_type=&#8221;thick_bordered&#8221; shape_background_color=&#8221;#8659d6&#8243; icon_hover_bg_color=&#8221;#8659d6&#8243; contentboxtitle_size=&#8221;16&#8243; boxtitlepad=&#8221;padding-top:10|padding-bottom:5&#8243; title_desc_color=&#8221;#545454&#8243; icon_family=&#8221;fontawesome&#8221; icon_fontawesome=&#8221;fa fa-phone-square&#8221; contentboxtitle=&#8221;&#8221; contentboxarea=&#8221;+49 &#8211; (0)4105 &#8211; 59298 98&#8243; icon=&#8221;zo-call&#8221;]<div class=\"ult-spacer spacer-69d022e7af76f\" data-id=\"69d022e7af76f\" data-height=\"20\" data-height-mobile=\"20\" data-height-tab=\"20\" data-height-tab-portrait=\"\" data-height-mobile-landscape=\"\" style=\"clear:both;display:block;\"><\/div>[apress_icon_box iconcolor=&#8221;#8659d6&#8243; icon_hover_color=&#8221;#8659d6&#8243; icon_size=&#8221;22&#8243; icon_background_shape=&#8221;circle&#8221; icon_background_shape_type=&#8221;thick_bordered&#8221; shape_background_color=&#8221;#8659d6&#8243; icon_hover_bg_color=&#8221;#8659d6&#8243; contentboxtitle_size=&#8221;16&#8243; boxtitlepad=&#8221;padding-top:10|padding-bottom:5&#8243; title_desc_color=&#8221;#545454&#8243; icon_family=&#8221;fontawesome&#8221; icon_fontawesome=&#8221;fa fa-envelope&#8221; contentboxtitle=&#8221;&#8221; contentboxarea=&#8221;pr@killer-press.com&#8221; icon=&#8221;fa-send&#8221;][\/vc_column][vc_column width=&#8221;2\/3&#8243;]<div id=\"ultimate-heading-116469d022e7af77d\" class=\"uvc-heading ult-adjust-bottom-margin ultimate-heading-116469d022e7af77d uvc-8815 \" data-hspacer=\"no_spacer\"  data-halign=\"left\" style=\"text-align:left\"><div class=\"uvc-heading-spacer no_spacer\" style=\"top\"><\/div><div class=\"uvc-main-heading ult-responsive\"  data-ultimate-target='.uvc-heading.ultimate-heading-116469d022e7af77d h2'  data-responsive-json-new='{\"font-size\":\"\",\"line-height\":\"\"}' ><h2 style=\"font-weight:normal;margin-bottom:38px;\">Get in Touch with Us<\/h2><\/div><\/div>[vc_column_text]pr@killer-press.com[\/vc_column_text][\/vc_column][\/vc_row]<\/p>\n<div class=\"shariff shariff-align-flex-start shariff-widget-align-flex-start\"><ul class=\"shariff-buttons theme-round orientation-horizontal buttonsize-medium\"><li class=\"shariff-button linkedin shariff-nocustomcolor\" style=\"background-color:#1488bf\"><a href=\"https:\/\/www.linkedin.com\/sharing\/share-offsite\/?url=https%3A%2F%2Fkiller-press.com%2Fde%2Fkontakt%2F\" title=\"Bei LinkedIn teilen\" aria-label=\"Bei LinkedIn teilen\" role=\"button\" rel=\"noopener nofollow\" class=\"shariff-link\" style=\"; background-color:#0077b5; color:#fff\" target=\"_blank\"><span class=\"shariff-icon\" style=\"\"><svg width=\"32px\" height=\"20px\" xmlns=\"http:\/\/www.w3.org\/2000\/svg\" viewBox=\"0 0 27 32\"><path fill=\"#0077b5\" d=\"M6.2 11.2v17.7h-5.9v-17.7h5.9zM6.6 5.7q0 1.3-0.9 2.2t-2.4 0.9h0q-1.5 0-2.4-0.9t-0.9-2.2 0.9-2.2 2.4-0.9 2.4 0.9 0.9 2.2zM27.4 18.7v10.1h-5.9v-9.5q0-1.9-0.7-2.9t-2.3-1.1q-1.1 0-1.9 0.6t-1.2 1.5q-0.2 0.5-0.2 1.4v9.9h-5.9q0-7.1 0-11.6t0-5.3l0-0.9h5.9v2.6h0q0.4-0.6 0.7-1t1-0.9 1.6-0.8 2-0.3q3 0 4.9 2t1.9 6z\"\/><\/svg><\/span><\/a><\/li><li class=\"shariff-button facebook shariff-nocustomcolor\" style=\"background-color:#4273c8\"><a href=\"https:\/\/www.facebook.com\/sharer\/sharer.php?u=https%3A%2F%2Fkiller-press.com%2Fde%2Fkontakt%2F\" title=\"Bei Facebook teilen\" aria-label=\"Bei Facebook teilen\" role=\"button\" rel=\"nofollow\" class=\"shariff-link\" style=\"; background-color:#3b5998; color:#fff\" target=\"_blank\"><span class=\"shariff-icon\" style=\"\"><svg width=\"32px\" height=\"20px\" xmlns=\"http:\/\/www.w3.org\/2000\/svg\" viewBox=\"0 0 18 32\"><path fill=\"#3b5998\" d=\"M17.1 0.2v4.7h-2.8q-1.5 0-2.1 0.6t-0.5 1.9v3.4h5.2l-0.7 5.3h-4.5v13.6h-5.5v-13.6h-4.5v-5.3h4.5v-3.9q0-3.3 1.9-5.2t5-1.8q2.6 0 4.1 0.2z\"\/><\/svg><\/span><\/a><\/li><li class=\"shariff-button mailto shariff-nocustomcolor\" style=\"background-color:#a8a8a8\"><a href=\"mailto:?body=https%3A%2F%2Fkiller-press.com%2Fde%2Fkontakt%2F&subject=Kontakt\" title=\"Per E-Mail versenden\" aria-label=\"Per E-Mail versenden\" role=\"button\" rel=\"noopener nofollow\" class=\"shariff-link\" style=\"; background-color:#999; color:#fff\"><span class=\"shariff-icon\" style=\"\"><svg width=\"32px\" height=\"20px\" xmlns=\"http:\/\/www.w3.org\/2000\/svg\" viewBox=\"0 0 32 32\"><path fill=\"#999\" d=\"M32 12.7v14.2q0 1.2-0.8 2t-2 0.9h-26.3q-1.2 0-2-0.9t-0.8-2v-14.2q0.8 0.9 1.8 1.6 6.5 4.4 8.9 6.1 1 0.8 1.6 1.2t1.7 0.9 2 0.4h0.1q0.9 0 2-0.4t1.7-0.9 1.6-1.2q3-2.2 8.9-6.1 1-0.7 1.8-1.6zM32 7.4q0 1.4-0.9 2.7t-2.2 2.2q-6.7 4.7-8.4 5.8-0.2 0.1-0.7 0.5t-1 0.7-0.9 0.6-1.1 0.5-0.9 0.2h-0.1q-0.4 0-0.9-0.2t-1.1-0.5-0.9-0.6-1-0.7-0.7-0.5q-1.6-1.1-4.7-3.2t-3.6-2.6q-1.1-0.7-2.1-2t-1-2.5q0-1.4 0.7-2.3t2.1-0.9h26.3q1.2 0 2 0.8t0.9 2z\"\/><\/svg><\/span><\/a><\/li><\/ul><\/div><\/div>","protected":false},"excerpt":{"rendered":"<p>[vc_row full_width=&#8221;stretch_row_content_no_spaces&#8221;][vc_column][vc_single_image image=&#8221;1519&#8243; img_size=&#8221;2500&#215;200&#8243;][\/vc_column][\/vc_row][vc_row css=&#8221;.vc_custom_1474113519407{padding-top: 50px !important;padding-bottom: 50px !important;}&#8221;][vc_column width=&#8221;1\/3&#8243;][apress_icon_box iconcolor=&#8221;#8659d6&#8243; icon_hover_color=&#8221;#8659d6&#8243; icon_size=&#8221;22&#8243; icon_background_shape=&#8221;circle&#8221; icon_background_shape_type=&#8221;thick_bordered&#8221; shape_background_color=&#8221;#8659d6&#8243; icon_hover_bg_color=&#8221;#8659d6&#8243; contentboxtitle_size=&#8221;16&#8243; boxtitlepad=&#8221;padding-top:10|padding-bottom:5&#8243; title_desc_color=&#8221;#545454&#8243; icon_family=&#8221;fontawesome&#8221; icon_fontawesome=&#8221;fab fa-accessible-icon&#8221; contentboxtitle=&#8221;&#8221; contentboxarea=&#8221;Claudia Scheffler-Perrone &#8221; icon=&#8221;fa-map-marker&#8221;][apress_icon_box iconcolor=&#8221;#8659d6&#8243; icon_hover_color=&#8221;#8659d6&#8243; icon_size=&#8221;22&#8243; icon_background_shape=&#8221;circle&#8221; icon_background_shape_type=&#8221;thick_bordered&#8221; shape_background_color=&#8221;#8659d6&#8243; icon_hover_bg_color=&#8221;#8659d6&#8243; contentboxtitle_size=&#8221;16&#8243; boxtitlepad=&#8221;padding-top:10|padding-bottom:5&#8243; title_desc_color=&#8221;#545454&#8243; icon_family=&#8221;fontawesome&#8221; icon_fontawesome=&#8221;fa<span class=\"read_more_area\"><a class=\"read-more\" href=\"https:\/\/killer-press.com\/de\/kontakt\/\"> Continue Reading <\/a><\/span><\/p>\n","protected":false},"author":12,"featured_media":0,"parent":0,"menu_order":0,"comment_status":"closed","ping_status":"closed","template":"","meta":{"MSN_Categories":"Uncategorized","MSN_Publish_Option":false,"MSN_Is_Local_News":false,"MSN_Is_AIAC_Included":"Empty","MSN_Location":"[]","MSN_Add_Feature_Img_On_Top_Of_Post":false,"MSN_Has_Custom_Author":false,"MSN_Custom_Author":"","MSN_Has_Custom_Canonical_Url":false,"MSN_Custom_Canonical_Url":"","footnotes":""},"class_list":["post-1420","page","type-page","status-publish","hentry"],"yoast_head":"<!-- This site is optimized with the Yoast SEO Premium plugin v20.7 (Yoast SEO v25.6) - https:\/\/yoast.com\/wordpress\/plugins\/seo\/ -->\n<title>Kontakt - Killer Press<\/title>\n<meta name=\"description\" content=\"Kontaktieren Sie uns. Wir helfen Ihnen gerne weiter. Melden Sie sich f\u00fcr unser Coaching, Seminar, Workshop oder f\u00fcr eine pers\u00f6nliche Beratung an.\" \/>\n<meta name=\"robots\" content=\"index, follow, max-snippet:-1, max-image-preview:large, max-video-preview:-1\" \/>\n<link rel=\"canonical\" href=\"https:\/\/killer-press.com\/de\/kontakt\/\" \/>\n<meta property=\"og:locale\" content=\"de_DE\" \/>\n<meta property=\"og:type\" content=\"article\" \/>\n<meta property=\"og:title\" content=\"Kontakt\" \/>\n<meta property=\"og:description\" content=\"Kontaktieren Sie uns. Wir helfen Ihnen gerne weiter. Melden Sie sich f\u00fcr unser Coaching, Seminar, Workshop oder f\u00fcr eine pers\u00f6nliche Beratung an.\" \/>\n<meta property=\"og:url\" content=\"https:\/\/killer-press.com\/de\/kontakt\/\" \/>\n<meta property=\"og:site_name\" content=\"Killer Press\" \/>\n<meta property=\"article:modified_time\" content=\"2022-10-13T07:34:46+00:00\" \/>\n<meta property=\"og:image\" content=\"https:\/\/killer-press.com\/de\/wp-content\/uploads\/sites\/6\/2022\/01\/photo.jpg\" \/>\n\t<meta property=\"og:image:width\" content=\"2048\" \/>\n\t<meta property=\"og:image:height\" content=\"1152\" \/>\n\t<meta property=\"og:image:type\" content=\"image\/jpeg\" \/>\n<meta name=\"twitter:card\" content=\"summary_large_image\" \/>\n<meta name=\"twitter:label1\" content=\"Gesch\u00e4tzte Lesezeit\" \/>\n\t<meta name=\"twitter:data1\" content=\"1\u00a0Minute\" \/>\n<script type=\"application\/ld+json\" class=\"yoast-schema-graph\">{\"@context\":\"https:\/\/schema.org\",\"@graph\":[{\"@type\":\"WebPage\",\"@id\":\"https:\/\/killer-press.com\/de\/kontakt\/\",\"url\":\"https:\/\/killer-press.com\/de\/kontakt\/\",\"name\":\"Kontakt - Killer Press\",\"isPartOf\":{\"@id\":\"https:\/\/killer-press.com\/de\/#website\"},\"datePublished\":\"2017-10-11T05:55:25+00:00\",\"dateModified\":\"2022-10-13T07:34:46+00:00\",\"description\":\"Kontaktieren Sie uns. Wir helfen Ihnen gerne weiter. Melden Sie sich f\u00fcr unser Coaching, Seminar, Workshop oder f\u00fcr eine pers\u00f6nliche Beratung an.\",\"breadcrumb\":{\"@id\":\"https:\/\/killer-press.com\/de\/kontakt\/#breadcrumb\"},\"inLanguage\":\"de\",\"potentialAction\":[{\"@type\":\"ReadAction\",\"target\":[\"https:\/\/killer-press.com\/de\/kontakt\/\"]}]},{\"@type\":\"BreadcrumbList\",\"@id\":\"https:\/\/killer-press.com\/de\/kontakt\/#breadcrumb\",\"itemListElement\":[{\"@type\":\"ListItem\",\"position\":1,\"name\":\"Home\",\"item\":\"https:\/\/killer-press.com\/de\/\"},{\"@type\":\"ListItem\",\"position\":2,\"name\":\"Kontakt\"}]},{\"@type\":\"WebSite\",\"@id\":\"https:\/\/killer-press.com\/de\/#website\",\"url\":\"https:\/\/killer-press.com\/de\/\",\"name\":\"Killer Press\",\"description\":\"\",\"publisher\":{\"@id\":\"https:\/\/killer-press.com\/de\/#organization\"},\"potentialAction\":[{\"@type\":\"SearchAction\",\"target\":{\"@type\":\"EntryPoint\",\"urlTemplate\":\"https:\/\/killer-press.com\/de\/?s={search_term_string}\"},\"query-input\":{\"@type\":\"PropertyValueSpecification\",\"valueRequired\":true,\"valueName\":\"search_term_string\"}}],\"inLanguage\":\"de\"},{\"@type\":\"Organization\",\"@id\":\"https:\/\/killer-press.com\/de\/#organization\",\"name\":\"Killer Press\",\"url\":\"https:\/\/killer-press.com\/de\/\",\"logo\":{\"@type\":\"ImageObject\",\"inLanguage\":\"de\",\"@id\":\"https:\/\/killer-press.com\/de\/#\/schema\/logo\/image\/\",\"url\":\"https:\/\/killer-press.com\/de\/wp-content\/uploads\/sites\/6\/2022\/01\/photo.jpg\",\"contentUrl\":\"https:\/\/killer-press.com\/de\/wp-content\/uploads\/sites\/6\/2022\/01\/photo.jpg\",\"width\":2048,\"height\":1152,\"caption\":\"Killer Press\"},\"image\":{\"@id\":\"https:\/\/killer-press.com\/de\/#\/schema\/logo\/image\/\"}}]}<\/script>\n<!-- \/ Yoast SEO Premium plugin. -->","yoast_head_json":{"title":"Kontakt - Killer Press","description":"Kontaktieren Sie uns. Wir helfen Ihnen gerne weiter. Melden Sie sich f\u00fcr unser Coaching, Seminar, Workshop oder f\u00fcr eine pers\u00f6nliche Beratung an.","robots":{"index":"index","follow":"follow","max-snippet":"max-snippet:-1","max-image-preview":"max-image-preview:large","max-video-preview":"max-video-preview:-1"},"canonical":"https:\/\/killer-press.com\/de\/kontakt\/","og_locale":"de_DE","og_type":"article","og_title":"Kontakt","og_description":"Kontaktieren Sie uns. Wir helfen Ihnen gerne weiter. Melden Sie sich f\u00fcr unser Coaching, Seminar, Workshop oder f\u00fcr eine pers\u00f6nliche Beratung an.","og_url":"https:\/\/killer-press.com\/de\/kontakt\/","og_site_name":"Killer Press","article_modified_time":"2022-10-13T07:34:46+00:00","og_image":[{"width":2048,"height":1152,"url":"https:\/\/killer-press.com\/de\/wp-content\/uploads\/sites\/6\/2022\/01\/photo.jpg","type":"image\/jpeg"}],"twitter_card":"summary_large_image","twitter_misc":{"Gesch\u00e4tzte Lesezeit":"1\u00a0Minute"},"schema":{"@context":"https:\/\/schema.org","@graph":[{"@type":"WebPage","@id":"https:\/\/killer-press.com\/de\/kontakt\/","url":"https:\/\/killer-press.com\/de\/kontakt\/","name":"Kontakt - Killer Press","isPartOf":{"@id":"https:\/\/killer-press.com\/de\/#website"},"datePublished":"2017-10-11T05:55:25+00:00","dateModified":"2022-10-13T07:34:46+00:00","description":"Kontaktieren Sie uns. Wir helfen Ihnen gerne weiter. Melden Sie sich f\u00fcr unser Coaching, Seminar, Workshop oder f\u00fcr eine pers\u00f6nliche Beratung an.","breadcrumb":{"@id":"https:\/\/killer-press.com\/de\/kontakt\/#breadcrumb"},"inLanguage":"de","potentialAction":[{"@type":"ReadAction","target":["https:\/\/killer-press.com\/de\/kontakt\/"]}]},{"@type":"BreadcrumbList","@id":"https:\/\/killer-press.com\/de\/kontakt\/#breadcrumb","itemListElement":[{"@type":"ListItem","position":1,"name":"Home","item":"https:\/\/killer-press.com\/de\/"},{"@type":"ListItem","position":2,"name":"Kontakt"}]},{"@type":"WebSite","@id":"https:\/\/killer-press.com\/de\/#website","url":"https:\/\/killer-press.com\/de\/","name":"Killer Press","description":"","publisher":{"@id":"https:\/\/killer-press.com\/de\/#organization"},"potentialAction":[{"@type":"SearchAction","target":{"@type":"EntryPoint","urlTemplate":"https:\/\/killer-press.com\/de\/?s={search_term_string}"},"query-input":{"@type":"PropertyValueSpecification","valueRequired":true,"valueName":"search_term_string"}}],"inLanguage":"de"},{"@type":"Organization","@id":"https:\/\/killer-press.com\/de\/#organization","name":"Killer Press","url":"https:\/\/killer-press.com\/de\/","logo":{"@type":"ImageObject","inLanguage":"de","@id":"https:\/\/killer-press.com\/de\/#\/schema\/logo\/image\/","url":"https:\/\/killer-press.com\/de\/wp-content\/uploads\/sites\/6\/2022\/01\/photo.jpg","contentUrl":"https:\/\/killer-press.com\/de\/wp-content\/uploads\/sites\/6\/2022\/01\/photo.jpg","width":2048,"height":1152,"caption":"Killer Press"},"image":{"@id":"https:\/\/killer-press.com\/de\/#\/schema\/logo\/image\/"}}]}},"_links":{"self":[{"href":"https:\/\/killer-press.com\/de\/wp-json\/wp\/v2\/pages\/1420","targetHints":{"allow":["GET"]}}],"collection":[{"href":"https:\/\/killer-press.com\/de\/wp-json\/wp\/v2\/pages"}],"about":[{"href":"https:\/\/killer-press.com\/de\/wp-json\/wp\/v2\/types\/page"}],"author":[{"embeddable":true,"href":"https:\/\/killer-press.com\/de\/wp-json\/wp\/v2\/users\/12"}],"replies":[{"embeddable":true,"href":"https:\/\/killer-press.com\/de\/wp-json\/wp\/v2\/comments?post=1420"}],"version-history":[{"count":5,"href":"https:\/\/killer-press.com\/de\/wp-json\/wp\/v2\/pages\/1420\/revisions"}],"predecessor-version":[{"id":2378,"href":"https:\/\/killer-press.com\/de\/wp-json\/wp\/v2\/pages\/1420\/revisions\/2378"}],"wp:attachment":[{"href":"https:\/\/killer-press.com\/de\/wp-json\/wp\/v2\/media?parent=1420"}],"curies":[{"name":"wp","href":"https:\/\/api.w.org\/{rel}","templated":true}]}}