{"id":1645,"date":"2018-04-02T08:49:51","date_gmt":"2018-04-02T08:49:51","guid":{"rendered":"https:\/\/bagony.com\/killgerm\/de\/?page_id=1645"},"modified":"2023-11-28T17:18:39","modified_gmt":"2023-11-28T17:18:39","slug":"coaching","status":"publish","type":"page","link":"https:\/\/killer-press.com\/de\/coaching\/","title":{"rendered":"Coaching"},"content":{"rendered":"<div class=\"wpb-content-wrapper\"><p>[vc_row css=&#8221;.vc_custom_1701191855073{margin-bottom: 0px !important;}&#8221;][vc_column parallax=&#8221;content-moving&#8221; parallax_image=&#8221;2683&#8243;][vc_row_inner css=&#8221;.vc_custom_1701191866054{margin-bottom: 0px !important;}&#8221;][vc_column_inner width=&#8221;1\/2&#8243; css=&#8221;.vc_custom_1505195401689{padding-top: 50px !important;padding-right: 50px !important;padding-bottom: 50px !important;padding-left: 50px !important;background-color: #ffffff !important;}&#8221;][apress_heading sub_title=&#8221;Exklusives&#8221; content_alignment=&#8221;left&#8221; delimiter_line_height=&#8221;3&#8243; delimiter_line_width=&#8221;80&#8243; title_google_fonts=&#8221;yes&#8221; style=&#8221;heading_style2&#8243; title_font_options=&#8221;tag:h2&#8243; subtitle_font_options=&#8221;tag:div&#8221; title_custom_fonts=&#8221;font_family:Roboto%3A100%2C100italic%2C300%2C300italic%2Cregular%2Citalic%2C500%2C500italic%2C700%2C700italic%2C900%2C900italic|font_style:300%20light%20regular%3A300%3Anormal&#8221;]Coaching[\/apress_heading][apress_heading sub_title=&#8221;Intelligent Leadership Programm&#8221; content_alignment=&#8221;left&#8221; delimiter_line_height=&#8221;3&#8243; delimiter_line_width=&#8221;80&#8243; subtitle_google_fonts=&#8221;yes&#8221; style=&#8221;heading_style1&#8243; title_font_options=&#8221;tag:h2&#8243; subtitle_font_options=&#8221;tag:div&#8221; subtitle_custom_fonts=&#8221;font_family:Roboto%3A100%2C100italic%2C300%2C300italic%2Cregular%2Citalic%2C500%2C500italic%2C700%2C700italic%2C900%2C900italic|font_style:400%20regular%3A400%3Anormal&#8221;]EXKLUSIV[\/apress_heading][vc_empty_space][apress_button button_text=&#8221;Mehr&#8221; button_size=&#8221;large&#8221; button_alignment=&#8221;left&#8221; button_google_fonts=&#8221;yes&#8221; button_shape=&#8221;round&#8221; button_link=&#8221;url:mailto%3Apr%40killer-press.com&#8221; button_custom_fonts=&#8221;font_family:Roboto%3A100%2C100italic%2C300%2C300italic%2Cregular%2Citalic%2C500%2C500italic%2C700%2C700italic%2C900%2C900italic|font_style:400%20regular%3A400%3Anormal&#8221;][\/vc_column_inner][vc_column_inner width=&#8221;1\/4&#8243;][\/vc_column_inner][vc_column_inner width=&#8221;1\/4&#8243;][\/vc_column_inner][\/vc_row_inner][\/vc_column][\/vc_row][vc_row bg_type=&#8221;image&#8221; parallax_style=&#8221;vcpb-vz-jquery&#8221; bg_image_new=&#8221;id^443|url^http:\/\/apressthemes.com\/demo35\/wp-content\/uploads\/2017\/09\/bg2-1.jpg|caption^null|alt^null|title^bg2|description^null&#8221; bg_image_repeat=&#8221;no-repeat&#8221; bg_override=&#8221;browser_size&#8221; css=&#8221;.vc_custom_1701191897707{margin-top: 0px !important;padding-top: 0px !important;}&#8221;][vc_column][vc_row_inner][vc_column_inner width=&#8221;1\/3&#8243; css=&#8221;.vc_custom_1469092647590{padding-top: 30px !important;}&#8221;][apress_callto_action calltoaction_topbottom_pad=&#8221;50&#8243; calltoaction_title=&#8221;6 Monate \/ 60 Stunden&#8221; calltoaction_text=&#8221;&#8221; calltoaction_titlecolor=&#8221;#4d4d4d&#8221; calltoaction_textcolor=&#8221;#4d4d4d&#8221; calltoaction_buttonposi=&#8221;button_posi_bottom&#8221; calltoaction_button_text=&#8221;READ MORE&#8221; calltoaction_buttonstyle=&#8221;rounded&#8221; calltoaction_buttonfontcolor=&#8221;#ffffff&#8221; calltoaction_buttonfontcolorhover=&#8221;#8b79db&#8221; calltoaction_buttonbgcolor=&#8221;#8b79db&#8221; calltoaction_buttonbgcolorhover=&#8221;#ffffff&#8221; calltoaction_buttonbordercolor=&#8221;#8b79db&#8221; calltoaction_buttonbordercolorhover=&#8221;#8b79db&#8221; icon_family=&#8221;typicons&#8221; icon_typicons=&#8221;typcn typcn-arrow-right&#8221; calltoaction_button_icon_position=&#8221;right&#8221;][\/vc_column_inner][vc_column_inner width=&#8221;1\/3&#8243; css=&#8221;.vc_custom_1469092654165{padding-top: 30px !important;}&#8221;][apress_callto_action calltoaction_topbottom_pad=&#8221;50&#8243; calltoaction_title=&#8221;9 Monate \/ 78 Stunden&#8221; calltoaction_text=&#8221;&#8221; calltoaction_titlecolor=&#8221;#8224e3&#8243; calltoaction_textcolor=&#8221;#8224e3&#8243; calltoaction_boxbgcolor=&#8221;#ffffff&#8221; imagebox_image=&#8221;496&#8243; calltoaction_buttonposi=&#8221;button_posi_bottom&#8221; calltoaction_button_text=&#8221;READ MORE&#8221; calltoaction_buttonstyle=&#8221;rounded&#8221; calltoaction_buttonfontcolor=&#8221;#ffffff&#8221; calltoaction_buttonfontcolorhover=&#8221;#8b79db&#8221; calltoaction_buttonbgcolor=&#8221;#8b79db&#8221; calltoaction_buttonbgcolorhover=&#8221;#ffffff&#8221; calltoaction_buttonbordercolor=&#8221;#ffffff&#8221; calltoaction_buttonbordercolorhover=&#8221;#8b79db&#8221; icon_family=&#8221;typicons&#8221; icon_typicons=&#8221;typcn typcn-arrow-right&#8221; calltoaction_button_icon_position=&#8221;right&#8221;][\/vc_column_inner][vc_column_inner width=&#8221;1\/3&#8243; css=&#8221;.vc_custom_1469092659852{padding-top: 30px !important;}&#8221;][apress_callto_action calltoaction_topbottom_pad=&#8221;50&#8243; calltoaction_title=&#8221;12 Monate \/ 94 Stunden&#8221; calltoaction_text=&#8221;&#8221; calltoaction_titlecolor=&#8221;#ffffff&#8221; calltoaction_textcolor=&#8221;#ffffff&#8221; calltoaction_boxbgcolor=&#8221;#8b79db&#8221; calltoaction_buttonposi=&#8221;button_posi_bottom&#8221; calltoaction_button_text=&#8221;READ MORE&#8221; calltoaction_buttonstyle=&#8221;rounded&#8221; calltoaction_buttonfontcolor=&#8221;#ffffff&#8221; calltoaction_buttonfontcolorhover=&#8221;#8b79db&#8221; calltoaction_buttonbgcolor=&#8221;&#8221; calltoaction_buttonbgcolorhover=&#8221;#ffffff&#8221; calltoaction_buttonbordercolor=&#8221;#ffffff&#8221; calltoaction_buttonbordercolorhover=&#8221;#ffffff&#8221; icon_family=&#8221;typicons&#8221; icon_typicons=&#8221;typcn typcn-arrow-right&#8221; calltoaction_button_icon_position=&#8221;right&#8221;][\/vc_column_inner][\/vc_row_inner][vc_column_text]<\/p>\n<h3>Unsere exklusiven Coaching Angebote richten sich speziell an F\u00fchrungskr\u00e4fte und Fachkr\u00e4fte, die ihre Mitarbeiterf\u00fchrung verbessern und im Leben mehr erreichen m\u00f6chten. Unsere Schwerpunkte liegen dabei auf Leidenschaft, Durchsetzungsverm\u00f6gen, Disziplin und dem Willen zur pers\u00f6nlichen Ver\u00e4nderung und Weiterentwicklung.<\/h3>\n<h3>Gemeinsam entwickeln wir einen detaillierten Plan, um potenzielle Herausforderungen anzugehen, St\u00e4rken zu betonen und Entwicklungen zu integrieren, die zum Wachstum f\u00fchren. Wir helfen unseren Kunden dabei, ihre Arbeitsbelastung zu bew\u00e4ltigen, Priorit\u00e4ten zu setzen und ein offenes Ohr f\u00fcr die wichtigen Dinge zu haben.<\/h3>\n<h3>Unser Coaching ist l\u00f6sungsorientiert und auf die pers\u00f6nlichen Ziele unserer Kunden ausgerichtet. Wir arbeiten eng mit ihnen zusammen, um ihnen zu helfen, gezielt zu f\u00fchren und zielgerichtet zu leben. Unsere Programme sind auf einen Zeitraum von 6 bis 12 Monaten ausgelegt, um den inneren Kern unserer Kunden zu finden und zu entfalten.<\/h3>\n<h3>Buchen Sie jetzt eines unserer Coaching Angebote und zeigen Sie Mut, Standfestigkeit und Vertrauen in sich und uns. Wir sind Ihre Partner auf dem Weg zu mehr Erfolg und Zufriedenheit in Beruf und Leben.<\/h3>\n<p>[\/vc_column_text][\/vc_column][\/vc_row][vc_row bg_type=&#8221;bg_color&#8221; bg_override=&#8221;full&#8221; bg_color_value=&#8221;#ededed&#8221;][vc_column css=&#8221;.vc_custom_1469087635873{padding-top: 0px !important;}&#8221;][vc_empty_space height=&#8221;50px&#8221;][\/vc_column][\/vc_row][vc_row][vc_column][vc_column_text]Diese Programme finden vorwiegend virtuell statt. Allerdings sind auch ein paar Termine in Pr\u00e4senz vorgesehen.[\/vc_column_text][\/vc_column][\/vc_row][vc_row][vc_column][vc_message]Als Fach- oder F\u00fchrungskraft ist es wichtig, sowohl im beruflichen als auch im privaten Bereich langfristig erfolgreich zu sein. Eine effektive Mitarbeiterf\u00fchrung und ein strategisches, langfristiges Denken sind hierbei unverzichtbar. Coaching kann hierbei eine entscheidende Rolle spielen, um mentale und berufliche Blockaden zu \u00fcberwinden und langfristige Ergebnisse zu erzielen.<\/p>\n<p>Insbesondere f\u00fcr F\u00fchrungskr\u00e4fte kann Coaching ein wertvolles Instrument sein, um ihre F\u00fchrungskompetenz zu st\u00e4rken und ihre Mitarbeiter erfolgreich zu f\u00fchren. Durch gezielte Coachings k\u00f6nnen F\u00fchrungskr\u00e4fte lernen, wie sie ihr Team motivieren, Konflikte l\u00f6sen und Ziele erreichen k\u00f6nnen.<\/p>\n<p>Auch f\u00fcr Fachkr\u00e4fte oder Nachwuchsf\u00fchrungskr\u00e4fte ist Coaching wichtig, um ihre individuellen Ziele zu erreichen und ihre Karriere voranzutreiben. Durch Coaching k\u00f6nnen Fachkr\u00e4fte ihre F\u00e4higkeiten verbessern und ihre berufliche Entwicklung vorantreiben.<\/p>\n<p>Ein weiterer Vorteil von Coaching ist, dass es nicht nur im beruflichen Kontext, sondern auch im privaten Bereich eingesetzt werden kann. Durch Coaching k\u00f6nnen Blockaden und Herausforderungen im privaten Leben \u00fcberwunden werden, um ein erf\u00fclltes und gl\u00fcckliches Leben zu f\u00fchren.<\/p>\n<p>Insgesamt ist Coaching ein wichtiger Bestandteil f\u00fcr langfristigen Erfolg und Zufriedenheit im beruflichen und privaten Leben. Es kann helfen, mental und beruflich weiterzukommen, indem es Blockaden l\u00f6st und eine klare Strategie f\u00fcr langfristige Ergebnisse schafft.[\/vc_message][\/vc_column][\/vc_row][vc_row][vc_column][vc_cta h2=&#8221;Unser Executive Coaching Programm f\u00fcr C-Level F\u00fchrungskr\u00e4fte&#8221;]<\/p>\n<div class=\"flex-1 overflow-hidden\">\n<div class=\"react-scroll-to-bottom--css-vzbrr-79elbk h-full dark:bg-gray-800\">\n<div class=\"react-scroll-to-bottom--css-vzbrr-1n7m0yu\">\n<div class=\"flex flex-col items-center text-sm dark:bg-gray-800\">\n<div class=\"group w-full text-gray-800 dark:text-gray-100 border-b border-black\/10 dark:border-gray-900\/50 bg-gray-50 dark:bg-[#444654]\">\n<div class=\"text-base gap-4 md:gap-6 md:max-w-2xl lg:max-w-xl xl:max-w-3xl p-4 md:py-6 flex lg:px-0 m-auto\">\n<div class=\"relative flex w-[calc(100%-50px)] flex-col gap-1 md:gap-3 lg:w-[calc(100%-115px)]\">\n<div class=\"flex flex-grow flex-col gap-3\">\n<div class=\"min-h-[20px] flex flex-col items-start gap-4 whitespace-pre-wrap break-words\">\n<div class=\"markdown prose w-full break-words dark:prose-invert light\">\n<p>Unser C-Level Executive Coaching Programm bietet ma\u00dfgeschneiderte Unterst\u00fctzung f\u00fcr F\u00fchrungskr\u00e4fte, die ihr F\u00fchrungsverhalten verbessern und ihre pers\u00f6nliche Entwicklung f\u00f6rdern m\u00f6chten. Durch unsere bew\u00e4hrten Coaching-Methoden begleiten wir Sie vertraulich durch vier Phasen: Bewusstsein, Bewertung, Aktion und Erfolg, um Ihr volles Potenzial auszusch\u00f6pfen.<\/p>\n<p>Unser Programm ist flexibel und individuell anpassbar, um Ihren Bed\u00fcrfnissen gerecht zu werden, und bietet eine Laufzeit von 6, 9 oder 12 Monaten. W\u00e4hrend dieser Zeit arbeiten Sie mit einem erfahrenen Coach zusammen, um Ihre Kernkompetenzen, Ihren F\u00fchrungsstil und Ihr pers\u00f6nliches Wachstum zu verbessern. Zus\u00e4tzlich bieten wir die Option des &#8220;Shadowings&#8221; an, bei dem Ihr Coach Sie bei Meetings und Pr\u00e4sentationen begleitet, um Ihnen direkte R\u00fcckmeldungen und Verbesserungsvorschl\u00e4ge zu geben.<\/p>\n<p>Wir \u00fcberwachen Ihren Fortschritt kontinuierlich und optimieren das Programm entsprechend. Unser Ziel ist es, Sie bei der Erreichung Ihrer Ziele zu unterst\u00fctzen und Ihnen die Werkzeuge und F\u00e4higkeiten zu vermitteln, die Sie ben\u00f6tigen, um eine erfolgreiche F\u00fchrungskraft zu sein. Unser neues &#8220;C-Level Executive Coaching Programm&#8221; ist darauf ausgerichtet, Ihnen dabei zu helfen, Ihre F\u00fchrungsqualit\u00e4ten zu verbessern und Ihre Karriere voranzutreiben.<\/p>\n<p>Kontaktieren Sie uns jetzt, um mehr dar\u00fcber zu erfahren, wie wir Sie unterst\u00fctzen k\u00f6nnen und welche Investitionspl\u00e4ne wir anbieten.<\/p>\n<\/div>\n<\/div>\n<\/div>\n<div class=\"flex justify-between lg:block\"><\/div>\n<\/div>\n<\/div>\n<\/div>\n<\/div>\n<\/div>\n<\/div>\n<\/div>\n<div class=\"absolute bottom-0 left-0 w-full border-t md:border-t-0 dark:border-white\/20 md:border-transparent md:dark:border-transparent md:bg-vert-light-gradient bg-white dark:bg-gray-800 md:!bg-transparent dark:md:bg-vert-dark-gradient pt-2\">\n<form class=\"stretch mx-2 flex flex-row gap-3 last:mb-2 md:mx-4 md:last:mb-6 lg:mx-auto lg:max-w-2xl xl:max-w-3xl\">\n<div class=\"relative flex h-full flex-1 items-stretch md:flex-col\">\n<div class=\"\">\n<div class=\"h-full flex ml-1 md:w-full md:m-auto md:mb-2 gap-0 md:gap-2 justify-center\">\n<div class=\"flex w-full items-center justify-center gap-2\"><\/div>\n<\/div>\n<\/div>\n<\/div>\n<\/form>\n<\/div>\n<p>[\/vc_cta][\/vc_column][\/vc_row]<\/p>\n<div class=\"shariff shariff-align-flex-start shariff-widget-align-flex-start\"><ul class=\"shariff-buttons theme-round orientation-horizontal buttonsize-medium\"><li class=\"shariff-button linkedin shariff-nocustomcolor\" style=\"background-color:#1488bf\"><a href=\"https:\/\/www.linkedin.com\/sharing\/share-offsite\/?url=https%3A%2F%2Fkiller-press.com%2Fde%2Fcoaching%2F\" title=\"Bei LinkedIn teilen\" aria-label=\"Bei LinkedIn teilen\" role=\"button\" rel=\"noopener nofollow\" class=\"shariff-link\" style=\"; background-color:#0077b5; color:#fff\" target=\"_blank\"><span class=\"shariff-icon\" style=\"\"><svg width=\"32px\" height=\"20px\" xmlns=\"http:\/\/www.w3.org\/2000\/svg\" viewBox=\"0 0 27 32\"><path fill=\"#0077b5\" d=\"M6.2 11.2v17.7h-5.9v-17.7h5.9zM6.6 5.7q0 1.3-0.9 2.2t-2.4 0.9h0q-1.5 0-2.4-0.9t-0.9-2.2 0.9-2.2 2.4-0.9 2.4 0.9 0.9 2.2zM27.4 18.7v10.1h-5.9v-9.5q0-1.9-0.7-2.9t-2.3-1.1q-1.1 0-1.9 0.6t-1.2 1.5q-0.2 0.5-0.2 1.4v9.9h-5.9q0-7.1 0-11.6t0-5.3l0-0.9h5.9v2.6h0q0.4-0.6 0.7-1t1-0.9 1.6-0.8 2-0.3q3 0 4.9 2t1.9 6z\"\/><\/svg><\/span><\/a><\/li><li class=\"shariff-button facebook shariff-nocustomcolor\" style=\"background-color:#4273c8\"><a href=\"https:\/\/www.facebook.com\/sharer\/sharer.php?u=https%3A%2F%2Fkiller-press.com%2Fde%2Fcoaching%2F\" title=\"Bei Facebook teilen\" aria-label=\"Bei Facebook teilen\" role=\"button\" rel=\"nofollow\" class=\"shariff-link\" style=\"; background-color:#3b5998; color:#fff\" target=\"_blank\"><span class=\"shariff-icon\" style=\"\"><svg width=\"32px\" height=\"20px\" xmlns=\"http:\/\/www.w3.org\/2000\/svg\" viewBox=\"0 0 18 32\"><path fill=\"#3b5998\" d=\"M17.1 0.2v4.7h-2.8q-1.5 0-2.1 0.6t-0.5 1.9v3.4h5.2l-0.7 5.3h-4.5v13.6h-5.5v-13.6h-4.5v-5.3h4.5v-3.9q0-3.3 1.9-5.2t5-1.8q2.6 0 4.1 0.2z\"\/><\/svg><\/span><\/a><\/li><li class=\"shariff-button mailto shariff-nocustomcolor\" style=\"background-color:#a8a8a8\"><a href=\"mailto:?body=https%3A%2F%2Fkiller-press.com%2Fde%2Fcoaching%2F&subject=Coaching\" title=\"Per E-Mail versenden\" aria-label=\"Per E-Mail versenden\" role=\"button\" rel=\"noopener nofollow\" class=\"shariff-link\" style=\"; background-color:#999; color:#fff\"><span class=\"shariff-icon\" style=\"\"><svg width=\"32px\" height=\"20px\" xmlns=\"http:\/\/www.w3.org\/2000\/svg\" viewBox=\"0 0 32 32\"><path fill=\"#999\" d=\"M32 12.7v14.2q0 1.2-0.8 2t-2 0.9h-26.3q-1.2 0-2-0.9t-0.8-2v-14.2q0.8 0.9 1.8 1.6 6.5 4.4 8.9 6.1 1 0.8 1.6 1.2t1.7 0.9 2 0.4h0.1q0.9 0 2-0.4t1.7-0.9 1.6-1.2q3-2.2 8.9-6.1 1-0.7 1.8-1.6zM32 7.4q0 1.4-0.9 2.7t-2.2 2.2q-6.7 4.7-8.4 5.8-0.2 0.1-0.7 0.5t-1 0.7-0.9 0.6-1.1 0.5-0.9 0.2h-0.1q-0.4 0-0.9-0.2t-1.1-0.5-0.9-0.6-1-0.7-0.7-0.5q-1.6-1.1-4.7-3.2t-3.6-2.6q-1.1-0.7-2.1-2t-1-2.5q0-1.4 0.7-2.3t2.1-0.9h26.3q1.2 0 2 0.8t0.9 2z\"\/><\/svg><\/span><\/a><\/li><\/ul><\/div><\/div>","protected":false},"excerpt":{"rendered":"<p>[vc_row css=&#8221;.vc_custom_1701191855073{margin-bottom: 0px !important;}&#8221;][vc_column parallax=&#8221;content-moving&#8221; parallax_image=&#8221;2683&#8243;][vc_row_inner css=&#8221;.vc_custom_1701191866054{margin-bottom: 0px !important;}&#8221;][vc_column_inner width=&#8221;1\/2&#8243; css=&#8221;.vc_custom_1505195401689{padding-top: 50px !important;padding-right: 50px !important;padding-bottom: 50px !important;padding-left: 50px !important;background-color: #ffffff !important;}&#8221;][apress_heading sub_title=&#8221;Exklusives&#8221; content_alignment=&#8221;left&#8221; delimiter_line_height=&#8221;3&#8243; delimiter_line_width=&#8221;80&#8243; title_google_fonts=&#8221;yes&#8221; style=&#8221;heading_style2&#8243; title_font_options=&#8221;tag:h2&#8243; subtitle_font_options=&#8221;tag:div&#8221; title_custom_fonts=&#8221;font_family:Roboto%3A100%2C100italic%2C300%2C300italic%2Cregular%2Citalic%2C500%2C500italic%2C700%2C700italic%2C900%2C900italic|font_style:300%20light%20regular%3A300%3Anormal&#8221;]Coaching[\/apress_heading][apress_heading sub_title=&#8221;Intelligent Leadership Programm&#8221; content_alignment=&#8221;left&#8221; delimiter_line_height=&#8221;3&#8243; delimiter_line_width=&#8221;80&#8243; subtitle_google_fonts=&#8221;yes&#8221; style=&#8221;heading_style1&#8243; title_font_options=&#8221;tag:h2&#8243; subtitle_font_options=&#8221;tag:div&#8221;<span class=\"read_more_area\"><a class=\"read-more\" href=\"https:\/\/killer-press.com\/de\/coaching\/\"> Continue Reading <\/a><\/span><\/p>\n","protected":false},"author":12,"featured_media":0,"parent":0,"menu_order":0,"comment_status":"closed","ping_status":"closed","template":"","meta":{"MSN_Categories":"Uncategorized","MSN_Publish_Option":false,"MSN_Is_Local_News":false,"MSN_Is_AIAC_Included":"Empty","MSN_Location":"[]","MSN_Add_Feature_Img_On_Top_Of_Post":false,"MSN_Has_Custom_Author":false,"MSN_Custom_Author":"","MSN_Has_Custom_Canonical_Url":false,"MSN_Custom_Canonical_Url":"","footnotes":""},"class_list":["post-1645","page","type-page","status-publish","hentry"],"yoast_head":"<!-- This site is optimized with the Yoast SEO Premium plugin v20.7 (Yoast SEO v25.6) - https:\/\/yoast.com\/wordpress\/plugins\/seo\/ -->\n<title>Coaching - Killer Press<\/title>\n<meta name=\"description\" content=\"Unsere exklusiven Coaching Angebote richten sich speziell an F\u00fchrungskr\u00e4fte und Fachkr\u00e4fte, die ihre Mitarbeiterf\u00fchrung verbessern und im\" \/>\n<meta name=\"robots\" content=\"index, follow, max-snippet:-1, max-image-preview:large, max-video-preview:-1\" \/>\n<link rel=\"canonical\" href=\"https:\/\/killer-press.com\/de\/coaching\/\" \/>\n<meta property=\"og:locale\" content=\"de_DE\" \/>\n<meta property=\"og:type\" content=\"article\" \/>\n<meta property=\"og:title\" content=\"Coaching\" \/>\n<meta property=\"og:description\" content=\"Unsere exklusiven Coaching Angebote richten sich speziell an F\u00fchrungskr\u00e4fte und Fachkr\u00e4fte, die ihre Mitarbeiterf\u00fchrung verbessern und im\" \/>\n<meta property=\"og:url\" content=\"https:\/\/killer-press.com\/de\/coaching\/\" \/>\n<meta property=\"og:site_name\" content=\"Killer Press\" \/>\n<meta property=\"article:modified_time\" content=\"2023-11-28T17:18:39+00:00\" \/>\n<meta property=\"og:image\" content=\"https:\/\/killer-press.com\/de\/wp-content\/uploads\/sites\/6\/2022\/01\/photo.jpg\" \/>\n\t<meta property=\"og:image:width\" content=\"2048\" \/>\n\t<meta property=\"og:image:height\" content=\"1152\" \/>\n\t<meta property=\"og:image:type\" content=\"image\/jpeg\" \/>\n<meta name=\"twitter:card\" content=\"summary_large_image\" \/>\n<meta name=\"twitter:label1\" content=\"Gesch\u00e4tzte Lesezeit\" \/>\n\t<meta name=\"twitter:data1\" content=\"5\u00a0Minuten\" \/>\n<script type=\"application\/ld+json\" class=\"yoast-schema-graph\">{\"@context\":\"https:\/\/schema.org\",\"@graph\":[{\"@type\":\"WebPage\",\"@id\":\"https:\/\/killer-press.com\/de\/coaching\/\",\"url\":\"https:\/\/killer-press.com\/de\/coaching\/\",\"name\":\"Coaching - Killer Press\",\"isPartOf\":{\"@id\":\"https:\/\/killer-press.com\/de\/#website\"},\"datePublished\":\"2018-04-02T08:49:51+00:00\",\"dateModified\":\"2023-11-28T17:18:39+00:00\",\"description\":\"Unsere exklusiven Coaching Angebote richten sich speziell an F\u00fchrungskr\u00e4fte und Fachkr\u00e4fte, die ihre Mitarbeiterf\u00fchrung verbessern und im\",\"breadcrumb\":{\"@id\":\"https:\/\/killer-press.com\/de\/coaching\/#breadcrumb\"},\"inLanguage\":\"de\",\"potentialAction\":[{\"@type\":\"ReadAction\",\"target\":[\"https:\/\/killer-press.com\/de\/coaching\/\"]}]},{\"@type\":\"BreadcrumbList\",\"@id\":\"https:\/\/killer-press.com\/de\/coaching\/#breadcrumb\",\"itemListElement\":[{\"@type\":\"ListItem\",\"position\":1,\"name\":\"Home\",\"item\":\"https:\/\/killer-press.com\/de\/\"},{\"@type\":\"ListItem\",\"position\":2,\"name\":\"Coaching\"}]},{\"@type\":\"WebSite\",\"@id\":\"https:\/\/killer-press.com\/de\/#website\",\"url\":\"https:\/\/killer-press.com\/de\/\",\"name\":\"Killer Press\",\"description\":\"\",\"publisher\":{\"@id\":\"https:\/\/killer-press.com\/de\/#organization\"},\"potentialAction\":[{\"@type\":\"SearchAction\",\"target\":{\"@type\":\"EntryPoint\",\"urlTemplate\":\"https:\/\/killer-press.com\/de\/?s={search_term_string}\"},\"query-input\":{\"@type\":\"PropertyValueSpecification\",\"valueRequired\":true,\"valueName\":\"search_term_string\"}}],\"inLanguage\":\"de\"},{\"@type\":\"Organization\",\"@id\":\"https:\/\/killer-press.com\/de\/#organization\",\"name\":\"Killer Press\",\"url\":\"https:\/\/killer-press.com\/de\/\",\"logo\":{\"@type\":\"ImageObject\",\"inLanguage\":\"de\",\"@id\":\"https:\/\/killer-press.com\/de\/#\/schema\/logo\/image\/\",\"url\":\"https:\/\/killer-press.com\/de\/wp-content\/uploads\/sites\/6\/2022\/01\/photo.jpg\",\"contentUrl\":\"https:\/\/killer-press.com\/de\/wp-content\/uploads\/sites\/6\/2022\/01\/photo.jpg\",\"width\":2048,\"height\":1152,\"caption\":\"Killer Press\"},\"image\":{\"@id\":\"https:\/\/killer-press.com\/de\/#\/schema\/logo\/image\/\"}}]}<\/script>\n<!-- \/ Yoast SEO Premium plugin. -->","yoast_head_json":{"title":"Coaching - Killer Press","description":"Unsere exklusiven Coaching Angebote richten sich speziell an F\u00fchrungskr\u00e4fte und Fachkr\u00e4fte, die ihre Mitarbeiterf\u00fchrung verbessern und im","robots":{"index":"index","follow":"follow","max-snippet":"max-snippet:-1","max-image-preview":"max-image-preview:large","max-video-preview":"max-video-preview:-1"},"canonical":"https:\/\/killer-press.com\/de\/coaching\/","og_locale":"de_DE","og_type":"article","og_title":"Coaching","og_description":"Unsere exklusiven Coaching Angebote richten sich speziell an F\u00fchrungskr\u00e4fte und Fachkr\u00e4fte, die ihre Mitarbeiterf\u00fchrung verbessern und im","og_url":"https:\/\/killer-press.com\/de\/coaching\/","og_site_name":"Killer Press","article_modified_time":"2023-11-28T17:18:39+00:00","og_image":[{"width":2048,"height":1152,"url":"https:\/\/killer-press.com\/de\/wp-content\/uploads\/sites\/6\/2022\/01\/photo.jpg","type":"image\/jpeg"}],"twitter_card":"summary_large_image","twitter_misc":{"Gesch\u00e4tzte Lesezeit":"5\u00a0Minuten"},"schema":{"@context":"https:\/\/schema.org","@graph":[{"@type":"WebPage","@id":"https:\/\/killer-press.com\/de\/coaching\/","url":"https:\/\/killer-press.com\/de\/coaching\/","name":"Coaching - Killer Press","isPartOf":{"@id":"https:\/\/killer-press.com\/de\/#website"},"datePublished":"2018-04-02T08:49:51+00:00","dateModified":"2023-11-28T17:18:39+00:00","description":"Unsere exklusiven Coaching Angebote richten sich speziell an F\u00fchrungskr\u00e4fte und Fachkr\u00e4fte, die ihre Mitarbeiterf\u00fchrung verbessern und im","breadcrumb":{"@id":"https:\/\/killer-press.com\/de\/coaching\/#breadcrumb"},"inLanguage":"de","potentialAction":[{"@type":"ReadAction","target":["https:\/\/killer-press.com\/de\/coaching\/"]}]},{"@type":"BreadcrumbList","@id":"https:\/\/killer-press.com\/de\/coaching\/#breadcrumb","itemListElement":[{"@type":"ListItem","position":1,"name":"Home","item":"https:\/\/killer-press.com\/de\/"},{"@type":"ListItem","position":2,"name":"Coaching"}]},{"@type":"WebSite","@id":"https:\/\/killer-press.com\/de\/#website","url":"https:\/\/killer-press.com\/de\/","name":"Killer Press","description":"","publisher":{"@id":"https:\/\/killer-press.com\/de\/#organization"},"potentialAction":[{"@type":"SearchAction","target":{"@type":"EntryPoint","urlTemplate":"https:\/\/killer-press.com\/de\/?s={search_term_string}"},"query-input":{"@type":"PropertyValueSpecification","valueRequired":true,"valueName":"search_term_string"}}],"inLanguage":"de"},{"@type":"Organization","@id":"https:\/\/killer-press.com\/de\/#organization","name":"Killer Press","url":"https:\/\/killer-press.com\/de\/","logo":{"@type":"ImageObject","inLanguage":"de","@id":"https:\/\/killer-press.com\/de\/#\/schema\/logo\/image\/","url":"https:\/\/killer-press.com\/de\/wp-content\/uploads\/sites\/6\/2022\/01\/photo.jpg","contentUrl":"https:\/\/killer-press.com\/de\/wp-content\/uploads\/sites\/6\/2022\/01\/photo.jpg","width":2048,"height":1152,"caption":"Killer Press"},"image":{"@id":"https:\/\/killer-press.com\/de\/#\/schema\/logo\/image\/"}}]}},"_links":{"self":[{"href":"https:\/\/killer-press.com\/de\/wp-json\/wp\/v2\/pages\/1645","targetHints":{"allow":["GET"]}}],"collection":[{"href":"https:\/\/killer-press.com\/de\/wp-json\/wp\/v2\/pages"}],"about":[{"href":"https:\/\/killer-press.com\/de\/wp-json\/wp\/v2\/types\/page"}],"author":[{"embeddable":true,"href":"https:\/\/killer-press.com\/de\/wp-json\/wp\/v2\/users\/12"}],"replies":[{"embeddable":true,"href":"https:\/\/killer-press.com\/de\/wp-json\/wp\/v2\/comments?post=1645"}],"version-history":[{"count":19,"href":"https:\/\/killer-press.com\/de\/wp-json\/wp\/v2\/pages\/1645\/revisions"}],"predecessor-version":[{"id":2782,"href":"https:\/\/killer-press.com\/de\/wp-json\/wp\/v2\/pages\/1645\/revisions\/2782"}],"wp:attachment":[{"href":"https:\/\/killer-press.com\/de\/wp-json\/wp\/v2\/media?parent=1645"}],"curies":[{"name":"wp","href":"https:\/\/api.w.org\/{rel}","templated":true}]}}