{"id":1649,"date":"2018-04-02T08:50:34","date_gmt":"2018-04-02T08:50:34","guid":{"rendered":"https:\/\/bagony.com\/killgerm\/de\/?page_id=1649"},"modified":"2019-03-19T13:18:41","modified_gmt":"2019-03-19T13:18:41","slug":"speaker","status":"publish","type":"page","link":"https:\/\/killer-press.com\/de\/speaker\/","title":{"rendered":"Speaker"},"content":{"rendered":"<div class=\"wpb-content-wrapper\"><p>[vc_row][vc_column width=&#8221;2\/3&#8243;][vc_single_image image=&#8221;1691&#8243; img_size=&#8221;full&#8221;][vc_column_text]<\/p>\n<h2>Claudia Scheffler-Perrone \u2013 Keynote Speaker<\/h2>\n<p>Claudia Scheffler-Perrone ist keine Unbekannte auf den B\u00fchnen. Sie wird oft als Keynote Speaker (Hauptrednerin) auf Veranstaltungen eingeladen.<\/p>\n<p>Sie moderiert aber auch Talkrunden und f\u00fchrt Interviews im Auftrag digitaler und traditioneller Medien.<\/p>\n<p>Sie ist die Gr\u00fcnderin von Killer Press, in Bremen (Deutschland) geboren und italienischer Abstammung. \u00dcber 18 Jahre Erfahrung in PR &amp; Marketing, ihre Internationalit\u00e4t, ihr Blog und die Arbeit als Journalistin bilden die Basis f\u00fcr ihr Wissen.<\/p>\n<p>Sie coacht und ber\u00e4t CEO&#8217;s, Unternehmer, Vorst\u00e4nde, aber auch Personen des \u00f6ffentlichen Lebens wie Profisportler (Fu\u00dfball, Golf, Tennis), Moderatoren, Schauspieler\u00a0und Influencer. Sogar TV Sender und Beh\u00f6rden nehmen ihre Dienste gerne in Anspruch.<\/p>\n<p>Durch ihre positive Ausstrahlung inspiriert sie nicht nur ihr Publikum, se schafft es die Menschen regelrecht mit Enthusiasmus \u00a0f\u00fcr das Thema anzustecken.[\/vc_column_text][vc_video link=&#8221;https:\/\/youtu.be\/UfKTRv0Lgds&#8221;][vc_column_text]<em>Foto oben: Jan Spekker (RTL) und Claudia Scheffler-Perrone beim Interview f\u00fcr Punkt 12<\/em><\/p>\n<p>Schwerpunkte sind <a href=\"https:\/\/killer-press.com\/de\/personal-branding\/\" target=\"_blank\" rel=\"noopener\">Personal Branding<\/a>,<a href=\"https:\/\/killer-press.com\/de\/linkedin\/\"> LinkedIn<\/a> und die Erh\u00f6hung der Sichtbarkeit \/ Reichweite \u00a0in den digitalen und traditionellen Medien. Dazu geh\u00f6rt Strategieplanung, Optimierung der Prozesse in Zusammenarbeit mit den jeweiligen Teams, damit jede Entscheidung von den Angestellten mitgetragen und gelebt wird.<\/p>\n<p>Mit ihren Workshops in Team Building, Social Media und Digitaler PR hilft sie einzelnen Personen und Teams sowohl eine Strategie zu entwickeln, als auch den Umgang mit den sozialen Medien besser zu verstehen und zu nutzen.<\/p>\n<p>Ihre Leidenschaft ist mitrei\u00dfend und genau das schafft sie \u201eon Stage\u201c \u00a0als Rednerin zu vermitteln. Jeder Vortrag und jede Pr\u00e4sentation bietet einen \u201eAha-Effekte\u201c, einen Mehrwert f\u00fcr die Zuschauer.<\/p>\n<p>&nbsp;<\/p>\n<p>&nbsp;<\/p>\n<div class=\"ssba ssba-wrap\"><\/div>\n<p>[\/vc_column_text][vc_gallery type=&#8221;image_grid&#8221; images=&#8221;2139,2126,1970,2133,2134,2149,2150&#8243; img_size=&#8221;medium&#8221;][vc_column_text]<\/p>\n<h3>Einige Themen<\/h3>\n<p>Vorwiegend spricht sie \u00fcber die Themen rund um das Digitale Marketing \u2013 Social Media, Blogging, Personal Branding und LinkedIn.<\/p>\n<p>Aber sie ist auch ein gern gesehener Gast im Sportbusiness. In diversen Sportformaten wurde sie bereits als Expertin hinzugerufen.<\/p>\n<p>Einige ihrer erfolgreichen Vortr\u00e4ge sind z.B.:<\/p>\n<p>\u201eWie kann ich Fans in Leads konvertieren.\u201c<\/p>\n<p>\u201eWarum Sportvereine und Sportler unbedingt eine gute Social Media Strategy brauchen.\u201c<\/p>\n<p>\u201ePersonal Branding und LinkedIn &#8211; das Machtinstrument im B2B\u201c<\/p>\n<p>\u201eBlogging und Podcast, hol dir die Leads auf deine Seite\u201c<\/p>\n<p>\u201eWie mache ich Mitarbeiter zu Markenbotschaftern\u201c<\/p>\n<p>&#8220;Netwerk erweitern in der heutigen Zeit.&#8221;<\/p>\n<p>und\u00a0mehr\u2026<\/p>\n<h3><\/h3>\n<h3>Frauen und Business<\/h3>\n<p>Sie ist seit vielen Jahren selbst\u00e4ndig und wei\u00df, dass es im Business als Frau nicht immer einfach ist. Sie hat ihren Traum zum Beruf gemacht. Wie ihr das gelang und worauf man achten muss, erz\u00e4hlt sie auch auf diversen Frauen Business Konferenzen und Talks.<\/p>\n<p>M\u00f6chten Sie Claudia Scheffler-Perrone als Speaker (Rednerin) auf Ihre B\u00fchne holen, dann mailen Sie uns: pr@killer-press.com<\/p>\n<p>[\/vc_column_text][vc_video link=&#8221;https:\/\/youtu.be\/IY6TqX5Gw9s&#8221; el_width=&#8221;80&#8243;][\/vc_column][vc_column width=&#8221;1\/3&#8243;][vc_widget_sidebar sidebar_id=&#8221;right_sidebar&#8221;][\/vc_column][\/vc_row][vc_row][vc_column][\/vc_column][\/vc_row][vc_row][vc_column][vc_column_text]<\/p>\n<h2><\/h2>\n<h2>Stimmen aus dem Publikum<\/h2>\n<p><strong>\u201eKreativ, flexibel, frisch und eben anders als andere.\u201c Ralf Lehfeld (Funke Medien)<\/strong><\/p>\n<p><strong>\u201eKurz und kompakt zusammengefasst, wie man sich im Internet pr\u00e4sentieren sollte, um erfolgreich zu sein\u201c \u2013 Jona Barth (Influencer)<\/strong><\/p>\n<p><strong>\u201eEin sehr lehrreicher Vortrag, der mir pers\u00f6nlich mehr gebracht hat, als mancher Wochenendworkshop zum Thema Marketing und PR \u2013 alles in einer halben Stunde, was man wissen sollte als Social Media Influencer\u201c \u2013 Bettina\u00a0R\u00f6sner (YouTuber)<\/strong><\/p>\n<p><strong>\u201eWow, der Vortrag hat mich wirklich umgehauen. Sowohl die fachlichen Themen, als auch die Art und Weise der Pr\u00e4sentation. Sie ist definitiv ein Highlight auf der B\u00fchne und man h\u00f6rt ihr gerne zu.\u201c Marco Henschel (CEO)<\/strong><\/p>\n<p><strong>\u201eUnglaubliche Pr\u00e4senz, unfassbar, greifbare Leidenschaft und so viel geballtes Wissen. Der Vortrag war sympathisch, am\u00fcsant und wahnsinnig\u00a0interessant.\u201c Anna-Lena Schmidt (Marketingleiterin)<\/strong>[\/vc_column_text][\/vc_column][\/vc_row]<\/p>\n<div class=\"shariff shariff-align-flex-start shariff-widget-align-flex-start\"><ul class=\"shariff-buttons theme-round orientation-horizontal buttonsize-medium\"><li class=\"shariff-button linkedin shariff-nocustomcolor\" style=\"background-color:#1488bf\"><a href=\"https:\/\/www.linkedin.com\/sharing\/share-offsite\/?url=https%3A%2F%2Fkiller-press.com%2Fde%2Fspeaker%2F\" title=\"Bei LinkedIn teilen\" aria-label=\"Bei LinkedIn teilen\" role=\"button\" rel=\"noopener nofollow\" class=\"shariff-link\" style=\"; background-color:#0077b5; color:#fff\" target=\"_blank\"><span class=\"shariff-icon\" style=\"\"><svg width=\"32px\" height=\"20px\" xmlns=\"http:\/\/www.w3.org\/2000\/svg\" viewBox=\"0 0 27 32\"><path fill=\"#0077b5\" d=\"M6.2 11.2v17.7h-5.9v-17.7h5.9zM6.6 5.7q0 1.3-0.9 2.2t-2.4 0.9h0q-1.5 0-2.4-0.9t-0.9-2.2 0.9-2.2 2.4-0.9 2.4 0.9 0.9 2.2zM27.4 18.7v10.1h-5.9v-9.5q0-1.9-0.7-2.9t-2.3-1.1q-1.1 0-1.9 0.6t-1.2 1.5q-0.2 0.5-0.2 1.4v9.9h-5.9q0-7.1 0-11.6t0-5.3l0-0.9h5.9v2.6h0q0.4-0.6 0.7-1t1-0.9 1.6-0.8 2-0.3q3 0 4.9 2t1.9 6z\"\/><\/svg><\/span><\/a><\/li><li class=\"shariff-button facebook shariff-nocustomcolor\" style=\"background-color:#4273c8\"><a href=\"https:\/\/www.facebook.com\/sharer\/sharer.php?u=https%3A%2F%2Fkiller-press.com%2Fde%2Fspeaker%2F\" title=\"Bei Facebook teilen\" aria-label=\"Bei Facebook teilen\" role=\"button\" rel=\"nofollow\" class=\"shariff-link\" style=\"; background-color:#3b5998; color:#fff\" target=\"_blank\"><span class=\"shariff-icon\" style=\"\"><svg width=\"32px\" height=\"20px\" xmlns=\"http:\/\/www.w3.org\/2000\/svg\" viewBox=\"0 0 18 32\"><path fill=\"#3b5998\" d=\"M17.1 0.2v4.7h-2.8q-1.5 0-2.1 0.6t-0.5 1.9v3.4h5.2l-0.7 5.3h-4.5v13.6h-5.5v-13.6h-4.5v-5.3h4.5v-3.9q0-3.3 1.9-5.2t5-1.8q2.6 0 4.1 0.2z\"\/><\/svg><\/span><\/a><\/li><li class=\"shariff-button mailto shariff-nocustomcolor\" style=\"background-color:#a8a8a8\"><a href=\"mailto:?body=https%3A%2F%2Fkiller-press.com%2Fde%2Fspeaker%2F&subject=Speaker\" title=\"Per E-Mail versenden\" aria-label=\"Per E-Mail versenden\" role=\"button\" rel=\"noopener nofollow\" class=\"shariff-link\" style=\"; background-color:#999; color:#fff\"><span class=\"shariff-icon\" style=\"\"><svg width=\"32px\" height=\"20px\" xmlns=\"http:\/\/www.w3.org\/2000\/svg\" viewBox=\"0 0 32 32\"><path fill=\"#999\" d=\"M32 12.7v14.2q0 1.2-0.8 2t-2 0.9h-26.3q-1.2 0-2-0.9t-0.8-2v-14.2q0.8 0.9 1.8 1.6 6.5 4.4 8.9 6.1 1 0.8 1.6 1.2t1.7 0.9 2 0.4h0.1q0.9 0 2-0.4t1.7-0.9 1.6-1.2q3-2.2 8.9-6.1 1-0.7 1.8-1.6zM32 7.4q0 1.4-0.9 2.7t-2.2 2.2q-6.7 4.7-8.4 5.8-0.2 0.1-0.7 0.5t-1 0.7-0.9 0.6-1.1 0.5-0.9 0.2h-0.1q-0.4 0-0.9-0.2t-1.1-0.5-0.9-0.6-1-0.7-0.7-0.5q-1.6-1.1-4.7-3.2t-3.6-2.6q-1.1-0.7-2.1-2t-1-2.5q0-1.4 0.7-2.3t2.1-0.9h26.3q1.2 0 2 0.8t0.9 2z\"\/><\/svg><\/span><\/a><\/li><\/ul><\/div><\/div>","protected":false},"excerpt":{"rendered":"<p>[vc_row][vc_column width=&#8221;2\/3&#8243;][vc_single_image image=&#8221;1691&#8243; img_size=&#8221;full&#8221;][vc_column_text] Claudia Scheffler-Perrone \u2013 Keynote Speaker Claudia Scheffler-Perrone ist keine Unbekannte auf den B\u00fchnen. Sie wird oft als Keynote Speaker (Hauptrednerin) auf Veranstaltungen eingeladen. Sie moderiert aber auch Talkrunden und f\u00fchrt Interviews im Auftrag digitaler und traditioneller<span class=\"read_more_area\"><a class=\"read-more\" href=\"https:\/\/killer-press.com\/de\/speaker\/\"> Continue Reading <\/a><\/span><\/p>\n","protected":false},"author":12,"featured_media":0,"parent":0,"menu_order":0,"comment_status":"closed","ping_status":"closed","template":"","meta":{"MSN_Categories":"Uncategorized","MSN_Publish_Option":false,"MSN_Is_Local_News":false,"MSN_Is_AIAC_Included":"Empty","MSN_Location":"[]","MSN_Add_Feature_Img_On_Top_Of_Post":false,"MSN_Has_Custom_Author":false,"MSN_Custom_Author":"","MSN_Has_Custom_Canonical_Url":false,"MSN_Custom_Canonical_Url":"","footnotes":""},"class_list":["post-1649","page","type-page","status-publish","hentry"],"yoast_head":"<!-- This site is optimized with the Yoast SEO Premium plugin v20.7 (Yoast SEO v25.6) - https:\/\/yoast.com\/wordpress\/plugins\/seo\/ -->\n<title>Speaker - Killer Press<\/title>\n<meta name=\"description\" content=\"Claudia Scheffler-Perrone \u2013 Keynote Speaker Claudia Scheffler-Perrone ist keine Unbekannte auf den B\u00fchnen. Sie wird oft als Keynote Speaker (Hauptrednerin) auf Veranstaltungen eingeladen. Sie moderiert aber auch Talkrunden und f\u00fchrt Interviews im Auftrag digitaler und traditioneller Medien.\" \/>\n<meta name=\"robots\" content=\"index, follow, max-snippet:-1, max-image-preview:large, max-video-preview:-1\" \/>\n<link rel=\"canonical\" href=\"https:\/\/killer-press.com\/de\/speaker\/\" \/>\n<meta property=\"og:locale\" content=\"de_DE\" \/>\n<meta property=\"og:type\" content=\"article\" \/>\n<meta property=\"og:title\" content=\"Speaker\" \/>\n<meta property=\"og:description\" content=\"Claudia Scheffler-Perrone \u2013 Keynote Speaker Claudia Scheffler-Perrone ist keine Unbekannte auf den B\u00fchnen. Sie wird oft als Keynote Speaker (Hauptrednerin) auf Veranstaltungen eingeladen. Sie moderiert aber auch Talkrunden und f\u00fchrt Interviews im Auftrag digitaler und traditioneller Medien.\" \/>\n<meta property=\"og:url\" content=\"https:\/\/killer-press.com\/de\/speaker\/\" \/>\n<meta property=\"og:site_name\" content=\"Killer Press\" \/>\n<meta property=\"article:modified_time\" content=\"2019-03-19T13:18:41+00:00\" \/>\n<meta property=\"og:image\" content=\"https:\/\/killer-press.com\/de\/wp-content\/uploads\/sites\/6\/2022\/01\/photo.jpg\" \/>\n\t<meta property=\"og:image:width\" content=\"2048\" \/>\n\t<meta property=\"og:image:height\" content=\"1152\" \/>\n\t<meta property=\"og:image:type\" content=\"image\/jpeg\" \/>\n<meta name=\"twitter:card\" content=\"summary_large_image\" \/>\n<meta name=\"twitter:label1\" content=\"Gesch\u00e4tzte Lesezeit\" \/>\n\t<meta name=\"twitter:data1\" content=\"3\u00a0Minuten\" \/>\n<script type=\"application\/ld+json\" class=\"yoast-schema-graph\">{\"@context\":\"https:\/\/schema.org\",\"@graph\":[{\"@type\":\"WebPage\",\"@id\":\"https:\/\/killer-press.com\/de\/speaker\/\",\"url\":\"https:\/\/killer-press.com\/de\/speaker\/\",\"name\":\"Speaker - Killer Press\",\"isPartOf\":{\"@id\":\"https:\/\/killer-press.com\/de\/#website\"},\"datePublished\":\"2018-04-02T08:50:34+00:00\",\"dateModified\":\"2019-03-19T13:18:41+00:00\",\"description\":\"Claudia Scheffler-Perrone \u2013 Keynote Speaker Claudia Scheffler-Perrone ist keine Unbekannte auf den B\u00fchnen. Sie wird oft als Keynote Speaker (Hauptrednerin) auf Veranstaltungen eingeladen. Sie moderiert aber auch Talkrunden und f\u00fchrt Interviews im Auftrag digitaler und traditioneller Medien.\",\"breadcrumb\":{\"@id\":\"https:\/\/killer-press.com\/de\/speaker\/#breadcrumb\"},\"inLanguage\":\"de\",\"potentialAction\":[{\"@type\":\"ReadAction\",\"target\":[\"https:\/\/killer-press.com\/de\/speaker\/\"]}]},{\"@type\":\"BreadcrumbList\",\"@id\":\"https:\/\/killer-press.com\/de\/speaker\/#breadcrumb\",\"itemListElement\":[{\"@type\":\"ListItem\",\"position\":1,\"name\":\"Home\",\"item\":\"https:\/\/killer-press.com\/de\/\"},{\"@type\":\"ListItem\",\"position\":2,\"name\":\"Speaker\"}]},{\"@type\":\"WebSite\",\"@id\":\"https:\/\/killer-press.com\/de\/#website\",\"url\":\"https:\/\/killer-press.com\/de\/\",\"name\":\"Killer Press\",\"description\":\"\",\"publisher\":{\"@id\":\"https:\/\/killer-press.com\/de\/#organization\"},\"potentialAction\":[{\"@type\":\"SearchAction\",\"target\":{\"@type\":\"EntryPoint\",\"urlTemplate\":\"https:\/\/killer-press.com\/de\/?s={search_term_string}\"},\"query-input\":{\"@type\":\"PropertyValueSpecification\",\"valueRequired\":true,\"valueName\":\"search_term_string\"}}],\"inLanguage\":\"de\"},{\"@type\":\"Organization\",\"@id\":\"https:\/\/killer-press.com\/de\/#organization\",\"name\":\"Killer Press\",\"url\":\"https:\/\/killer-press.com\/de\/\",\"logo\":{\"@type\":\"ImageObject\",\"inLanguage\":\"de\",\"@id\":\"https:\/\/killer-press.com\/de\/#\/schema\/logo\/image\/\",\"url\":\"https:\/\/killer-press.com\/de\/wp-content\/uploads\/sites\/6\/2022\/01\/photo.jpg\",\"contentUrl\":\"https:\/\/killer-press.com\/de\/wp-content\/uploads\/sites\/6\/2022\/01\/photo.jpg\",\"width\":2048,\"height\":1152,\"caption\":\"Killer Press\"},\"image\":{\"@id\":\"https:\/\/killer-press.com\/de\/#\/schema\/logo\/image\/\"}}]}<\/script>\n<!-- \/ Yoast SEO Premium plugin. -->","yoast_head_json":{"title":"Speaker - Killer Press","description":"Claudia Scheffler-Perrone \u2013 Keynote Speaker Claudia Scheffler-Perrone ist keine Unbekannte auf den B\u00fchnen. Sie wird oft als Keynote Speaker (Hauptrednerin) auf Veranstaltungen eingeladen. Sie moderiert aber auch Talkrunden und f\u00fchrt Interviews im Auftrag digitaler und traditioneller Medien.","robots":{"index":"index","follow":"follow","max-snippet":"max-snippet:-1","max-image-preview":"max-image-preview:large","max-video-preview":"max-video-preview:-1"},"canonical":"https:\/\/killer-press.com\/de\/speaker\/","og_locale":"de_DE","og_type":"article","og_title":"Speaker","og_description":"Claudia Scheffler-Perrone \u2013 Keynote Speaker Claudia Scheffler-Perrone ist keine Unbekannte auf den B\u00fchnen. Sie wird oft als Keynote Speaker (Hauptrednerin) auf Veranstaltungen eingeladen. Sie moderiert aber auch Talkrunden und f\u00fchrt Interviews im Auftrag digitaler und traditioneller Medien.","og_url":"https:\/\/killer-press.com\/de\/speaker\/","og_site_name":"Killer Press","article_modified_time":"2019-03-19T13:18:41+00:00","og_image":[{"width":2048,"height":1152,"url":"https:\/\/killer-press.com\/de\/wp-content\/uploads\/sites\/6\/2022\/01\/photo.jpg","type":"image\/jpeg"}],"twitter_card":"summary_large_image","twitter_misc":{"Gesch\u00e4tzte Lesezeit":"3\u00a0Minuten"},"schema":{"@context":"https:\/\/schema.org","@graph":[{"@type":"WebPage","@id":"https:\/\/killer-press.com\/de\/speaker\/","url":"https:\/\/killer-press.com\/de\/speaker\/","name":"Speaker - Killer Press","isPartOf":{"@id":"https:\/\/killer-press.com\/de\/#website"},"datePublished":"2018-04-02T08:50:34+00:00","dateModified":"2019-03-19T13:18:41+00:00","description":"Claudia Scheffler-Perrone \u2013 Keynote Speaker Claudia Scheffler-Perrone ist keine Unbekannte auf den B\u00fchnen. Sie wird oft als Keynote Speaker (Hauptrednerin) auf Veranstaltungen eingeladen. Sie moderiert aber auch Talkrunden und f\u00fchrt Interviews im Auftrag digitaler und traditioneller Medien.","breadcrumb":{"@id":"https:\/\/killer-press.com\/de\/speaker\/#breadcrumb"},"inLanguage":"de","potentialAction":[{"@type":"ReadAction","target":["https:\/\/killer-press.com\/de\/speaker\/"]}]},{"@type":"BreadcrumbList","@id":"https:\/\/killer-press.com\/de\/speaker\/#breadcrumb","itemListElement":[{"@type":"ListItem","position":1,"name":"Home","item":"https:\/\/killer-press.com\/de\/"},{"@type":"ListItem","position":2,"name":"Speaker"}]},{"@type":"WebSite","@id":"https:\/\/killer-press.com\/de\/#website","url":"https:\/\/killer-press.com\/de\/","name":"Killer Press","description":"","publisher":{"@id":"https:\/\/killer-press.com\/de\/#organization"},"potentialAction":[{"@type":"SearchAction","target":{"@type":"EntryPoint","urlTemplate":"https:\/\/killer-press.com\/de\/?s={search_term_string}"},"query-input":{"@type":"PropertyValueSpecification","valueRequired":true,"valueName":"search_term_string"}}],"inLanguage":"de"},{"@type":"Organization","@id":"https:\/\/killer-press.com\/de\/#organization","name":"Killer Press","url":"https:\/\/killer-press.com\/de\/","logo":{"@type":"ImageObject","inLanguage":"de","@id":"https:\/\/killer-press.com\/de\/#\/schema\/logo\/image\/","url":"https:\/\/killer-press.com\/de\/wp-content\/uploads\/sites\/6\/2022\/01\/photo.jpg","contentUrl":"https:\/\/killer-press.com\/de\/wp-content\/uploads\/sites\/6\/2022\/01\/photo.jpg","width":2048,"height":1152,"caption":"Killer Press"},"image":{"@id":"https:\/\/killer-press.com\/de\/#\/schema\/logo\/image\/"}}]}},"_links":{"self":[{"href":"https:\/\/killer-press.com\/de\/wp-json\/wp\/v2\/pages\/1649","targetHints":{"allow":["GET"]}}],"collection":[{"href":"https:\/\/killer-press.com\/de\/wp-json\/wp\/v2\/pages"}],"about":[{"href":"https:\/\/killer-press.com\/de\/wp-json\/wp\/v2\/types\/page"}],"author":[{"embeddable":true,"href":"https:\/\/killer-press.com\/de\/wp-json\/wp\/v2\/users\/12"}],"replies":[{"embeddable":true,"href":"https:\/\/killer-press.com\/de\/wp-json\/wp\/v2\/comments?post=1649"}],"version-history":[{"count":12,"href":"https:\/\/killer-press.com\/de\/wp-json\/wp\/v2\/pages\/1649\/revisions"}],"predecessor-version":[{"id":2192,"href":"https:\/\/killer-press.com\/de\/wp-json\/wp\/v2\/pages\/1649\/revisions\/2192"}],"wp:attachment":[{"href":"https:\/\/killer-press.com\/de\/wp-json\/wp\/v2\/media?parent=1649"}],"curies":[{"name":"wp","href":"https:\/\/api.w.org\/{rel}","templated":true}]}}