{"id":1651,"date":"2018-04-02T08:51:02","date_gmt":"2018-04-02T08:51:02","guid":{"rendered":"https:\/\/bagony.com\/killgerm\/de\/?page_id=1651"},"modified":"2020-02-24T11:10:17","modified_gmt":"2020-02-24T11:10:17","slug":"kunden","status":"publish","type":"page","link":"https:\/\/killer-press.com\/de\/kunden\/","title":{"rendered":"Kunden"},"content":{"rendered":"<div class=\"wpb-content-wrapper\"><p>[vc_row full_width=&#8221;stretch_row_content_no_spaces&#8221; css=&#8221;.vc_custom_1525236189586{padding-top: 140px !important;padding-bottom: 140px !important;background-image: url(https:\/\/killer-press.com\/de\/wp-content\/uploads\/sites\/6\/2018\/04\/tbt.jpg?id=1994) !important;background-position: center !important;background-repeat: no-repeat !important;background-size: cover !important;}&#8221;][vc_column]<div id=\"uvc-type-wrap-2974\"  data-ultimate-target='#uvc-type-wrap-2974'  data-responsive-json-new='{\"font-size\":\"desktop:50px;\",\"line-height\":\"\"}'  class=\"uvc-type-wrap  ult-adjust-bottom-margin ult-responsive  uvc-type-align-center  uvc-wrap-424842566169de87ba4a1fc\" style=\"text-align:center;\"><span  data-ultimate-target='#uvc-type-wrap-2974 .mycustfancy'  data-responsive-json-new='{\"font-size\":\"\",\"line-height\":\"\"}'  class=\"ultimate-typewriter-prefix mycustfancy ult-responsive\" style=\"font-weight:normal; text-transform: unset;\">KUNDEN \u2026.<\/span><span id=\"typed-424842566169de87ba4a1fc\" class=\"ultimate-typed-main \" style=\"color:#ffffff; font-weight:normal; text-transform: unset;\"><\/span><script type=\"text\/javascript\">\n\t\t\t\t\t\tjQuery(function($){ \n\t\t\t\t\t\t\t$(document).ready(function(){\n\t\t\t\t\t\t\t\tif( typeof jQuery(\"#typed-424842566169de87ba4a1fc\").typed == \"function\"){\n\t\t\t\t\t\t\t\t\t$(\"#typed-424842566169de87ba4a1fc\").typed({\n\t\t\t\t\t\t\t\t\t\tstrings: [\"und Partner\"],\n\t\t\t\t\t\t\t\t\t\ttypeSpeed: 35,\n\t\t\t\t\t\t\t\t\t\tbackSpeed: 0,\n\t\t\t\t\t\t\t\t\t\tstartDelay: \"200\",\n\t\t\t\t\t\t\t\t\t\tbackDelay: \"1500\",\n\t\t\t\t\t\t\t\t\t\tloop: \"true\",\n\t\t\t\t\t\t\t\t\t\tloopCount: false,\n\t\t\t\t\t\t\t\t\t\tshowCursor: true,\n\t\t\t\t\t\t\t\t\t\tcursorChar: \"|\",\n\t\t\t\t\t\t\t\t\t\tattr: null\n\t\t\t\t\t\t\t\t\t});\n\t\t\t\t\t\t\t\t}\n\t\t\t\t\t\t\t});\n\t\t\t\t\t\t});\n\t\t\t\t\t<\/script><\/div>[\/vc_column][\/vc_row][vc_row][vc_column width=&#8221;2\/3&#8243;][vc_single_image image=&#8221;1688&#8243; img_size=&#8221;full&#8221;][vc_column_text]<\/p>\n<header class=\"entry-header\">\n<h1 class=\"entry-title\">Hier nur eine kleine Auswahl unserer<br \/>\nKUNDEN<\/h1>\n<\/header>\n<div class=\"entry-content\">\n<h2>\u2026.\u00a0und Partner<\/h2>\n<\/div>\n<p><em>Einige unserer Kunden bleiben lieber im Stillen. Wir respektieren die Privatsph\u00e4re und werden deren Namen weder nennen noch ver\u00f6ffentlichen.\u00a0<\/em><\/p>\n<h2>WIRTSCHAFT<\/h2>\n<p><strong><a href=\"https:\/\/www.union-instruments.com\">UNION INSTRUMENTS<\/a><br \/>\n<a href=\"https:\/\/www.contelle.de\">Contelle Telefontraining<\/a><br \/>\nSysmex Deutschland GmbH (Sysmex Cooperation)<br \/>\nMotion One GmbH<br \/>\nBraun B\u00fcffel<br \/>\nBoFrost<br \/>\nImPact Agentur<br \/>\nBethge Coaching<br \/>\nScott Sanders Business<br \/>\nPatrick &#8211; The\u00a0Mindleader Coach<br \/>\nDr. Caroline Akerele<br \/>\nDr. Tobias von Wild<br \/>\nIWINA &#8211; Natur erleben<br \/>\nSEAK Personaleinsatzsoftware<\/strong><br \/>\n<strong>Gemeinde Seevetal<\/strong><br \/>\n<strong>CDU Niedersachsen<\/strong><br \/>\n<strong>ISI \u2013 Zentrum f\u00fcr Gr\u00fcndung, Business &amp; Innovation<\/strong><br \/>\n<strong>IHK Hamburg<\/strong><br \/>\n<strong>Online Marketing Forum<\/strong><br \/>\n<strong>Cebit<\/strong><br \/>\n<strong>Rock the Blog<\/strong><br \/>\n<strong>Ferraro Immobili<\/strong><br \/>\n<a href=\"http:\/\/www.cloudmarketing.de\/\"><strong>Cloud Marketing<\/strong><\/a><br \/>\n<strong>Business Talks Hamburg<\/strong><br \/>\n<strong>Urbandevision<\/strong><br \/>\n<a href=\"https:\/\/www.facebook.com\/alishabelluga\/\"><strong>Alisha Beluga Coaching<\/strong><\/a><br \/>\n<strong>Playbook 360<\/strong><br \/>\n<strong><a href=\"http:\/\/stcarq.com\/\">STC Arquitectos<\/a>\u00a0(Argentinien)<br \/>\nNoel Meyer Coaching<\/strong><\/p>\n<p>&nbsp;<\/p>\n<div class=\"entry-content\">\n<h2>SPORT \/ PRESSE<\/h2>\n<p><strong>NDR Sport<br \/>\nCastanea Golf Adendorf<\/strong><br \/>\n<strong>Freshme Magazin (Sport,\u00a0<\/strong><br \/>\n<strong>Reisen, Beauty)\u2028<\/strong><br \/>\n<strong>Piste Hamburg\u2028<\/strong><br \/>\n<strong>Business und People<\/strong><br \/>\n<strong>Funke Mediengruppe<\/strong><br \/>\n<strong>\u2028Hamburger Abendblatt<\/strong><br \/>\n<strong>\u2028Home of Classics (Auto)<\/strong><br \/>\n<strong>Xello<\/strong><br \/>\n<strong>Master Can (Tai Chi)<\/strong><br \/>\n<strong>La TVLab (Sport)<\/strong><br \/>\n<strong>Der Hamburger Land\u2013 und\u00a0<\/strong><br \/>\n<strong>Golf\u2013Club Hittfeld e.V\u2028<\/strong><br \/>\n<strong><a href=\"https:\/\/www.xing.com\/profile\/Adrian_Kunz3?sc_o=da980_e\">Adrian Kunz<\/a>\u00a0(Ex SV Werder\u00a0<\/strong><strong>Bremen \/Speaker)<\/strong><br \/>\n<strong><a href=\"https:\/\/www.facebook.com\/JurekRohrberg\">Jurek Rohrberg<\/a>\u00a0(Sky Sport Moderator)\u00a0<\/strong><br \/>\n<strong><a href=\"https:\/\/www.facebook.com\/christiantraesch15\/\">Christian Tr\u00e4sch<\/a>\u00a0(VFL Wolfsburg)\u00a0<\/strong><br \/>\n<strong>Einige Trainer aus China (1.Liga und diverse andere Sportler\u00a0<\/strong><\/p>\n<h2>Entertainment<\/h2>\n<p><strong>Kriminal Dinner\u2028<\/strong><br \/>\n<strong>Anette M\u00f6ller (Moderatorin)<br \/>\n<\/strong><strong>Hakim Meziani \u00a0(Schauspieler)<\/strong><br \/>\n<strong>Scott Sanders (Producer, Screenwriter Los Angeles)\u2028<\/strong><br \/>\n<strong>Deive Garcia (Model Miami)<\/strong><br \/>\n<strong>Elite New York City\u2028<\/strong><br \/>\n<strong>Ricardo Gay (Milano)<\/strong><br \/>\n<strong>IMG Modelmanagement\u00a0<\/strong><br \/>\n<strong>Volker J\u00e4ckel (Speaker Automotive Marketing)\u2028<\/strong><br \/>\n<strong>Easy Rider (LA)\u00a0<\/strong><br \/>\n<strong>Marc Evans (Fotograf Mailand)<\/strong><br \/>\n<strong><a href=\"https:\/\/www.youtube.com\/user\/katrinbpunktphoto\">\u2028In Bed with<\/a>\u00a0(YouTube Show)<\/strong><br \/>\n<strong>Hennessy \/Moet<\/strong><br \/>\n<strong>RTL Mediengruppe<\/strong><br \/>\n<strong>\u2028Vox\u2028<\/strong><br \/>\n<strong>Piste TV \u2028<\/strong><br \/>\n<strong><a href=\"http:\/\/www.mpb-consulting.eu\/\">Steffen van der Beek<\/a>\u00a0(MPB \u2013 Medien-<br \/>\nund Personality Management)<\/strong><\/p>\n<h2>Reisen \/ Touristik<\/h2>\n<p><strong>JT Touristik\u2028<\/strong><br \/>\n<strong>The Library Collection Group (NYC)\u2028<\/strong><br \/>\n<strong>Hilton\u2028<\/strong><br \/>\n<strong>Michelin Guide Italia\u2028InLombardia \u2028<\/strong><br \/>\n<strong>25 hours Hotels<\/strong><br \/>\n<strong>TUI<\/strong><br \/>\n<strong>Tourism Ireland\u2028<\/strong><br \/>\n<strong>Conrad New York<\/strong><br \/>\n<strong>Marriott<\/strong><br \/>\n<strong>Affitto Vacanze (Italien\/Salento) \u2028<\/strong><br \/>\n<strong>Dubai Tourism<\/strong><br \/>\n<strong>\u2028Emilia Romagna\u00a0<\/strong><br \/>\n<strong>\u2028IAmbassador\u00a0<\/strong><br \/>\n<strong>Travelopo Villas<\/strong><br \/>\n<strong>\u2028Turkish Airlines\u2028<\/strong><\/p>\n<h2>Fashion \/ Beauty<\/h2>\n<p><strong>kosmetik4less\u00a0<\/strong><br \/>\n<strong>\u2028hair-shop24<\/strong><br \/>\n<strong>\u2028Calvin Klein\u2028 (New York)<\/strong><br \/>\n<strong>Crazy factory (Schweiz)<\/strong><br \/>\n<strong>schmuckshop\u2028<\/strong><br \/>\n<strong>AMCO Fashion\u2028<\/strong><br \/>\n<strong>Eurobioderm\u2028<\/strong><br \/>\n<strong>Blick Krawatten \u2028<\/strong><br \/>\n<strong>One Diamond\u2028<\/strong><br \/>\n<strong>Marco Calzolai (Designer)<\/strong><br \/>\n<strong>Premoli di Bella (Designer)<\/strong><br \/>\n<strong>Pin-up Fashion Magazin<\/strong><br \/>\n<strong>Pronovias (Spain)<\/strong><\/p>\n<p>&nbsp;<\/p>\n<div class=\"ssba ssba-wrap\">\n<div>Share if you like\u2026<\/div>\n<\/div>\n<\/div>\n<p>[\/vc_column_text][\/vc_column][vc_column width=&#8221;1\/3&#8243;][vc_widget_sidebar sidebar_id=&#8221;right_sidebar&#8221;][\/vc_column][\/vc_row]<\/p>\n<div class=\"shariff shariff-align-flex-start shariff-widget-align-flex-start\"><ul class=\"shariff-buttons theme-round orientation-horizontal buttonsize-medium\"><li class=\"shariff-button linkedin shariff-nocustomcolor\" style=\"background-color:#1488bf\"><a href=\"https:\/\/www.linkedin.com\/sharing\/share-offsite\/?url=https%3A%2F%2Fkiller-press.com%2Fde%2Fkunden%2F\" title=\"Bei LinkedIn teilen\" aria-label=\"Bei LinkedIn teilen\" role=\"button\" rel=\"noopener nofollow\" class=\"shariff-link\" style=\"; background-color:#0077b5; color:#fff\" target=\"_blank\"><span class=\"shariff-icon\" style=\"\"><svg width=\"32px\" height=\"20px\" xmlns=\"http:\/\/www.w3.org\/2000\/svg\" viewBox=\"0 0 27 32\"><path fill=\"#0077b5\" d=\"M6.2 11.2v17.7h-5.9v-17.7h5.9zM6.6 5.7q0 1.3-0.9 2.2t-2.4 0.9h0q-1.5 0-2.4-0.9t-0.9-2.2 0.9-2.2 2.4-0.9 2.4 0.9 0.9 2.2zM27.4 18.7v10.1h-5.9v-9.5q0-1.9-0.7-2.9t-2.3-1.1q-1.1 0-1.9 0.6t-1.2 1.5q-0.2 0.5-0.2 1.4v9.9h-5.9q0-7.1 0-11.6t0-5.3l0-0.9h5.9v2.6h0q0.4-0.6 0.7-1t1-0.9 1.6-0.8 2-0.3q3 0 4.9 2t1.9 6z\"\/><\/svg><\/span><\/a><\/li><li class=\"shariff-button facebook shariff-nocustomcolor\" style=\"background-color:#4273c8\"><a href=\"https:\/\/www.facebook.com\/sharer\/sharer.php?u=https%3A%2F%2Fkiller-press.com%2Fde%2Fkunden%2F\" title=\"Bei Facebook teilen\" aria-label=\"Bei Facebook teilen\" role=\"button\" rel=\"nofollow\" class=\"shariff-link\" style=\"; background-color:#3b5998; color:#fff\" target=\"_blank\"><span class=\"shariff-icon\" style=\"\"><svg width=\"32px\" height=\"20px\" xmlns=\"http:\/\/www.w3.org\/2000\/svg\" viewBox=\"0 0 18 32\"><path fill=\"#3b5998\" d=\"M17.1 0.2v4.7h-2.8q-1.5 0-2.1 0.6t-0.5 1.9v3.4h5.2l-0.7 5.3h-4.5v13.6h-5.5v-13.6h-4.5v-5.3h4.5v-3.9q0-3.3 1.9-5.2t5-1.8q2.6 0 4.1 0.2z\"\/><\/svg><\/span><\/a><\/li><li class=\"shariff-button mailto shariff-nocustomcolor\" style=\"background-color:#a8a8a8\"><a href=\"mailto:?body=https%3A%2F%2Fkiller-press.com%2Fde%2Fkunden%2F&subject=Kunden\" title=\"Per E-Mail versenden\" aria-label=\"Per E-Mail versenden\" role=\"button\" rel=\"noopener nofollow\" class=\"shariff-link\" style=\"; background-color:#999; color:#fff\"><span class=\"shariff-icon\" style=\"\"><svg width=\"32px\" height=\"20px\" xmlns=\"http:\/\/www.w3.org\/2000\/svg\" viewBox=\"0 0 32 32\"><path fill=\"#999\" d=\"M32 12.7v14.2q0 1.2-0.8 2t-2 0.9h-26.3q-1.2 0-2-0.9t-0.8-2v-14.2q0.8 0.9 1.8 1.6 6.5 4.4 8.9 6.1 1 0.8 1.6 1.2t1.7 0.9 2 0.4h0.1q0.9 0 2-0.4t1.7-0.9 1.6-1.2q3-2.2 8.9-6.1 1-0.7 1.8-1.6zM32 7.4q0 1.4-0.9 2.7t-2.2 2.2q-6.7 4.7-8.4 5.8-0.2 0.1-0.7 0.5t-1 0.7-0.9 0.6-1.1 0.5-0.9 0.2h-0.1q-0.4 0-0.9-0.2t-1.1-0.5-0.9-0.6-1-0.7-0.7-0.5q-1.6-1.1-4.7-3.2t-3.6-2.6q-1.1-0.7-2.1-2t-1-2.5q0-1.4 0.7-2.3t2.1-0.9h26.3q1.2 0 2 0.8t0.9 2z\"\/><\/svg><\/span><\/a><\/li><\/ul><\/div><\/div>","protected":false},"excerpt":{"rendered":"<p>[vc_row full_width=&#8221;stretch_row_content_no_spaces&#8221; css=&#8221;.vc_custom_1525236189586{padding-top: 140px !important;padding-bottom: 140px !important;background-image: url(https:\/\/killer-press.com\/de\/wp-content\/uploads\/sites\/6\/2018\/04\/tbt.jpg?id=1994) !important;background-position: center !important;background-repeat: no-repeat !important;background-size: cover !important;}&#8221;][vc_column][\/vc_column][\/vc_row][vc_row][vc_column width=&#8221;2\/3&#8243;][vc_single_image image=&#8221;1688&#8243; img_size=&#8221;full&#8221;][vc_column_text] Hier nur eine kleine Auswahl unserer KUNDEN \u2026.\u00a0und Partner Einige unserer Kunden bleiben lieber im Stillen. Wir respektieren die Privatsph\u00e4re und werden<span class=\"read_more_area\"><a class=\"read-more\" href=\"https:\/\/killer-press.com\/de\/kunden\/\"> Continue Reading <\/a><\/span><\/p>\n","protected":false},"author":12,"featured_media":0,"parent":0,"menu_order":0,"comment_status":"closed","ping_status":"closed","template":"","meta":{"MSN_Categories":"Uncategorized","MSN_Publish_Option":false,"MSN_Is_Local_News":false,"MSN_Is_AIAC_Included":"Empty","MSN_Location":"[]","MSN_Add_Feature_Img_On_Top_Of_Post":false,"MSN_Has_Custom_Author":false,"MSN_Custom_Author":"","MSN_Has_Custom_Canonical_Url":false,"MSN_Custom_Canonical_Url":"","footnotes":""},"class_list":["post-1651","page","type-page","status-publish","hentry"],"yoast_head":"<!-- This site is optimized with the Yoast SEO Premium plugin v20.7 (Yoast SEO v25.6) - https:\/\/yoast.com\/wordpress\/plugins\/seo\/ -->\n<title>Kunden - Killer Press<\/title>\n<meta name=\"description\" content=\"Coaching und Training f\u00fcr Fach- und F\u00fchrungskr\u00e4fte und Profisportler im Bereich Personal Branding, LinkedIn, Kommunikation und Mitarbeiterf\u00fchrung. Media Training vom Profi. Journalistin und Coach mit \u00fcber 20 Jahren Erfahrung. Bekannt aus TV, Radio und Zeitungen.\" \/>\n<meta name=\"robots\" content=\"index, follow, max-snippet:-1, max-image-preview:large, max-video-preview:-1\" \/>\n<link rel=\"canonical\" href=\"https:\/\/killer-press.com\/de\/kunden\/\" \/>\n<meta property=\"og:locale\" content=\"de_DE\" \/>\n<meta property=\"og:type\" content=\"article\" \/>\n<meta property=\"og:title\" content=\"Kunden\" \/>\n<meta property=\"og:description\" content=\"Coaching und Training f\u00fcr Fach- und F\u00fchrungskr\u00e4fte und Profisportler im Bereich Personal Branding, LinkedIn, Kommunikation und Mitarbeiterf\u00fchrung. Media Training vom Profi. Journalistin und Coach mit \u00fcber 20 Jahren Erfahrung. Bekannt aus TV, Radio und Zeitungen.\" \/>\n<meta property=\"og:url\" content=\"https:\/\/killer-press.com\/de\/kunden\/\" \/>\n<meta property=\"og:site_name\" content=\"Killer Press\" \/>\n<meta property=\"article:modified_time\" content=\"2020-02-24T11:10:17+00:00\" \/>\n<meta property=\"og:image\" content=\"https:\/\/killer-press.com\/de\/wp-content\/uploads\/sites\/6\/2022\/01\/photo.jpg\" \/>\n\t<meta property=\"og:image:width\" content=\"2048\" \/>\n\t<meta property=\"og:image:height\" content=\"1152\" \/>\n\t<meta property=\"og:image:type\" content=\"image\/jpeg\" \/>\n<meta name=\"twitter:card\" content=\"summary_large_image\" \/>\n<meta name=\"twitter:label1\" content=\"Gesch\u00e4tzte Lesezeit\" \/>\n\t<meta name=\"twitter:data1\" content=\"2\u00a0Minuten\" \/>\n<script type=\"application\/ld+json\" class=\"yoast-schema-graph\">{\"@context\":\"https:\/\/schema.org\",\"@graph\":[{\"@type\":\"WebPage\",\"@id\":\"https:\/\/killer-press.com\/de\/kunden\/\",\"url\":\"https:\/\/killer-press.com\/de\/kunden\/\",\"name\":\"Kunden - Killer Press\",\"isPartOf\":{\"@id\":\"https:\/\/killer-press.com\/de\/#website\"},\"datePublished\":\"2018-04-02T08:51:02+00:00\",\"dateModified\":\"2020-02-24T11:10:17+00:00\",\"description\":\"Coaching und Training f\u00fcr Fach- und F\u00fchrungskr\u00e4fte und Profisportler im Bereich Personal Branding, LinkedIn, Kommunikation und Mitarbeiterf\u00fchrung. Media Training vom Profi. Journalistin und Coach mit \u00fcber 20 Jahren Erfahrung. Bekannt aus TV, Radio und Zeitungen.\",\"breadcrumb\":{\"@id\":\"https:\/\/killer-press.com\/de\/kunden\/#breadcrumb\"},\"inLanguage\":\"de\",\"potentialAction\":[{\"@type\":\"ReadAction\",\"target\":[\"https:\/\/killer-press.com\/de\/kunden\/\"]}]},{\"@type\":\"BreadcrumbList\",\"@id\":\"https:\/\/killer-press.com\/de\/kunden\/#breadcrumb\",\"itemListElement\":[{\"@type\":\"ListItem\",\"position\":1,\"name\":\"Home\",\"item\":\"https:\/\/killer-press.com\/de\/\"},{\"@type\":\"ListItem\",\"position\":2,\"name\":\"Kunden\"}]},{\"@type\":\"WebSite\",\"@id\":\"https:\/\/killer-press.com\/de\/#website\",\"url\":\"https:\/\/killer-press.com\/de\/\",\"name\":\"Killer Press\",\"description\":\"\",\"publisher\":{\"@id\":\"https:\/\/killer-press.com\/de\/#organization\"},\"potentialAction\":[{\"@type\":\"SearchAction\",\"target\":{\"@type\":\"EntryPoint\",\"urlTemplate\":\"https:\/\/killer-press.com\/de\/?s={search_term_string}\"},\"query-input\":{\"@type\":\"PropertyValueSpecification\",\"valueRequired\":true,\"valueName\":\"search_term_string\"}}],\"inLanguage\":\"de\"},{\"@type\":\"Organization\",\"@id\":\"https:\/\/killer-press.com\/de\/#organization\",\"name\":\"Killer Press\",\"url\":\"https:\/\/killer-press.com\/de\/\",\"logo\":{\"@type\":\"ImageObject\",\"inLanguage\":\"de\",\"@id\":\"https:\/\/killer-press.com\/de\/#\/schema\/logo\/image\/\",\"url\":\"https:\/\/killer-press.com\/de\/wp-content\/uploads\/sites\/6\/2022\/01\/photo.jpg\",\"contentUrl\":\"https:\/\/killer-press.com\/de\/wp-content\/uploads\/sites\/6\/2022\/01\/photo.jpg\",\"width\":2048,\"height\":1152,\"caption\":\"Killer Press\"},\"image\":{\"@id\":\"https:\/\/killer-press.com\/de\/#\/schema\/logo\/image\/\"}}]}<\/script>\n<!-- \/ Yoast SEO Premium plugin. -->","yoast_head_json":{"title":"Kunden - Killer Press","description":"Coaching und Training f\u00fcr Fach- und F\u00fchrungskr\u00e4fte und Profisportler im Bereich Personal Branding, LinkedIn, Kommunikation und Mitarbeiterf\u00fchrung. Media Training vom Profi. Journalistin und Coach mit \u00fcber 20 Jahren Erfahrung. Bekannt aus TV, Radio und Zeitungen.","robots":{"index":"index","follow":"follow","max-snippet":"max-snippet:-1","max-image-preview":"max-image-preview:large","max-video-preview":"max-video-preview:-1"},"canonical":"https:\/\/killer-press.com\/de\/kunden\/","og_locale":"de_DE","og_type":"article","og_title":"Kunden","og_description":"Coaching und Training f\u00fcr Fach- und F\u00fchrungskr\u00e4fte und Profisportler im Bereich Personal Branding, LinkedIn, Kommunikation und Mitarbeiterf\u00fchrung. Media Training vom Profi. Journalistin und Coach mit \u00fcber 20 Jahren Erfahrung. Bekannt aus TV, Radio und Zeitungen.","og_url":"https:\/\/killer-press.com\/de\/kunden\/","og_site_name":"Killer Press","article_modified_time":"2020-02-24T11:10:17+00:00","og_image":[{"width":2048,"height":1152,"url":"https:\/\/killer-press.com\/de\/wp-content\/uploads\/sites\/6\/2022\/01\/photo.jpg","type":"image\/jpeg"}],"twitter_card":"summary_large_image","twitter_misc":{"Gesch\u00e4tzte Lesezeit":"2\u00a0Minuten"},"schema":{"@context":"https:\/\/schema.org","@graph":[{"@type":"WebPage","@id":"https:\/\/killer-press.com\/de\/kunden\/","url":"https:\/\/killer-press.com\/de\/kunden\/","name":"Kunden - Killer Press","isPartOf":{"@id":"https:\/\/killer-press.com\/de\/#website"},"datePublished":"2018-04-02T08:51:02+00:00","dateModified":"2020-02-24T11:10:17+00:00","description":"Coaching und Training f\u00fcr Fach- und F\u00fchrungskr\u00e4fte und Profisportler im Bereich Personal Branding, LinkedIn, Kommunikation und Mitarbeiterf\u00fchrung. Media Training vom Profi. Journalistin und Coach mit \u00fcber 20 Jahren Erfahrung. Bekannt aus TV, Radio und Zeitungen.","breadcrumb":{"@id":"https:\/\/killer-press.com\/de\/kunden\/#breadcrumb"},"inLanguage":"de","potentialAction":[{"@type":"ReadAction","target":["https:\/\/killer-press.com\/de\/kunden\/"]}]},{"@type":"BreadcrumbList","@id":"https:\/\/killer-press.com\/de\/kunden\/#breadcrumb","itemListElement":[{"@type":"ListItem","position":1,"name":"Home","item":"https:\/\/killer-press.com\/de\/"},{"@type":"ListItem","position":2,"name":"Kunden"}]},{"@type":"WebSite","@id":"https:\/\/killer-press.com\/de\/#website","url":"https:\/\/killer-press.com\/de\/","name":"Killer Press","description":"","publisher":{"@id":"https:\/\/killer-press.com\/de\/#organization"},"potentialAction":[{"@type":"SearchAction","target":{"@type":"EntryPoint","urlTemplate":"https:\/\/killer-press.com\/de\/?s={search_term_string}"},"query-input":{"@type":"PropertyValueSpecification","valueRequired":true,"valueName":"search_term_string"}}],"inLanguage":"de"},{"@type":"Organization","@id":"https:\/\/killer-press.com\/de\/#organization","name":"Killer Press","url":"https:\/\/killer-press.com\/de\/","logo":{"@type":"ImageObject","inLanguage":"de","@id":"https:\/\/killer-press.com\/de\/#\/schema\/logo\/image\/","url":"https:\/\/killer-press.com\/de\/wp-content\/uploads\/sites\/6\/2022\/01\/photo.jpg","contentUrl":"https:\/\/killer-press.com\/de\/wp-content\/uploads\/sites\/6\/2022\/01\/photo.jpg","width":2048,"height":1152,"caption":"Killer Press"},"image":{"@id":"https:\/\/killer-press.com\/de\/#\/schema\/logo\/image\/"}}]}},"_links":{"self":[{"href":"https:\/\/killer-press.com\/de\/wp-json\/wp\/v2\/pages\/1651","targetHints":{"allow":["GET"]}}],"collection":[{"href":"https:\/\/killer-press.com\/de\/wp-json\/wp\/v2\/pages"}],"about":[{"href":"https:\/\/killer-press.com\/de\/wp-json\/wp\/v2\/types\/page"}],"author":[{"embeddable":true,"href":"https:\/\/killer-press.com\/de\/wp-json\/wp\/v2\/users\/12"}],"replies":[{"embeddable":true,"href":"https:\/\/killer-press.com\/de\/wp-json\/wp\/v2\/comments?post=1651"}],"version-history":[{"count":7,"href":"https:\/\/killer-press.com\/de\/wp-json\/wp\/v2\/pages\/1651\/revisions"}],"predecessor-version":[{"id":2250,"href":"https:\/\/killer-press.com\/de\/wp-json\/wp\/v2\/pages\/1651\/revisions\/2250"}],"wp:attachment":[{"href":"https:\/\/killer-press.com\/de\/wp-json\/wp\/v2\/media?parent=1651"}],"curies":[{"name":"wp","href":"https:\/\/api.w.org\/{rel}","templated":true}]}}