{"id":1653,"date":"2018-04-02T08:51:38","date_gmt":"2018-04-02T08:51:38","guid":{"rendered":"https:\/\/bagony.com\/killgerm\/de\/?page_id=1653"},"modified":"2023-04-27T15:09:43","modified_gmt":"2023-04-27T15:09:43","slug":"press","status":"publish","type":"page","link":"https:\/\/killer-press.com\/de\/press\/","title":{"rendered":"Presse"},"content":{"rendered":"<div class=\"wpb-content-wrapper\"><p>[vc_row][vc_column][apress_callto_action calltoaction_title=&#8221;Medientraining f\u00fcr Gesch\u00e4ftsf\u00fchrer, Unternehmer und F\u00fchrungskr\u00e4fte&#8221; calltoaction_text=&#8221;In der heutigen Gesch\u00e4ftswelt ist es unerl\u00e4sslich, Medienauftritte souver\u00e4n zu meistern. Ob in Interviews, Pressekonferenzen oder \u00f6ffentlichen Reden &#8211; jeder Auftritt kann die Reputation des Unternehmens und der F\u00fchrungskr\u00e4fte nachhaltig beeinflussen. Medientraining ist daher eine wichtige Investition in die Zukunft des Unternehmens.<\/p>\n<p>Warum braucht man Medientraining?<\/p>\n<p>Das Ziel des Medientrainings ist es, F\u00fchrungskr\u00e4fte auf die Anforderungen der Medienwelt vorzubereiten. Durch das Training lernen sie, sich in Interviews und anderen \u00f6ffentlichen Auftritten selbstsicher und authentisch zu pr\u00e4sentieren. Sie lernen, wie sie ihre Botschaften klar und verst\u00e4ndlich vermitteln k\u00f6nnen und wie sie mit schwierigen Fragen und kritischen Situationen umgehen sollten.<\/p>\n<p>Ein weiterer wichtiger Aspekt des Medientrainings ist die Vorbereitung auf Krisensituationen. Im Falle einer Krise ist es entscheidend, schnell und effektiv zu kommunizieren, um das Vertrauen der \u00d6ffentlichkeit zur\u00fcckzugewinnen und den Schaden f\u00fcr das Unternehmen zu minimieren. Medientraining hilft F\u00fchrungskr\u00e4ften, in solchen Situationen ruhig und professionell zu bleiben und angemessen zu reagieren.<\/p>\n<p>Wie l\u00e4uft das Medientraining ab?<\/p>\n<p>Das Medientraining ist auf die individuellen Bed\u00fcrfnisse der F\u00fchrungskr\u00e4fte und des Unternehmens abgestimmt. Es kann in Form von Einzel- oder Gruppentraining durchgef\u00fchrt werden. Die Trainingseinheiten k\u00f6nnen je nach Bedarf mehrere Stunden oder auch mehrere Tage dauern.<\/p>\n<p>Im Rahmen des Trainings werden verschiedene Themen behandelt, wie zum Beispiel die Vorbereitung auf Interviews und Reden, das Verfassen von Pressemitteilungen, das Umgang mit schwierigen Fragen und kritischen Situationen sowie die Entwicklung von Strategien f\u00fcr die Krisenkommunikation.<\/p>\n<p>Das Medientraining beinhaltet auch praktische \u00dcbungen, wie zum Beispiel das Durchspielen von Interviews und Pressekonferenzen. Dabei erhalten die F\u00fchrungskr\u00e4fte Feedback von erfahrenen Trainern, um ihre F\u00e4higkeiten zu verbessern.<\/p>\n<p>Fazit<\/p>\n<p>Medientraining ist eine wichtige Investition in die Zukunft des Unternehmens und der F\u00fchrungskr\u00e4fte. Es hilft ihnen, sich selbstsicher und professionell in der Medienwelt zu pr\u00e4sentieren, ihre Botschaften klar zu vermitteln und angemessen auf schwierige Situationen zu reagieren. Durch das Training sind F\u00fchrungskr\u00e4fte besser vorbereitet auf Interviews, Reden und Pressekonferenzen und k\u00f6nnen in Krisensituationen schnell und effektiv kommunizieren.&#8221; calltoaction_button_text=&#8221;&#8221;][\/vc_column][\/vc_row][vc_row content_placement=&#8221;middle&#8221; bg_type=&#8221;bg_color&#8221; bg_override=&#8221;full&#8221; bg_color_value=&#8221;#f8f8f8&#8243; css=&#8221;.vc_custom_1483508684665{padding-top: 55px !important;}&#8221;][vc_column width=&#8221;1\/2&#8243;]<div id=\"ultimate-heading-912569de67db1060f\" class=\"uvc-heading ult-adjust-bottom-margin ultimate-heading-912569de67db1060f uvc-1245 \" data-hspacer=\"no_spacer\"  data-halign=\"left\" style=\"text-align:left\"><div class=\"uvc-heading-spacer no_spacer\" style=\"top\"><\/div><div class=\"uvc-main-heading ult-responsive\"  data-ultimate-target='.uvc-heading.ultimate-heading-912569de67db1060f h2'  data-responsive-json-new='{\"font-size\":\"desktop:40px;\",\"line-height\":\"desktop:50px;\"}' ><h2 style=\"font-weight:bold;margin-bottom:18px;\">Presse &amp; Redaktion<\/h2><\/div><div class=\"uvc-sub-heading ult-responsive\"  data-ultimate-target='.uvc-heading.ultimate-heading-912569de67db1060f .uvc-sub-heading '  data-responsive-json-new='{\"font-size\":\"\",\"line-height\":\"desktop:26px;\"}'  style=\"font-weight:normal;\"><\/p>\n<div class=\"zolo_main_content_area\">\n<div class=\"zolo_content_bg_area\">\n<div class=\"container-main nosidebars\">\n<div class=\"zolo-container\">\n<div class=\"container-padding\">\n<div class=\"inner-content\">\n<div id=\"primary\" class=\"content-area\">\n<div id=\"content\" class=\"site-content\" role=\"main\">\n<article id=\"post-1964\" class=\"post-1964 page type-page status-publish hentry\">\n<div class=\"entry-content\">\n<div class=\"vc_row wpb_row zolo_wpb_row vc_row-fluid apress_row_class_1732581718635fadfd940f0\" data-row-text-color=\"dark\">\n<div class=\"wpb_column vc_column_container vc_col-sm-8 apress_col_id_1748324218635fadfd947a4 hover_style_none\">\n<div class=\"layer vc_column-inner \">\n<div class=\"wpb_wrapper\">\n<div class=\"wpb_text_column wpb_content_element \">\n<div class=\"wpb_wrapper\">\n<header class=\"entry-header\">\n<h2>Unser Redaktionsb\u00fcro und unsere erfahrenen Journalisten<\/h2>\n<p>Als erfahrene Journalisten wissen wir bei Killer Press, wie man hochwertige Artikel schreibt. In unserem eigenen Redaktionsb\u00fcro haben wir kompetente Journalisten, wie Claudia Scheffler-Perrone, die seit \u00fcber 20 Jahren erfolgreich f\u00fcr eine Vielzahl von Medien schreibt &#8211; darunter Zeitungen, Zeitschriften, Blogs und Online-Magazine.<\/p>\n<p>Wir sind bekannt daf\u00fcr, hervorragende Berichte, Reportagen, Features, Interviews, Portr\u00e4ts und Trendanalysen zu liefern. Flexibilit\u00e4t und schnelle Reaktionszeiten sind uns dabei besonders wichtig. Egal ob es um das Schreiben, Lektorieren oder Recherchieren von Artikeln geht, unser Redaktionsb\u00fcro ist jederzeit in der Lage, auch kurzfristige Anfragen professionell umzusetzen.<\/p>\n<\/header>\n<\/div>\n<\/div>\n<\/div>\n<\/div>\n<\/div>\n<\/div>\n<\/div>\n<\/article>\n<\/div>\n<\/div>\n<\/div>\n<\/div>\n<\/div>\n<\/div>\n<\/div>\n<\/div>\n<p><\/div><\/div>[\/vc_column][vc_column width=&#8221;1\/2&#8243;][vc_single_image image=&#8221;2133&#8243; img_size=&#8221;full&#8221; alignment=&#8221;center&#8221; style=&#8221;vc_box_shadow_border&#8221;][\/vc_column][\/vc_row][vc_row][vc_column][vc_message]Unser Redaktionsb\u00fcro und unsere erfahrenen Journalisten liefern kreative Ideen und setzen diese schnell und professionell in Texte, Features, Reportagen, Interviews und Portraits um &#8211; sowohl f\u00fcr Online-Medien als auch f\u00fcr Printmedien. Wir k\u00f6nnen langfristig geplante Projekte ebenso erfolgreich umsetzen wie kurzfristige Auftr\u00e4ge. Gerne entwickeln wir auch ma\u00dfgeschneiderte Konzepte f\u00fcr spezielle Themen oder ganze Heftseiten. Vertrauen Sie uns, Ihre Inhalte werden perfekt auf das jeweilige Magazin, die Zeitschrift oder die Zeitung abgestimmt.<\/p>\n<p>Unser Redaktionsb\u00fcro legt bei Online-Medien besonderen Wert darauf, dass alle Texte suchmaschinenoptimiert (SEO) sind. So werden nicht nur interessante Artikel, Reportagen, Features, Portraits und Reiseberichte verfasst, sondern sie werden auch leicht gefunden. Dabei geht es nicht nur darum, einige Keywords zu streuen. Vielmehr sind die Texte so geschrieben, dass sie gut lesbar sind und gleichzeitig eine hohe Suchmaschinenoptimierung aufweisen.<\/p>\n<p>Google liebt unsere Texte und das aus gutem Grund: Denn Content ist King, und wenn er mit gutem SEO kombiniert wird, erzielt er unschlagbare Ergebnisse. Profitieren Sie von unserer langj\u00e4hrigen Erfahrung im Journalismus und den neuen Medien.<\/p>\n<p>Unser Redaktionsb\u00fcro verf\u00fcgt \u00fcber Spezialisten aus den Bereichen Sport, Reisen, Lifestyle, Fashion und Beauty, die schnell, unkonventionell und kreativ arbeiten. Lassen Sie uns Ihnen helfen, Ihre Online-Texte auf das n\u00e4chste Level zu bringen und Ihre Zielgruppe zu erreichen.<\/p>\n<p>[\/vc_message][\/vc_column][\/vc_row]<\/p>\n<div class=\"shariff shariff-align-flex-start shariff-widget-align-flex-start\"><ul class=\"shariff-buttons theme-round orientation-horizontal buttonsize-medium\"><li class=\"shariff-button linkedin shariff-nocustomcolor\" style=\"background-color:#1488bf\"><a href=\"https:\/\/www.linkedin.com\/sharing\/share-offsite\/?url=https%3A%2F%2Fkiller-press.com%2Fde%2Fpress%2F\" title=\"Bei LinkedIn teilen\" aria-label=\"Bei LinkedIn teilen\" role=\"button\" rel=\"noopener nofollow\" class=\"shariff-link\" style=\"; background-color:#0077b5; color:#fff\" target=\"_blank\"><span class=\"shariff-icon\" style=\"\"><svg width=\"32px\" height=\"20px\" xmlns=\"http:\/\/www.w3.org\/2000\/svg\" viewBox=\"0 0 27 32\"><path fill=\"#0077b5\" d=\"M6.2 11.2v17.7h-5.9v-17.7h5.9zM6.6 5.7q0 1.3-0.9 2.2t-2.4 0.9h0q-1.5 0-2.4-0.9t-0.9-2.2 0.9-2.2 2.4-0.9 2.4 0.9 0.9 2.2zM27.4 18.7v10.1h-5.9v-9.5q0-1.9-0.7-2.9t-2.3-1.1q-1.1 0-1.9 0.6t-1.2 1.5q-0.2 0.5-0.2 1.4v9.9h-5.9q0-7.1 0-11.6t0-5.3l0-0.9h5.9v2.6h0q0.4-0.6 0.7-1t1-0.9 1.6-0.8 2-0.3q3 0 4.9 2t1.9 6z\"\/><\/svg><\/span><\/a><\/li><li class=\"shariff-button facebook shariff-nocustomcolor\" style=\"background-color:#4273c8\"><a href=\"https:\/\/www.facebook.com\/sharer\/sharer.php?u=https%3A%2F%2Fkiller-press.com%2Fde%2Fpress%2F\" title=\"Bei Facebook teilen\" aria-label=\"Bei Facebook teilen\" role=\"button\" rel=\"nofollow\" class=\"shariff-link\" style=\"; background-color:#3b5998; color:#fff\" target=\"_blank\"><span class=\"shariff-icon\" style=\"\"><svg width=\"32px\" height=\"20px\" xmlns=\"http:\/\/www.w3.org\/2000\/svg\" viewBox=\"0 0 18 32\"><path fill=\"#3b5998\" d=\"M17.1 0.2v4.7h-2.8q-1.5 0-2.1 0.6t-0.5 1.9v3.4h5.2l-0.7 5.3h-4.5v13.6h-5.5v-13.6h-4.5v-5.3h4.5v-3.9q0-3.3 1.9-5.2t5-1.8q2.6 0 4.1 0.2z\"\/><\/svg><\/span><\/a><\/li><li class=\"shariff-button mailto shariff-nocustomcolor\" style=\"background-color:#a8a8a8\"><a href=\"mailto:?body=https%3A%2F%2Fkiller-press.com%2Fde%2Fpress%2F&subject=Presse\" title=\"Per E-Mail versenden\" aria-label=\"Per E-Mail versenden\" role=\"button\" rel=\"noopener nofollow\" class=\"shariff-link\" style=\"; background-color:#999; color:#fff\"><span class=\"shariff-icon\" style=\"\"><svg width=\"32px\" height=\"20px\" xmlns=\"http:\/\/www.w3.org\/2000\/svg\" viewBox=\"0 0 32 32\"><path fill=\"#999\" d=\"M32 12.7v14.2q0 1.2-0.8 2t-2 0.9h-26.3q-1.2 0-2-0.9t-0.8-2v-14.2q0.8 0.9 1.8 1.6 6.5 4.4 8.9 6.1 1 0.8 1.6 1.2t1.7 0.9 2 0.4h0.1q0.9 0 2-0.4t1.7-0.9 1.6-1.2q3-2.2 8.9-6.1 1-0.7 1.8-1.6zM32 7.4q0 1.4-0.9 2.7t-2.2 2.2q-6.7 4.7-8.4 5.8-0.2 0.1-0.7 0.5t-1 0.7-0.9 0.6-1.1 0.5-0.9 0.2h-0.1q-0.4 0-0.9-0.2t-1.1-0.5-0.9-0.6-1-0.7-0.7-0.5q-1.6-1.1-4.7-3.2t-3.6-2.6q-1.1-0.7-2.1-2t-1-2.5q0-1.4 0.7-2.3t2.1-0.9h26.3q1.2 0 2 0.8t0.9 2z\"\/><\/svg><\/span><\/a><\/li><\/ul><\/div><\/div>","protected":false},"excerpt":{"rendered":"<p>[vc_row][vc_column][apress_callto_action calltoaction_title=&#8221;Medientraining f\u00fcr Gesch\u00e4ftsf\u00fchrer, Unternehmer und F\u00fchrungskr\u00e4fte&#8221; calltoaction_text=&#8221;In der heutigen Gesch\u00e4ftswelt ist es unerl\u00e4sslich, Medienauftritte souver\u00e4n zu meistern. Ob in Interviews, Pressekonferenzen oder \u00f6ffentlichen Reden &#8211; jeder Auftritt kann die Reputation des Unternehmens und der F\u00fchrungskr\u00e4fte nachhaltig beeinflussen. Medientraining ist<span class=\"read_more_area\"><a class=\"read-more\" href=\"https:\/\/killer-press.com\/de\/press\/\"> Continue Reading <\/a><\/span><\/p>\n","protected":false},"author":12,"featured_media":0,"parent":0,"menu_order":0,"comment_status":"closed","ping_status":"closed","template":"","meta":{"MSN_Categories":"Uncategorized","MSN_Publish_Option":false,"MSN_Is_Local_News":false,"MSN_Is_AIAC_Included":"Empty","MSN_Location":"[]","MSN_Add_Feature_Img_On_Top_Of_Post":false,"MSN_Has_Custom_Author":false,"MSN_Custom_Author":"","MSN_Has_Custom_Canonical_Url":false,"MSN_Custom_Canonical_Url":"","footnotes":""},"class_list":["post-1653","page","type-page","status-publish","hentry"],"yoast_head":"<!-- This site is optimized with the Yoast SEO Premium plugin v20.7 (Yoast SEO v25.6) - https:\/\/yoast.com\/wordpress\/plugins\/seo\/ -->\n<title>Presse - Killer Press<\/title>\n<meta name=\"description\" content=\"PRESSE \/ JOURNALISTEN \/ REDAKTION Unser Redaktionsb\u00fcro bzw. unsere Journalisten. Claudia Scheffler-Perrone ist seit \u00fcber 20 Jahren\" \/>\n<meta name=\"robots\" content=\"index, follow, max-snippet:-1, max-image-preview:large, max-video-preview:-1\" \/>\n<link rel=\"canonical\" href=\"https:\/\/killer-press.com\/de\/press\/\" \/>\n<meta property=\"og:locale\" content=\"de_DE\" \/>\n<meta property=\"og:type\" content=\"article\" \/>\n<meta property=\"og:title\" content=\"Presse\" \/>\n<meta property=\"og:description\" content=\"PRESSE \/ JOURNALISTEN \/ REDAKTION Unser Redaktionsb\u00fcro bzw. unsere Journalisten. Claudia Scheffler-Perrone ist seit \u00fcber 20 Jahren\" \/>\n<meta property=\"og:url\" content=\"https:\/\/killer-press.com\/de\/press\/\" \/>\n<meta property=\"og:site_name\" content=\"Killer Press\" \/>\n<meta property=\"article:modified_time\" content=\"2023-04-27T15:09:43+00:00\" \/>\n<meta property=\"og:image\" content=\"https:\/\/killer-press.com\/de\/wp-content\/uploads\/sites\/6\/2019\/02\/claudiaschefflerperrone.jpg\" \/>\n\t<meta property=\"og:image:width\" content=\"2352\" \/>\n\t<meta property=\"og:image:height\" content=\"2312\" \/>\n\t<meta property=\"og:image:type\" content=\"image\/jpeg\" \/>\n<meta name=\"twitter:card\" content=\"summary_large_image\" \/>\n<meta name=\"twitter:label1\" content=\"Gesch\u00e4tzte Lesezeit\" \/>\n\t<meta name=\"twitter:data1\" content=\"4\u00a0Minuten\" \/>\n<script type=\"application\/ld+json\" class=\"yoast-schema-graph\">{\"@context\":\"https:\/\/schema.org\",\"@graph\":[{\"@type\":\"WebPage\",\"@id\":\"https:\/\/killer-press.com\/de\/press\/\",\"url\":\"https:\/\/killer-press.com\/de\/press\/\",\"name\":\"Presse - Killer Press\",\"isPartOf\":{\"@id\":\"https:\/\/killer-press.com\/de\/#website\"},\"datePublished\":\"2018-04-02T08:51:38+00:00\",\"dateModified\":\"2023-04-27T15:09:43+00:00\",\"description\":\"PRESSE \/ JOURNALISTEN \/ REDAKTION Unser Redaktionsb\u00fcro bzw. unsere Journalisten. Claudia Scheffler-Perrone ist seit \u00fcber 20 Jahren\",\"breadcrumb\":{\"@id\":\"https:\/\/killer-press.com\/de\/press\/#breadcrumb\"},\"inLanguage\":\"de\",\"potentialAction\":[{\"@type\":\"ReadAction\",\"target\":[\"https:\/\/killer-press.com\/de\/press\/\"]}]},{\"@type\":\"BreadcrumbList\",\"@id\":\"https:\/\/killer-press.com\/de\/press\/#breadcrumb\",\"itemListElement\":[{\"@type\":\"ListItem\",\"position\":1,\"name\":\"Home\",\"item\":\"https:\/\/killer-press.com\/de\/\"},{\"@type\":\"ListItem\",\"position\":2,\"name\":\"Presse\"}]},{\"@type\":\"WebSite\",\"@id\":\"https:\/\/killer-press.com\/de\/#website\",\"url\":\"https:\/\/killer-press.com\/de\/\",\"name\":\"Killer Press\",\"description\":\"\",\"publisher\":{\"@id\":\"https:\/\/killer-press.com\/de\/#organization\"},\"potentialAction\":[{\"@type\":\"SearchAction\",\"target\":{\"@type\":\"EntryPoint\",\"urlTemplate\":\"https:\/\/killer-press.com\/de\/?s={search_term_string}\"},\"query-input\":{\"@type\":\"PropertyValueSpecification\",\"valueRequired\":true,\"valueName\":\"search_term_string\"}}],\"inLanguage\":\"de\"},{\"@type\":\"Organization\",\"@id\":\"https:\/\/killer-press.com\/de\/#organization\",\"name\":\"Killer Press\",\"url\":\"https:\/\/killer-press.com\/de\/\",\"logo\":{\"@type\":\"ImageObject\",\"inLanguage\":\"de\",\"@id\":\"https:\/\/killer-press.com\/de\/#\/schema\/logo\/image\/\",\"url\":\"https:\/\/killer-press.com\/de\/wp-content\/uploads\/sites\/6\/2022\/01\/photo.jpg\",\"contentUrl\":\"https:\/\/killer-press.com\/de\/wp-content\/uploads\/sites\/6\/2022\/01\/photo.jpg\",\"width\":2048,\"height\":1152,\"caption\":\"Killer Press\"},\"image\":{\"@id\":\"https:\/\/killer-press.com\/de\/#\/schema\/logo\/image\/\"}}]}<\/script>\n<!-- \/ Yoast SEO Premium plugin. -->","yoast_head_json":{"title":"Presse - Killer Press","description":"PRESSE \/ JOURNALISTEN \/ REDAKTION Unser Redaktionsb\u00fcro bzw. unsere Journalisten. Claudia Scheffler-Perrone ist seit \u00fcber 20 Jahren","robots":{"index":"index","follow":"follow","max-snippet":"max-snippet:-1","max-image-preview":"max-image-preview:large","max-video-preview":"max-video-preview:-1"},"canonical":"https:\/\/killer-press.com\/de\/press\/","og_locale":"de_DE","og_type":"article","og_title":"Presse","og_description":"PRESSE \/ JOURNALISTEN \/ REDAKTION Unser Redaktionsb\u00fcro bzw. unsere Journalisten. Claudia Scheffler-Perrone ist seit \u00fcber 20 Jahren","og_url":"https:\/\/killer-press.com\/de\/press\/","og_site_name":"Killer Press","article_modified_time":"2023-04-27T15:09:43+00:00","og_image":[{"width":2352,"height":2312,"url":"https:\/\/killer-press.com\/de\/wp-content\/uploads\/sites\/6\/2019\/02\/claudiaschefflerperrone.jpg","type":"image\/jpeg"}],"twitter_card":"summary_large_image","twitter_misc":{"Gesch\u00e4tzte Lesezeit":"4\u00a0Minuten"},"schema":{"@context":"https:\/\/schema.org","@graph":[{"@type":"WebPage","@id":"https:\/\/killer-press.com\/de\/press\/","url":"https:\/\/killer-press.com\/de\/press\/","name":"Presse - Killer Press","isPartOf":{"@id":"https:\/\/killer-press.com\/de\/#website"},"datePublished":"2018-04-02T08:51:38+00:00","dateModified":"2023-04-27T15:09:43+00:00","description":"PRESSE \/ JOURNALISTEN \/ REDAKTION Unser Redaktionsb\u00fcro bzw. unsere Journalisten. Claudia Scheffler-Perrone ist seit \u00fcber 20 Jahren","breadcrumb":{"@id":"https:\/\/killer-press.com\/de\/press\/#breadcrumb"},"inLanguage":"de","potentialAction":[{"@type":"ReadAction","target":["https:\/\/killer-press.com\/de\/press\/"]}]},{"@type":"BreadcrumbList","@id":"https:\/\/killer-press.com\/de\/press\/#breadcrumb","itemListElement":[{"@type":"ListItem","position":1,"name":"Home","item":"https:\/\/killer-press.com\/de\/"},{"@type":"ListItem","position":2,"name":"Presse"}]},{"@type":"WebSite","@id":"https:\/\/killer-press.com\/de\/#website","url":"https:\/\/killer-press.com\/de\/","name":"Killer Press","description":"","publisher":{"@id":"https:\/\/killer-press.com\/de\/#organization"},"potentialAction":[{"@type":"SearchAction","target":{"@type":"EntryPoint","urlTemplate":"https:\/\/killer-press.com\/de\/?s={search_term_string}"},"query-input":{"@type":"PropertyValueSpecification","valueRequired":true,"valueName":"search_term_string"}}],"inLanguage":"de"},{"@type":"Organization","@id":"https:\/\/killer-press.com\/de\/#organization","name":"Killer Press","url":"https:\/\/killer-press.com\/de\/","logo":{"@type":"ImageObject","inLanguage":"de","@id":"https:\/\/killer-press.com\/de\/#\/schema\/logo\/image\/","url":"https:\/\/killer-press.com\/de\/wp-content\/uploads\/sites\/6\/2022\/01\/photo.jpg","contentUrl":"https:\/\/killer-press.com\/de\/wp-content\/uploads\/sites\/6\/2022\/01\/photo.jpg","width":2048,"height":1152,"caption":"Killer Press"},"image":{"@id":"https:\/\/killer-press.com\/de\/#\/schema\/logo\/image\/"}}]}},"_links":{"self":[{"href":"https:\/\/killer-press.com\/de\/wp-json\/wp\/v2\/pages\/1653","targetHints":{"allow":["GET"]}}],"collection":[{"href":"https:\/\/killer-press.com\/de\/wp-json\/wp\/v2\/pages"}],"about":[{"href":"https:\/\/killer-press.com\/de\/wp-json\/wp\/v2\/types\/page"}],"author":[{"embeddable":true,"href":"https:\/\/killer-press.com\/de\/wp-json\/wp\/v2\/users\/12"}],"replies":[{"embeddable":true,"href":"https:\/\/killer-press.com\/de\/wp-json\/wp\/v2\/comments?post=1653"}],"version-history":[{"count":5,"href":"https:\/\/killer-press.com\/de\/wp-json\/wp\/v2\/pages\/1653\/revisions"}],"predecessor-version":[{"id":2733,"href":"https:\/\/killer-press.com\/de\/wp-json\/wp\/v2\/pages\/1653\/revisions\/2733"}],"wp:attachment":[{"href":"https:\/\/killer-press.com\/de\/wp-json\/wp\/v2\/media?parent=1653"}],"curies":[{"name":"wp","href":"https:\/\/api.w.org\/{rel}","templated":true}]}}