{"id":1655,"date":"2018-04-02T08:51:57","date_gmt":"2018-04-02T08:51:57","guid":{"rendered":"https:\/\/bagony.com\/killgerm\/de\/?page_id=1655"},"modified":"2023-04-30T11:19:25","modified_gmt":"2023-04-30T11:19:25","slug":"social-media","status":"publish","type":"page","link":"https:\/\/killer-press.com\/de\/social-media\/","title":{"rendered":"Social Media"},"content":{"rendered":"<div class=\"wpb-content-wrapper\"><p>[vc_row][vc_column width=&#8221;2\/3&#8243;][vc_column_text]<\/p>\n<h2>Social Media f\u00fcr Fach- und F\u00fchrungskr\u00e4fte \u2013 Warum es mehr ist als nur ein Hobby<\/h2>\n<p>In der heutigen Zeit spielt Social Media eine immer wichtigere Rolle f\u00fcr Unternehmen und auch f\u00fcr Personen des \u00f6ffentlichen Lebens wie Sportler, Schauspieler oder Moderatoren. Doch noch immer wird es von vielen als reines Hobby angesehen. Dabei bietet Social Media enormes Potential f\u00fcr die eigene Darstellung und die Verbreitung von Meinungen und Inhalten.<\/p>\n<p>Doch wie m\u00f6chte man sich selbst darstellen? Welche Meinungen m\u00f6chte man \u00e4u\u00dfern? Wie viel will man von sich preisgeben und wie erscheint man im richtigen Licht? Diese und weitere Fragen besch\u00e4ftigen viele Fach- und F\u00fchrungskr\u00e4fte. Hier kommen wir ins Spiel \u2013 wir helfen bei der Erstellung einer passenden Social-Media-Strategie.<\/p>\n<p>Doch oft h\u00f6ren wir das Argument, keine Zeit f\u00fcr Social Media zu haben. Doch Zeit ist relativ und es geht lediglich um Priorit\u00e4ten. Wenn man sich nicht damit befasst, wird man von seinen Mitbewerbern gnadenlos \u00fcberholt und pl\u00f6tzlich ist man nicht mehr der Vorreiter, sondern wird abgeh\u00e4ngt. Wir helfen dabei, aus der Masse herauszustechen und sich erfolgreich auf Social Media zu pr\u00e4sentieren.<\/p>\n<p>Unsere Erfahrung zeigt, dass wir erfolgreich mit vielen Personen des \u00f6ffentlichen Lebens zusammenarbeiten, darunter auch Fu\u00dfballspieler, Golfer, Trainer, Schauspieler und Entertainer. Wir wissen, wie man sich auf Social Media erfolgreich pr\u00e4sentiert und welche Inhalte f\u00fcr eine erfolgreiche Strategie wichtig sind.<\/p>\n<p>Fazit: Social Media bietet enormes Potential f\u00fcr Fach- und F\u00fchrungskr\u00e4fte, um sich erfolgreich zu pr\u00e4sentieren und aus der Masse herauszustechen. Zeit ist relativ und es geht lediglich um Priorit\u00e4ten. Wer sich nicht damit befasst, wird von seinen Mitbewerbern gnadenlos \u00fcberholt und pl\u00f6tzlich ist man nicht mehr der Vorreiter, sondern wird abgeh\u00e4ngt. Wir helfen dabei, eine erfolgreiche Social-Media-Strategie zu erstellen und sich erfolgreich zu pr\u00e4sentieren.[\/vc_column_text][\/vc_column][vc_column width=&#8221;1\/3&#8243;][vc_widget_sidebar sidebar_id=&#8221;right_sidebar&#8221;][\/vc_column][\/vc_row][vc_row][vc_column][vc_single_image image=&#8221;2252&#8243; img_size=&#8221;full&#8221; alignment=&#8221;center&#8221;][vc_single_image image=&#8221;2253&#8243; img_size=&#8221;full&#8221; alignment=&#8221;center&#8221;][\/vc_column][\/vc_row][vc_section][\/vc_section][vc_row][vc_column][vc_column_text]<\/p>\n<h2>Social Media ist mehr als Facebook, LinkedIn und Co&#8230;.<\/h2>\n<p><b>Es reicht nicht nur gute Arbeit zu leisten. Man muss gesehen werden, um etwas Besonderes zu sein. Manchmal muss man auf \u201egut\u201c verzichten, um zu \u201egro\u00dfartig\u201c zu gelangen.<\/b><\/p>\n<p>Heutzutage muss man in den Medien sichtbar sein. Entweder Sie lernen wie Sie Ihren Profit draus ziehen, oder aber Sie werden gnadenlos in n\u00e4chster Zeit \u00fcberholt. Ich bin DER Partner der Ihre Denkweise ver\u00e4ndert, um Ihre Lebens- und F\u00fchrungsziele zu erreichen und umsetzbare Ergebnisse zu erzielen. Werden Sie zum Marktf\u00fchrer Ihrer Branche und werden Sie von Ihren Kollegen als Autorit\u00e4t angesehen.<\/p>\n<h2>Brands \/ Unternehmen<\/h2>\n<p>Brands ben\u00f6tigen genauso eine gute Social Media Strategie wie jeder andere auch. Oft sind wir verwirrt, wenn bei bei gro\u00dfen, einflussreichen Unternehmen Praktikanten treffen, die den Social Media Account betreuen. Nichts gegen Praktikanten, aber sollte man so viel Verantwortung auf den Schultern der Praktikanten aufladen?<br \/>\nWie bereits erw\u00e4hnt, ist Social Media kein Hobby. Und wenn man in seiner Freizeit mit Facebook, Instagram, Twitter oder Snapchat zu tun hat, bedeutet es nicht, dass man f\u00fcr Business Betreuung geeignet ist. Es ist ein gro\u00dfer Unterschied zwischen privaten Postings und beruflichen.<\/p>\n<p>Wir helfen die Vorstandsebene f\u00fcr diesen Bereich Social Media oder digitale PR zu sensibilisieren. Wir beraten, coachen und geben Workshops f\u00fcr das Team, aber auch f\u00fcr die Gesch\u00e4ftsf\u00fchrungsebene.<\/p>\n<p>Social Media ist nicht einfach nur Instagram, Pinterest, Twitter usw. Social Media bedeutet vor allem, genau die richtigen Mitteilungen so zu verfassen, dass in dieser schnelllebigen Zeit, die Leser all das \u00fcbermittelt bekommen, was wichtig f\u00fcr das Unternehmen ist.<\/p>\n<p>Jedes Medium, sei es Twitter, Instagram, Pinterest, Facebook, Stumbleupon, Tumblr, Google+ haben ihre eigene Art und Weise, wie man richtig kommuniziert. Es gibt viele Apps, die das erleichtern, aber eben wirklich nur erleichtern. Man kann nicht die gleiche Mitteilung oder Foto auf allen Kan\u00e4len gleich kommunizieren. Das funktioniert nicht und bringt vor allem nicht den gew\u00fcnschten Effekt.<\/p>\n<p>Social Media muss zudem auch gepflegt werden. Es muss sozusagen gef\u00fcttert werden.<\/p>\n<p>Wir entwickeln mit Ihnen zusammen neue Ideen im Bereich Social Media. Wir geben Ihnen Tipps wie sie mehr Traffic, wertvolle Leads und mehr Follower generieren k\u00f6nnen.<\/p>\n<h2>Blogs, Social Media und Blogger Relations<\/h2>\n<p>Noch nie war es so g\u00fcnstig Marketing zu betreiben, wie im heutigen Zeitalter. Doch aufgrund der vielen Angebote k\u00f6nnen leider oft viele Firmen und Agenturen nur mit einem Halbwissen dienen.<\/p>\n<p>Unser Job ist es, immer up-to-date zu sein und sich sowohl auf dem nationalen, als auch auf dem internationalen Markt auszukennen. Wir k\u00f6nnen das, was Sie oft nicht leisten k\u00f6nnen in den eigenen Firmen. Was absolut verst\u00e4ndlich ist, denn das ist auch nicht Ihr Kerngesch\u00e4ft.<\/p>\n<p>Wir helfen Ihrem Team effektiv die neuen Trends einzusetzen und Sie profitieren von unserem Wissen.<\/p>\n<h2>Blogger Relations \u2013 Influencer<\/h2>\n<p>Es hei\u00dft den konstanten Kontakt zu Bloggern zu haben.\u00a0Selbst Blogger zu sein hat den Vorteil, genau zu wissen, was es hei\u00dft zu \u201ebloggen\u201c. Wir sch\u00e4tzen Blogger, weil es so viele unglaublich tolle und kompetente Blogger gibt.<\/p>\n<p>Die richtigen Blogger zu kennen, ist f\u00fcr jedes Unternehmen wichtig. Denn kaum ein anderer Bericht kann innerhalb kurzer Zeit so viel bewirken wie ein Blog-Post.<\/p>\n<p>Wenn Magazine\u00a0\u00fcber ein Brand schreiben, dann ist es im Magazin. Wenn Blogger \u00fcber ein Brand schreiben, dann wird es auf allen zur Verf\u00fcgung stehenden Social Media Kan\u00e4len geteilt und beworben.<\/p>\n<p>Blogger Relations ist heutzutage unerl\u00e4sslich. Eine Blogger Relations, die vor allem auf gegenseitigen Respekt basiert. Langfristig\u00a0ausgelegte Blogger Relations sind weitaus sinnvoller, als irgendwelche \u201eSchnellsch\u00fcsse\u201c.<\/p>\n<p>Gerne beraten wir Sie auch, wie Sie mit Bloggern vern\u00fcnftig zusammenarbeiten k\u00f6nnen und worauf es ankommt.<\/p>\n<h2>Einige unserer Angebote<\/h2>\n<p>&nbsp;<\/p>\n<p><a href=\"https:\/\/killer-press.com\/de\/press\/blog-content-redaktion\/\">Texte f\u00fcr die Internetseite, Newsletter, Magazine oder andere Marketing Materialien<\/a><\/p>\n<p>Corporate blogging<\/p>\n<p>Social Media Konten beraten, erstellen und pflegen<\/p>\n<p>Coaching bzw. Beratung\u00a0(Social Media, Digitale PR, Digitales Marketing, Content, Strategy, neue Trends)<\/p>\n<p>Sportler Beratung Social Media und digitale PR<\/p>\n<p>Sportler Coaching<\/p>\n<p>Online Kurse<\/p>\n<p>Workshops im Unternehmen und bei uns<\/p>\n<p>Speaker (Redner) auf Konferenzen, Talks und Events<\/p>\n<h3>Facebook,\u00a0Google+,\u00a0Twitter,\u00a0LinkedIn,\u00a0Pinterest,\u00a0Instagram, Online Magazine\u00a0erm\u00f6glichen die Unsterblichkeit.<\/h3>\n<p>&nbsp;<\/p>\n<div class=\"ssba ssba-wrap\">\n<div>Share if you like\u2026<\/div>\n<\/div>\n<p>[\/vc_column_text][\/vc_column][\/vc_row]<\/p>\n<div class=\"shariff shariff-align-flex-start shariff-widget-align-flex-start\"><ul class=\"shariff-buttons theme-round orientation-horizontal buttonsize-medium\"><li class=\"shariff-button linkedin shariff-nocustomcolor\" style=\"background-color:#1488bf\"><a href=\"https:\/\/www.linkedin.com\/sharing\/share-offsite\/?url=https%3A%2F%2Fkiller-press.com%2Fde%2Fsocial-media%2F\" title=\"Bei LinkedIn teilen\" aria-label=\"Bei LinkedIn teilen\" role=\"button\" rel=\"noopener nofollow\" class=\"shariff-link\" style=\"; background-color:#0077b5; color:#fff\" target=\"_blank\"><span class=\"shariff-icon\" style=\"\"><svg width=\"32px\" height=\"20px\" xmlns=\"http:\/\/www.w3.org\/2000\/svg\" viewBox=\"0 0 27 32\"><path fill=\"#0077b5\" d=\"M6.2 11.2v17.7h-5.9v-17.7h5.9zM6.6 5.7q0 1.3-0.9 2.2t-2.4 0.9h0q-1.5 0-2.4-0.9t-0.9-2.2 0.9-2.2 2.4-0.9 2.4 0.9 0.9 2.2zM27.4 18.7v10.1h-5.9v-9.5q0-1.9-0.7-2.9t-2.3-1.1q-1.1 0-1.9 0.6t-1.2 1.5q-0.2 0.5-0.2 1.4v9.9h-5.9q0-7.1 0-11.6t0-5.3l0-0.9h5.9v2.6h0q0.4-0.6 0.7-1t1-0.9 1.6-0.8 2-0.3q3 0 4.9 2t1.9 6z\"\/><\/svg><\/span><\/a><\/li><li class=\"shariff-button facebook shariff-nocustomcolor\" style=\"background-color:#4273c8\"><a href=\"https:\/\/www.facebook.com\/sharer\/sharer.php?u=https%3A%2F%2Fkiller-press.com%2Fde%2Fsocial-media%2F\" title=\"Bei Facebook teilen\" aria-label=\"Bei Facebook teilen\" role=\"button\" rel=\"nofollow\" class=\"shariff-link\" style=\"; background-color:#3b5998; color:#fff\" target=\"_blank\"><span class=\"shariff-icon\" style=\"\"><svg width=\"32px\" height=\"20px\" xmlns=\"http:\/\/www.w3.org\/2000\/svg\" viewBox=\"0 0 18 32\"><path fill=\"#3b5998\" d=\"M17.1 0.2v4.7h-2.8q-1.5 0-2.1 0.6t-0.5 1.9v3.4h5.2l-0.7 5.3h-4.5v13.6h-5.5v-13.6h-4.5v-5.3h4.5v-3.9q0-3.3 1.9-5.2t5-1.8q2.6 0 4.1 0.2z\"\/><\/svg><\/span><\/a><\/li><li class=\"shariff-button mailto shariff-nocustomcolor\" style=\"background-color:#a8a8a8\"><a href=\"mailto:?body=https%3A%2F%2Fkiller-press.com%2Fde%2Fsocial-media%2F&subject=Social%20Media\" title=\"Per E-Mail versenden\" aria-label=\"Per E-Mail versenden\" role=\"button\" rel=\"noopener nofollow\" class=\"shariff-link\" style=\"; background-color:#999; color:#fff\"><span class=\"shariff-icon\" style=\"\"><svg width=\"32px\" height=\"20px\" xmlns=\"http:\/\/www.w3.org\/2000\/svg\" viewBox=\"0 0 32 32\"><path fill=\"#999\" d=\"M32 12.7v14.2q0 1.2-0.8 2t-2 0.9h-26.3q-1.2 0-2-0.9t-0.8-2v-14.2q0.8 0.9 1.8 1.6 6.5 4.4 8.9 6.1 1 0.8 1.6 1.2t1.7 0.9 2 0.4h0.1q0.9 0 2-0.4t1.7-0.9 1.6-1.2q3-2.2 8.9-6.1 1-0.7 1.8-1.6zM32 7.4q0 1.4-0.9 2.7t-2.2 2.2q-6.7 4.7-8.4 5.8-0.2 0.1-0.7 0.5t-1 0.7-0.9 0.6-1.1 0.5-0.9 0.2h-0.1q-0.4 0-0.9-0.2t-1.1-0.5-0.9-0.6-1-0.7-0.7-0.5q-1.6-1.1-4.7-3.2t-3.6-2.6q-1.1-0.7-2.1-2t-1-2.5q0-1.4 0.7-2.3t2.1-0.9h26.3q1.2 0 2 0.8t0.9 2z\"\/><\/svg><\/span><\/a><\/li><\/ul><\/div><\/div>","protected":false},"excerpt":{"rendered":"<p>[vc_row][vc_column width=&#8221;2\/3&#8243;][vc_column_text] Social Media f\u00fcr Fach- und F\u00fchrungskr\u00e4fte \u2013 Warum es mehr ist als nur ein Hobby In der heutigen Zeit spielt Social Media eine immer wichtigere Rolle f\u00fcr Unternehmen und auch f\u00fcr Personen des \u00f6ffentlichen Lebens wie Sportler, Schauspieler<span class=\"read_more_area\"><a class=\"read-more\" href=\"https:\/\/killer-press.com\/de\/social-media\/\"> Continue Reading <\/a><\/span><\/p>\n","protected":false},"author":12,"featured_media":0,"parent":0,"menu_order":0,"comment_status":"closed","ping_status":"closed","template":"","meta":{"MSN_Categories":"Uncategorized","MSN_Publish_Option":false,"MSN_Is_Local_News":false,"MSN_Is_AIAC_Included":"Empty","MSN_Location":"[]","MSN_Add_Feature_Img_On_Top_Of_Post":false,"MSN_Has_Custom_Author":false,"MSN_Custom_Author":"","MSN_Has_Custom_Canonical_Url":false,"MSN_Custom_Canonical_Url":"","footnotes":""},"class_list":["post-1655","page","type-page","status-publish","hentry"],"yoast_head":"<!-- This site is optimized with the Yoast SEO Premium plugin v20.7 (Yoast SEO v25.6) - https:\/\/yoast.com\/wordpress\/plugins\/seo\/ -->\n<title>Social Media - Killer Press<\/title>\n<meta name=\"description\" content=\"Coaching Social Media. Wir arbeiten mit vielen Personen des \u00f6ffentlichen Lebens wie Sportler (Fu\u00dfballspieler, Golfer, Trainer), Schauspieler, Manager und Unternehmer zusammen. Oft m\u00fcssen wir feststellen, dass Social Media noch immer als Hobby angesehen wird. Durch uns lernen Sie Social Media im t\u00e4glichen\" \/>\n<meta name=\"robots\" content=\"index, follow, max-snippet:-1, max-image-preview:large, max-video-preview:-1\" \/>\n<link rel=\"canonical\" href=\"https:\/\/killer-press.com\/de\/social-media\/\" \/>\n<meta property=\"og:locale\" content=\"de_DE\" \/>\n<meta property=\"og:type\" content=\"article\" \/>\n<meta property=\"og:title\" content=\"Social Media\" \/>\n<meta property=\"og:description\" content=\"Coaching Social Media. Wir arbeiten mit vielen Personen des \u00f6ffentlichen Lebens wie Sportler (Fu\u00dfballspieler, Golfer, Trainer), Schauspieler, Manager und Unternehmer zusammen. Oft m\u00fcssen wir feststellen, dass Social Media noch immer als Hobby angesehen wird. Durch uns lernen Sie Social Media im t\u00e4glichen\" \/>\n<meta property=\"og:url\" content=\"https:\/\/killer-press.com\/de\/social-media\/\" \/>\n<meta property=\"og:site_name\" content=\"Killer Press\" \/>\n<meta property=\"article:modified_time\" content=\"2023-04-30T11:19:25+00:00\" \/>\n<meta property=\"og:image\" content=\"https:\/\/killer-press.com\/de\/wp-content\/uploads\/sites\/6\/2022\/01\/photo.jpg\" \/>\n\t<meta property=\"og:image:width\" content=\"2048\" \/>\n\t<meta property=\"og:image:height\" content=\"1152\" \/>\n\t<meta property=\"og:image:type\" content=\"image\/jpeg\" \/>\n<meta name=\"twitter:card\" content=\"summary_large_image\" \/>\n<meta name=\"twitter:label1\" content=\"Gesch\u00e4tzte Lesezeit\" \/>\n\t<meta name=\"twitter:data1\" content=\"6\u00a0Minuten\" \/>\n<script type=\"application\/ld+json\" class=\"yoast-schema-graph\">{\"@context\":\"https:\/\/schema.org\",\"@graph\":[{\"@type\":\"WebPage\",\"@id\":\"https:\/\/killer-press.com\/de\/social-media\/\",\"url\":\"https:\/\/killer-press.com\/de\/social-media\/\",\"name\":\"Social Media - Killer Press\",\"isPartOf\":{\"@id\":\"https:\/\/killer-press.com\/de\/#website\"},\"datePublished\":\"2018-04-02T08:51:57+00:00\",\"dateModified\":\"2023-04-30T11:19:25+00:00\",\"description\":\"Coaching Social Media. Wir arbeiten mit vielen Personen des \u00f6ffentlichen Lebens wie Sportler (Fu\u00dfballspieler, Golfer, Trainer), Schauspieler, Manager und Unternehmer zusammen. Oft m\u00fcssen wir feststellen, dass Social Media noch immer als Hobby angesehen wird. Durch uns lernen Sie Social Media im t\u00e4glichen\",\"breadcrumb\":{\"@id\":\"https:\/\/killer-press.com\/de\/social-media\/#breadcrumb\"},\"inLanguage\":\"de\",\"potentialAction\":[{\"@type\":\"ReadAction\",\"target\":[\"https:\/\/killer-press.com\/de\/social-media\/\"]}]},{\"@type\":\"BreadcrumbList\",\"@id\":\"https:\/\/killer-press.com\/de\/social-media\/#breadcrumb\",\"itemListElement\":[{\"@type\":\"ListItem\",\"position\":1,\"name\":\"Home\",\"item\":\"https:\/\/killer-press.com\/de\/\"},{\"@type\":\"ListItem\",\"position\":2,\"name\":\"Social Media\"}]},{\"@type\":\"WebSite\",\"@id\":\"https:\/\/killer-press.com\/de\/#website\",\"url\":\"https:\/\/killer-press.com\/de\/\",\"name\":\"Killer Press\",\"description\":\"\",\"publisher\":{\"@id\":\"https:\/\/killer-press.com\/de\/#organization\"},\"potentialAction\":[{\"@type\":\"SearchAction\",\"target\":{\"@type\":\"EntryPoint\",\"urlTemplate\":\"https:\/\/killer-press.com\/de\/?s={search_term_string}\"},\"query-input\":{\"@type\":\"PropertyValueSpecification\",\"valueRequired\":true,\"valueName\":\"search_term_string\"}}],\"inLanguage\":\"de\"},{\"@type\":\"Organization\",\"@id\":\"https:\/\/killer-press.com\/de\/#organization\",\"name\":\"Killer Press\",\"url\":\"https:\/\/killer-press.com\/de\/\",\"logo\":{\"@type\":\"ImageObject\",\"inLanguage\":\"de\",\"@id\":\"https:\/\/killer-press.com\/de\/#\/schema\/logo\/image\/\",\"url\":\"https:\/\/killer-press.com\/de\/wp-content\/uploads\/sites\/6\/2022\/01\/photo.jpg\",\"contentUrl\":\"https:\/\/killer-press.com\/de\/wp-content\/uploads\/sites\/6\/2022\/01\/photo.jpg\",\"width\":2048,\"height\":1152,\"caption\":\"Killer Press\"},\"image\":{\"@id\":\"https:\/\/killer-press.com\/de\/#\/schema\/logo\/image\/\"}}]}<\/script>\n<!-- \/ Yoast SEO Premium plugin. -->","yoast_head_json":{"title":"Social Media - Killer Press","description":"Coaching Social Media. Wir arbeiten mit vielen Personen des \u00f6ffentlichen Lebens wie Sportler (Fu\u00dfballspieler, Golfer, Trainer), Schauspieler, Manager und Unternehmer zusammen. Oft m\u00fcssen wir feststellen, dass Social Media noch immer als Hobby angesehen wird. Durch uns lernen Sie Social Media im t\u00e4glichen","robots":{"index":"index","follow":"follow","max-snippet":"max-snippet:-1","max-image-preview":"max-image-preview:large","max-video-preview":"max-video-preview:-1"},"canonical":"https:\/\/killer-press.com\/de\/social-media\/","og_locale":"de_DE","og_type":"article","og_title":"Social Media","og_description":"Coaching Social Media. Wir arbeiten mit vielen Personen des \u00f6ffentlichen Lebens wie Sportler (Fu\u00dfballspieler, Golfer, Trainer), Schauspieler, Manager und Unternehmer zusammen. Oft m\u00fcssen wir feststellen, dass Social Media noch immer als Hobby angesehen wird. Durch uns lernen Sie Social Media im t\u00e4glichen","og_url":"https:\/\/killer-press.com\/de\/social-media\/","og_site_name":"Killer Press","article_modified_time":"2023-04-30T11:19:25+00:00","og_image":[{"width":2048,"height":1152,"url":"https:\/\/killer-press.com\/de\/wp-content\/uploads\/sites\/6\/2022\/01\/photo.jpg","type":"image\/jpeg"}],"twitter_card":"summary_large_image","twitter_misc":{"Gesch\u00e4tzte Lesezeit":"6\u00a0Minuten"},"schema":{"@context":"https:\/\/schema.org","@graph":[{"@type":"WebPage","@id":"https:\/\/killer-press.com\/de\/social-media\/","url":"https:\/\/killer-press.com\/de\/social-media\/","name":"Social Media - Killer Press","isPartOf":{"@id":"https:\/\/killer-press.com\/de\/#website"},"datePublished":"2018-04-02T08:51:57+00:00","dateModified":"2023-04-30T11:19:25+00:00","description":"Coaching Social Media. Wir arbeiten mit vielen Personen des \u00f6ffentlichen Lebens wie Sportler (Fu\u00dfballspieler, Golfer, Trainer), Schauspieler, Manager und Unternehmer zusammen. Oft m\u00fcssen wir feststellen, dass Social Media noch immer als Hobby angesehen wird. Durch uns lernen Sie Social Media im t\u00e4glichen","breadcrumb":{"@id":"https:\/\/killer-press.com\/de\/social-media\/#breadcrumb"},"inLanguage":"de","potentialAction":[{"@type":"ReadAction","target":["https:\/\/killer-press.com\/de\/social-media\/"]}]},{"@type":"BreadcrumbList","@id":"https:\/\/killer-press.com\/de\/social-media\/#breadcrumb","itemListElement":[{"@type":"ListItem","position":1,"name":"Home","item":"https:\/\/killer-press.com\/de\/"},{"@type":"ListItem","position":2,"name":"Social Media"}]},{"@type":"WebSite","@id":"https:\/\/killer-press.com\/de\/#website","url":"https:\/\/killer-press.com\/de\/","name":"Killer Press","description":"","publisher":{"@id":"https:\/\/killer-press.com\/de\/#organization"},"potentialAction":[{"@type":"SearchAction","target":{"@type":"EntryPoint","urlTemplate":"https:\/\/killer-press.com\/de\/?s={search_term_string}"},"query-input":{"@type":"PropertyValueSpecification","valueRequired":true,"valueName":"search_term_string"}}],"inLanguage":"de"},{"@type":"Organization","@id":"https:\/\/killer-press.com\/de\/#organization","name":"Killer Press","url":"https:\/\/killer-press.com\/de\/","logo":{"@type":"ImageObject","inLanguage":"de","@id":"https:\/\/killer-press.com\/de\/#\/schema\/logo\/image\/","url":"https:\/\/killer-press.com\/de\/wp-content\/uploads\/sites\/6\/2022\/01\/photo.jpg","contentUrl":"https:\/\/killer-press.com\/de\/wp-content\/uploads\/sites\/6\/2022\/01\/photo.jpg","width":2048,"height":1152,"caption":"Killer Press"},"image":{"@id":"https:\/\/killer-press.com\/de\/#\/schema\/logo\/image\/"}}]}},"_links":{"self":[{"href":"https:\/\/killer-press.com\/de\/wp-json\/wp\/v2\/pages\/1655","targetHints":{"allow":["GET"]}}],"collection":[{"href":"https:\/\/killer-press.com\/de\/wp-json\/wp\/v2\/pages"}],"about":[{"href":"https:\/\/killer-press.com\/de\/wp-json\/wp\/v2\/types\/page"}],"author":[{"embeddable":true,"href":"https:\/\/killer-press.com\/de\/wp-json\/wp\/v2\/users\/12"}],"replies":[{"embeddable":true,"href":"https:\/\/killer-press.com\/de\/wp-json\/wp\/v2\/comments?post=1655"}],"version-history":[{"count":6,"href":"https:\/\/killer-press.com\/de\/wp-json\/wp\/v2\/pages\/1655\/revisions"}],"predecessor-version":[{"id":2741,"href":"https:\/\/killer-press.com\/de\/wp-json\/wp\/v2\/pages\/1655\/revisions\/2741"}],"wp:attachment":[{"href":"https:\/\/killer-press.com\/de\/wp-json\/wp\/v2\/media?parent=1655"}],"curies":[{"name":"wp","href":"https:\/\/api.w.org\/{rel}","templated":true}]}}