{"id":1657,"date":"2018-04-02T08:54:02","date_gmt":"2018-04-02T08:54:02","guid":{"rendered":"https:\/\/bagony.com\/killgerm\/de\/?page_id=1657"},"modified":"2020-12-08T09:42:26","modified_gmt":"2020-12-08T09:42:26","slug":"podcast","status":"publish","type":"page","link":"https:\/\/killer-press.com\/de\/podcast\/","title":{"rendered":"Podcast"},"content":{"rendered":"<div class=\"wpb-content-wrapper\"><p>[vc_row][vc_column width=&#8221;2\/3&#8243;][vc_column_text]<\/p>\n<h2>Immer interessante G\u00e4ste\u2026<\/h2>\n<h2><\/h2>\n<h2>Killer Press Sport Cast ist der etwas andere Podcast. Es geht vorwiegend um das Thema Management, F\u00fchrung und Social Media mit Affinit\u00e4t zu Sport. F\u00fcr alle Menschen, die das eine oder andere von interessanten Pers\u00f6nlichkeiten lernen oder sich inspirieren lassen m\u00f6chten.<\/h2>\n<p>Claudia Scheffler-Perrone f\u00fchrt Interviews mit Menschen rund um Sport, Marketing, Management und Lifestyle sowohl f\u00fcr ihren Podcast, als auch f\u00fcr diverse Magazine, Online Medien und TV.<\/p>\n<p>Ihr Host ist Claudia Scheffler-Perrone. Sie ist CEO von Killer Press. Killer Press ber\u00e4t und coacht Personen des \u00f6ffentlichen Lebens wie Sportler, Schauspieler, Manager, CEOs und TV Moderatoren.<br \/>\nSie hilft ihnen bei der richtigen Positionierung, dem Image und bei der Findung bzw. Weiterentwicklung von Business \u2013 Ideen.<\/p>\n<p>Man trifft Claudia auch gerne mal auf\u00a0<a href=\"https:\/\/killer-press.com\/de\/speaker\/\">diversen B\u00fchnen<\/a>\u00a0in Deutschland und im Ausland, wo sie vorwiegend zu den Themen Social Media, digitale Strategien f\u00fcr Sport und Business, PR und Marketing referiert. Wer Gl\u00fcck hat, ergattert einen Platz in einen ihrer Workshops.<\/p>\n<p>Wenn Sie sich f\u00fcr den Newsletter anmelden, erhalten Sie regelm\u00e4\u00dfig interessante Listen und Tipps zum freien Download.<\/p>\n<p>Auf iTunes\u00a0<a href=\"https:\/\/itunes.apple.com\/de\/podcast\/killer-press-sport-cast-podcast-rund-um-sport-und-marketing\/id1282582163?l=en\">abonnieren\u00a0<\/a>[\/vc_column_text][vc_wp_rss items=&#8221;20&#8243; title=&#8221;Killer Press PodCast&#8221; url=&#8221;https:\/\/feeds.soundcloud.com\/users\/soundcloud:users:331992178\/sounds.rss&#8221;][vc_column_text]<\/p>\n<h2>Folge #1: Interview mit Achim Morlok<\/h2>\n<p>Heute zu Gast bei Killer Press ist Achim Morlok. Er ist seit vielen Jahren im Sport t\u00e4tig und arbeitet bei Infront Sports &amp; Media als Sales Manager. Bei Infront Sports &amp; Marketing dreht sich nicht alles nur um Fu\u00dfball, wenn auch ein sehr gro\u00dfer Teil.<br \/>\nAchim gibt uns sehr detaillierte Einblicke in seine Arbeit als Leiter des Vertriebs (Sales Manager) und gibt viele Tipps wie man im Vertrieb erfolgreich sein kann. Nicht nur f\u00fcr Leute aus dem Bereich Sport, sondern alle die das Thema Sales interessant finden.[\/vc_column_text][vc_column_text][soundcloud id=&#8217;342185867&#8242; height=&#8217;false&#8217; color=&#8217;#ff7700&#8242;]<\/p>\n<p>[\/vc_column_text][vc_column_text]<\/p>\n<h2>Folge #2: Interview mit Bernd Schusky \u2013 Leiter Markenkommunikation DFL<\/h2>\n<p>Heute zu Gast bei Killer Press ist Bernd Schusky. Er ist Leiter Markenkommunikation bei der DFL. Er ist verantwortlich f\u00fcr das komplette Branding der Marke \u201eBundesliga\u201c und einiger (Unter-) Marken. Zu seinem Aufgabengebiet geh\u00f6ren auch die digitalen Kan\u00e4le und die App. Bernd gibt uns einen tollen Einblick in die Marke \u201eBundesliga\u201c und hat auch Tipps f\u00fcr die richtige Positionierung der eigenen Marke. Nicht nur f\u00fcr Leute aus dem Bereich Sport, sondern alle die das Thema \u201eBranding\u201c interessant finden.<\/p>\n<h3>Weiter Infos zu Bernd Schusky auf seinem\u00a0<a href=\"https:\/\/www.linkedin.com\/in\/bschusky\/\">LinkedIn Profil<\/a>\u00a0und auf der offiziellen Seite der\u00a0<a href=\"https:\/\/www.dfl.de\/de\/home\/\">DFL<\/a>\u00a0oder Bundesliga.<\/h3>\n<p>[\/vc_column_text][vc_column_text][soundcloud id=&#8217;343374742&#8242; height=&#8217;false&#8217; color=&#8217;#ff7700&#8242;]<\/p>\n<p>[\/vc_column_text][vc_column_text]<\/p>\n<h2>#03 Killer Press Sport Cast \u2013 Interview mit Carsten Fl\u00fcgel, Sportdirektor NDR<\/h2>\n<p>Heute zu Gast bei Killer Press ist Carsten Fl\u00fcgel. Er lebt und liebt nicht nur Sport, sondern ist ein absoluter Experte auf dem Gebiet. Carsten ist seit \u00fcber 25 Jahren im Bereich Sport beim NDR t\u00e4tig. Seit einigen Jahren betreut er \u00b4den Bereich Sonderprojekte Sport \u00b4und ist ARD-Teamchef f\u00fcr Leichtathletik- und Frauenfu\u00dfball-Gro\u00dfveranstaltungen. Er ist immer wieder ein Highlight sich mit ihm auszutauschen.<\/p>\n<h3>Mehr Infos zu Carsten Fl\u00fcgel auf seinem\u00a0<a href=\"https:\/\/www.linkedin.com\/in\/carsten-fluegel-8355324b\/\">LinkedIn Profil<\/a>\u00a0oder beim NDR Sport<\/h3>\n<p>[\/vc_column_text][vc_column_text][soundcloud id=&#8217;344412070&#8242; height=&#8217;false&#8217; color=&#8217;#ff7700&#8242;]<\/p>\n<p>[\/vc_column_text][vc_column_text]<\/p>\n<h2>#04 Killer Press Sport Cast \u2013 Interview mit Matthias Neumann, Act Agency<\/h2>\n<p>Heute zu Gast bei Killer Press ist Matthias Neumann. Er ist CEO der Hamburger Agentur Act Agency. Sie organisieren z.B. den Windsurf Worldcup auf Sylt, den Kitesurf Worldcup auf Fehmarn und haben noch viele andere spannende Projekte und Marken, die sie betreuen wie J\u00f6gi L\u00f6w und Nivea.<\/p>\n<h3>Mehr auf\u00a0<a title=\"http:\/\/act-agency.de\" href=\"https:\/\/exit.sc\/?url=http%3A%2F%2Fact-agency.de\" target=\"_blank\" rel=\"nofollow noopener\">act-agency.de<\/a><\/h3>\n<p>[\/vc_column_text][vc_column_text][soundcloud id=&#8217;345469980&#8242; height=&#8217;false&#8217; color=&#8217;#ff7700&#8242;]<\/p>\n<p>[\/vc_column_text][vc_column_text]<\/p>\n<h2>#5 Killer Press Sport Cast \u2013 Interview mit Nikki Adler, Boxweltmeisterin<\/h2>\n<p>Mein Gast heute ist Nikki Adler.\u00a0Sie ist \u00a0WBU-, WBF- und WIBA-Weltmeisterin und ehemalige WBC-Welmeisterin<sup id=\"cite_ref-:0_1-0\" class=\"reference\"><\/sup>\u00a0im Supermittelgewicht. Sie ist nicht nur eine Profiboxerin. Sie ist auch eine absolut attraktive und zauberhafte Frau. Nikki erz\u00e4hlt uns im Podcast unter anderem wof\u00fcr Niederlagen im Leben gut sind\u2026<\/p>\n<p><a href=\"https:\/\/www.facebook.com\/nikkiadlerboxing\/\">Nikki Facebook<\/a><br \/>\n<a href=\"https:\/\/www.instagram.com\/nikkiadler\/\">Nikki Instagram<\/a><br \/>\n<a href=\"http:\/\/nikki-adler.de\/index.html\">Homepage Nikki<\/a>[\/vc_column_text][vc_column_text][soundcloud id=&#8217;346600795&#8242; height=&#8217;false&#8217; color=&#8217;#ff7700&#8242;]<\/p>\n<p>[\/vc_column_text][vc_column_text]<\/p>\n<h2>#6 Killer Press Sport Cast \u2013 Interview mit Antje Heimsoeth, Speaker und Mentalcoach<\/h2>\n<p>Mein Gast heute ist Antje Heimsoeth. Sie ist Gr\u00fcnderin und Gesch\u00e4ftsf\u00fchrerin des Instituts f\u00fcr Business- und Sport Coaching, Heimset Academy. Antje trainiert F\u00fchrungskr\u00e4fte, Vorst\u00e4nde und Unternehmer. Antje Heimsoeth geh\u00f6rt zu den bekanntesten Mental Coaches und Vortragsrednern im deutschsprachigen Raum. Sie hat diverse B\u00fccher geschrieben und geh\u00f6rt zu den TOP 100 Excellent Speaker.<\/p>\n<p><a href=\"https:\/\/antje-heimsoeth.com\/\" target=\"_blank\" rel=\"noopener\">Website Antje<\/a><br \/>\n<a href=\"https:\/\/www.facebook.com\/antjeheimsoeth.de\">Facebook\u00a0<\/a>[\/vc_column_text][vc_column_text][soundcloud id=&#8217;349468322&#8242; height=&#8217;false&#8217; color=&#8217;#ff7700&#8242;]<\/p>\n<p>[\/vc_column_text][vc_column_text]<\/p>\n<h2>#7 Killer Press Sport Cast \u2013 Interview mit Fee Beyer<\/h2>\n<p>Fee Beyer ist ehemalige Schwimmerin und aktive Sportlerin. Fee besch\u00e4ftigt sich in ihrer Rolle als Beraterin und Trainerin mit der Entwicklung von ganzheitlichen, technologiebasierten Trainingssystemen und Programmen im Profi- wie im Breitensport. Im August 2017 ver\u00f6ffentlichte Fee eine Studie zum Einsatz neuer Technologien in der Trainingssteuerung der Fu\u00dfball-Bundesliga. Momentan arbeitet sie an einer weiteren Studie, die voraussichtlich Anfang 2018 ver\u00f6ffentlich wird.<\/p>\n<p>Mehr Informationen \u00fcber fee:\u00a0<a title=\"http:\/\/feebeyer.com\" href=\"https:\/\/exit.sc\/?url=http%3A%2F%2Ffeebeyer.com\" target=\"_blank\" rel=\"nofollow noopener\">feebeyer.com<\/a>\u00a0\/\u00a0<a title=\"https:\/\/twitter.com\/feebeyer\" href=\"https:\/\/exit.sc\/?url=https%3A%2F%2Ftwitter.com%2Ffeebeyer\" target=\"_blank\" rel=\"nofollow noopener\">twitter.com\/feebeyer<\/a>\u00a0\/\u00a0<a title=\"https:\/\/www.linkedin.com\/in\/feebeyer\" href=\"https:\/\/exit.sc\/?url=https%3A%2F%2Fwww.linkedin.com%2Fin%2Ffeebeyer\" target=\"_blank\" rel=\"nofollow noopener\">www.linkedin.com\/in\/feebeyer<\/a>[\/vc_column_text][vc_column_text][soundcloud id=&#8217;360024170&#8242; height=&#8217;false&#8217; color=&#8217;#ff7700&#8242;]<\/p>\n<p>[\/vc_column_text][vc_column_text]<\/p>\n<h2>#8 Killer Press Sport Cast \u2013 Interview mit Pit Gottschalk<\/h2>\n<p>Pit Gottschalk ist Chefredakteur der Funke Mediengruppe Sport. Viele Jahre war er Chefredakteur bei Sport Bild und ist auf dem Gebiet ein alter Hase. Er liebt nicht nur Fu\u00dfball, er lebt den Sport. Er ist ein absoluter Vollblut Journalist mit Herz und Seele.<br \/>\nIn diesem Podcast erz\u00e4hlt uns Pit warum es f\u00fcr Journalisten genauso wichtig ist, sein eigenes Brand zu bilden, wie f\u00fcr alle anderen auch.<\/p>\n<p>Mehr \u00fcber Pit: Twitter (<a title=\"https:\/\/twitter.com\/pitgottschalk\" href=\"https:\/\/exit.sc\/?url=https%3A%2F%2Ftwitter.com%2Fpitgottschalk\" target=\"_blank\" rel=\"nofollow noopener\">twitter.com\/pitgottschalk<\/a>), Facebook (<a title=\"https:\/\/www.facebook.com\/pitgottschalk.journalist\" href=\"https:\/\/exit.sc\/?url=https%3A%2F%2Fwww.facebook.com%2Fpitgottschalk.journalist\" target=\"_blank\" rel=\"nofollow noopener\">www.facebook.com\/pitgottschalk.journalist<\/a>), Instagram:\u00a0<a title=\"https:\/\/www.instagram.com\/pitgottschalk\/\" href=\"https:\/\/exit.sc\/?url=https%3A%2F%2Fwww.instagram.com%2Fpitgottschalk%2F\" target=\"_blank\" rel=\"nofollow noopener\">www.instagram.com\/pitgottschalk\/<\/a>[\/vc_column_text][vc_column_text][soundcloud id=&#8217;369642554&#8242; height=&#8217;false&#8217; color=&#8217;#ff7700&#8242;]<\/p>\n<p>[\/vc_column_text][vc_column_text]<\/p>\n<h2>#9 Killer Press Sport Cast \u2013 Interview mit Sebastian Lemm<\/h2>\n<p>Sebastian Lemm ist Mitbegr\u00fcnder und Organisator der Spielmacher Konferenz. Die Spielmacher Konferenz ist eine Branchen-Konferenz f\u00fcr Fu\u00dfball-Professionals. F\u00fcr alle Leute, die hauptberuflich mit dem Thema Fu\u00dfball zu tun haben. Die erste Konferenz im Juli 2017 war mit rund 500 Teilnehmern mehr als erfolgreich. Die kommende Konferenz findet am 09. August in Hamburg statt.<\/p>\n<div class=\"truncatedAudioInfo__wrapper\">\n<div class=\"truncatedAudioInfo__content\">\n<div class=\"sc-type-small\">\n<p>Weitere Links zu Sebastian:<br \/>\n<a title=\"http:\/\/spielmacherkonferenz.de\" href=\"https:\/\/exit.sc\/?url=http%3A%2F%2Fspielmacherkonferenz.de\" target=\"_blank\" rel=\"nofollow noopener\">spielmacherkonferenz.de<\/a><br \/>\n<a href=\"http:\/\/www.facebook.com\/spielmacherkonferenz\/\">Facebook<\/a><br \/>\n<a href=\"http:\/\/www.facebook.com\/events\/119130955436349\/\">Veranstaltung auf Facebook<\/a><\/p>\n<\/div>\n<\/div>\n<\/div>\n<p>[\/vc_column_text][vc_column_text][soundcloud id=&#8217;386003279&#8242; height=&#8217;false&#8217; color=&#8217;#ff7700&#8242;]<\/p>\n<p>[\/vc_column_text][vc_column_text]Share if you like\u2026[\/vc_column_text][\/vc_column][vc_column width=&#8221;1\/3&#8243;][vc_widget_sidebar sidebar_id=&#8221;right_sidebar&#8221;][\/vc_column][\/vc_row][vc_row][vc_column][\/vc_column][\/vc_row]<\/p>\n<div class=\"shariff shariff-align-flex-start shariff-widget-align-flex-start\"><ul class=\"shariff-buttons theme-round orientation-horizontal buttonsize-medium\"><li class=\"shariff-button linkedin shariff-nocustomcolor\" style=\"background-color:#1488bf\"><a href=\"https:\/\/www.linkedin.com\/sharing\/share-offsite\/?url=https%3A%2F%2Fkiller-press.com%2Fde%2Fpodcast%2F\" title=\"Bei LinkedIn teilen\" aria-label=\"Bei LinkedIn teilen\" role=\"button\" rel=\"noopener nofollow\" class=\"shariff-link\" style=\"; background-color:#0077b5; color:#fff\" target=\"_blank\"><span class=\"shariff-icon\" style=\"\"><svg width=\"32px\" height=\"20px\" xmlns=\"http:\/\/www.w3.org\/2000\/svg\" viewBox=\"0 0 27 32\"><path fill=\"#0077b5\" d=\"M6.2 11.2v17.7h-5.9v-17.7h5.9zM6.6 5.7q0 1.3-0.9 2.2t-2.4 0.9h0q-1.5 0-2.4-0.9t-0.9-2.2 0.9-2.2 2.4-0.9 2.4 0.9 0.9 2.2zM27.4 18.7v10.1h-5.9v-9.5q0-1.9-0.7-2.9t-2.3-1.1q-1.1 0-1.9 0.6t-1.2 1.5q-0.2 0.5-0.2 1.4v9.9h-5.9q0-7.1 0-11.6t0-5.3l0-0.9h5.9v2.6h0q0.4-0.6 0.7-1t1-0.9 1.6-0.8 2-0.3q3 0 4.9 2t1.9 6z\"\/><\/svg><\/span><\/a><\/li><li class=\"shariff-button facebook shariff-nocustomcolor\" style=\"background-color:#4273c8\"><a href=\"https:\/\/www.facebook.com\/sharer\/sharer.php?u=https%3A%2F%2Fkiller-press.com%2Fde%2Fpodcast%2F\" title=\"Bei Facebook teilen\" aria-label=\"Bei Facebook teilen\" role=\"button\" rel=\"nofollow\" class=\"shariff-link\" style=\"; background-color:#3b5998; color:#fff\" target=\"_blank\"><span class=\"shariff-icon\" style=\"\"><svg width=\"32px\" height=\"20px\" xmlns=\"http:\/\/www.w3.org\/2000\/svg\" viewBox=\"0 0 18 32\"><path fill=\"#3b5998\" d=\"M17.1 0.2v4.7h-2.8q-1.5 0-2.1 0.6t-0.5 1.9v3.4h5.2l-0.7 5.3h-4.5v13.6h-5.5v-13.6h-4.5v-5.3h4.5v-3.9q0-3.3 1.9-5.2t5-1.8q2.6 0 4.1 0.2z\"\/><\/svg><\/span><\/a><\/li><li class=\"shariff-button mailto shariff-nocustomcolor\" style=\"background-color:#a8a8a8\"><a href=\"mailto:?body=https%3A%2F%2Fkiller-press.com%2Fde%2Fpodcast%2F&subject=Podcast\" title=\"Per E-Mail versenden\" aria-label=\"Per E-Mail versenden\" role=\"button\" rel=\"noopener nofollow\" class=\"shariff-link\" style=\"; background-color:#999; color:#fff\"><span class=\"shariff-icon\" style=\"\"><svg width=\"32px\" height=\"20px\" xmlns=\"http:\/\/www.w3.org\/2000\/svg\" viewBox=\"0 0 32 32\"><path fill=\"#999\" d=\"M32 12.7v14.2q0 1.2-0.8 2t-2 0.9h-26.3q-1.2 0-2-0.9t-0.8-2v-14.2q0.8 0.9 1.8 1.6 6.5 4.4 8.9 6.1 1 0.8 1.6 1.2t1.7 0.9 2 0.4h0.1q0.9 0 2-0.4t1.7-0.9 1.6-1.2q3-2.2 8.9-6.1 1-0.7 1.8-1.6zM32 7.4q0 1.4-0.9 2.7t-2.2 2.2q-6.7 4.7-8.4 5.8-0.2 0.1-0.7 0.5t-1 0.7-0.9 0.6-1.1 0.5-0.9 0.2h-0.1q-0.4 0-0.9-0.2t-1.1-0.5-0.9-0.6-1-0.7-0.7-0.5q-1.6-1.1-4.7-3.2t-3.6-2.6q-1.1-0.7-2.1-2t-1-2.5q0-1.4 0.7-2.3t2.1-0.9h26.3q1.2 0 2 0.8t0.9 2z\"\/><\/svg><\/span><\/a><\/li><\/ul><\/div><\/div>","protected":false},"excerpt":{"rendered":"<p>[vc_row][vc_column width=&#8221;2\/3&#8243;][vc_column_text] Immer interessante G\u00e4ste\u2026 Killer Press Sport Cast ist der etwas andere Podcast. Es geht vorwiegend um das Thema Management, F\u00fchrung und Social Media mit Affinit\u00e4t zu Sport. F\u00fcr alle Menschen, die das eine oder andere von interessanten Pers\u00f6nlichkeiten<span class=\"read_more_area\"><a class=\"read-more\" href=\"https:\/\/killer-press.com\/de\/podcast\/\"> Continue Reading <\/a><\/span><\/p>\n","protected":false},"author":12,"featured_media":0,"parent":0,"menu_order":0,"comment_status":"closed","ping_status":"closed","template":"","meta":{"MSN_Categories":"Uncategorized","MSN_Publish_Option":false,"MSN_Is_Local_News":false,"MSN_Is_AIAC_Included":"Empty","MSN_Location":"[]","MSN_Add_Feature_Img_On_Top_Of_Post":false,"MSN_Has_Custom_Author":false,"MSN_Custom_Author":"","MSN_Has_Custom_Canonical_Url":false,"MSN_Custom_Canonical_Url":"","footnotes":""},"class_list":["post-1657","page","type-page","status-publish","hentry"],"yoast_head":"<!-- This site is optimized with the Yoast SEO Premium plugin v20.7 (Yoast SEO v25.6) - https:\/\/yoast.com\/wordpress\/plugins\/seo\/ -->\n<title>Podcast - Killer Press<\/title>\n<meta name=\"description\" content=\"Coaching und Training f\u00fcr Fach- und F\u00fchrungskr\u00e4fte und Profisportler im Bereich Personal Branding, LinkedIn, Kommunikation und Mitarbeiterf\u00fchrung. Media Training vom Profi. Journalistin und Coach mit \u00fcber 20 Jahren Erfahrung. Bekannt aus TV, Radio und Zeitungen.\" \/>\n<meta name=\"robots\" content=\"index, follow, max-snippet:-1, max-image-preview:large, max-video-preview:-1\" \/>\n<link rel=\"canonical\" href=\"https:\/\/killer-press.com\/de\/podcast\/\" \/>\n<meta property=\"og:locale\" content=\"de_DE\" \/>\n<meta property=\"og:type\" content=\"article\" \/>\n<meta property=\"og:title\" content=\"Podcast\" \/>\n<meta property=\"og:description\" content=\"Coaching und Training f\u00fcr Fach- und F\u00fchrungskr\u00e4fte und Profisportler im Bereich Personal Branding, LinkedIn, Kommunikation und Mitarbeiterf\u00fchrung. Media Training vom Profi. Journalistin und Coach mit \u00fcber 20 Jahren Erfahrung. Bekannt aus TV, Radio und Zeitungen.\" \/>\n<meta property=\"og:url\" content=\"https:\/\/killer-press.com\/de\/podcast\/\" \/>\n<meta property=\"og:site_name\" content=\"Killer Press\" \/>\n<meta property=\"article:modified_time\" content=\"2020-12-08T09:42:26+00:00\" \/>\n<meta property=\"og:image\" content=\"https:\/\/killer-press.com\/de\/wp-content\/uploads\/sites\/6\/2022\/01\/photo.jpg\" \/>\n\t<meta property=\"og:image:width\" content=\"2048\" \/>\n\t<meta property=\"og:image:height\" content=\"1152\" \/>\n\t<meta property=\"og:image:type\" content=\"image\/jpeg\" \/>\n<meta name=\"twitter:card\" content=\"summary_large_image\" \/>\n<meta name=\"twitter:label1\" content=\"Gesch\u00e4tzte Lesezeit\" \/>\n\t<meta name=\"twitter:data1\" content=\"6\u00a0Minuten\" \/>\n<script type=\"application\/ld+json\" class=\"yoast-schema-graph\">{\"@context\":\"https:\/\/schema.org\",\"@graph\":[{\"@type\":\"WebPage\",\"@id\":\"https:\/\/killer-press.com\/de\/podcast\/\",\"url\":\"https:\/\/killer-press.com\/de\/podcast\/\",\"name\":\"Podcast - Killer Press\",\"isPartOf\":{\"@id\":\"https:\/\/killer-press.com\/de\/#website\"},\"datePublished\":\"2018-04-02T08:54:02+00:00\",\"dateModified\":\"2020-12-08T09:42:26+00:00\",\"description\":\"Coaching und Training f\u00fcr Fach- und F\u00fchrungskr\u00e4fte und Profisportler im Bereich Personal Branding, LinkedIn, Kommunikation und Mitarbeiterf\u00fchrung. Media Training vom Profi. Journalistin und Coach mit \u00fcber 20 Jahren Erfahrung. Bekannt aus TV, Radio und Zeitungen.\",\"breadcrumb\":{\"@id\":\"https:\/\/killer-press.com\/de\/podcast\/#breadcrumb\"},\"inLanguage\":\"de\",\"potentialAction\":[{\"@type\":\"ReadAction\",\"target\":[\"https:\/\/killer-press.com\/de\/podcast\/\"]}]},{\"@type\":\"BreadcrumbList\",\"@id\":\"https:\/\/killer-press.com\/de\/podcast\/#breadcrumb\",\"itemListElement\":[{\"@type\":\"ListItem\",\"position\":1,\"name\":\"Home\",\"item\":\"https:\/\/killer-press.com\/de\/\"},{\"@type\":\"ListItem\",\"position\":2,\"name\":\"Podcast\"}]},{\"@type\":\"WebSite\",\"@id\":\"https:\/\/killer-press.com\/de\/#website\",\"url\":\"https:\/\/killer-press.com\/de\/\",\"name\":\"Killer Press\",\"description\":\"\",\"publisher\":{\"@id\":\"https:\/\/killer-press.com\/de\/#organization\"},\"potentialAction\":[{\"@type\":\"SearchAction\",\"target\":{\"@type\":\"EntryPoint\",\"urlTemplate\":\"https:\/\/killer-press.com\/de\/?s={search_term_string}\"},\"query-input\":{\"@type\":\"PropertyValueSpecification\",\"valueRequired\":true,\"valueName\":\"search_term_string\"}}],\"inLanguage\":\"de\"},{\"@type\":\"Organization\",\"@id\":\"https:\/\/killer-press.com\/de\/#organization\",\"name\":\"Killer Press\",\"url\":\"https:\/\/killer-press.com\/de\/\",\"logo\":{\"@type\":\"ImageObject\",\"inLanguage\":\"de\",\"@id\":\"https:\/\/killer-press.com\/de\/#\/schema\/logo\/image\/\",\"url\":\"https:\/\/killer-press.com\/de\/wp-content\/uploads\/sites\/6\/2022\/01\/photo.jpg\",\"contentUrl\":\"https:\/\/killer-press.com\/de\/wp-content\/uploads\/sites\/6\/2022\/01\/photo.jpg\",\"width\":2048,\"height\":1152,\"caption\":\"Killer Press\"},\"image\":{\"@id\":\"https:\/\/killer-press.com\/de\/#\/schema\/logo\/image\/\"}}]}<\/script>\n<!-- \/ Yoast SEO Premium plugin. -->","yoast_head_json":{"title":"Podcast - Killer Press","description":"Coaching und Training f\u00fcr Fach- und F\u00fchrungskr\u00e4fte und Profisportler im Bereich Personal Branding, LinkedIn, Kommunikation und Mitarbeiterf\u00fchrung. Media Training vom Profi. Journalistin und Coach mit \u00fcber 20 Jahren Erfahrung. Bekannt aus TV, Radio und Zeitungen.","robots":{"index":"index","follow":"follow","max-snippet":"max-snippet:-1","max-image-preview":"max-image-preview:large","max-video-preview":"max-video-preview:-1"},"canonical":"https:\/\/killer-press.com\/de\/podcast\/","og_locale":"de_DE","og_type":"article","og_title":"Podcast","og_description":"Coaching und Training f\u00fcr Fach- und F\u00fchrungskr\u00e4fte und Profisportler im Bereich Personal Branding, LinkedIn, Kommunikation und Mitarbeiterf\u00fchrung. Media Training vom Profi. Journalistin und Coach mit \u00fcber 20 Jahren Erfahrung. Bekannt aus TV, Radio und Zeitungen.","og_url":"https:\/\/killer-press.com\/de\/podcast\/","og_site_name":"Killer Press","article_modified_time":"2020-12-08T09:42:26+00:00","og_image":[{"width":2048,"height":1152,"url":"https:\/\/killer-press.com\/de\/wp-content\/uploads\/sites\/6\/2022\/01\/photo.jpg","type":"image\/jpeg"}],"twitter_card":"summary_large_image","twitter_misc":{"Gesch\u00e4tzte Lesezeit":"6\u00a0Minuten"},"schema":{"@context":"https:\/\/schema.org","@graph":[{"@type":"WebPage","@id":"https:\/\/killer-press.com\/de\/podcast\/","url":"https:\/\/killer-press.com\/de\/podcast\/","name":"Podcast - Killer Press","isPartOf":{"@id":"https:\/\/killer-press.com\/de\/#website"},"datePublished":"2018-04-02T08:54:02+00:00","dateModified":"2020-12-08T09:42:26+00:00","description":"Coaching und Training f\u00fcr Fach- und F\u00fchrungskr\u00e4fte und Profisportler im Bereich Personal Branding, LinkedIn, Kommunikation und Mitarbeiterf\u00fchrung. Media Training vom Profi. Journalistin und Coach mit \u00fcber 20 Jahren Erfahrung. Bekannt aus TV, Radio und Zeitungen.","breadcrumb":{"@id":"https:\/\/killer-press.com\/de\/podcast\/#breadcrumb"},"inLanguage":"de","potentialAction":[{"@type":"ReadAction","target":["https:\/\/killer-press.com\/de\/podcast\/"]}]},{"@type":"BreadcrumbList","@id":"https:\/\/killer-press.com\/de\/podcast\/#breadcrumb","itemListElement":[{"@type":"ListItem","position":1,"name":"Home","item":"https:\/\/killer-press.com\/de\/"},{"@type":"ListItem","position":2,"name":"Podcast"}]},{"@type":"WebSite","@id":"https:\/\/killer-press.com\/de\/#website","url":"https:\/\/killer-press.com\/de\/","name":"Killer Press","description":"","publisher":{"@id":"https:\/\/killer-press.com\/de\/#organization"},"potentialAction":[{"@type":"SearchAction","target":{"@type":"EntryPoint","urlTemplate":"https:\/\/killer-press.com\/de\/?s={search_term_string}"},"query-input":{"@type":"PropertyValueSpecification","valueRequired":true,"valueName":"search_term_string"}}],"inLanguage":"de"},{"@type":"Organization","@id":"https:\/\/killer-press.com\/de\/#organization","name":"Killer Press","url":"https:\/\/killer-press.com\/de\/","logo":{"@type":"ImageObject","inLanguage":"de","@id":"https:\/\/killer-press.com\/de\/#\/schema\/logo\/image\/","url":"https:\/\/killer-press.com\/de\/wp-content\/uploads\/sites\/6\/2022\/01\/photo.jpg","contentUrl":"https:\/\/killer-press.com\/de\/wp-content\/uploads\/sites\/6\/2022\/01\/photo.jpg","width":2048,"height":1152,"caption":"Killer Press"},"image":{"@id":"https:\/\/killer-press.com\/de\/#\/schema\/logo\/image\/"}}]}},"_links":{"self":[{"href":"https:\/\/killer-press.com\/de\/wp-json\/wp\/v2\/pages\/1657","targetHints":{"allow":["GET"]}}],"collection":[{"href":"https:\/\/killer-press.com\/de\/wp-json\/wp\/v2\/pages"}],"about":[{"href":"https:\/\/killer-press.com\/de\/wp-json\/wp\/v2\/types\/page"}],"author":[{"embeddable":true,"href":"https:\/\/killer-press.com\/de\/wp-json\/wp\/v2\/users\/12"}],"replies":[{"embeddable":true,"href":"https:\/\/killer-press.com\/de\/wp-json\/wp\/v2\/comments?post=1657"}],"version-history":[{"count":2,"href":"https:\/\/killer-press.com\/de\/wp-json\/wp\/v2\/pages\/1657\/revisions"}],"predecessor-version":[{"id":2339,"href":"https:\/\/killer-press.com\/de\/wp-json\/wp\/v2\/pages\/1657\/revisions\/2339"}],"wp:attachment":[{"href":"https:\/\/killer-press.com\/de\/wp-json\/wp\/v2\/media?parent=1657"}],"curies":[{"name":"wp","href":"https:\/\/api.w.org\/{rel}","templated":true}]}}