{"id":1659,"date":"2018-04-02T08:55:21","date_gmt":"2018-04-02T08:55:21","guid":{"rendered":"https:\/\/bagony.com\/killgerm\/de\/?page_id=1659"},"modified":"2018-04-02T08:55:21","modified_gmt":"2018-04-02T08:55:21","slug":"corporate","status":"publish","type":"page","link":"https:\/\/killer-press.com\/de\/corporate\/","title":{"rendered":"Corporate"},"content":{"rendered":"<div class=\"wpb-content-wrapper\"><p>[vc_row content_placement=&#8221;middle&#8221; bg_type=&#8221;image&#8221; parallax_style=&#8221;vcpb-default&#8221; bg_image_new=&#8221;id^500|url^https:\/\/apressthemes.com\/demo1\/wp-content\/uploads\/2016\/09\/slider-agency.jpg|caption^null|alt^null|title^slider-agency|description^null&#8221; bg_override=&#8221;ex-full&#8221; css=&#8221;.vc_custom_1507360855757{padding-top: 250px !important;padding-bottom: 200px !important;}&#8221;][vc_column]<div id=\"uvc-type-wrap-5271\"  data-ultimate-target='#uvc-type-wrap-5271'  data-responsive-json-new='{\"font-size\":\"desktop:80px;tablet:60px;tablet_portrait:30px;mobile_landscape:25px;mobile:25px;\",\"line-height\":\"desktop:150px;tablet:100px;tablet_portrait:60px;mobile_landscape:50px;mobile:50px;\"}'  class=\"uvc-type-wrap  ult-adjust-bottom-margin ult-responsive  uvc-type-align-center  uvc-wrap-374903093669d4dc064ec54\" style=\"text-align:center;\"><span  data-ultimate-target='#uvc-type-wrap-5271 .mycustfancy'  data-responsive-json-new='{\"font-size\":\"desktop:80px;tablet:60px;tablet_portrait:30px;mobile_landscape:25px;mobile:25px;\",\"line-height\":\"desktop:150px;tablet:100px;tablet_portrait:60px;mobile_landscape:50px;mobile:50px;\"}'  class=\"ultimate-typewriter-prefix mycustfancy ult-responsive\" style=\"font-weight:normal;color:#ffffff; text-transform: unset;\">WE ARE <\/span><span id=\"typed-374903093669d4dc064ec54\" class=\"ultimate-typed-main \" style=\"color:#6348db; font-weight:normal; text-transform: unset;\"><\/span><script type=\"text\/javascript\">\n\t\t\t\t\t\tjQuery(function($){ \n\t\t\t\t\t\t\t$(document).ready(function(){\n\t\t\t\t\t\t\t\tif( typeof jQuery(\"#typed-374903093669d4dc064ec54\").typed == \"function\"){\n\t\t\t\t\t\t\t\t\t$(\"#typed-374903093669d4dc064ec54\").typed({\n\t\t\t\t\t\t\t\t\t\tstrings: [\"MINIMAL\",\"CREATIVE\",\"AGENCY\"],\n\t\t\t\t\t\t\t\t\t\ttypeSpeed: 35,\n\t\t\t\t\t\t\t\t\t\tbackSpeed: 0,\n\t\t\t\t\t\t\t\t\t\tstartDelay: \"200\",\n\t\t\t\t\t\t\t\t\t\tbackDelay: \"1500\",\n\t\t\t\t\t\t\t\t\t\tloop: \"true\",\n\t\t\t\t\t\t\t\t\t\tloopCount: false,\n\t\t\t\t\t\t\t\t\t\tshowCursor: true,\n\t\t\t\t\t\t\t\t\t\tcursorChar: \"|\",\n\t\t\t\t\t\t\t\t\t\tattr: null\n\t\t\t\t\t\t\t\t\t});\n\t\t\t\t\t\t\t\t}\n\t\t\t\t\t\t\t});\n\t\t\t\t\t\t});\n\t\t\t\t\t<\/script><style>\n\t\t\t\t\t\t\t.uvc-wrap-374903093669d4dc064ec54 .typed-cursor {\n\t\t\t\t\t\t\t\tcolor:#6348db;\n\t\t\t\t\t\t\t}\n\t\t\t\t\t\t<\/style><\/div>[\/vc_column][\/vc_row][vc_row gap=&#8221;10&#8243; css=&#8221;.vc_custom_1473922425780{padding-top: 60px !important;padding-bottom: 0px !important;}&#8221;][vc_column width=&#8221;1\/4&#8243; css=&#8221;.vc_custom_1473765450683{padding-top: 40px !important;}&#8221;]<div class=\"ult_row_spacer\"><div class=\"ult-sticky-anchor\"><div class=\"ult-sticky-section ult-sticky \"  data-gutter= '150' data-stick_behaviour= 'stick_with_scroll_row'  data-sticky_position= 'top' data-mobile='no' data-support='no'><div id=\"ultimate-heading-911969d4dc064ef2e\" class=\"uvc-heading ult-adjust-bottom-margin ultimate-heading-911969d4dc064ef2e uvc-5133 zplus_sticky_headings_holder\" data-hspacer=\"no_spacer\"  data-halign=\"left\" style=\"text-align:left\"><div class=\"uvc-heading-spacer no_spacer\" style=\"top\"><\/div><div class=\"uvc-sub-heading ult-responsive\"  data-ultimate-target='.uvc-heading.ultimate-heading-911969d4dc064ef2e .uvc-sub-heading '  data-responsive-json-new='{\"font-size\":\"desktop:35px;\",\"line-height\":\"\"}'  style=\"font-weight:normal;color:#757575;\">Why Corporate Blogs?<br \/>\n<\/div><\/div><\/div><div class=\"ult-space\"><\/div><\/div><\/div>[\/vc_column][vc_column width=&#8221;3\/4&#8243;][vc_row_inner gap=&#8221;5&#8243;][vc_column_inner css=&#8221;.vc_custom_1470401964868{padding-right: 2% !important;padding-left: 2% !important;}&#8221;][vc_column_text]Corporate blogging makes a different. A huge difference. Did you know that most people on the Internet trust more blogs than any other source?<\/p>\n<p>Companies who blog acquires more customers and generate more leads (about 67%).[\/vc_column_text][vc_column_text]Corporate blogging makes a different. A huge difference. Did you know that most people on the Internet trust more blogs than any other source?<\/p>\n<p>Companies who blog acquires more customers and generate more leads (about 67%).[\/vc_column_text][\/vc_column_inner][\/vc_row_inner][vc_row_inner css=&#8221;.vc_custom_1474464921572{padding-bottom: 20px !important;}&#8221;][vc_column_inner width=&#8221;1\/2&#8243; css=&#8221;.vc_custom_1474464938055{padding-bottom: 20px !important;}&#8221;]<div class=\"ult-content-box-container \" >\t\t<div class=\"ult-content-box\" style=\"box-shadow: px px px px #f7f7f7 inherit;border-style:none;padding-top:20px;padding-right:20px;padding-bottom:20px;padding-left:20px;-webkit-transition: all 700ms ease;-moz-transition: all 700ms ease;-ms-transition: all 700ms ease;-o-transition: all 700ms ease;transition: all 700ms ease;\"  data-hover_bg_color=\"#ffffff\"  data-hover_box_shadow=\" 0px 0px 20px 5px rgba(2,2,2,0.07) \"     data-border_color=\"\" >[apress_gradient_icon_box description=&#8221;Corporate Blogging is one of the most inexpensive ways to promote your business.&#8221; icon_alignment=&#8221;left&#8221; icon_family=&#8221;fontawesome&#8221; icon_fontawesome=&#8221;fa fa-desktop&#8221; style=&#8221;iconbox_style2&#8243; title_font_options=&#8221;tag:h2|font_size:20|line_height:30&#8243;]Inexpensive[\/apress_gradient_icon_box]\t\t<\/div><\/div><div class=\"ult-content-box-container \" >\t\t<div class=\"ult-content-box\" style=\"box-shadow: px px px px #f7f7f7 inherit;border-style:none;padding-top:20px;padding-right:20px;padding-bottom:20px;padding-left:20px;-webkit-transition: all 700ms ease;-moz-transition: all 700ms ease;-ms-transition: all 700ms ease;-o-transition: all 700ms ease;transition: all 700ms ease;\"  data-hover_bg_color=\"#ffffff\"  data-hover_box_shadow=\" 0px 0px 20px 5px rgba(2,2,2,0.07) \"     data-border_color=\"\" >[apress_gradient_icon_box description=&#8221;You can show people who you really are. Where your products are made. Or how you treat people in your company. You can stand out for what you are. And all that can be written and showed in a very interesting way.&#8221; icon_alignment=&#8221;left&#8221; icon_family=&#8221;fontawesome&#8221; icon_fontawesome=&#8221;fa fa-bullseye&#8221; style=&#8221;iconbox_style2&#8243; title_font_options=&#8221;tag:h2|font_size:20|line_height:30&#8243;]Show Yourself[\/apress_gradient_icon_box]\t\t<\/div><\/div><div class=\"ult-content-box-container \" >\t\t<div class=\"ult-content-box\" style=\"box-shadow: px px px px #f7f7f7 inherit;border-style:none;padding-top:20px;padding-right:20px;padding-bottom:20px;padding-left:20px;-webkit-transition: all 700ms ease;-moz-transition: all 700ms ease;-ms-transition: all 700ms ease;-o-transition: all 700ms ease;transition: all 700ms ease;\"  data-hover_bg_color=\"#ffffff\"  data-hover_box_shadow=\" 0px 0px 20px 5px rgba(2,2,2,0.07) \"     data-border_color=\"\" >[apress_gradient_icon_box description=&#8221;Oh yes, Google and other search engines will love your content. If it\u2019s written in the best possible way. SEO is one of the interesting words. But don\u2019t forget that you will have real readers who are going to visit your blog.<\/p>\n<p>&#8221; icon_alignment=&#8221;left&#8221; icon_family=&#8221;fontawesome&#8221; icon_fontawesome=&#8221;fa fa-html5&#8243; style=&#8221;iconbox_style2&#8243; title_font_options=&#8221;tag:h2|font_size:20|line_height:30&#8243;]Search Engines Love You[\/apress_gradient_icon_box]\t\t<\/div><\/div>[\/vc_column_inner][vc_column_inner width=&#8221;1\/2&#8243;]<div class=\"ult-content-box-container \" >\t\t<div class=\"ult-content-box\" style=\"box-shadow: px px px px #f7f7f7 inherit;padding-top:20px;padding-right:20px;padding-bottom:20px;padding-left:20px;-webkit-transition: all 700ms ease;-moz-transition: all 700ms ease;-ms-transition: all 700ms ease;-o-transition: all 700ms ease;transition: all 700ms ease;\"  data-hover_box_shadow=\" 0px 0px 20px 5px rgba(2,2,2,0.07) \"    >[apress_gradient_icon_box description=&#8221;You have the control of what you write and what you want your customers to read about you and your business. You can prevent crisis and you can promote new products. You can explain how you do your business. You have the power.&#8221; icon_alignment=&#8221;left&#8221; icon_family=&#8221;fontawesome&#8221; icon_fontawesome=&#8221;fa fa-mobile&#8221; style=&#8221;iconbox_style2&#8243; title_font_options=&#8221;tag:h2|font_size:20|line_height:30&#8243;]Control[\/apress_gradient_icon_box]\t\t<\/div><\/div><div class=\"ult-content-box-container \" >\t\t<div class=\"ult-content-box\" style=\"box-shadow: px px px px #f7f7f7 inherit;padding-top:20px;padding-right:20px;padding-bottom:20px;padding-left:20px;-webkit-transition: all 700ms ease;-moz-transition: all 700ms ease;-ms-transition: all 700ms ease;-o-transition: all 700ms ease;transition: all 700ms ease;\"  data-hover_box_shadow=\" 0px 0px 20px 5px rgba(2,2,2,0.07) \"    >[apress_gradient_icon_box description=&#8221;Establish dialogues with customers \u2013 no monologs. Customers will trust you and your credibility will increase.&#8221; icon_alignment=&#8221;left&#8221; icon_family=&#8221;fontawesome&#8221; icon_fontawesome=&#8221;fa fa-tablet&#8221; style=&#8221;iconbox_style2&#8243; title_font_options=&#8221;tag:h2|font_size:20|line_height:30&#8243;]Credibility and Trust[\/apress_gradient_icon_box]\t\t<\/div><\/div><div class=\"ult-content-box-container \" >\t\t<div class=\"ult-content-box\" style=\"box-shadow: px px px px #f7f7f7 inherit;padding-top:20px;padding-right:20px;padding-bottom:20px;padding-left:20px;-webkit-transition: all 700ms ease;-moz-transition: all 700ms ease;-ms-transition: all 700ms ease;-o-transition: all 700ms ease;transition: all 700ms ease;\"  data-hover_box_shadow=\" 0px 0px 20px 5px rgba(2,2,2,0.07) \"    >[apress_gradient_icon_box description=&#8221;Writing is just one step in blogging. Promoting is another very important step. At what time does it make sense to share it on Twitter or Facebook. Is Google+ dead?&#8221; icon_alignment=&#8221;left&#8221; icon_family=&#8221;fontawesome&#8221; icon_fontawesome=&#8221;fa fa-cloud-download&#8221; style=&#8221;iconbox_style2&#8243; title_font_options=&#8221;tag:h2|font_size:20|line_height:30&#8243;]So easy! Can I do it myself?<br \/>\n[\/apress_gradient_icon_box]\t\t<\/div><\/div>[\/vc_column_inner][\/vc_row_inner][vc_column_text]<\/p>\n<h3>So yes you can do it by yourself.\u00a0<strong>But probably you will not have the success you are looking for.<\/strong><\/h3>\n<p>That\u2019s the reason why you should hire experts like me. You will learn a lot and maybe after a few month you are able to do most of the things by yourself.[\/vc_column_text][\/vc_column][\/vc_row]<\/p>\n<div class=\"shariff shariff-align-flex-start shariff-widget-align-flex-start\"><ul class=\"shariff-buttons theme-round orientation-horizontal buttonsize-medium\"><li class=\"shariff-button linkedin shariff-nocustomcolor\" style=\"background-color:#1488bf\"><a href=\"https:\/\/www.linkedin.com\/sharing\/share-offsite\/?url=https%3A%2F%2Fkiller-press.com%2Fde%2Fcorporate%2F\" title=\"Bei LinkedIn teilen\" aria-label=\"Bei LinkedIn teilen\" role=\"button\" rel=\"noopener nofollow\" class=\"shariff-link\" style=\"; background-color:#0077b5; color:#fff\" target=\"_blank\"><span class=\"shariff-icon\" style=\"\"><svg width=\"32px\" height=\"20px\" xmlns=\"http:\/\/www.w3.org\/2000\/svg\" viewBox=\"0 0 27 32\"><path fill=\"#0077b5\" d=\"M6.2 11.2v17.7h-5.9v-17.7h5.9zM6.6 5.7q0 1.3-0.9 2.2t-2.4 0.9h0q-1.5 0-2.4-0.9t-0.9-2.2 0.9-2.2 2.4-0.9 2.4 0.9 0.9 2.2zM27.4 18.7v10.1h-5.9v-9.5q0-1.9-0.7-2.9t-2.3-1.1q-1.1 0-1.9 0.6t-1.2 1.5q-0.2 0.5-0.2 1.4v9.9h-5.9q0-7.1 0-11.6t0-5.3l0-0.9h5.9v2.6h0q0.4-0.6 0.7-1t1-0.9 1.6-0.8 2-0.3q3 0 4.9 2t1.9 6z\"\/><\/svg><\/span><\/a><\/li><li class=\"shariff-button facebook shariff-nocustomcolor\" style=\"background-color:#4273c8\"><a href=\"https:\/\/www.facebook.com\/sharer\/sharer.php?u=https%3A%2F%2Fkiller-press.com%2Fde%2Fcorporate%2F\" title=\"Bei Facebook teilen\" aria-label=\"Bei Facebook teilen\" role=\"button\" rel=\"nofollow\" class=\"shariff-link\" style=\"; background-color:#3b5998; color:#fff\" target=\"_blank\"><span class=\"shariff-icon\" style=\"\"><svg width=\"32px\" height=\"20px\" xmlns=\"http:\/\/www.w3.org\/2000\/svg\" viewBox=\"0 0 18 32\"><path fill=\"#3b5998\" d=\"M17.1 0.2v4.7h-2.8q-1.5 0-2.1 0.6t-0.5 1.9v3.4h5.2l-0.7 5.3h-4.5v13.6h-5.5v-13.6h-4.5v-5.3h4.5v-3.9q0-3.3 1.9-5.2t5-1.8q2.6 0 4.1 0.2z\"\/><\/svg><\/span><\/a><\/li><li class=\"shariff-button mailto shariff-nocustomcolor\" style=\"background-color:#a8a8a8\"><a href=\"mailto:?body=https%3A%2F%2Fkiller-press.com%2Fde%2Fcorporate%2F&subject=Corporate\" title=\"Per E-Mail versenden\" aria-label=\"Per E-Mail versenden\" role=\"button\" rel=\"noopener nofollow\" class=\"shariff-link\" style=\"; background-color:#999; color:#fff\"><span class=\"shariff-icon\" style=\"\"><svg width=\"32px\" height=\"20px\" xmlns=\"http:\/\/www.w3.org\/2000\/svg\" viewBox=\"0 0 32 32\"><path fill=\"#999\" d=\"M32 12.7v14.2q0 1.2-0.8 2t-2 0.9h-26.3q-1.2 0-2-0.9t-0.8-2v-14.2q0.8 0.9 1.8 1.6 6.5 4.4 8.9 6.1 1 0.8 1.6 1.2t1.7 0.9 2 0.4h0.1q0.9 0 2-0.4t1.7-0.9 1.6-1.2q3-2.2 8.9-6.1 1-0.7 1.8-1.6zM32 7.4q0 1.4-0.9 2.7t-2.2 2.2q-6.7 4.7-8.4 5.8-0.2 0.1-0.7 0.5t-1 0.7-0.9 0.6-1.1 0.5-0.9 0.2h-0.1q-0.4 0-0.9-0.2t-1.1-0.5-0.9-0.6-1-0.7-0.7-0.5q-1.6-1.1-4.7-3.2t-3.6-2.6q-1.1-0.7-2.1-2t-1-2.5q0-1.4 0.7-2.3t2.1-0.9h26.3q1.2 0 2 0.8t0.9 2z\"\/><\/svg><\/span><\/a><\/li><\/ul><\/div><\/div>","protected":false},"excerpt":{"rendered":"<p>[vc_row content_placement=&#8221;middle&#8221; bg_type=&#8221;image&#8221; parallax_style=&#8221;vcpb-default&#8221; bg_image_new=&#8221;id^500|url^https:\/\/apressthemes.com\/demo1\/wp-content\/uploads\/2016\/09\/slider-agency.jpg|caption^null|alt^null|title^slider-agency|description^null&#8221; bg_override=&#8221;ex-full&#8221; css=&#8221;.vc_custom_1507360855757{padding-top: 250px !important;padding-bottom: 200px !important;}&#8221;][vc_column][\/vc_column][\/vc_row][vc_row gap=&#8221;10&#8243; css=&#8221;.vc_custom_1473922425780{padding-top: 60px !important;padding-bottom: 0px !important;}&#8221;][vc_column width=&#8221;1\/4&#8243; css=&#8221;.vc_custom_1473765450683{padding-top: 40px !important;}&#8221;][\/vc_column][vc_column width=&#8221;3\/4&#8243;][vc_row_inner gap=&#8221;5&#8243;][vc_column_inner css=&#8221;.vc_custom_1470401964868{padding-right: 2% !important;padding-left: 2% !important;}&#8221;][vc_column_text]Corporate blogging makes a different. A huge difference. Did you know that most<span class=\"read_more_area\"><a class=\"read-more\" href=\"https:\/\/killer-press.com\/de\/corporate\/\"> Continue Reading <\/a><\/span><\/p>\n","protected":false},"author":12,"featured_media":0,"parent":0,"menu_order":0,"comment_status":"closed","ping_status":"closed","template":"","meta":{"MSN_Categories":"Uncategorized","MSN_Publish_Option":false,"MSN_Is_Local_News":false,"MSN_Is_AIAC_Included":"Empty","MSN_Location":"[]","MSN_Add_Feature_Img_On_Top_Of_Post":false,"MSN_Has_Custom_Author":false,"MSN_Custom_Author":"","MSN_Has_Custom_Canonical_Url":false,"MSN_Custom_Canonical_Url":"","footnotes":""},"class_list":["post-1659","page","type-page","status-publish","hentry"],"yoast_head":"<!-- This site is optimized with the Yoast SEO Premium plugin v20.7 (Yoast SEO v25.6) - https:\/\/yoast.com\/wordpress\/plugins\/seo\/ -->\n<title>Corporate - Killer Press<\/title>\n<meta name=\"description\" content=\"Coaching und Training f\u00fcr Fach- und F\u00fchrungskr\u00e4fte und Profisportler im Bereich Personal Branding, LinkedIn, Kommunikation und Mitarbeiterf\u00fchrung. Media Training vom Profi. Journalistin und Coach mit \u00fcber 20 Jahren Erfahrung. Bekannt aus TV, Radio und Zeitungen.\" \/>\n<meta name=\"robots\" content=\"index, follow, max-snippet:-1, max-image-preview:large, max-video-preview:-1\" \/>\n<link rel=\"canonical\" href=\"https:\/\/killer-press.com\/de\/corporate\/\" \/>\n<meta property=\"og:locale\" content=\"de_DE\" \/>\n<meta property=\"og:type\" content=\"article\" \/>\n<meta property=\"og:title\" content=\"Corporate\" \/>\n<meta property=\"og:description\" content=\"Coaching und Training f\u00fcr Fach- und F\u00fchrungskr\u00e4fte und Profisportler im Bereich Personal Branding, LinkedIn, Kommunikation und Mitarbeiterf\u00fchrung. Media Training vom Profi. Journalistin und Coach mit \u00fcber 20 Jahren Erfahrung. Bekannt aus TV, Radio und Zeitungen.\" \/>\n<meta property=\"og:url\" content=\"https:\/\/killer-press.com\/de\/corporate\/\" \/>\n<meta property=\"og:site_name\" content=\"Killer Press\" \/>\n<meta property=\"og:image\" content=\"https:\/\/killer-press.com\/de\/wp-content\/uploads\/sites\/6\/2022\/01\/photo.jpg\" \/>\n\t<meta property=\"og:image:width\" content=\"2048\" \/>\n\t<meta property=\"og:image:height\" content=\"1152\" \/>\n\t<meta property=\"og:image:type\" content=\"image\/jpeg\" \/>\n<meta name=\"twitter:card\" content=\"summary_large_image\" \/>\n<meta name=\"twitter:label1\" content=\"Gesch\u00e4tzte Lesezeit\" \/>\n\t<meta name=\"twitter:data1\" content=\"6\u00a0Minuten\" \/>\n<script type=\"application\/ld+json\" class=\"yoast-schema-graph\">{\"@context\":\"https:\/\/schema.org\",\"@graph\":[{\"@type\":\"WebPage\",\"@id\":\"https:\/\/killer-press.com\/de\/corporate\/\",\"url\":\"https:\/\/killer-press.com\/de\/corporate\/\",\"name\":\"Corporate - Killer Press\",\"isPartOf\":{\"@id\":\"https:\/\/killer-press.com\/de\/#website\"},\"datePublished\":\"2018-04-02T08:55:21+00:00\",\"description\":\"Coaching und Training f\u00fcr Fach- und F\u00fchrungskr\u00e4fte und Profisportler im Bereich Personal Branding, LinkedIn, Kommunikation und Mitarbeiterf\u00fchrung. Media Training vom Profi. Journalistin und Coach mit \u00fcber 20 Jahren Erfahrung. Bekannt aus TV, Radio und Zeitungen.\",\"breadcrumb\":{\"@id\":\"https:\/\/killer-press.com\/de\/corporate\/#breadcrumb\"},\"inLanguage\":\"de\",\"potentialAction\":[{\"@type\":\"ReadAction\",\"target\":[\"https:\/\/killer-press.com\/de\/corporate\/\"]}]},{\"@type\":\"BreadcrumbList\",\"@id\":\"https:\/\/killer-press.com\/de\/corporate\/#breadcrumb\",\"itemListElement\":[{\"@type\":\"ListItem\",\"position\":1,\"name\":\"Home\",\"item\":\"https:\/\/killer-press.com\/de\/\"},{\"@type\":\"ListItem\",\"position\":2,\"name\":\"Corporate\"}]},{\"@type\":\"WebSite\",\"@id\":\"https:\/\/killer-press.com\/de\/#website\",\"url\":\"https:\/\/killer-press.com\/de\/\",\"name\":\"Killer Press\",\"description\":\"\",\"publisher\":{\"@id\":\"https:\/\/killer-press.com\/de\/#organization\"},\"potentialAction\":[{\"@type\":\"SearchAction\",\"target\":{\"@type\":\"EntryPoint\",\"urlTemplate\":\"https:\/\/killer-press.com\/de\/?s={search_term_string}\"},\"query-input\":{\"@type\":\"PropertyValueSpecification\",\"valueRequired\":true,\"valueName\":\"search_term_string\"}}],\"inLanguage\":\"de\"},{\"@type\":\"Organization\",\"@id\":\"https:\/\/killer-press.com\/de\/#organization\",\"name\":\"Killer Press\",\"url\":\"https:\/\/killer-press.com\/de\/\",\"logo\":{\"@type\":\"ImageObject\",\"inLanguage\":\"de\",\"@id\":\"https:\/\/killer-press.com\/de\/#\/schema\/logo\/image\/\",\"url\":\"https:\/\/killer-press.com\/de\/wp-content\/uploads\/sites\/6\/2022\/01\/photo.jpg\",\"contentUrl\":\"https:\/\/killer-press.com\/de\/wp-content\/uploads\/sites\/6\/2022\/01\/photo.jpg\",\"width\":2048,\"height\":1152,\"caption\":\"Killer Press\"},\"image\":{\"@id\":\"https:\/\/killer-press.com\/de\/#\/schema\/logo\/image\/\"}}]}<\/script>\n<!-- \/ Yoast SEO Premium plugin. -->","yoast_head_json":{"title":"Corporate - Killer Press","description":"Coaching und Training f\u00fcr Fach- und F\u00fchrungskr\u00e4fte und Profisportler im Bereich Personal Branding, LinkedIn, Kommunikation und Mitarbeiterf\u00fchrung. Media Training vom Profi. Journalistin und Coach mit \u00fcber 20 Jahren Erfahrung. Bekannt aus TV, Radio und Zeitungen.","robots":{"index":"index","follow":"follow","max-snippet":"max-snippet:-1","max-image-preview":"max-image-preview:large","max-video-preview":"max-video-preview:-1"},"canonical":"https:\/\/killer-press.com\/de\/corporate\/","og_locale":"de_DE","og_type":"article","og_title":"Corporate","og_description":"Coaching und Training f\u00fcr Fach- und F\u00fchrungskr\u00e4fte und Profisportler im Bereich Personal Branding, LinkedIn, Kommunikation und Mitarbeiterf\u00fchrung. Media Training vom Profi. Journalistin und Coach mit \u00fcber 20 Jahren Erfahrung. Bekannt aus TV, Radio und Zeitungen.","og_url":"https:\/\/killer-press.com\/de\/corporate\/","og_site_name":"Killer Press","og_image":[{"width":2048,"height":1152,"url":"https:\/\/killer-press.com\/de\/wp-content\/uploads\/sites\/6\/2022\/01\/photo.jpg","type":"image\/jpeg"}],"twitter_card":"summary_large_image","twitter_misc":{"Gesch\u00e4tzte Lesezeit":"6\u00a0Minuten"},"schema":{"@context":"https:\/\/schema.org","@graph":[{"@type":"WebPage","@id":"https:\/\/killer-press.com\/de\/corporate\/","url":"https:\/\/killer-press.com\/de\/corporate\/","name":"Corporate - Killer Press","isPartOf":{"@id":"https:\/\/killer-press.com\/de\/#website"},"datePublished":"2018-04-02T08:55:21+00:00","description":"Coaching und Training f\u00fcr Fach- und F\u00fchrungskr\u00e4fte und Profisportler im Bereich Personal Branding, LinkedIn, Kommunikation und Mitarbeiterf\u00fchrung. Media Training vom Profi. Journalistin und Coach mit \u00fcber 20 Jahren Erfahrung. Bekannt aus TV, Radio und Zeitungen.","breadcrumb":{"@id":"https:\/\/killer-press.com\/de\/corporate\/#breadcrumb"},"inLanguage":"de","potentialAction":[{"@type":"ReadAction","target":["https:\/\/killer-press.com\/de\/corporate\/"]}]},{"@type":"BreadcrumbList","@id":"https:\/\/killer-press.com\/de\/corporate\/#breadcrumb","itemListElement":[{"@type":"ListItem","position":1,"name":"Home","item":"https:\/\/killer-press.com\/de\/"},{"@type":"ListItem","position":2,"name":"Corporate"}]},{"@type":"WebSite","@id":"https:\/\/killer-press.com\/de\/#website","url":"https:\/\/killer-press.com\/de\/","name":"Killer Press","description":"","publisher":{"@id":"https:\/\/killer-press.com\/de\/#organization"},"potentialAction":[{"@type":"SearchAction","target":{"@type":"EntryPoint","urlTemplate":"https:\/\/killer-press.com\/de\/?s={search_term_string}"},"query-input":{"@type":"PropertyValueSpecification","valueRequired":true,"valueName":"search_term_string"}}],"inLanguage":"de"},{"@type":"Organization","@id":"https:\/\/killer-press.com\/de\/#organization","name":"Killer Press","url":"https:\/\/killer-press.com\/de\/","logo":{"@type":"ImageObject","inLanguage":"de","@id":"https:\/\/killer-press.com\/de\/#\/schema\/logo\/image\/","url":"https:\/\/killer-press.com\/de\/wp-content\/uploads\/sites\/6\/2022\/01\/photo.jpg","contentUrl":"https:\/\/killer-press.com\/de\/wp-content\/uploads\/sites\/6\/2022\/01\/photo.jpg","width":2048,"height":1152,"caption":"Killer Press"},"image":{"@id":"https:\/\/killer-press.com\/de\/#\/schema\/logo\/image\/"}}]}},"_links":{"self":[{"href":"https:\/\/killer-press.com\/de\/wp-json\/wp\/v2\/pages\/1659","targetHints":{"allow":["GET"]}}],"collection":[{"href":"https:\/\/killer-press.com\/de\/wp-json\/wp\/v2\/pages"}],"about":[{"href":"https:\/\/killer-press.com\/de\/wp-json\/wp\/v2\/types\/page"}],"author":[{"embeddable":true,"href":"https:\/\/killer-press.com\/de\/wp-json\/wp\/v2\/users\/12"}],"replies":[{"embeddable":true,"href":"https:\/\/killer-press.com\/de\/wp-json\/wp\/v2\/comments?post=1659"}],"version-history":[{"count":0,"href":"https:\/\/killer-press.com\/de\/wp-json\/wp\/v2\/pages\/1659\/revisions"}],"wp:attachment":[{"href":"https:\/\/killer-press.com\/de\/wp-json\/wp\/v2\/media?parent=1659"}],"curies":[{"name":"wp","href":"https:\/\/api.w.org\/{rel}","templated":true}]}}