{"id":1816,"date":"2018-04-06T12:59:41","date_gmt":"2018-04-06T12:59:41","guid":{"rendered":"https:\/\/bagony.com\/killgerm\/de\/?page_id=1816"},"modified":"2023-12-07T16:34:34","modified_gmt":"2023-12-07T16:34:34","slug":"seminar","status":"publish","type":"page","link":"https:\/\/killer-press.com\/de\/seminar\/","title":{"rendered":"SEMINAR"},"content":{"rendered":"<div class=\"wpb-content-wrapper\"><p>[vc_row][vc_column][apress_heading sub_title=&#8221;Alle Workshops Live Online&#8221; data_animation=&#8221;fadeInUp&#8221; delimiter_line_height_9_10=&#8221;50&#8243; color_scheme=&#8221;design_your_own&#8221; main_heading_color=&#8221;#333333&#8243; style=&#8221;heading_style9&#8243; title_font_options=&#8221;tag:h2|letter_spacing:1&#8243; subtitle_font_options=&#8221;tag:h3&#8243;]Training \/ Workshop \/ Seminar[\/apress_heading]<div class=\"ult-spacer spacer-69e774410a04c\" data-id=\"69e774410a04c\" data-height=\"10\" data-height-mobile=\"10\" data-height-tab=\"10\" data-height-tab-portrait=\"\" data-height-mobile-landscape=\"\" style=\"clear:both;display:block;\"><\/div>[apress_text_separator title=&#8221;Online Training&#8221; title_font_options=&#8221;tag:h2&#8243;][\/vc_column][\/vc_row][vc_row][vc_column width=&#8221;1\/3&#8243;][apress_gradient_icon_box description=&#8221;Die M\u00f6glichkeiten sind vielf\u00e4ltig die Online Pr\u00e4senz als Unternehmen zu erh\u00f6hen. Egal ob die Facebook-Seite einer Organisation oder in Ihrem eigenen LinkedIn-Abschnitt Die Frage ist dann oft, aber wie? Denn so vielf\u00e4ltig wie die M\u00f6glichkeiten, genauso verwirrend sind die Wege und die dazugeh\u00f6rigen Kan\u00e4le. Mache ich das so richtig? Nutze ich bereits mein ganzes Potenzial oder gibt es mehr? In diesem Workshop geht es vor allem darum, die Kan\u00e4le zu verstehen und die richtige Strategie f\u00fcr Sie und Ihr Unternehmen zu finden. Denn in Social Media gibt es keine Schablone. Alles ist sehr pr\u00e4zise und individuell. Zumindest, wenn man es gewinnbringend nutzen m\u00f6chte.&#8221; icon_family=&#8221;fontawesome&#8221; icon_fontawesome=&#8221;far fa-lightbulb&#8221; gradient_icon_size=&#8221;50&#8243; style=&#8221;iconbox_style1&#8243; title_font_options=&#8221;tag:h3&#8243;]Social Media &#8211; Sichtbarkeit f\u00fcr Unternehmen[\/apress_gradient_icon_box][vc_empty_space height=&#8221;50px&#8221;][vc_column_text]Was Sie lernen:<\/p>\n<ul>\n<li>Welcher Kanal passt zu meinem Unternehmen<\/li>\n<li>Wie nutze ich diesen Kanal<\/li>\n<li>Wie erstelle ich einzigartige Inhalte<\/li>\n<li>Unternehmensseite oder Ihr Unternehmensprofil Optimierung.<\/li>\n<li>Wie man die Social-Media-Profile von Mitbewerbern \u00fcberpr\u00fcft und worauf zu achten ist.<\/li>\n<li>Social-Management-Tools &#8211; welche und ist das sinnvoll<\/li>\n<li>Texte, #Hashtags, Keywords, Videos, Audio, Fotos.<\/li>\n<li>Digitale Pr\u00e4senz<\/li>\n<\/ul>\n<p>[\/vc_column_text][vc_empty_space height=&#8221;50px&#8221;][\/vc_column][vc_column width=&#8221;1\/3&#8243;][apress_gradient_icon_box description=&#8221;Wer macht die beste Werbung, wenn nicht die Mitarbeiter des eigenen Unternehmens? Ein Mitarbeiter teilt und zeigt was sein Unternehmen so besonders, so gro\u00dfartig macht. Die Fach- und F\u00fchrungskraft wird zum Markenbotschafter des Unternehmens. Kaum eine Werbung schafft es, so viel Emotion und Authentizit\u00e4t hervorzubringen, wie der Mitarbeiter. Dies wird nach au\u00dfen \u00fcber die digitalen Medien kommuniziert. Nicht nur die eigenen Mitarbeiter bleiben lieber im Unternehmen, auch potentielle neue Mitarbeiter werden angezogen. Bessere Bewerbungen auf den Tisch, weniger Geld f\u00fcr Jobanzeigen, gezieltere Ansprachen. Es spart viel Zeit und Geld. Glassador sagt, dass 69% der Bewerber keinen Job bei einem Unternehmen annehmen w\u00fcrden, welches eine schlechte Reputation hat.&#8221; icon_family=&#8221;linecons&#8221; icon_linecons=&#8221;vc_li vc_li-diamond&#8221; gradient_icon_size=&#8221;50&#8243; style=&#8221;iconbox_style1&#8243; title_font_options=&#8221;tag:h3&#8243;]Employer Branding &#8211; Machen Sie Mitarbeiter zu Markenbotschaftern[\/apress_gradient_icon_box][vc_empty_space height=&#8221;50px&#8221;][vc_column_text]Was Sie lernen:<\/p>\n<ul>\n<li>Firmenimage Analyse<\/li>\n<li>Zielgruppenanalyse<\/li>\n<li>Potentielle Markenbotschafter<\/li>\n<li>Onboarding Programme<\/li>\n<li>Strategie und Planung<\/li>\n<li>Markenkommunikation \/ Markenbild<\/li>\n<li>Nach Au\u00dfen und Innen gerichtet Kommunikation<\/li>\n<\/ul>\n<p>[\/vc_column_text][vc_empty_space height=&#8221;50px&#8221;][\/vc_column][vc_column width=&#8221;1\/3&#8243;][apress_gradient_icon_box description=&#8221;Personal Branding zeigt Vertrauen, Emotionen und die Einzigartigkeit. Nicht nur der Person, sondern des ganzen Konzerns. Ein gutes Personal Branding verschafft zu mehr Sichtbarkeit. Es hilft den Kunden, den Menschen besser wahrzunehmen. Sie m\u00fcssen herausfinden, was Sie so einzigartig macht, was Sie hervorhebt. Vielleicht sagt der eine oder andere, dass es an ihm nichts Au\u00dfergew\u00f6hnliches gibt. Doch in unseren Sessions erleben die Menschen oft gro\u00dfe \u00dcberraschungen. Denn jeder von uns hat etwas Besonderes. Das arbeiten wir heraus und stellen das in den Vordergrund. Ihr Unternehmen wird alles tun, Sie zu f\u00f6rdern. Die st\u00e4rksten Brands strahlen etwas aus. Authentizit\u00e4t. Genau diese Authentizit\u00e4t braucht auch Ihr Personal Brand. Heutzutage werden wir \u00fcberflutet von Informationen und k\u00f6nnen mittlerweile recht gut erkennen was Fake ist.&#8221; icon_family=&#8221;linecons&#8221; gradient_icon_size=&#8221;50&#8243; style=&#8221;iconbox_style1&#8243; title_font_options=&#8221;tag:h2&#8243;]Personal Branding f\u00fcr leitende Mitarbeiter[\/apress_gradient_icon_box][vc_empty_space height=&#8221;50px&#8221;][vc_column_text]Was Sie lernen:<\/p>\n<ul>\n<li>Ziele erarbeiten<\/li>\n<li>Aufbau einer pers\u00f6nlichen Marke und Unternehmensmarke<\/li>\n<li>Erarbeitung einer Kommunikationsstrategie<\/li>\n<li>Vertrauen erwirken, Vertrauen schaffen<\/li>\n<li>Branding Statement<\/li>\n<li>Sichtbarkeit schaffen<\/li>\n<li>Profiloptimierung<\/li>\n<\/ul>\n<p>[\/vc_column_text][vc_empty_space height=&#8221;50px&#8221;][\/vc_column][\/vc_row][vc_row][vc_column width=&#8221;1\/3&#8243;][apress_gradient_icon_box description=&#8221;Ganz egal ob Sie F\u00fchrungskraft, Mitarbeiter, Manager oder Selbst\u00e4ndig sind. Texte bestimmen heutzutage unser Leben. Sie m\u00fcssen bew\u00e4hrte Formeln bzw. Techniken lernen, die Kunden \u00fcberzeugen, die Botschaft r\u00fcberbringen und den richtigen Ton beibehalten. Psychologie, Schreibfertigkeit, Technik sind nur der Anfang. Hand in Hand mit Marketing.&#8221; icon_family=&#8221;linecons&#8221; icon_linecons=&#8221;vc_li vc_li-paperplane&#8221; gradient_icon_size=&#8221;50&#8243; style=&#8221;iconbox_style1&#8243; title_font_options=&#8221;tag:h3&#8243;]Copywriting &#8211; Texte sicher und einzigartig formulieren[\/apress_gradient_icon_box][vc_empty_space height=&#8221;50px&#8221;][vc_column_text]Was Sie lernen:<\/p>\n<ul>\n<li>Audience verstehen &#8211; Print vs Online<\/li>\n<li>Verfassen von digitalen Inhalten<\/li>\n<li>Analysieren, entwickeln und produktive Verbesserungstechniken<\/li>\n<li>Struktur und Stil<\/li>\n<li>Lokalisieren von Entwicklungsbereichen<\/li>\n<li>Verfassen von allgemeinen Texten (Mitarbeiterschreiben, Mails, LinkedIn &amp; Co)<\/li>\n<li>Kernbotschaften erarbeiten und kommunizieren<\/li>\n<\/ul>\n<p>[\/vc_column_text][\/vc_column][vc_column width=&#8221;1\/3&#8243;][apress_gradient_icon_box description=&#8221;Sie werden Gelegenheit haben, vor einer Kamera zu \u00fcben. Oder wir konzentrieren uns auf Mikrofone wie Podcasts, Audio. Wir sind professionelle Journalisten und Moderatoren, die regelm\u00e4\u00dfig vor einer Kamera oder einem Mikrofon stehen. Sie werden lernen, wie Sie sich verhalten, wie Sie auftreten, wie Sie knifflige Fragen beantworten und wie Sie Ihre Stimme und Ihren Tonfall regulieren k\u00f6nnen. Sie werden jede Interview-Situation in den Medien beherrschen.&#8221; icon_family=&#8221;linecons&#8221; icon_linecons=&#8221;vc_li vc_li-video&#8221; gradient_icon_size=&#8221;50&#8243; style=&#8221;iconbox_style1&#8243; title_font_options=&#8221;tag:h3&#8243;]Media Training[\/apress_gradient_icon_box][vc_empty_space height=&#8221;50px&#8221;][vc_column_text]Was Sie lernen:<\/p>\n<ul>\n<li>Ausstrahlung<\/li>\n<li>Einf\u00fchrung in Journalistik<\/li>\n<li>Vorbereitung auf \u00f6ffentliche Auftritte (Pr\u00e4senz und Online)<\/li>\n<li>Tonfall und K\u00f6rpersprache<\/li>\n<li>Interaktion hinter dem Bildschirm<\/li>\n<li>Training Selbstbewusstsein vor der Kamera<\/li>\n<li>Licht, Kamera, Action: Die Geheimnisse der Kamerabereitschaft<\/li>\n<li>Regeln bei Krisen<\/li>\n<\/ul>\n<p>[\/vc_column_text][\/vc_column][vc_column width=&#8221;1\/3&#8243;][apress_gradient_icon_box description=&#8221;Storytelling &#8211; Geschichten erz\u00e4hlen. Doch Storytelling ist weitaus mehr. Es ist eine F\u00e4higkeit, die erlernt werden kann und dazu dient, Ihre Wirkung in der Kommunikation positiv zu ver\u00e4ndern. Durch richtiges Storytelling inspirieren und \u00fcberzeugen Sie andere. Mit der richtigen Geschichte senden Sie Botschaften auf eine Art und Weise, die sich bei anderen einpr\u00e4gt und positiv in Erinnerung bleibt.&#8221; icon_family=&#8221;linecons&#8221; icon_linecons=&#8221;vc_li vc_li-star&#8221; gradient_icon_size=&#8221;50&#8243; style=&#8221;iconbox_style1&#8243; title_font_options=&#8221;tag:h3&#8243;]Storytelling[\/apress_gradient_icon_box][vc_empty_space height=&#8221;50px&#8221;][vc_column_text]Was Sie lernen:<\/p>\n<ul>\n<li>Was ist Storytelling?<\/li>\n<li>Wie nutzt man aktiv Storytelling in den Medien und im Beruf<\/li>\n<li>Kommunikationsrichtlinien<\/li>\n<li>Vom lesen, schreiben und erz\u00e4hlen<\/li>\n<li>Story Struktur<\/li>\n<li>Emotionale Reise<\/li>\n<li>Werkzeuge, Techniken &#8211; egal ob f\u00fcr Pr\u00e4sentationen oder Auftritte<\/li>\n<\/ul>\n<p>[\/vc_column_text][\/vc_column][\/vc_row][vc_row][vc_column][vc_row_inner][vc_column_inner][vc_custom_heading text=&#8221;Dies ist unser klassischer Entwurf, der dann an Ihre Bed\u00fcrfnisse und die des Unternehmens angepasst wird.&#8221;][vc_message]M\u00f6chten Sie lieber ein Exklusives Coaching? Alle Inhalte sind auf Sie pers\u00f6nlich abgestimmt.<br \/>\nDann buchen Sie hier.[\/vc_message][\/vc_column_inner][\/vc_row_inner][vc_column_text]\u00a0[\/vc_column_text][vc_video link=&#8221;https:\/\/vimeo.com\/192166066&#8243;][\/vc_column][\/vc_row][vc_row][vc_column][apress_text_separator title=&#8221;2 Tages &#8211; Seminare&#8221; title_font_options=&#8221;tag:h2&#8243;][vc_column_text]Die Seminare \/ Workshops k\u00f6nnen in folgenden Sprachen stattfinden:<\/p>\n<p>Deutsch, Englisch, Italienisch[\/vc_column_text][\/vc_column][\/vc_row][vc_row][vc_column][vc_btn title=&#8221;Mehr&#8221; link=&#8221;url:mailto%3APR%40killer-press.com||target:%20_blank|&#8221;][\/vc_column][\/vc_row][vc_row][vc_column][vc_column_text]<\/p>\n<p style=\"text-align: center;\"><a href=\"mailto:pr@killer-press.com\"><img decoding=\"async\" class=\"wp-image-2668 aligncenter\" src=\"https:\/\/killer-press.com\/de\/wp-content\/uploads\/sites\/6\/2022\/11\/bildschirmfoto-2022-11-21-um-11-21-01.png\" alt=\"\" width=\"92\" height=\"86\" \/><\/a><\/p>\n<p>[\/vc_column_text][vc_column_text]*zuz\u00fcglich gesetzlicher MwSt \/ Preis pro Person \/ basierend auf einer Gruppengr\u00f6\u00dfe von 10 Personen. Bei kleineren Gruppen erh\u00f6ht sich der Betrag. F\u00fcr Unternehmern mit mehreren Teilnehmern, gibt es andere Konditionen.<br \/>\nPreise f\u00fcr Einzelcoachings bitte erfragen.[\/vc_column_text][vc_column_text]<\/p>\n<h2 style=\"text-align: center;\">Keine Lust auf &#8220;Gruppe&#8221;? Kein Problem. Einzel-Coachings sind jederzeit m\u00f6glich. Bitte erfragen Sie Termine und Preise.<\/h2>\n<p>[\/vc_column_text][vc_empty_space][apress_text_separator title=&#8221;Extra Workshop&#8221; title_font_options=&#8221;tag:h2&#8243;][vc_column_text]Corporate Blogging Inhouse Seminar[\/vc_column_text][\/vc_column][\/vc_row][vc_row][vc_column][\/vc_column][\/vc_row][vc_row][vc_column][\/vc_column][\/vc_row]<\/p>\n<div class=\"shariff shariff-align-left shariff-widget-align-left\"><ul class=\"shariff-buttons theme-round orientation-horizontal buttonsize-medium\"><li class=\"shariff-button linkedin shariff-nocustomcolor\" style=\"background-color:#1488bf\"><a href=\"https:\/\/www.linkedin.com\/sharing\/share-offsite\/?url=https%3A%2F%2Fkiller-press.com%2Fde%2Fseminar%2F\" title=\"Bei LinkedIn teilen\" aria-label=\"Bei LinkedIn teilen\" role=\"button\" rel=\"noopener nofollow\" class=\"shariff-link\" style=\"; background-color:#0077b5; color:#fff\" target=\"_blank\"><span class=\"shariff-icon\" style=\"\"><svg width=\"32px\" height=\"20px\" xmlns=\"http:\/\/www.w3.org\/2000\/svg\" viewBox=\"0 0 27 32\"><path fill=\"#0077b5\" d=\"M6.2 11.2v17.7h-5.9v-17.7h5.9zM6.6 5.7q0 1.3-0.9 2.2t-2.4 0.9h0q-1.5 0-2.4-0.9t-0.9-2.2 0.9-2.2 2.4-0.9 2.4 0.9 0.9 2.2zM27.4 18.7v10.1h-5.9v-9.5q0-1.9-0.7-2.9t-2.3-1.1q-1.1 0-1.9 0.6t-1.2 1.5q-0.2 0.5-0.2 1.4v9.9h-5.9q0-7.1 0-11.6t0-5.3l0-0.9h5.9v2.6h0q0.4-0.6 0.7-1t1-0.9 1.6-0.8 2-0.3q3 0 4.9 2t1.9 6z\"\/><\/svg><\/span><\/a><\/li><li class=\"shariff-button facebook shariff-nocustomcolor\" style=\"background-color:#4273c8\"><a href=\"https:\/\/www.facebook.com\/sharer\/sharer.php?u=https%3A%2F%2Fkiller-press.com%2Fde%2Fseminar%2F\" title=\"Bei Facebook teilen\" aria-label=\"Bei Facebook teilen\" role=\"button\" rel=\"nofollow\" class=\"shariff-link\" style=\"; background-color:#3b5998; color:#fff\" target=\"_blank\"><span class=\"shariff-icon\" style=\"\"><svg width=\"32px\" height=\"20px\" xmlns=\"http:\/\/www.w3.org\/2000\/svg\" viewBox=\"0 0 18 32\"><path fill=\"#3b5998\" d=\"M17.1 0.2v4.7h-2.8q-1.5 0-2.1 0.6t-0.5 1.9v3.4h5.2l-0.7 5.3h-4.5v13.6h-5.5v-13.6h-4.5v-5.3h4.5v-3.9q0-3.3 1.9-5.2t5-1.8q2.6 0 4.1 0.2z\"\/><\/svg><\/span><\/a><\/li><li class=\"shariff-button mailto shariff-nocustomcolor\" style=\"background-color:#a8a8a8\"><a href=\"mailto:?body=https%3A%2F%2Fkiller-press.com%2Fde%2Fseminar%2F&subject=SEMINAR\" title=\"Per E-Mail versenden\" aria-label=\"Per E-Mail versenden\" role=\"button\" rel=\"noopener nofollow\" class=\"shariff-link\" style=\"; background-color:#999; color:#fff\"><span class=\"shariff-icon\" style=\"\"><svg width=\"32px\" height=\"20px\" xmlns=\"http:\/\/www.w3.org\/2000\/svg\" viewBox=\"0 0 32 32\"><path fill=\"#999\" d=\"M32 12.7v14.2q0 1.2-0.8 2t-2 0.9h-26.3q-1.2 0-2-0.9t-0.8-2v-14.2q0.8 0.9 1.8 1.6 6.5 4.4 8.9 6.1 1 0.8 1.6 1.2t1.7 0.9 2 0.4h0.1q0.9 0 2-0.4t1.7-0.9 1.6-1.2q3-2.2 8.9-6.1 1-0.7 1.8-1.6zM32 7.4q0 1.4-0.9 2.7t-2.2 2.2q-6.7 4.7-8.4 5.8-0.2 0.1-0.7 0.5t-1 0.7-0.9 0.6-1.1 0.5-0.9 0.2h-0.1q-0.4 0-0.9-0.2t-1.1-0.5-0.9-0.6-1-0.7-0.7-0.5q-1.6-1.1-4.7-3.2t-3.6-2.6q-1.1-0.7-2.1-2t-1-2.5q0-1.4 0.7-2.3t2.1-0.9h26.3q1.2 0 2 0.8t0.9 2z\"\/><\/svg><\/span><\/a><\/li><\/ul><\/div><\/div>","protected":false},"excerpt":{"rendered":"<p>[vc_row][vc_column][apress_heading sub_title=&#8221;Alle Workshops Live Online&#8221; data_animation=&#8221;fadeInUp&#8221; delimiter_line_height_9_10=&#8221;50&#8243; color_scheme=&#8221;design_your_own&#8221; main_heading_color=&#8221;#333333&#8243; style=&#8221;heading_style9&#8243; title_font_options=&#8221;tag:h2|letter_spacing:1&#8243; subtitle_font_options=&#8221;tag:h3&#8243;]Training \/ Workshop \/ Seminar[\/apress_heading][apress_text_separator title=&#8221;Online Training&#8221; title_font_options=&#8221;tag:h2&#8243;][\/vc_column][\/vc_row][vc_row][vc_column width=&#8221;1\/3&#8243;][apress_gradient_icon_box description=&#8221;Die M\u00f6glichkeiten sind vielf\u00e4ltig die Online Pr\u00e4senz als Unternehmen zu erh\u00f6hen. Egal ob die Facebook-Seite einer Organisation oder in Ihrem<span class=\"read_more_area\"><a class=\"read-more\" href=\"https:\/\/killer-press.com\/de\/seminar\/\"> Continue Reading <\/a><\/span><\/p>\n","protected":false},"author":12,"featured_media":0,"parent":0,"menu_order":0,"comment_status":"closed","ping_status":"closed","template":"","meta":{"MSN_Categories":"Uncategorized","MSN_Publish_Option":false,"MSN_Is_Local_News":false,"MSN_Is_AIAC_Included":"Empty","MSN_Location":"[]","MSN_Add_Feature_Img_On_Top_Of_Post":false,"MSN_Has_Custom_Author":false,"MSN_Custom_Author":"","MSN_Has_Custom_Canonical_Url":false,"MSN_Custom_Canonical_Url":"","footnotes":""},"class_list":["post-1816","page","type-page","status-publish","hentry"],"yoast_head":"<!-- This site is optimized with the Yoast SEO Premium plugin v20.7 (Yoast SEO v27.4) - https:\/\/yoast.com\/product\/yoast-seo-premium-wordpress\/ -->\n<title>SEMINAR - Killer Press<\/title>\n<meta name=\"description\" content=\"Buchen Sie jetzt Ihr Seminar: Social Media, Storytelling, Personal Branding, Media Training, Online Seminare und Workshops\" \/>\n<meta name=\"robots\" content=\"index, follow, max-snippet:-1, max-image-preview:large, max-video-preview:-1\" \/>\n<link rel=\"canonical\" href=\"https:\/\/killer-press.com\/de\/seminar\/\" \/>\n<meta property=\"og:locale\" content=\"de_DE\" \/>\n<meta property=\"og:type\" content=\"article\" \/>\n<meta property=\"og:title\" content=\"SEMINAR\" \/>\n<meta property=\"og:description\" content=\"Buchen Sie jetzt Ihr Seminar: Social Media, Storytelling, Personal Branding, Media Training, Online Seminare und Workshops\" \/>\n<meta property=\"og:url\" content=\"https:\/\/killer-press.com\/de\/seminar\/\" \/>\n<meta property=\"og:site_name\" content=\"Killer Press\" \/>\n<meta property=\"article:modified_time\" content=\"2023-12-07T16:34:34+00:00\" \/>\n<meta property=\"og:image\" content=\"https:\/\/killer-press.com\/de\/wp-content\/uploads\/sites\/6\/2022\/11\/bildschirmfoto-2022-11-21-um-11-21-01.png\" \/>\n<meta name=\"twitter:card\" content=\"summary_large_image\" \/>\n<meta name=\"twitter:label1\" content=\"Gesch\u00e4tzte Lesezeit\" \/>\n\t<meta name=\"twitter:data1\" content=\"6\u00a0Minuten\" \/>\n<script type=\"application\/ld+json\" class=\"yoast-schema-graph\">{\"@context\":\"https:\\\/\\\/schema.org\",\"@graph\":[{\"@type\":\"WebPage\",\"@id\":\"https:\\\/\\\/killer-press.com\\\/de\\\/seminar\\\/\",\"url\":\"https:\\\/\\\/killer-press.com\\\/de\\\/seminar\\\/\",\"name\":\"SEMINAR - Killer Press\",\"isPartOf\":{\"@id\":\"https:\\\/\\\/killer-press.com\\\/de\\\/#website\"},\"primaryImageOfPage\":{\"@id\":\"https:\\\/\\\/killer-press.com\\\/de\\\/seminar\\\/#primaryimage\"},\"image\":{\"@id\":\"https:\\\/\\\/killer-press.com\\\/de\\\/seminar\\\/#primaryimage\"},\"thumbnailUrl\":\"https:\\\/\\\/killer-press.com\\\/de\\\/wp-content\\\/uploads\\\/sites\\\/6\\\/2022\\\/11\\\/bildschirmfoto-2022-11-21-um-11-21-01.png\",\"datePublished\":\"2018-04-06T12:59:41+00:00\",\"dateModified\":\"2023-12-07T16:34:34+00:00\",\"description\":\"Buchen Sie jetzt Ihr Seminar: Social Media, Storytelling, Personal Branding, Media Training, Online Seminare und Workshops\",\"breadcrumb\":{\"@id\":\"https:\\\/\\\/killer-press.com\\\/de\\\/seminar\\\/#breadcrumb\"},\"inLanguage\":\"de\",\"potentialAction\":[{\"@type\":\"ReadAction\",\"target\":[\"https:\\\/\\\/killer-press.com\\\/de\\\/seminar\\\/\"]}]},{\"@type\":\"ImageObject\",\"inLanguage\":\"de\",\"@id\":\"https:\\\/\\\/killer-press.com\\\/de\\\/seminar\\\/#primaryimage\",\"url\":\"https:\\\/\\\/killer-press.com\\\/de\\\/wp-content\\\/uploads\\\/sites\\\/6\\\/2022\\\/11\\\/bildschirmfoto-2022-11-21-um-11-21-01.png\",\"contentUrl\":\"https:\\\/\\\/killer-press.com\\\/de\\\/wp-content\\\/uploads\\\/sites\\\/6\\\/2022\\\/11\\\/bildschirmfoto-2022-11-21-um-11-21-01.png\",\"width\":100,\"height\":94},{\"@type\":\"BreadcrumbList\",\"@id\":\"https:\\\/\\\/killer-press.com\\\/de\\\/seminar\\\/#breadcrumb\",\"itemListElement\":[{\"@type\":\"ListItem\",\"position\":1,\"name\":\"Home\",\"item\":\"https:\\\/\\\/killer-press.com\\\/de\\\/\"},{\"@type\":\"ListItem\",\"position\":2,\"name\":\"SEMINAR\"}]},{\"@type\":\"WebSite\",\"@id\":\"https:\\\/\\\/killer-press.com\\\/de\\\/#website\",\"url\":\"https:\\\/\\\/killer-press.com\\\/de\\\/\",\"name\":\"Killer Press\",\"description\":\"\",\"publisher\":{\"@id\":\"https:\\\/\\\/killer-press.com\\\/de\\\/#organization\"},\"potentialAction\":[{\"@type\":\"SearchAction\",\"target\":{\"@type\":\"EntryPoint\",\"urlTemplate\":\"https:\\\/\\\/killer-press.com\\\/de\\\/?s={search_term_string}\"},\"query-input\":{\"@type\":\"PropertyValueSpecification\",\"valueRequired\":true,\"valueName\":\"search_term_string\"}}],\"inLanguage\":\"de\"},{\"@type\":\"Organization\",\"@id\":\"https:\\\/\\\/killer-press.com\\\/de\\\/#organization\",\"name\":\"Killer Press\",\"url\":\"https:\\\/\\\/killer-press.com\\\/de\\\/\",\"logo\":{\"@type\":\"ImageObject\",\"inLanguage\":\"de\",\"@id\":\"https:\\\/\\\/killer-press.com\\\/de\\\/#\\\/schema\\\/logo\\\/image\\\/\",\"url\":\"https:\\\/\\\/killer-press.com\\\/de\\\/wp-content\\\/uploads\\\/sites\\\/6\\\/2022\\\/01\\\/photo.jpg\",\"contentUrl\":\"https:\\\/\\\/killer-press.com\\\/de\\\/wp-content\\\/uploads\\\/sites\\\/6\\\/2022\\\/01\\\/photo.jpg\",\"width\":2048,\"height\":1152,\"caption\":\"Killer Press\"},\"image\":{\"@id\":\"https:\\\/\\\/killer-press.com\\\/de\\\/#\\\/schema\\\/logo\\\/image\\\/\"}}]}<\/script>\n<!-- \/ Yoast SEO Premium plugin. -->","yoast_head_json":{"title":"SEMINAR - Killer Press","description":"Buchen Sie jetzt Ihr Seminar: Social Media, Storytelling, Personal Branding, Media Training, Online Seminare und Workshops","robots":{"index":"index","follow":"follow","max-snippet":"max-snippet:-1","max-image-preview":"max-image-preview:large","max-video-preview":"max-video-preview:-1"},"canonical":"https:\/\/killer-press.com\/de\/seminar\/","og_locale":"de_DE","og_type":"article","og_title":"SEMINAR","og_description":"Buchen Sie jetzt Ihr Seminar: Social Media, Storytelling, Personal Branding, Media Training, Online Seminare und Workshops","og_url":"https:\/\/killer-press.com\/de\/seminar\/","og_site_name":"Killer Press","article_modified_time":"2023-12-07T16:34:34+00:00","og_image":[{"url":"https:\/\/killer-press.com\/de\/wp-content\/uploads\/sites\/6\/2022\/11\/bildschirmfoto-2022-11-21-um-11-21-01.png","type":"","width":"","height":""}],"twitter_card":"summary_large_image","twitter_misc":{"Gesch\u00e4tzte Lesezeit":"6\u00a0Minuten"},"schema":{"@context":"https:\/\/schema.org","@graph":[{"@type":"WebPage","@id":"https:\/\/killer-press.com\/de\/seminar\/","url":"https:\/\/killer-press.com\/de\/seminar\/","name":"SEMINAR - Killer Press","isPartOf":{"@id":"https:\/\/killer-press.com\/de\/#website"},"primaryImageOfPage":{"@id":"https:\/\/killer-press.com\/de\/seminar\/#primaryimage"},"image":{"@id":"https:\/\/killer-press.com\/de\/seminar\/#primaryimage"},"thumbnailUrl":"https:\/\/killer-press.com\/de\/wp-content\/uploads\/sites\/6\/2022\/11\/bildschirmfoto-2022-11-21-um-11-21-01.png","datePublished":"2018-04-06T12:59:41+00:00","dateModified":"2023-12-07T16:34:34+00:00","description":"Buchen Sie jetzt Ihr Seminar: Social Media, Storytelling, Personal Branding, Media Training, Online Seminare und Workshops","breadcrumb":{"@id":"https:\/\/killer-press.com\/de\/seminar\/#breadcrumb"},"inLanguage":"de","potentialAction":[{"@type":"ReadAction","target":["https:\/\/killer-press.com\/de\/seminar\/"]}]},{"@type":"ImageObject","inLanguage":"de","@id":"https:\/\/killer-press.com\/de\/seminar\/#primaryimage","url":"https:\/\/killer-press.com\/de\/wp-content\/uploads\/sites\/6\/2022\/11\/bildschirmfoto-2022-11-21-um-11-21-01.png","contentUrl":"https:\/\/killer-press.com\/de\/wp-content\/uploads\/sites\/6\/2022\/11\/bildschirmfoto-2022-11-21-um-11-21-01.png","width":100,"height":94},{"@type":"BreadcrumbList","@id":"https:\/\/killer-press.com\/de\/seminar\/#breadcrumb","itemListElement":[{"@type":"ListItem","position":1,"name":"Home","item":"https:\/\/killer-press.com\/de\/"},{"@type":"ListItem","position":2,"name":"SEMINAR"}]},{"@type":"WebSite","@id":"https:\/\/killer-press.com\/de\/#website","url":"https:\/\/killer-press.com\/de\/","name":"Killer Press","description":"","publisher":{"@id":"https:\/\/killer-press.com\/de\/#organization"},"potentialAction":[{"@type":"SearchAction","target":{"@type":"EntryPoint","urlTemplate":"https:\/\/killer-press.com\/de\/?s={search_term_string}"},"query-input":{"@type":"PropertyValueSpecification","valueRequired":true,"valueName":"search_term_string"}}],"inLanguage":"de"},{"@type":"Organization","@id":"https:\/\/killer-press.com\/de\/#organization","name":"Killer Press","url":"https:\/\/killer-press.com\/de\/","logo":{"@type":"ImageObject","inLanguage":"de","@id":"https:\/\/killer-press.com\/de\/#\/schema\/logo\/image\/","url":"https:\/\/killer-press.com\/de\/wp-content\/uploads\/sites\/6\/2022\/01\/photo.jpg","contentUrl":"https:\/\/killer-press.com\/de\/wp-content\/uploads\/sites\/6\/2022\/01\/photo.jpg","width":2048,"height":1152,"caption":"Killer Press"},"image":{"@id":"https:\/\/killer-press.com\/de\/#\/schema\/logo\/image\/"}}]}},"_links":{"self":[{"href":"https:\/\/killer-press.com\/de\/wp-json\/wp\/v2\/pages\/1816","targetHints":{"allow":["GET"]}}],"collection":[{"href":"https:\/\/killer-press.com\/de\/wp-json\/wp\/v2\/pages"}],"about":[{"href":"https:\/\/killer-press.com\/de\/wp-json\/wp\/v2\/types\/page"}],"author":[{"embeddable":true,"href":"https:\/\/killer-press.com\/de\/wp-json\/wp\/v2\/users\/12"}],"replies":[{"embeddable":true,"href":"https:\/\/killer-press.com\/de\/wp-json\/wp\/v2\/comments?post=1816"}],"version-history":[{"count":45,"href":"https:\/\/killer-press.com\/de\/wp-json\/wp\/v2\/pages\/1816\/revisions"}],"predecessor-version":[{"id":2793,"href":"https:\/\/killer-press.com\/de\/wp-json\/wp\/v2\/pages\/1816\/revisions\/2793"}],"wp:attachment":[{"href":"https:\/\/killer-press.com\/de\/wp-json\/wp\/v2\/media?parent=1816"}],"curies":[{"name":"wp","href":"https:\/\/api.w.org\/{rel}","templated":true}]}}