{"id":1952,"date":"2018-04-23T12:16:34","date_gmt":"2018-04-23T12:16:34","guid":{"rendered":"https:\/\/killer-press.com\/beta\/?page_id=1952"},"modified":"2020-04-24T10:05:04","modified_gmt":"2020-04-24T10:05:04","slug":"mode-schmuck","status":"publish","type":"page","link":"https:\/\/killer-press.com\/de\/mode-schmuck\/","title":{"rendered":"Mode &#038; Schmuck"},"content":{"rendered":"<div class=\"wpb-content-wrapper\"><p>[vc_row][vc_column width=&#8221;2\/3&#8243;][vc_single_image image=&#8221;1856&#8243; img_size=&#8221;full&#8221;][vc_column_text]<\/p>\n<h2>Mode<\/h2>\n<p><strong>\u201cMode ist nichts, was nur in Kleidung existiert. Mode ist in der Luft, auf der Stra\u00dfe, Mode hat etwas mit Ideen zu tun, mit der Art wie wir leben, mit dem was passiert\u201d Coco Chanel<\/strong><\/p>\n<p>Wir bei Killer Press sind mit Mode gewachsen. Wir haben schon fr\u00fch mit gro\u00dfen Designern zusammengearbeitet und kennen nicht nur das Segment Mode, wir leben es.<\/p>\n<p>Das ist es, was uns heraushebt. Denn wir brauchen keine langen Erkl\u00e4rungen wie wir ein Brand pr\u00e4sentieren sollen.<\/p>\n<p>Wir besitzen so eine Affinit\u00e4t zur Mode, dass wir Trends erkennen, bevor sie in den Medien erscheinen.<\/p>\n<p>Das gibt uns den Vorteil, Produkte und Trendvorschl\u00e4ge besser zu pr\u00e4sentieren.<\/p>\n<p>Durch die vielen Reisen und Auslandsaufenthalte, sind wir auch auf dem Internationalen Parkett zu Hause.<\/p>\n<p>Wir helfen unseren Kunden auch bei der Recherche zu neuen Produkten, Trends und Tendenzen. So k\u00f6nnen zeitnah auch ganze Produktionen angekurbelt werden.<\/p>\n<p>Zur Mode geh\u00f6rt nicht nur die Kleidung. Zur Mode geh\u00f6ren die Accessoires wie Schmuck, Taschen, Schuhe, Sonnenbrillen, Lebensstil, Umgebung, Charakter und noch viele weitere Faktoren.<\/p>\n<h3>Killer Press bringt die Leidenschaft mit, von dem Ihr Unternehmen profitiert.<\/h3>\n<div class=\"ssba ssba-wrap\">\n<div>Share if you like\u2026<\/div>\n<\/div>\n<p>[\/vc_column_text][vc_video link=&#8221;https:\/\/vimeo.com\/192166066&#8243;][\/vc_column][vc_column width=&#8221;1\/3&#8243;][\/vc_column][\/vc_row]<\/p>\n<div class=\"shariff shariff-align-left shariff-widget-align-left\"><ul class=\"shariff-buttons theme-round orientation-horizontal buttonsize-medium\"><li class=\"shariff-button linkedin shariff-nocustomcolor\" style=\"background-color:#1488bf\"><a href=\"https:\/\/www.linkedin.com\/sharing\/share-offsite\/?url=https%3A%2F%2Fkiller-press.com%2Fde%2Fmode-schmuck%2F\" title=\"Bei LinkedIn teilen\" aria-label=\"Bei LinkedIn teilen\" role=\"button\" rel=\"noopener nofollow\" class=\"shariff-link\" style=\"; background-color:#0077b5; color:#fff\" target=\"_blank\"><span class=\"shariff-icon\" style=\"\"><svg width=\"32px\" height=\"20px\" xmlns=\"http:\/\/www.w3.org\/2000\/svg\" viewBox=\"0 0 27 32\"><path fill=\"#0077b5\" d=\"M6.2 11.2v17.7h-5.9v-17.7h5.9zM6.6 5.7q0 1.3-0.9 2.2t-2.4 0.9h0q-1.5 0-2.4-0.9t-0.9-2.2 0.9-2.2 2.4-0.9 2.4 0.9 0.9 2.2zM27.4 18.7v10.1h-5.9v-9.5q0-1.9-0.7-2.9t-2.3-1.1q-1.1 0-1.9 0.6t-1.2 1.5q-0.2 0.5-0.2 1.4v9.9h-5.9q0-7.1 0-11.6t0-5.3l0-0.9h5.9v2.6h0q0.4-0.6 0.7-1t1-0.9 1.6-0.8 2-0.3q3 0 4.9 2t1.9 6z\"\/><\/svg><\/span><\/a><\/li><li class=\"shariff-button facebook shariff-nocustomcolor\" style=\"background-color:#4273c8\"><a href=\"https:\/\/www.facebook.com\/sharer\/sharer.php?u=https%3A%2F%2Fkiller-press.com%2Fde%2Fmode-schmuck%2F\" title=\"Bei Facebook teilen\" aria-label=\"Bei Facebook teilen\" role=\"button\" rel=\"nofollow\" class=\"shariff-link\" style=\"; background-color:#3b5998; color:#fff\" target=\"_blank\"><span class=\"shariff-icon\" style=\"\"><svg width=\"32px\" height=\"20px\" xmlns=\"http:\/\/www.w3.org\/2000\/svg\" viewBox=\"0 0 18 32\"><path fill=\"#3b5998\" d=\"M17.1 0.2v4.7h-2.8q-1.5 0-2.1 0.6t-0.5 1.9v3.4h5.2l-0.7 5.3h-4.5v13.6h-5.5v-13.6h-4.5v-5.3h4.5v-3.9q0-3.3 1.9-5.2t5-1.8q2.6 0 4.1 0.2z\"\/><\/svg><\/span><\/a><\/li><li class=\"shariff-button mailto shariff-nocustomcolor\" style=\"background-color:#a8a8a8\"><a href=\"mailto:?body=https%3A%2F%2Fkiller-press.com%2Fde%2Fmode-schmuck%2F&subject=Mode%20%26%20Schmuck\" title=\"Per E-Mail versenden\" aria-label=\"Per E-Mail versenden\" role=\"button\" rel=\"noopener nofollow\" class=\"shariff-link\" style=\"; background-color:#999; color:#fff\"><span class=\"shariff-icon\" style=\"\"><svg width=\"32px\" height=\"20px\" xmlns=\"http:\/\/www.w3.org\/2000\/svg\" viewBox=\"0 0 32 32\"><path fill=\"#999\" d=\"M32 12.7v14.2q0 1.2-0.8 2t-2 0.9h-26.3q-1.2 0-2-0.9t-0.8-2v-14.2q0.8 0.9 1.8 1.6 6.5 4.4 8.9 6.1 1 0.8 1.6 1.2t1.7 0.9 2 0.4h0.1q0.9 0 2-0.4t1.7-0.9 1.6-1.2q3-2.2 8.9-6.1 1-0.7 1.8-1.6zM32 7.4q0 1.4-0.9 2.7t-2.2 2.2q-6.7 4.7-8.4 5.8-0.2 0.1-0.7 0.5t-1 0.7-0.9 0.6-1.1 0.5-0.9 0.2h-0.1q-0.4 0-0.9-0.2t-1.1-0.5-0.9-0.6-1-0.7-0.7-0.5q-1.6-1.1-4.7-3.2t-3.6-2.6q-1.1-0.7-2.1-2t-1-2.5q0-1.4 0.7-2.3t2.1-0.9h26.3q1.2 0 2 0.8t0.9 2z\"\/><\/svg><\/span><\/a><\/li><\/ul><\/div><\/div>","protected":false},"excerpt":{"rendered":"<p>[vc_row][vc_column width=&#8221;2\/3&#8243;][vc_single_image image=&#8221;1856&#8243; img_size=&#8221;full&#8221;][vc_column_text] Mode \u201cMode ist nichts, was nur in Kleidung existiert. Mode ist in der Luft, auf der Stra\u00dfe, Mode hat etwas mit Ideen zu tun, mit der Art wie wir leben, mit dem was passiert\u201d Coco Chanel<span class=\"read_more_area\"><a class=\"read-more\" href=\"https:\/\/killer-press.com\/de\/mode-schmuck\/\"> Continue Reading <\/a><\/span><\/p>\n","protected":false},"author":11,"featured_media":0,"parent":0,"menu_order":0,"comment_status":"closed","ping_status":"closed","template":"","meta":{"MSN_Categories":"Uncategorized","MSN_Publish_Option":false,"MSN_Is_Local_News":false,"MSN_Is_AIAC_Included":"Empty","MSN_Location":"[]","MSN_Add_Feature_Img_On_Top_Of_Post":false,"MSN_Has_Custom_Author":false,"MSN_Custom_Author":"","MSN_Has_Custom_Canonical_Url":false,"MSN_Custom_Canonical_Url":"","footnotes":""},"class_list":["post-1952","page","type-page","status-publish","hentry"],"yoast_head":"<!-- This site is optimized with the Yoast SEO Premium plugin v20.7 (Yoast SEO v27.4) - https:\/\/yoast.com\/product\/yoast-seo-premium-wordpress\/ -->\n<title>Mode &amp; Schmuck - Killer Press<\/title>\n<meta name=\"description\" content=\"Coaching und Training f\u00fcr Fach- und F\u00fchrungskr\u00e4fte und Profisportler im Bereich Personal Branding, LinkedIn, Kommunikation und Mitarbeiterf\u00fchrung. Media Training vom Profi. Journalistin und Coach mit \u00fcber 20 Jahren Erfahrung. Bekannt aus TV, Radio und Zeitungen.\" \/>\n<meta name=\"robots\" content=\"index, follow, max-snippet:-1, max-image-preview:large, max-video-preview:-1\" \/>\n<link rel=\"canonical\" href=\"https:\/\/killer-press.com\/de\/mode-schmuck\/\" \/>\n<meta property=\"og:locale\" content=\"de_DE\" \/>\n<meta property=\"og:type\" content=\"article\" \/>\n<meta property=\"og:title\" content=\"Mode &amp; Schmuck\" \/>\n<meta property=\"og:description\" content=\"Coaching und Training f\u00fcr Fach- und F\u00fchrungskr\u00e4fte und Profisportler im Bereich Personal Branding, LinkedIn, Kommunikation und Mitarbeiterf\u00fchrung. Media Training vom Profi. Journalistin und Coach mit \u00fcber 20 Jahren Erfahrung. Bekannt aus TV, Radio und Zeitungen.\" \/>\n<meta property=\"og:url\" content=\"https:\/\/killer-press.com\/de\/mode-schmuck\/\" \/>\n<meta property=\"og:site_name\" content=\"Killer Press\" \/>\n<meta property=\"article:modified_time\" content=\"2020-04-24T10:05:04+00:00\" \/>\n<meta property=\"og:image\" content=\"https:\/\/killer-press.com\/de\/wp-content\/uploads\/sites\/6\/2022\/01\/photo.jpg\" \/>\n\t<meta property=\"og:image:width\" content=\"2048\" \/>\n\t<meta property=\"og:image:height\" content=\"1152\" \/>\n\t<meta property=\"og:image:type\" content=\"image\/jpeg\" \/>\n<meta name=\"twitter:card\" content=\"summary_large_image\" \/>\n<meta name=\"twitter:label1\" content=\"Gesch\u00e4tzte Lesezeit\" \/>\n\t<meta name=\"twitter:data1\" content=\"1\u00a0Minute\" \/>\n<script type=\"application\/ld+json\" class=\"yoast-schema-graph\">{\"@context\":\"https:\\\/\\\/schema.org\",\"@graph\":[{\"@type\":\"WebPage\",\"@id\":\"https:\\\/\\\/killer-press.com\\\/de\\\/mode-schmuck\\\/\",\"url\":\"https:\\\/\\\/killer-press.com\\\/de\\\/mode-schmuck\\\/\",\"name\":\"Mode & Schmuck - Killer Press\",\"isPartOf\":{\"@id\":\"https:\\\/\\\/killer-press.com\\\/de\\\/#website\"},\"datePublished\":\"2018-04-23T12:16:34+00:00\",\"dateModified\":\"2020-04-24T10:05:04+00:00\",\"description\":\"Coaching und Training f\u00fcr Fach- und F\u00fchrungskr\u00e4fte und Profisportler im Bereich Personal Branding, LinkedIn, Kommunikation und Mitarbeiterf\u00fchrung. Media Training vom Profi. Journalistin und Coach mit \u00fcber 20 Jahren Erfahrung. Bekannt aus TV, Radio und Zeitungen.\",\"breadcrumb\":{\"@id\":\"https:\\\/\\\/killer-press.com\\\/de\\\/mode-schmuck\\\/#breadcrumb\"},\"inLanguage\":\"de\",\"potentialAction\":[{\"@type\":\"ReadAction\",\"target\":[\"https:\\\/\\\/killer-press.com\\\/de\\\/mode-schmuck\\\/\"]}]},{\"@type\":\"BreadcrumbList\",\"@id\":\"https:\\\/\\\/killer-press.com\\\/de\\\/mode-schmuck\\\/#breadcrumb\",\"itemListElement\":[{\"@type\":\"ListItem\",\"position\":1,\"name\":\"Home\",\"item\":\"https:\\\/\\\/killer-press.com\\\/de\\\/\"},{\"@type\":\"ListItem\",\"position\":2,\"name\":\"Mode &#038; Schmuck\"}]},{\"@type\":\"WebSite\",\"@id\":\"https:\\\/\\\/killer-press.com\\\/de\\\/#website\",\"url\":\"https:\\\/\\\/killer-press.com\\\/de\\\/\",\"name\":\"Killer Press\",\"description\":\"\",\"publisher\":{\"@id\":\"https:\\\/\\\/killer-press.com\\\/de\\\/#organization\"},\"potentialAction\":[{\"@type\":\"SearchAction\",\"target\":{\"@type\":\"EntryPoint\",\"urlTemplate\":\"https:\\\/\\\/killer-press.com\\\/de\\\/?s={search_term_string}\"},\"query-input\":{\"@type\":\"PropertyValueSpecification\",\"valueRequired\":true,\"valueName\":\"search_term_string\"}}],\"inLanguage\":\"de\"},{\"@type\":\"Organization\",\"@id\":\"https:\\\/\\\/killer-press.com\\\/de\\\/#organization\",\"name\":\"Killer Press\",\"url\":\"https:\\\/\\\/killer-press.com\\\/de\\\/\",\"logo\":{\"@type\":\"ImageObject\",\"inLanguage\":\"de\",\"@id\":\"https:\\\/\\\/killer-press.com\\\/de\\\/#\\\/schema\\\/logo\\\/image\\\/\",\"url\":\"https:\\\/\\\/killer-press.com\\\/de\\\/wp-content\\\/uploads\\\/sites\\\/6\\\/2022\\\/01\\\/photo.jpg\",\"contentUrl\":\"https:\\\/\\\/killer-press.com\\\/de\\\/wp-content\\\/uploads\\\/sites\\\/6\\\/2022\\\/01\\\/photo.jpg\",\"width\":2048,\"height\":1152,\"caption\":\"Killer Press\"},\"image\":{\"@id\":\"https:\\\/\\\/killer-press.com\\\/de\\\/#\\\/schema\\\/logo\\\/image\\\/\"}}]}<\/script>\n<!-- \/ Yoast SEO Premium plugin. -->","yoast_head_json":{"title":"Mode & Schmuck - Killer Press","description":"Coaching und Training f\u00fcr Fach- und F\u00fchrungskr\u00e4fte und Profisportler im Bereich Personal Branding, LinkedIn, Kommunikation und Mitarbeiterf\u00fchrung. Media Training vom Profi. Journalistin und Coach mit \u00fcber 20 Jahren Erfahrung. Bekannt aus TV, Radio und Zeitungen.","robots":{"index":"index","follow":"follow","max-snippet":"max-snippet:-1","max-image-preview":"max-image-preview:large","max-video-preview":"max-video-preview:-1"},"canonical":"https:\/\/killer-press.com\/de\/mode-schmuck\/","og_locale":"de_DE","og_type":"article","og_title":"Mode & Schmuck","og_description":"Coaching und Training f\u00fcr Fach- und F\u00fchrungskr\u00e4fte und Profisportler im Bereich Personal Branding, LinkedIn, Kommunikation und Mitarbeiterf\u00fchrung. Media Training vom Profi. Journalistin und Coach mit \u00fcber 20 Jahren Erfahrung. Bekannt aus TV, Radio und Zeitungen.","og_url":"https:\/\/killer-press.com\/de\/mode-schmuck\/","og_site_name":"Killer Press","article_modified_time":"2020-04-24T10:05:04+00:00","og_image":[{"width":2048,"height":1152,"url":"https:\/\/killer-press.com\/de\/wp-content\/uploads\/sites\/6\/2022\/01\/photo.jpg","type":"image\/jpeg"}],"twitter_card":"summary_large_image","twitter_misc":{"Gesch\u00e4tzte Lesezeit":"1\u00a0Minute"},"schema":{"@context":"https:\/\/schema.org","@graph":[{"@type":"WebPage","@id":"https:\/\/killer-press.com\/de\/mode-schmuck\/","url":"https:\/\/killer-press.com\/de\/mode-schmuck\/","name":"Mode & Schmuck - Killer Press","isPartOf":{"@id":"https:\/\/killer-press.com\/de\/#website"},"datePublished":"2018-04-23T12:16:34+00:00","dateModified":"2020-04-24T10:05:04+00:00","description":"Coaching und Training f\u00fcr Fach- und F\u00fchrungskr\u00e4fte und Profisportler im Bereich Personal Branding, LinkedIn, Kommunikation und Mitarbeiterf\u00fchrung. Media Training vom Profi. Journalistin und Coach mit \u00fcber 20 Jahren Erfahrung. Bekannt aus TV, Radio und Zeitungen.","breadcrumb":{"@id":"https:\/\/killer-press.com\/de\/mode-schmuck\/#breadcrumb"},"inLanguage":"de","potentialAction":[{"@type":"ReadAction","target":["https:\/\/killer-press.com\/de\/mode-schmuck\/"]}]},{"@type":"BreadcrumbList","@id":"https:\/\/killer-press.com\/de\/mode-schmuck\/#breadcrumb","itemListElement":[{"@type":"ListItem","position":1,"name":"Home","item":"https:\/\/killer-press.com\/de\/"},{"@type":"ListItem","position":2,"name":"Mode &#038; Schmuck"}]},{"@type":"WebSite","@id":"https:\/\/killer-press.com\/de\/#website","url":"https:\/\/killer-press.com\/de\/","name":"Killer Press","description":"","publisher":{"@id":"https:\/\/killer-press.com\/de\/#organization"},"potentialAction":[{"@type":"SearchAction","target":{"@type":"EntryPoint","urlTemplate":"https:\/\/killer-press.com\/de\/?s={search_term_string}"},"query-input":{"@type":"PropertyValueSpecification","valueRequired":true,"valueName":"search_term_string"}}],"inLanguage":"de"},{"@type":"Organization","@id":"https:\/\/killer-press.com\/de\/#organization","name":"Killer Press","url":"https:\/\/killer-press.com\/de\/","logo":{"@type":"ImageObject","inLanguage":"de","@id":"https:\/\/killer-press.com\/de\/#\/schema\/logo\/image\/","url":"https:\/\/killer-press.com\/de\/wp-content\/uploads\/sites\/6\/2022\/01\/photo.jpg","contentUrl":"https:\/\/killer-press.com\/de\/wp-content\/uploads\/sites\/6\/2022\/01\/photo.jpg","width":2048,"height":1152,"caption":"Killer Press"},"image":{"@id":"https:\/\/killer-press.com\/de\/#\/schema\/logo\/image\/"}}]}},"_links":{"self":[{"href":"https:\/\/killer-press.com\/de\/wp-json\/wp\/v2\/pages\/1952","targetHints":{"allow":["GET"]}}],"collection":[{"href":"https:\/\/killer-press.com\/de\/wp-json\/wp\/v2\/pages"}],"about":[{"href":"https:\/\/killer-press.com\/de\/wp-json\/wp\/v2\/types\/page"}],"author":[{"embeddable":true,"href":"https:\/\/killer-press.com\/de\/wp-json\/wp\/v2\/users\/11"}],"replies":[{"embeddable":true,"href":"https:\/\/killer-press.com\/de\/wp-json\/wp\/v2\/comments?post=1952"}],"version-history":[{"count":2,"href":"https:\/\/killer-press.com\/de\/wp-json\/wp\/v2\/pages\/1952\/revisions"}],"predecessor-version":[{"id":2330,"href":"https:\/\/killer-press.com\/de\/wp-json\/wp\/v2\/pages\/1952\/revisions\/2330"}],"wp:attachment":[{"href":"https:\/\/killer-press.com\/de\/wp-json\/wp\/v2\/media?parent=1952"}],"curies":[{"name":"wp","href":"https:\/\/api.w.org\/{rel}","templated":true}]}}