{"id":1956,"date":"2018-04-23T12:18:56","date_gmt":"2018-04-23T12:18:56","guid":{"rendered":"https:\/\/killer-press.com\/beta\/?page_id=1956"},"modified":"2018-04-23T12:18:56","modified_gmt":"2018-04-23T12:18:56","slug":"storytelling","status":"publish","type":"page","link":"https:\/\/killer-press.com\/de\/storytelling\/","title":{"rendered":"STORYTELLING"},"content":{"rendered":"<div class=\"wpb-content-wrapper\"><p>[vc_row][vc_column width=&#8221;2\/3&#8243;][vc_single_image image=&#8221;1811&#8243; img_size=&#8221;full&#8221;][vc_column_text]<\/p>\n<h2>Warum uns? Warum Storytelling?<\/h2>\n<p>Sie brauchen Emotionen in Ihren Texten?<\/p>\n<p>Sie ben\u00f6tigen Texte, die keine spr\u00f6den Werbebotschaften enthalten, sondern Ihre Leser faszinieren?<\/p>\n<h2>Warum Sie gerade uns brauchen<\/h2>\n<p>Weil wir Geschichten schreiben. Wir sind die kreativen K\u00f6pfe. Wir lieben die Sprache und das Schreiben. \u00a0 Wir sind die, die au\u00dferhalb der \u201eBox\u201c denken.<\/p>\n<p>Oft fangen die Schwierigkeiten schon bei der Internetseite an. Wie pr\u00e4sentiere ich mich? Wer bin ich? Wie sage ich, dass mein Service oder mein Produkt viel besser ist als alle Anderen?<\/p>\n<p>Emotionen werden durch Worte und Bilder \u00fcbermittelt. Emotionen f\u00fchren zu Kaufentscheidungen. Wenn Sie dar\u00fcber nachdenken, was veranlasst SIE sich genau f\u00fcr dieses oder jenes Produkt oder Dienstleistung zu entscheiden?<\/p>\n<p>Wir erz\u00e4hlen Ihre Geschichte so faszinierend, dass man mehr davon lesen m\u00f6chte.<\/p>\n<p>Wir helfen Ihnen bei der Produktion und Durchf\u00fchrung von<\/p>\n<p>Videos, Internetseiten, Blogs, Firmenpr\u00e4senz<\/p>\n<p>u.v.m.<\/p>\n<p>Wir beraten Sie in Bezug auf Image, Kleidung, Sprache und nat\u00fcrlich Text.<\/p>\n<p>SEO<\/p>\n<p>Killer Press liebt die Suchmaschinenoptimierung (SEO). Online Texte\u00a0gehen Hand in Hand mit SEO. Es geht nicht nur darum, einfach irgendwelche Keywords in die Texte zu packen. Denn bei Google ist nach wie vor\u00a0Content KING. Und aus diesem Grund ben\u00f6tigt man Menschen, die Beides k\u00f6nnen \u2013 gute Texte\u00a0kombiniert mit Suchmaschinenoptimierung (SEO).<\/p>\n<p>Alle unsere Online Texte sind SEO optimiert.<\/p>\n<p>Wer sind WIR?<\/p>\n<p>Wir sind ein Pool aus Experten wie Journalisten, Blogger, Computer Spezis, Fotografen, Filmemacher, PR Spezialisten.<\/p>\n<p>Unsere Spezialisierungen liegen vor allem im Bereich<\/p>\n<p><a href=\"https:\/\/killer-press.com\/de\/public-relations\/beauty\/\">Fashion &amp; Beauty<\/a>,\u00a0<a href=\"https:\/\/killer-press.com\/de\/public-relations\/lifestyle-wellness\/\">Wellness &amp; Lifestyle<\/a>, Blogs &amp; Social Media, IT und\u00a0<a href=\"https:\/\/killer-press.com\/de\/redaktionsbuero-journalisten\/\">redaktionelle Artikel (Online und Print).<\/a><\/p>\n<p>Gerade international ausgerichtete Firmen sind bei unser hervorragend aufgehoben, weil wir sowohl durch unser Netzwerk global arbeiten k\u00f6nnen, aber auch weil wir \u00fcber f\u00fcnf Fremdsprachen sprechen.<\/p>\n<p>Bei uns erh\u00e4lt man den richtigen Experten zum gew\u00fcnschten Thema. Jeder ist auf seinem Gebiet einzigartig.<\/p>\n<p>Geht nicht, gibt\u2019s nicht. Wir holen uns auch Fachleute dazu, wenn n\u00f6tig. Denn wir arbeiten miteinander und nicht gegeneinander.<\/p>\n<h3>Wir sind einzigartig. Seien Sie es auch.<\/h3>\n<div class=\"ssba ssba-wrap\">\n<div>Share if you like\u2026<\/div>\n<\/div>\n<p>[\/vc_column_text][vc_video link=&#8221;https:\/\/vimeo.com\/192166066&#8243;][\/vc_column][vc_column width=&#8221;1\/3&#8243;][\/vc_column][\/vc_row]<\/p>\n<div class=\"shariff shariff-align-flex-start shariff-widget-align-flex-start\"><ul class=\"shariff-buttons theme-round orientation-horizontal buttonsize-medium\"><li class=\"shariff-button linkedin shariff-nocustomcolor\" style=\"background-color:#1488bf\"><a href=\"https:\/\/www.linkedin.com\/sharing\/share-offsite\/?url=https%3A%2F%2Fkiller-press.com%2Fde%2Fstorytelling%2F\" title=\"Bei LinkedIn teilen\" aria-label=\"Bei LinkedIn teilen\" role=\"button\" rel=\"noopener nofollow\" class=\"shariff-link\" style=\"; background-color:#0077b5; color:#fff\" target=\"_blank\"><span class=\"shariff-icon\" style=\"\"><svg width=\"32px\" height=\"20px\" xmlns=\"http:\/\/www.w3.org\/2000\/svg\" viewBox=\"0 0 27 32\"><path fill=\"#0077b5\" d=\"M6.2 11.2v17.7h-5.9v-17.7h5.9zM6.6 5.7q0 1.3-0.9 2.2t-2.4 0.9h0q-1.5 0-2.4-0.9t-0.9-2.2 0.9-2.2 2.4-0.9 2.4 0.9 0.9 2.2zM27.4 18.7v10.1h-5.9v-9.5q0-1.9-0.7-2.9t-2.3-1.1q-1.1 0-1.9 0.6t-1.2 1.5q-0.2 0.5-0.2 1.4v9.9h-5.9q0-7.1 0-11.6t0-5.3l0-0.9h5.9v2.6h0q0.4-0.6 0.7-1t1-0.9 1.6-0.8 2-0.3q3 0 4.9 2t1.9 6z\"\/><\/svg><\/span><\/a><\/li><li class=\"shariff-button facebook shariff-nocustomcolor\" style=\"background-color:#4273c8\"><a href=\"https:\/\/www.facebook.com\/sharer\/sharer.php?u=https%3A%2F%2Fkiller-press.com%2Fde%2Fstorytelling%2F\" title=\"Bei Facebook teilen\" aria-label=\"Bei Facebook teilen\" role=\"button\" rel=\"nofollow\" class=\"shariff-link\" style=\"; background-color:#3b5998; color:#fff\" target=\"_blank\"><span class=\"shariff-icon\" style=\"\"><svg width=\"32px\" height=\"20px\" xmlns=\"http:\/\/www.w3.org\/2000\/svg\" viewBox=\"0 0 18 32\"><path fill=\"#3b5998\" d=\"M17.1 0.2v4.7h-2.8q-1.5 0-2.1 0.6t-0.5 1.9v3.4h5.2l-0.7 5.3h-4.5v13.6h-5.5v-13.6h-4.5v-5.3h4.5v-3.9q0-3.3 1.9-5.2t5-1.8q2.6 0 4.1 0.2z\"\/><\/svg><\/span><\/a><\/li><li class=\"shariff-button mailto shariff-nocustomcolor\" style=\"background-color:#a8a8a8\"><a href=\"mailto:?body=https%3A%2F%2Fkiller-press.com%2Fde%2Fstorytelling%2F&subject=STORYTELLING\" title=\"Per E-Mail versenden\" aria-label=\"Per E-Mail versenden\" role=\"button\" rel=\"noopener nofollow\" class=\"shariff-link\" style=\"; background-color:#999; color:#fff\"><span class=\"shariff-icon\" style=\"\"><svg width=\"32px\" height=\"20px\" xmlns=\"http:\/\/www.w3.org\/2000\/svg\" viewBox=\"0 0 32 32\"><path fill=\"#999\" d=\"M32 12.7v14.2q0 1.2-0.8 2t-2 0.9h-26.3q-1.2 0-2-0.9t-0.8-2v-14.2q0.8 0.9 1.8 1.6 6.5 4.4 8.9 6.1 1 0.8 1.6 1.2t1.7 0.9 2 0.4h0.1q0.9 0 2-0.4t1.7-0.9 1.6-1.2q3-2.2 8.9-6.1 1-0.7 1.8-1.6zM32 7.4q0 1.4-0.9 2.7t-2.2 2.2q-6.7 4.7-8.4 5.8-0.2 0.1-0.7 0.5t-1 0.7-0.9 0.6-1.1 0.5-0.9 0.2h-0.1q-0.4 0-0.9-0.2t-1.1-0.5-0.9-0.6-1-0.7-0.7-0.5q-1.6-1.1-4.7-3.2t-3.6-2.6q-1.1-0.7-2.1-2t-1-2.5q0-1.4 0.7-2.3t2.1-0.9h26.3q1.2 0 2 0.8t0.9 2z\"\/><\/svg><\/span><\/a><\/li><\/ul><\/div><\/div>","protected":false},"excerpt":{"rendered":"<p>[vc_row][vc_column width=&#8221;2\/3&#8243;][vc_single_image image=&#8221;1811&#8243; img_size=&#8221;full&#8221;][vc_column_text] Warum uns? Warum Storytelling? Sie brauchen Emotionen in Ihren Texten? Sie ben\u00f6tigen Texte, die keine spr\u00f6den Werbebotschaften enthalten, sondern Ihre Leser faszinieren? Warum Sie gerade uns brauchen Weil wir Geschichten schreiben. Wir sind die kreativen K\u00f6pfe.<span class=\"read_more_area\"><a class=\"read-more\" href=\"https:\/\/killer-press.com\/de\/storytelling\/\"> Continue Reading <\/a><\/span><\/p>\n","protected":false},"author":10,"featured_media":0,"parent":0,"menu_order":0,"comment_status":"closed","ping_status":"closed","template":"","meta":{"MSN_Categories":"Uncategorized","MSN_Publish_Option":false,"MSN_Is_Local_News":false,"MSN_Is_AIAC_Included":"Empty","MSN_Location":"[]","MSN_Add_Feature_Img_On_Top_Of_Post":false,"MSN_Has_Custom_Author":false,"MSN_Custom_Author":"","MSN_Has_Custom_Canonical_Url":false,"MSN_Custom_Canonical_Url":"","footnotes":""},"class_list":["post-1956","page","type-page","status-publish","hentry"],"yoast_head":"<!-- This site is optimized with the Yoast SEO Premium plugin v20.7 (Yoast SEO v25.6) - https:\/\/yoast.com\/wordpress\/plugins\/seo\/ -->\n<title>STORYTELLING - Killer Press<\/title>\n<meta name=\"description\" content=\"Coaching und Training f\u00fcr Fach- und F\u00fchrungskr\u00e4fte und Profisportler im Bereich Personal Branding, LinkedIn, Kommunikation und Mitarbeiterf\u00fchrung. Media Training vom Profi. Journalistin und Coach mit \u00fcber 20 Jahren Erfahrung. Bekannt aus TV, Radio und Zeitungen.\" \/>\n<meta name=\"robots\" content=\"index, follow, max-snippet:-1, max-image-preview:large, max-video-preview:-1\" \/>\n<link rel=\"canonical\" href=\"https:\/\/killer-press.com\/de\/storytelling\/\" \/>\n<meta property=\"og:locale\" content=\"de_DE\" \/>\n<meta property=\"og:type\" content=\"article\" \/>\n<meta property=\"og:title\" content=\"STORYTELLING\" \/>\n<meta property=\"og:description\" content=\"Coaching und Training f\u00fcr Fach- und F\u00fchrungskr\u00e4fte und Profisportler im Bereich Personal Branding, LinkedIn, Kommunikation und Mitarbeiterf\u00fchrung. Media Training vom Profi. Journalistin und Coach mit \u00fcber 20 Jahren Erfahrung. Bekannt aus TV, Radio und Zeitungen.\" \/>\n<meta property=\"og:url\" content=\"https:\/\/killer-press.com\/de\/storytelling\/\" \/>\n<meta property=\"og:site_name\" content=\"Killer Press\" \/>\n<meta property=\"og:image\" content=\"https:\/\/killer-press.com\/de\/wp-content\/uploads\/sites\/6\/2022\/01\/photo.jpg\" \/>\n\t<meta property=\"og:image:width\" content=\"2048\" \/>\n\t<meta property=\"og:image:height\" content=\"1152\" \/>\n\t<meta property=\"og:image:type\" content=\"image\/jpeg\" \/>\n<meta name=\"twitter:card\" content=\"summary_large_image\" \/>\n<meta name=\"twitter:label1\" content=\"Gesch\u00e4tzte Lesezeit\" \/>\n\t<meta name=\"twitter:data1\" content=\"2\u00a0Minuten\" \/>\n<script type=\"application\/ld+json\" class=\"yoast-schema-graph\">{\"@context\":\"https:\/\/schema.org\",\"@graph\":[{\"@type\":\"WebPage\",\"@id\":\"https:\/\/killer-press.com\/de\/storytelling\/\",\"url\":\"https:\/\/killer-press.com\/de\/storytelling\/\",\"name\":\"STORYTELLING - Killer Press\",\"isPartOf\":{\"@id\":\"https:\/\/killer-press.com\/de\/#website\"},\"datePublished\":\"2018-04-23T12:18:56+00:00\",\"description\":\"Coaching und Training f\u00fcr Fach- und F\u00fchrungskr\u00e4fte und Profisportler im Bereich Personal Branding, LinkedIn, Kommunikation und Mitarbeiterf\u00fchrung. Media Training vom Profi. Journalistin und Coach mit \u00fcber 20 Jahren Erfahrung. Bekannt aus TV, Radio und Zeitungen.\",\"breadcrumb\":{\"@id\":\"https:\/\/killer-press.com\/de\/storytelling\/#breadcrumb\"},\"inLanguage\":\"de\",\"potentialAction\":[{\"@type\":\"ReadAction\",\"target\":[\"https:\/\/killer-press.com\/de\/storytelling\/\"]}]},{\"@type\":\"BreadcrumbList\",\"@id\":\"https:\/\/killer-press.com\/de\/storytelling\/#breadcrumb\",\"itemListElement\":[{\"@type\":\"ListItem\",\"position\":1,\"name\":\"Home\",\"item\":\"https:\/\/killer-press.com\/de\/\"},{\"@type\":\"ListItem\",\"position\":2,\"name\":\"STORYTELLING\"}]},{\"@type\":\"WebSite\",\"@id\":\"https:\/\/killer-press.com\/de\/#website\",\"url\":\"https:\/\/killer-press.com\/de\/\",\"name\":\"Killer Press\",\"description\":\"\",\"publisher\":{\"@id\":\"https:\/\/killer-press.com\/de\/#organization\"},\"potentialAction\":[{\"@type\":\"SearchAction\",\"target\":{\"@type\":\"EntryPoint\",\"urlTemplate\":\"https:\/\/killer-press.com\/de\/?s={search_term_string}\"},\"query-input\":{\"@type\":\"PropertyValueSpecification\",\"valueRequired\":true,\"valueName\":\"search_term_string\"}}],\"inLanguage\":\"de\"},{\"@type\":\"Organization\",\"@id\":\"https:\/\/killer-press.com\/de\/#organization\",\"name\":\"Killer Press\",\"url\":\"https:\/\/killer-press.com\/de\/\",\"logo\":{\"@type\":\"ImageObject\",\"inLanguage\":\"de\",\"@id\":\"https:\/\/killer-press.com\/de\/#\/schema\/logo\/image\/\",\"url\":\"https:\/\/killer-press.com\/de\/wp-content\/uploads\/sites\/6\/2022\/01\/photo.jpg\",\"contentUrl\":\"https:\/\/killer-press.com\/de\/wp-content\/uploads\/sites\/6\/2022\/01\/photo.jpg\",\"width\":2048,\"height\":1152,\"caption\":\"Killer Press\"},\"image\":{\"@id\":\"https:\/\/killer-press.com\/de\/#\/schema\/logo\/image\/\"}}]}<\/script>\n<!-- \/ Yoast SEO Premium plugin. -->","yoast_head_json":{"title":"STORYTELLING - Killer Press","description":"Coaching und Training f\u00fcr Fach- und F\u00fchrungskr\u00e4fte und Profisportler im Bereich Personal Branding, LinkedIn, Kommunikation und Mitarbeiterf\u00fchrung. Media Training vom Profi. Journalistin und Coach mit \u00fcber 20 Jahren Erfahrung. Bekannt aus TV, Radio und Zeitungen.","robots":{"index":"index","follow":"follow","max-snippet":"max-snippet:-1","max-image-preview":"max-image-preview:large","max-video-preview":"max-video-preview:-1"},"canonical":"https:\/\/killer-press.com\/de\/storytelling\/","og_locale":"de_DE","og_type":"article","og_title":"STORYTELLING","og_description":"Coaching und Training f\u00fcr Fach- und F\u00fchrungskr\u00e4fte und Profisportler im Bereich Personal Branding, LinkedIn, Kommunikation und Mitarbeiterf\u00fchrung. Media Training vom Profi. Journalistin und Coach mit \u00fcber 20 Jahren Erfahrung. Bekannt aus TV, Radio und Zeitungen.","og_url":"https:\/\/killer-press.com\/de\/storytelling\/","og_site_name":"Killer Press","og_image":[{"width":2048,"height":1152,"url":"https:\/\/killer-press.com\/de\/wp-content\/uploads\/sites\/6\/2022\/01\/photo.jpg","type":"image\/jpeg"}],"twitter_card":"summary_large_image","twitter_misc":{"Gesch\u00e4tzte Lesezeit":"2\u00a0Minuten"},"schema":{"@context":"https:\/\/schema.org","@graph":[{"@type":"WebPage","@id":"https:\/\/killer-press.com\/de\/storytelling\/","url":"https:\/\/killer-press.com\/de\/storytelling\/","name":"STORYTELLING - Killer Press","isPartOf":{"@id":"https:\/\/killer-press.com\/de\/#website"},"datePublished":"2018-04-23T12:18:56+00:00","description":"Coaching und Training f\u00fcr Fach- und F\u00fchrungskr\u00e4fte und Profisportler im Bereich Personal Branding, LinkedIn, Kommunikation und Mitarbeiterf\u00fchrung. Media Training vom Profi. Journalistin und Coach mit \u00fcber 20 Jahren Erfahrung. Bekannt aus TV, Radio und Zeitungen.","breadcrumb":{"@id":"https:\/\/killer-press.com\/de\/storytelling\/#breadcrumb"},"inLanguage":"de","potentialAction":[{"@type":"ReadAction","target":["https:\/\/killer-press.com\/de\/storytelling\/"]}]},{"@type":"BreadcrumbList","@id":"https:\/\/killer-press.com\/de\/storytelling\/#breadcrumb","itemListElement":[{"@type":"ListItem","position":1,"name":"Home","item":"https:\/\/killer-press.com\/de\/"},{"@type":"ListItem","position":2,"name":"STORYTELLING"}]},{"@type":"WebSite","@id":"https:\/\/killer-press.com\/de\/#website","url":"https:\/\/killer-press.com\/de\/","name":"Killer Press","description":"","publisher":{"@id":"https:\/\/killer-press.com\/de\/#organization"},"potentialAction":[{"@type":"SearchAction","target":{"@type":"EntryPoint","urlTemplate":"https:\/\/killer-press.com\/de\/?s={search_term_string}"},"query-input":{"@type":"PropertyValueSpecification","valueRequired":true,"valueName":"search_term_string"}}],"inLanguage":"de"},{"@type":"Organization","@id":"https:\/\/killer-press.com\/de\/#organization","name":"Killer Press","url":"https:\/\/killer-press.com\/de\/","logo":{"@type":"ImageObject","inLanguage":"de","@id":"https:\/\/killer-press.com\/de\/#\/schema\/logo\/image\/","url":"https:\/\/killer-press.com\/de\/wp-content\/uploads\/sites\/6\/2022\/01\/photo.jpg","contentUrl":"https:\/\/killer-press.com\/de\/wp-content\/uploads\/sites\/6\/2022\/01\/photo.jpg","width":2048,"height":1152,"caption":"Killer Press"},"image":{"@id":"https:\/\/killer-press.com\/de\/#\/schema\/logo\/image\/"}}]}},"_links":{"self":[{"href":"https:\/\/killer-press.com\/de\/wp-json\/wp\/v2\/pages\/1956","targetHints":{"allow":["GET"]}}],"collection":[{"href":"https:\/\/killer-press.com\/de\/wp-json\/wp\/v2\/pages"}],"about":[{"href":"https:\/\/killer-press.com\/de\/wp-json\/wp\/v2\/types\/page"}],"author":[{"embeddable":true,"href":"https:\/\/killer-press.com\/de\/wp-json\/wp\/v2\/users\/10"}],"replies":[{"embeddable":true,"href":"https:\/\/killer-press.com\/de\/wp-json\/wp\/v2\/comments?post=1956"}],"version-history":[{"count":1,"href":"https:\/\/killer-press.com\/de\/wp-json\/wp\/v2\/pages\/1956\/revisions"}],"predecessor-version":[{"id":1957,"href":"https:\/\/killer-press.com\/de\/wp-json\/wp\/v2\/pages\/1956\/revisions\/1957"}],"wp:attachment":[{"href":"https:\/\/killer-press.com\/de\/wp-json\/wp\/v2\/media?parent=1956"}],"curies":[{"name":"wp","href":"https:\/\/api.w.org\/{rel}","templated":true}]}}