{"id":1974,"date":"2018-05-01T11:23:13","date_gmt":"2018-05-01T11:23:13","guid":{"rendered":"https:\/\/killer-press.com\/beta\/?page_id=1974"},"modified":"2022-12-05T08:38:50","modified_gmt":"2022-12-05T08:38:50","slug":"linkedin","status":"publish","type":"page","link":"https:\/\/killer-press.com\/de\/linkedin\/","title":{"rendered":"LinkedIn"},"content":{"rendered":"<div class=\"wpb-content-wrapper\"><p>[vc_row gap=&#8221;10&#8243; css=&#8221;.vc_custom_1473922425780{padding-top: 60px !important;padding-bottom: 0px !important;}&#8221;][vc_column width=&#8221;1\/4&#8243; css=&#8221;.vc_custom_1473765450683{padding-top: 40px !important;}&#8221;]<div class=\"ult_row_spacer\"><div class=\"ult-sticky-anchor\"><div class=\"ult-sticky-section ult-sticky \"  data-gutter= '150' data-stick_behaviour= 'stick_with_scroll_row'  data-sticky_position= 'top' data-mobile='no' data-support='no'><div id=\"ultimate-heading-628469d4ecb4342fe\" class=\"uvc-heading ult-adjust-bottom-margin ultimate-heading-628469d4ecb4342fe uvc-915 zplus_sticky_headings_holder\" data-hspacer=\"no_spacer\"  data-halign=\"left\" style=\"text-align:left\"><div class=\"uvc-heading-spacer no_spacer\" style=\"top\"><\/div><div class=\"uvc-sub-heading ult-responsive\"  data-ultimate-target='.uvc-heading.ultimate-heading-628469d4ecb4342fe .uvc-sub-heading '  data-responsive-json-new='{\"font-size\":\"desktop:35px;\",\"line-height\":\"\"}'  style=\"font-weight:normal;color:#757575;\">Linkedin<\/div><\/div><\/div><div class=\"ult-space\"><\/div><\/div><\/div>[\/vc_column][vc_column width=&#8221;3\/4&#8243;][vc_row_inner gap=&#8221;5&#8243;][vc_column_inner css=&#8221;.vc_custom_1470401964868{padding-right: 2% !important;padding-left: 2% !important;}&#8221;][vc_column_text]<\/p>\n<h2><a href=\"https:\/\/killer-press.com\/de\/coaching\/termine\/\">Buchen Sie noch heute Ihren Termin!<\/a><\/h2>\n<p>&nbsp;<\/p>\n<p><strong>Das Karrierenetzwerk LinkedIn ist das einzige Portal weltweit, was mit Abstand auf Nummer 1 der B2B Plattformen ist.<\/strong><\/p>\n<p>Es erreicht alle Entscheider, mehr als alle anderen Social Media Kan\u00e4le wie Facebook, Instagram, Twitter usw.<\/p>\n<p>Wer in irgendeiner Weise in der Wirtschaft t\u00e4tig ist, muss LinkedIn nutzen.<\/p>\n<p>Wenn man LinkedIn richtig nutzt, dann erreicht man mehr, als man zu Tr\u00e4umen wagt.<\/p>\n<p>Vielleicht sind Sie noch bei LinkedIn angemeldet und haben seit Ewigkeiten nichts gemacht. Vielleicht haben Sie das auch einfach nur so gesehen, wie Xing. Aber weit gefehlt. LinkedIn ist weitaus mehr als Xing. Und es reicht nicht sein Lebenslauf oder ein paar Details zu seiner Position zu schreiben.<\/p>\n<p>Sie k\u00f6nnen sich hervorragend <span style=\"color: #0000ff;\"><a style=\"color: #0000ff;\" href=\"https:\/\/killer-press.com\/de\/personal-branding\/\">positionieren und hervorheben<\/a>.<\/span> Ganz einfach, aber man muss genau wissen wie und welche Texte man verwenden soll.<\/p>\n<p>LinkedIn ist f\u00fcr Fach- und F\u00fchrungspersonen unerl\u00e4sslich. Es zeigt aus wer Sie sind und wie innovativ Sie sind.<\/p>\n<p>Doch auch f\u00fcr Kleinunternehmer oder Einzelunternehmer ist LinkedIn DIE Plattform. Wo kann man sonst an die richtigen Personen kommen, wenn nicht hier?<\/p>\n<p>F\u00fcr Recruiter geht es gar nicht mehr ohne LinkedIn. Qualifiziertes Fachpersonal findet man nicht bei Facebook und Co.<\/p>\n<p>Nur wie mache ich das richtig? Wie spreche ich die richtigen Leute an? Wie gestalte ich mein Profil so, dass es nicht nur mich hervorhebt, sondern genau die richtigen Leute anspricht? Wie nutze ich diese Plattform so, dass ich wirklich davon profitieren kann?<\/p>\n<p>Ist LinkedIn selbsterkl\u00e4rend? NEIN, weit gefehlt. Es gibt Studien die besagen, dass LinkedIn ein absoluter Karriere Kick sein kann. Aber, gewusst wie.[\/vc_column_text][\/vc_column_inner][\/vc_row_inner][vc_row_inner css=&#8221;.vc_custom_1474464921572{padding-bottom: 20px !important;}&#8221;][vc_column_inner width=&#8221;1\/2&#8243; css=&#8221;.vc_custom_1474464938055{padding-bottom: 20px !important;}&#8221;]<div class=\"ult-content-box-container \" >\t\t<div class=\"ult-content-box\" style=\"box-shadow: px px px px #f7f7f7 inherit;border-style:none;padding-top:20px;padding-right:20px;padding-bottom:20px;padding-left:20px;-webkit-transition: all 700ms ease;-moz-transition: all 700ms ease;-ms-transition: all 700ms ease;-o-transition: all 700ms ease;transition: all 700ms ease;\"  data-hover_bg_color=\"#ffffff\"  data-hover_box_shadow=\" 0px 0px 20px 5px rgba(2,2,2,0.07) \"     data-border_color=\"\" >[apress_gradient_icon_box description=&#8221;Profil professionell gestalten und die richtige Zielgruppe ansprechen. Mehr Leads auf dein Profil und deine Website lenken. Wettbewerbsvorteile gegen\u00fcber Mitbewerbern. Basis- oder Premium. Richtiges Tording. Marketing und Storytelling Techniken. Arbeiten mit Medien &#8211; Texte und Videos. Lead Generierung. Jobsuche auf LinkedIn. Jobangebote auf LinkedIn. Lebenslauf anpassen. Interessantes Profil f\u00fcr Recruiter erstellen. Gruppen u.v.m.&#8221; icon_alignment=&#8221;left&#8221; icon_family=&#8221;fontawesome&#8221; icon_fontawesome=&#8221;fa fa-desktop&#8221; style=&#8221;iconbox_style2&#8243; title_font_options=&#8221;tag:h2|font_size:20|line_height:30&#8243;]Lerninhalte des Seminars:[\/apress_gradient_icon_box]\t\t<\/div><\/div><div class=\"ult-content-box-container \" >\t\t<div class=\"ult-content-box\" style=\"box-shadow: px px px px #f7f7f7 inherit;border-style:none;padding-top:20px;padding-right:20px;padding-bottom:20px;padding-left:20px;-webkit-transition: all 700ms ease;-moz-transition: all 700ms ease;-ms-transition: all 700ms ease;-o-transition: all 700ms ease;transition: all 700ms ease;\"  data-hover_bg_color=\"#ffffff\"  data-hover_box_shadow=\" 0px 0px 20px 5px rgba(2,2,2,0.07) \"     data-border_color=\"\" >[apress_gradient_icon_box description=&#8221;Fach- und F\u00fchrungskr\u00e4fte aus HR, Marketing und Vertrieb, Agenturen, Selbst\u00e4ndige, Gesch\u00e4ftsf\u00fchrer, Manager, Personen des \u00f6ffentlichen Lebens.&#8221; icon_alignment=&#8221;left&#8221; icon_family=&#8221;fontawesome&#8221; icon_fontawesome=&#8221;fa fa-bullseye&#8221; style=&#8221;iconbox_style2&#8243; title_font_options=&#8221;tag:h2|font_size:20|line_height:30&#8243;]Zielgruppe[\/apress_gradient_icon_box]\t\t<\/div><\/div>[\/vc_column_inner][vc_column_inner width=&#8221;1\/2&#8243;]<div class=\"ult-content-box-container \" >\t\t<div class=\"ult-content-box\" style=\"box-shadow: px px px px #f7f7f7 inherit;padding-top:20px;padding-right:20px;padding-bottom:20px;padding-left:20px;-webkit-transition: all 700ms ease;-moz-transition: all 700ms ease;-ms-transition: all 700ms ease;-o-transition: all 700ms ease;transition: all 700ms ease;\"  data-hover_box_shadow=\" 0px 0px 20px 5px rgba(2,2,2,0.07) \"    >[apress_gradient_icon_box description=&#8221;Neue M\u00f6glichkeiten f\u00fcr Akquise, HR und Marketing im Allgemeinen. Sichtbarerer werden als Unternehmen. Sichtbarer werden als Gesicht des Unternehmens. Expertise aufzeigen. Networking Erweiterung. Richtige Zielgruppe ansprechen.&#8221; icon_alignment=&#8221;left&#8221; icon_family=&#8221;fontawesome&#8221; icon_fontawesome=&#8221;fa fa-mobile&#8221; style=&#8221;iconbox_style2&#8243; title_font_options=&#8221;tag:h2|font_size:20|line_height:30&#8243;]Davon profitiert Ihr Team:[\/apress_gradient_icon_box]\t\t<\/div><\/div><div class=\"ult-content-box-container \" >\t\t<div class=\"ult-content-box\" style=\"box-shadow: px px px px #f7f7f7 inherit;padding-top:20px;padding-right:20px;padding-bottom:20px;padding-left:20px;-webkit-transition: all 700ms ease;-moz-transition: all 700ms ease;-ms-transition: all 700ms ease;-o-transition: all 700ms ease;transition: all 700ms ease;\"  data-hover_box_shadow=\" 0px 0px 20px 5px rgba(2,2,2,0.07) \"    >[apress_gradient_icon_box description=&#8221;Beste Plattform f\u00fcr eine professionelle Vermarktung. \u00dcber 70% der Nutzer au\u00dferhalb von den USA. LinkedIn ist im Ranking bei Google immer ganz weit oben. \u00dcber 80% der Nutzer verzeichnen eine positive Resonanz.&#8221; icon_alignment=&#8221;left&#8221; icon_family=&#8221;fontawesome&#8221; icon_fontawesome=&#8221;fa fa-tablet&#8221; style=&#8221;iconbox_style2&#8243; title_font_options=&#8221;tag:h2|font_size:20|line_height:30&#8243;]Hard Facts:[\/apress_gradient_icon_box]\t\t<\/div><\/div>[\/vc_column_inner][\/vc_row_inner][vc_column_text]<\/p>\n<h3>Lerne auch du, wie erfolgreiche Unternehmer heutzutage arbeiten und sich vernetzen.<\/h3>\n<p>Buche noch heute dein Seminar.<\/p>\n<h3>pr@killer-press.com<\/h3>\n<h2>Wir haben immer interessante Angebote. Sprechen Sie uns an.<\/h2>\n<p>[\/vc_column_text][\/vc_column][\/vc_row][vc_row][vc_column][apress_progress_bar title=&#8221;LinkedIn Learning&#8221; percentage=&#8221;100&#8243;][\/vc_column][\/vc_row][vc_row][vc_column][vc_column_text]<\/p>\n<h3>Lernen Sie in meinem Seminar:<\/h3>\n<ul>\n<li><strong>Profil professionell gestalten<\/strong><\/li>\n<\/ul>\n<p>So gestalten Sie ihr LinkedIn-Profil seri\u00f6s und lenken die Aufmerksamkeit von Entscheidern, Headhuntern und potentiellen Kunden auf sich.<\/p>\n<ul>\n<li><strong>Storytelling auf LinkedIn\u00a0<\/strong><\/li>\n<\/ul>\n<p>Erz\u00e4hlen Sie ihre pers\u00f6nliche Geschichte. Ich zeige Ihnen Tools und Techniken, wie Sie die Blog Funktion bei LinkedIn nutzen k\u00f6nnen und die richtigen Personen anziehen. Bei Google rankt der LinkedIn Blog ganz weit oben.<\/p>\n<ul>\n<li><strong>Jobsuche und Kundenakquise auf LinkedIn\u00a0<\/strong><\/li>\n<\/ul>\n<p>Finden Sie mithilfe des Karrierenetzwerks den Job oder die Kunden, die wirklich zu Ihnen passen! Wie man sie findet und wie man sich vernetzt, zeige ich Ihnen.<\/p>\n<ul>\n<li><strong>Videos auf LinkedIn<\/strong><\/li>\n<\/ul>\n<p>Videos sind die Zukunft des Online-Marketings. Es sind die Inhalte, die die Nutzer bevorzugen &#8211; und LinkedIn ist eine gro\u00dfartige Plattform, um sein Potenzial zu nutzen. \u00dcber 225 Millionen Mitglieder nutzen \u00a0bereits monatlich Videos. Ich zeige Ihnen wie das geht und welche Inhalte perfekt f\u00fcr LinkedIn sind.<\/p>\n<ul>\n<li><strong>Online Comunities (Gruppen)<\/strong><\/li>\n<\/ul>\n<p>Online-Communities sind der schnellste Weg, neue Kunden zu finden und Gleichgesinnte zu erreichen. Mit LinkedIn kann man hervorragende Ergebnisse mit Gruppen und Netzwerken erzielen. Wie und welche Gruppen man folgen oder aufbauen sollte, lernen Sie im Kurs.<\/p>\n<ul>\n<li><strong>Employer Branding<\/strong><\/li>\n<\/ul>\n<p>Ihre Mitarbeiter sind die Visitenkarte Ihres Unternehmens. Inhalte werden \u00fcber das LinkedIn-Profil geteilt und gleichzeitig auf Ihr Unternehmen verwiesen. Hier erfahren Sie, wie man eine Marke \u00fcber LinkedIn aufbaut. Wie man Mitarbeiter perfekt in die Marke integriert und wie sowohl die Mitarbeiter, als auch das Unternehmen profitiert.<\/p>\n<ul>\n<li><strong>Suchmaschinenoptimierung f\u00fcr mehr Erfolg im Job und Business!\u00a0\u00a0<\/strong><\/li>\n<\/ul>\n<p>Kaum eine Ma\u00dfnahme kann der digitalen Pr\u00e4senz mehr Schwung geben als eine kluge und ausgefeilte SEO-Strategie. Denn wer\u00a0sich als Professional auf seiner eigenen Website zeigt, kann viele Stellschrauben drehen, um von Headhuntern, Auftrag- und\u00a0Arbeitgebern, Interessenten und potentiellen Kunden gefunden und kontaktiert zu werden. Wer Expertise in seiner Branche besitzt und beginnt, sie zu zeigen, wir am Ende mehr und bessere Kunden f\u00fcr sich gewinnen k\u00f6nnen. Wir geben Ihnen eine detaillierte Anleitung, wie Suchmaschinen Ihnen und Ihrem Business zu mehr Erfolg verhelfen k\u00f6nnen!<\/p>\n<p>Erreichen Sie die richtigen Leute! Werden Sie sichtbarer als Unternehmer, Experte oder Unternehmen. Suchen Sie neue Wege im Recruiting.<\/p>\n<p>Nutzen Sie neue Plattformen um den Traumjob zu bekommen. Generieren Sie echte Neukunden und Interessenten auf einfache Weise. Ohne Kaltakquise.[\/vc_column_text][\/vc_column][\/vc_row][vc_row][vc_column][vc_cta h2=&#8221;Trage dich f\u00fcr die Warteliste ein!&#8221; color=&#8221;violet&#8221;]Unsere Termine sind recht schnell weg. Melde dich noch heute bei uns und frage nach deinem pers\u00f6nlichen Termin! Lasse dich f\u00fcr die Warteliste in deiner Stadt vormerken.<\/p>\n<p><a href=\"mailto:pr@killer-press.com\">pr@killer-press.com<\/a><\/p>\n<p>[\/vc_cta][\/vc_column][\/vc_row][vc_row][vc_column][apress_button button_text=&#8221;Personal Branding&#8221; button_size=&#8221;large&#8221; button_link=&#8221;url:https%3A%2F%2Fkiller-press.com%2Fde%2Fpersonal-branding%2F|title:Personal%20Branding|target:%20_blank|&#8221;][\/vc_column][\/vc_row][vc_row][vc_column][vc_single_image image=&#8221;2126&#8243; img_size=&#8221;medium&#8221; onclick=&#8221;custom_link&#8221; img_link_target=&#8221;_blank&#8221; link=&#8221;https:\/\/killer-press.com\/de\/personal-branding\/&#8221;][\/vc_column][\/vc_row]<\/p>\n<div class=\"shariff shariff-align-flex-start shariff-widget-align-flex-start\"><ul class=\"shariff-buttons theme-round orientation-horizontal buttonsize-medium\"><li class=\"shariff-button linkedin shariff-nocustomcolor\" style=\"background-color:#1488bf\"><a href=\"https:\/\/www.linkedin.com\/sharing\/share-offsite\/?url=https%3A%2F%2Fkiller-press.com%2Fde%2Flinkedin%2F\" title=\"Bei LinkedIn teilen\" aria-label=\"Bei LinkedIn teilen\" role=\"button\" rel=\"noopener nofollow\" class=\"shariff-link\" style=\"; background-color:#0077b5; color:#fff\" target=\"_blank\"><span class=\"shariff-icon\" style=\"\"><svg width=\"32px\" height=\"20px\" xmlns=\"http:\/\/www.w3.org\/2000\/svg\" viewBox=\"0 0 27 32\"><path fill=\"#0077b5\" d=\"M6.2 11.2v17.7h-5.9v-17.7h5.9zM6.6 5.7q0 1.3-0.9 2.2t-2.4 0.9h0q-1.5 0-2.4-0.9t-0.9-2.2 0.9-2.2 2.4-0.9 2.4 0.9 0.9 2.2zM27.4 18.7v10.1h-5.9v-9.5q0-1.9-0.7-2.9t-2.3-1.1q-1.1 0-1.9 0.6t-1.2 1.5q-0.2 0.5-0.2 1.4v9.9h-5.9q0-7.1 0-11.6t0-5.3l0-0.9h5.9v2.6h0q0.4-0.6 0.7-1t1-0.9 1.6-0.8 2-0.3q3 0 4.9 2t1.9 6z\"\/><\/svg><\/span><\/a><\/li><li class=\"shariff-button facebook shariff-nocustomcolor\" style=\"background-color:#4273c8\"><a href=\"https:\/\/www.facebook.com\/sharer\/sharer.php?u=https%3A%2F%2Fkiller-press.com%2Fde%2Flinkedin%2F\" title=\"Bei Facebook teilen\" aria-label=\"Bei Facebook teilen\" role=\"button\" rel=\"nofollow\" class=\"shariff-link\" style=\"; background-color:#3b5998; color:#fff\" target=\"_blank\"><span class=\"shariff-icon\" style=\"\"><svg width=\"32px\" height=\"20px\" xmlns=\"http:\/\/www.w3.org\/2000\/svg\" viewBox=\"0 0 18 32\"><path fill=\"#3b5998\" d=\"M17.1 0.2v4.7h-2.8q-1.5 0-2.1 0.6t-0.5 1.9v3.4h5.2l-0.7 5.3h-4.5v13.6h-5.5v-13.6h-4.5v-5.3h4.5v-3.9q0-3.3 1.9-5.2t5-1.8q2.6 0 4.1 0.2z\"\/><\/svg><\/span><\/a><\/li><li class=\"shariff-button mailto shariff-nocustomcolor\" style=\"background-color:#a8a8a8\"><a href=\"mailto:?body=https%3A%2F%2Fkiller-press.com%2Fde%2Flinkedin%2F&subject=LinkedIn\" title=\"Per E-Mail versenden\" aria-label=\"Per E-Mail versenden\" role=\"button\" rel=\"noopener nofollow\" class=\"shariff-link\" style=\"; background-color:#999; color:#fff\"><span class=\"shariff-icon\" style=\"\"><svg width=\"32px\" height=\"20px\" xmlns=\"http:\/\/www.w3.org\/2000\/svg\" viewBox=\"0 0 32 32\"><path fill=\"#999\" d=\"M32 12.7v14.2q0 1.2-0.8 2t-2 0.9h-26.3q-1.2 0-2-0.9t-0.8-2v-14.2q0.8 0.9 1.8 1.6 6.5 4.4 8.9 6.1 1 0.8 1.6 1.2t1.7 0.9 2 0.4h0.1q0.9 0 2-0.4t1.7-0.9 1.6-1.2q3-2.2 8.9-6.1 1-0.7 1.8-1.6zM32 7.4q0 1.4-0.9 2.7t-2.2 2.2q-6.7 4.7-8.4 5.8-0.2 0.1-0.7 0.5t-1 0.7-0.9 0.6-1.1 0.5-0.9 0.2h-0.1q-0.4 0-0.9-0.2t-1.1-0.5-0.9-0.6-1-0.7-0.7-0.5q-1.6-1.1-4.7-3.2t-3.6-2.6q-1.1-0.7-2.1-2t-1-2.5q0-1.4 0.7-2.3t2.1-0.9h26.3q1.2 0 2 0.8t0.9 2z\"\/><\/svg><\/span><\/a><\/li><\/ul><\/div><\/div>","protected":false},"excerpt":{"rendered":"<p>[vc_row gap=&#8221;10&#8243; css=&#8221;.vc_custom_1473922425780{padding-top: 60px !important;padding-bottom: 0px !important;}&#8221;][vc_column width=&#8221;1\/4&#8243; css=&#8221;.vc_custom_1473765450683{padding-top: 40px !important;}&#8221;][\/vc_column][vc_column width=&#8221;3\/4&#8243;][vc_row_inner gap=&#8221;5&#8243;][vc_column_inner css=&#8221;.vc_custom_1470401964868{padding-right: 2% !important;padding-left: 2% !important;}&#8221;][vc_column_text] Buchen Sie noch heute Ihren Termin! &nbsp; Das Karrierenetzwerk LinkedIn ist das einzige Portal weltweit, was mit Abstand auf Nummer 1 der<span class=\"read_more_area\"><a class=\"read-more\" href=\"https:\/\/killer-press.com\/de\/linkedin\/\"> Continue Reading <\/a><\/span><\/p>\n","protected":false},"author":11,"featured_media":0,"parent":0,"menu_order":0,"comment_status":"closed","ping_status":"closed","template":"","meta":{"MSN_Categories":"Uncategorized","MSN_Publish_Option":false,"MSN_Is_Local_News":false,"MSN_Is_AIAC_Included":"Empty","MSN_Location":"[]","MSN_Add_Feature_Img_On_Top_Of_Post":false,"MSN_Has_Custom_Author":false,"MSN_Custom_Author":"","MSN_Has_Custom_Canonical_Url":false,"MSN_Custom_Canonical_Url":"","footnotes":""},"class_list":["post-1974","page","type-page","status-publish","hentry"],"yoast_head":"<!-- This site is optimized with the Yoast SEO Premium plugin v20.7 (Yoast SEO v25.6) - https:\/\/yoast.com\/wordpress\/plugins\/seo\/ -->\n<title>LinkedIn - Killer Press<\/title>\n<meta name=\"description\" content=\"Buchen Sie noch heute ein Seminar, Workshop oder Coaching bei uns. Das Karrierenetzwerk LinkedIn ist das einzige Portal weltweit, was mit Abstand auf Nummer 1 der B2B Plattformen ist. Es erreicht alle Entscheider, mehr als alle anderen Social Media Kan\u00e4le wie Facebook, Instagram, Twitter usw.\" \/>\n<meta name=\"robots\" content=\"index, follow, max-snippet:-1, max-image-preview:large, max-video-preview:-1\" \/>\n<link rel=\"canonical\" href=\"https:\/\/killer-press.com\/de\/linkedin\/\" \/>\n<meta property=\"og:locale\" content=\"de_DE\" \/>\n<meta property=\"og:type\" content=\"article\" \/>\n<meta property=\"og:title\" content=\"LinkedIn\" \/>\n<meta property=\"og:description\" content=\"Buchen Sie noch heute ein Seminar, Workshop oder Coaching bei uns. Das Karrierenetzwerk LinkedIn ist das einzige Portal weltweit, was mit Abstand auf Nummer 1 der B2B Plattformen ist. Es erreicht alle Entscheider, mehr als alle anderen Social Media Kan\u00e4le wie Facebook, Instagram, Twitter usw.\" \/>\n<meta property=\"og:url\" content=\"https:\/\/killer-press.com\/de\/linkedin\/\" \/>\n<meta property=\"og:site_name\" content=\"Killer Press\" \/>\n<meta property=\"article:modified_time\" content=\"2022-12-05T08:38:50+00:00\" \/>\n<meta property=\"og:image\" content=\"https:\/\/killer-press.com\/de\/wp-content\/uploads\/sites\/6\/2022\/01\/photo.jpg\" \/>\n\t<meta property=\"og:image:width\" content=\"2048\" \/>\n\t<meta property=\"og:image:height\" content=\"1152\" \/>\n\t<meta property=\"og:image:type\" content=\"image\/jpeg\" \/>\n<meta name=\"twitter:card\" content=\"summary_large_image\" \/>\n<meta name=\"twitter:label1\" content=\"Gesch\u00e4tzte Lesezeit\" \/>\n\t<meta name=\"twitter:data1\" content=\"5\u00a0Minuten\" \/>\n<script type=\"application\/ld+json\" class=\"yoast-schema-graph\">{\"@context\":\"https:\/\/schema.org\",\"@graph\":[{\"@type\":\"WebPage\",\"@id\":\"https:\/\/killer-press.com\/de\/linkedin\/\",\"url\":\"https:\/\/killer-press.com\/de\/linkedin\/\",\"name\":\"LinkedIn - Killer Press\",\"isPartOf\":{\"@id\":\"https:\/\/killer-press.com\/de\/#website\"},\"datePublished\":\"2018-05-01T11:23:13+00:00\",\"dateModified\":\"2022-12-05T08:38:50+00:00\",\"description\":\"Buchen Sie noch heute ein Seminar, Workshop oder Coaching bei uns. Das Karrierenetzwerk LinkedIn ist das einzige Portal weltweit, was mit Abstand auf Nummer 1 der B2B Plattformen ist. Es erreicht alle Entscheider, mehr als alle anderen Social Media Kan\u00e4le wie Facebook, Instagram, Twitter usw.\",\"breadcrumb\":{\"@id\":\"https:\/\/killer-press.com\/de\/linkedin\/#breadcrumb\"},\"inLanguage\":\"de\",\"potentialAction\":[{\"@type\":\"ReadAction\",\"target\":[\"https:\/\/killer-press.com\/de\/linkedin\/\"]}]},{\"@type\":\"BreadcrumbList\",\"@id\":\"https:\/\/killer-press.com\/de\/linkedin\/#breadcrumb\",\"itemListElement\":[{\"@type\":\"ListItem\",\"position\":1,\"name\":\"Home\",\"item\":\"https:\/\/killer-press.com\/de\/\"},{\"@type\":\"ListItem\",\"position\":2,\"name\":\"LinkedIn\"}]},{\"@type\":\"WebSite\",\"@id\":\"https:\/\/killer-press.com\/de\/#website\",\"url\":\"https:\/\/killer-press.com\/de\/\",\"name\":\"Killer Press\",\"description\":\"\",\"publisher\":{\"@id\":\"https:\/\/killer-press.com\/de\/#organization\"},\"potentialAction\":[{\"@type\":\"SearchAction\",\"target\":{\"@type\":\"EntryPoint\",\"urlTemplate\":\"https:\/\/killer-press.com\/de\/?s={search_term_string}\"},\"query-input\":{\"@type\":\"PropertyValueSpecification\",\"valueRequired\":true,\"valueName\":\"search_term_string\"}}],\"inLanguage\":\"de\"},{\"@type\":\"Organization\",\"@id\":\"https:\/\/killer-press.com\/de\/#organization\",\"name\":\"Killer Press\",\"url\":\"https:\/\/killer-press.com\/de\/\",\"logo\":{\"@type\":\"ImageObject\",\"inLanguage\":\"de\",\"@id\":\"https:\/\/killer-press.com\/de\/#\/schema\/logo\/image\/\",\"url\":\"https:\/\/killer-press.com\/de\/wp-content\/uploads\/sites\/6\/2022\/01\/photo.jpg\",\"contentUrl\":\"https:\/\/killer-press.com\/de\/wp-content\/uploads\/sites\/6\/2022\/01\/photo.jpg\",\"width\":2048,\"height\":1152,\"caption\":\"Killer Press\"},\"image\":{\"@id\":\"https:\/\/killer-press.com\/de\/#\/schema\/logo\/image\/\"}}]}<\/script>\n<!-- \/ Yoast SEO Premium plugin. -->","yoast_head_json":{"title":"LinkedIn - Killer Press","description":"Buchen Sie noch heute ein Seminar, Workshop oder Coaching bei uns. Das Karrierenetzwerk LinkedIn ist das einzige Portal weltweit, was mit Abstand auf Nummer 1 der B2B Plattformen ist. Es erreicht alle Entscheider, mehr als alle anderen Social Media Kan\u00e4le wie Facebook, Instagram, Twitter usw.","robots":{"index":"index","follow":"follow","max-snippet":"max-snippet:-1","max-image-preview":"max-image-preview:large","max-video-preview":"max-video-preview:-1"},"canonical":"https:\/\/killer-press.com\/de\/linkedin\/","og_locale":"de_DE","og_type":"article","og_title":"LinkedIn","og_description":"Buchen Sie noch heute ein Seminar, Workshop oder Coaching bei uns. Das Karrierenetzwerk LinkedIn ist das einzige Portal weltweit, was mit Abstand auf Nummer 1 der B2B Plattformen ist. Es erreicht alle Entscheider, mehr als alle anderen Social Media Kan\u00e4le wie Facebook, Instagram, Twitter usw.","og_url":"https:\/\/killer-press.com\/de\/linkedin\/","og_site_name":"Killer Press","article_modified_time":"2022-12-05T08:38:50+00:00","og_image":[{"width":2048,"height":1152,"url":"https:\/\/killer-press.com\/de\/wp-content\/uploads\/sites\/6\/2022\/01\/photo.jpg","type":"image\/jpeg"}],"twitter_card":"summary_large_image","twitter_misc":{"Gesch\u00e4tzte Lesezeit":"5\u00a0Minuten"},"schema":{"@context":"https:\/\/schema.org","@graph":[{"@type":"WebPage","@id":"https:\/\/killer-press.com\/de\/linkedin\/","url":"https:\/\/killer-press.com\/de\/linkedin\/","name":"LinkedIn - Killer Press","isPartOf":{"@id":"https:\/\/killer-press.com\/de\/#website"},"datePublished":"2018-05-01T11:23:13+00:00","dateModified":"2022-12-05T08:38:50+00:00","description":"Buchen Sie noch heute ein Seminar, Workshop oder Coaching bei uns. Das Karrierenetzwerk LinkedIn ist das einzige Portal weltweit, was mit Abstand auf Nummer 1 der B2B Plattformen ist. Es erreicht alle Entscheider, mehr als alle anderen Social Media Kan\u00e4le wie Facebook, Instagram, Twitter usw.","breadcrumb":{"@id":"https:\/\/killer-press.com\/de\/linkedin\/#breadcrumb"},"inLanguage":"de","potentialAction":[{"@type":"ReadAction","target":["https:\/\/killer-press.com\/de\/linkedin\/"]}]},{"@type":"BreadcrumbList","@id":"https:\/\/killer-press.com\/de\/linkedin\/#breadcrumb","itemListElement":[{"@type":"ListItem","position":1,"name":"Home","item":"https:\/\/killer-press.com\/de\/"},{"@type":"ListItem","position":2,"name":"LinkedIn"}]},{"@type":"WebSite","@id":"https:\/\/killer-press.com\/de\/#website","url":"https:\/\/killer-press.com\/de\/","name":"Killer Press","description":"","publisher":{"@id":"https:\/\/killer-press.com\/de\/#organization"},"potentialAction":[{"@type":"SearchAction","target":{"@type":"EntryPoint","urlTemplate":"https:\/\/killer-press.com\/de\/?s={search_term_string}"},"query-input":{"@type":"PropertyValueSpecification","valueRequired":true,"valueName":"search_term_string"}}],"inLanguage":"de"},{"@type":"Organization","@id":"https:\/\/killer-press.com\/de\/#organization","name":"Killer Press","url":"https:\/\/killer-press.com\/de\/","logo":{"@type":"ImageObject","inLanguage":"de","@id":"https:\/\/killer-press.com\/de\/#\/schema\/logo\/image\/","url":"https:\/\/killer-press.com\/de\/wp-content\/uploads\/sites\/6\/2022\/01\/photo.jpg","contentUrl":"https:\/\/killer-press.com\/de\/wp-content\/uploads\/sites\/6\/2022\/01\/photo.jpg","width":2048,"height":1152,"caption":"Killer Press"},"image":{"@id":"https:\/\/killer-press.com\/de\/#\/schema\/logo\/image\/"}}]}},"_links":{"self":[{"href":"https:\/\/killer-press.com\/de\/wp-json\/wp\/v2\/pages\/1974","targetHints":{"allow":["GET"]}}],"collection":[{"href":"https:\/\/killer-press.com\/de\/wp-json\/wp\/v2\/pages"}],"about":[{"href":"https:\/\/killer-press.com\/de\/wp-json\/wp\/v2\/types\/page"}],"author":[{"embeddable":true,"href":"https:\/\/killer-press.com\/de\/wp-json\/wp\/v2\/users\/11"}],"replies":[{"embeddable":true,"href":"https:\/\/killer-press.com\/de\/wp-json\/wp\/v2\/comments?post=1974"}],"version-history":[{"count":25,"href":"https:\/\/killer-press.com\/de\/wp-json\/wp\/v2\/pages\/1974\/revisions"}],"predecessor-version":[{"id":2691,"href":"https:\/\/killer-press.com\/de\/wp-json\/wp\/v2\/pages\/1974\/revisions\/2691"}],"wp:attachment":[{"href":"https:\/\/killer-press.com\/de\/wp-json\/wp\/v2\/media?parent=1974"}],"curies":[{"name":"wp","href":"https:\/\/api.w.org\/{rel}","templated":true}]}}