{"id":2056,"date":"2018-06-29T07:04:03","date_gmt":"2018-06-29T07:04:03","guid":{"rendered":"https:\/\/killer-press.com\/de\/?page_id=2056"},"modified":"2018-06-29T07:04:03","modified_gmt":"2018-06-29T07:04:03","slug":"blog-content-redaktion","status":"publish","type":"page","link":"https:\/\/killer-press.com\/de\/press\/blog-content-redaktion\/","title":{"rendered":"Blog Content &#038; Redaktion"},"content":{"rendered":"<div class=\"wpb-content-wrapper\"><p>[vc_row][vc_column][vc_cta h2=&#8221;Blog Content &amp; Redaktionelle Texte &#8220;]Man m\u00f6chte gerne einen Blog oder ein Online Magazin ins Leben rufen?<br \/>\nMan hat bereits ein Magazin oder einen Blog, aber keine Zeit Content zu erstellen?<\/p>\n<h3>Wir helfen Ihnen<\/h3>\n<p>Wir erarbeiten, recherchieren und schreiben Ihre Texte.<\/p>\n<p>Warum sich ein eigener Blog loht?<\/p>\n<p>Dialog \u00fcber Monolog. Blogs haben ihre Wurzeln in Dialogen und sind darauf ausgerichtet, sie zu ermutigen.<\/p>\n<ul>\n<li>Blogs sind unternehmenseigene Medien und erm\u00f6glichen es euch, selbst Medien zu sein.<\/li>\n<li>W\u00e4hrend soziale Medien kommen und gehen, sind Blogs die einzige soziale Plattform, die bleibt, da sie nicht von Dritten kontrolliert wird \u2013 siehe Dsvgo und Algorithmen<\/li>\n<li>Manchmal machen wir Fehler. Blogbeitr\u00e4ge sind ideale Wege, um auf offene und \u201emenschliche\u201c Weise \u00fcber sie zu sprechen.<\/li>\n<li>Die R\u00fcckkehr von Blogging ist hoch. Es ist eine kosteng\u00fcnstige Form der Kommunikation. Die tats\u00e4chlichen Kosten, sobald der Blog erstellt ist, setzen sich aus den Ressourcen zusammen, die f\u00fcr Wartung, Planung, Schreiben, Verbreitung und Nachverfolgung bestimmt sind.<\/li>\n<li>Dauerhafte soziale Pr\u00e4senz.<\/li>\n<li>Wenn Inhalte mit dem \u00fcbereinstimmen, was Menschen suchen und relevant sind, lieben Suchmaschinen Blogs.<\/li>\n<li>Sie sind Analytik- und Optimierungs-Champions.<\/li>\n<li>Menschliche und relationale Markenkraft.<\/li>\n<li>F\u00fchrung, Glaubw\u00fcrdigkeit und Vertrauen \u2013 Image Building<\/li>\n<li>Die Quellen des sozialen Teilens.<\/li>\n<li>Business-Ankn\u00fcpfungspunkte<\/li>\n<\/ul>\n<p>&nbsp;<\/p>\n<p>Unsere Preisstruktur ist ganz simpel. Falls Sie Fragen haben, schicken Sie uns gerne eine Mail. pr@killer-press.com<\/p>\n<p>Sie k\u00f6nnen auch ein Seminar bei uns buchen und direkt mal schauen, was man noch alles mit Blogs und Online Magazinen machen kann.<br \/>\nHier geht es <a href=\"https:\/\/killer-press.com\/de\/seminar\/\">zum Seminar -&gt;<\/a><\/p>\n<p><img fetchpriority=\"high\" decoding=\"async\" class=\"alignnone size-full wp-image-2057\" src=\"https:\/\/killer-press.com\/de\/wp-content\/uploads\/sites\/6\/2018\/06\/kopie-von-killer-press.jpg\" alt=\"\" width=\"2480\" height=\"3506\" srcset=\"https:\/\/killer-press.com\/de\/wp-content\/uploads\/sites\/6\/2018\/06\/kopie-von-killer-press.jpg 2480w, https:\/\/killer-press.com\/de\/wp-content\/uploads\/sites\/6\/2018\/06\/kopie-von-killer-press-212x300.jpg 212w, https:\/\/killer-press.com\/de\/wp-content\/uploads\/sites\/6\/2018\/06\/kopie-von-killer-press-768x1086.jpg 768w, https:\/\/killer-press.com\/de\/wp-content\/uploads\/sites\/6\/2018\/06\/kopie-von-killer-press-724x1024.jpg 724w\" sizes=\"(max-width: 2480px) 100vw, 2480px\" \/><\/p>\n<p><span style=\"border-top-left-radius: 2px; border-top-right-radius: 2px; border-bottom-right-radius: 2px; border-bottom-left-radius: 2px; text-indent: 20px; width: auto; padding: 0px 4px 0px 0px; text-align: center; font-style: normal; font-variant-caps: normal; font-weight: bold; font-stretch: normal; font-size: 11px; line-height: 20px; font-family: 'Helvetica Neue', Helvetica, sans-serif; color: #ffffff; background-image: url(data:image\/svg+xml; base64,phn2zyb4bwxucz0iahr0cdovl3d3dy53my5vcmcvmjawmc9zdmciighlawdodd0imzbwecigd2lkdgg9ijmwchgiihzpzxdcb3g9ii0xic0xidmxidmxij48zz48cgf0acbkpsjnmjkundq5lde0ljy2mibdmjkundq5ldiyljcymiaymi44njgsmjkumju2ide0ljc1ldi5lji1nibdni42mzismjkumju2idaumduxldiyljcymiawlja1mswxnc42njigqzaumduxldyunjaxidyunjmyldaumdy3ide0ljc1ldaumdy3iemymi44njgsmc4wnjcgmjkundq5ldyunjaxidi5ljq0oswxnc42njiiigzpbgw9iinmzmyiihn0cm9rzt0ii2zmziigc3ryb2tllxdpzhropsixij48l3bhdgg+phbhdgggzd0itte0ljczmywxljy4nibdny41mtysms42odygms42njusny40otugms42njusmtqunjyyiemxljy2nswymc4xntkgns4xmdksmjquodu0idkuotcsmjyunzq0iem5ljg1niwyns43mtggos43ntmsmjqumtqzidewljaxniwymy4wmjigqzewlji1mywymi4wmsaxms41ndgsmtyuntcyidexlju0ocwxni41nzigqzexlju0ocwxni41nzigmteumtu3lde1ljc5nsaxms4xntcsmtqunjq2iemxms4xntcsmtiuodqyideyljixmswxms40otugmtmuntiyldexljq5nsbdmtqunjm3ldexljq5nsaxns4xnzusmtiumzi2ide1lje3nswxmy4zmjmgqze1lje3nswxnc40mzygmtqundyylde2ljegmtqumdkzlde3ljy0mybdmtmunzg1lde4ljkznsaxnc43ndusmtkuotg4ide2ljayocwxos45odggqze4ljm1mswxos45odggmjaumtm2lde3lju1niaymc4xmzysmtqumdq2iemymc4xmzysmtauotm5ide3ljg4ocw4ljc2nyaxnc42nzgsoc43njcgqzewljk1osw4ljc2nya4ljc3nywxms41mzygoc43nzcsmtqumzk4iem4ljc3nywxns41mtmgos4ymswxni43mdkgos43ndksmtcumzu5iem5ljg1niwxny40odggos44nzismtcunia5ljg0lde3ljczmsbdos43ndesmtgumtqxidkuntismtkumdizidkundc3lde5ljiwmybdos40miwxos40nca5lji4ocwxos40otegos4wncwxos4znzygqzcunda4lde4ljyymia2ljm4nywxni4yntigni4zodcsmtqumzq5iem2ljm4nywxmc4yntygos4zodmsni40otcgmtuumdiyldyundk3iemxos41ntusni40otcgmjmumdc4ldkunza1idizlja3ocwxmy45otegqzizlja3ocwxoc40njmgmjaumjm5ldiylja2miaxni4yotcsmjiumdyyiemxnc45nzmsmjiumdyyidezljcyocwyms4znzkgmtmumzayldiwlju3mibdmtmumzayldiwlju3miaxmi42ndcsmjmumdugmtiundg4ldizljy1nybdmtiumtkzldi0ljc4ncaxms4zotysmjyumtk2idewljg2mywyny4wntggqzeylja4niwyny40mzqgmtmumzg2ldi3ljyznyaxnc43mzmsmjcunjm3iemyms45nswyny42mzcgmjcuodaxldixljgyocayny44mdesmtqunjyyiemyny44mdesny40otugmjeuotusms42odygmtqunzmzldeunjg2iibmawxspsijymqwodfjij48l3bhdgg+pc9npjwvc3znpg==); background-size: 14px 14px; background-color: #bd081c; position: absolute; opacity: 1; z-index: 8675309; display: none; cursor: pointer; border: none; -webkit-font-smoothing: antialiased; top: 899px; left: 21px; background-position: 3px 50%; background-repeat: no-repeat no-repeat;\">Merken<\/span><span style=\"border-top-left-radius: 2px; border-top-right-radius: 2px; border-bottom-right-radius: 2px; border-bottom-left-radius: 2px; text-indent: 20px; width: auto; padding: 0px 4px 0px 0px; text-align: center; font-style: normal; font-variant-caps: normal; font-weight: bold; font-stretch: normal; font-size: 11px; line-height: 20px; font-family: 'Helvetica Neue', Helvetica, sans-serif; color: #ffffff; background-image: url(data:image\/svg+xml; base64,phn2zyb4bwxucz0iahr0cdovl3d3dy53my5vcmcvmjawmc9zdmciighlawdodd0imzbwecigd2lkdgg9ijmwchgiihzpzxdcb3g9ii0xic0xidmxidmxij48zz48cgf0acbkpsjnmjkundq5lde0ljy2mibdmjkundq5ldiyljcymiaymi44njgsmjkumju2ide0ljc1ldi5lji1nibdni42mzismjkumju2idaumduxldiyljcymiawlja1mswxnc42njigqzaumduxldyunjaxidyunjmyldaumdy3ide0ljc1ldaumdy3iemymi44njgsmc4wnjcgmjkundq5ldyunjaxidi5ljq0oswxnc42njiiigzpbgw9iinmzmyiihn0cm9rzt0ii2zmziigc3ryb2tllxdpzhropsixij48l3bhdgg+phbhdgggzd0itte0ljczmywxljy4nibdny41mtysms42odygms42njusny40otugms42njusmtqunjyyiemxljy2nswymc4xntkgns4xmdksmjquodu0idkuotcsmjyunzq0iem5ljg1niwyns43mtggos43ntmsmjqumtqzidewljaxniwymy4wmjigqzewlji1mywymi4wmsaxms41ndgsmtyuntcyidexlju0ocwxni41nzigqzexlju0ocwxni41nzigmteumtu3lde1ljc5nsaxms4xntcsmtqunjq2iemxms4xntcsmtiuodqyideyljixmswxms40otugmtmuntiyldexljq5nsbdmtqunjm3ldexljq5nsaxns4xnzusmtiumzi2ide1lje3nswxmy4zmjmgqze1lje3nswxnc40mzygmtqundyylde2ljegmtqumdkzlde3ljy0mybdmtmunzg1lde4ljkznsaxnc43ndusmtkuotg4ide2ljayocwxos45odggqze4ljm1mswxos45odggmjaumtm2lde3lju1niaymc4xmzysmtqumdq2iemymc4xmzysmtauotm5ide3ljg4ocw4ljc2nyaxnc42nzgsoc43njcgqzewljk1osw4ljc2nya4ljc3nywxms41mzygoc43nzcsmtqumzk4iem4ljc3nywxns41mtmgos4ymswxni43mdkgos43ndksmtcumzu5iem5ljg1niwxny40odggos44nzismtcunia5ljg0lde3ljczmsbdos43ndesmtgumtqxidkuntismtkumdizidkundc3lde5ljiwmybdos40miwxos40nca5lji4ocwxos40otegos4wncwxos4znzygqzcunda4lde4ljyymia2ljm4nywxni4yntigni4zodcsmtqumzq5iem2ljm4nywxmc4yntygos4zodmsni40otcgmtuumdiyldyundk3iemxos41ntusni40otcgmjmumdc4ldkunza1idizlja3ocwxmy45otegqzizlja3ocwxoc40njmgmjaumjm5ldiylja2miaxni4yotcsmjiumdyyiemxnc45nzmsmjiumdyyidezljcyocwyms4znzkgmtmumzayldiwlju3mibdmtmumzayldiwlju3miaxmi42ndcsmjmumdugmtiundg4ldizljy1nybdmtiumtkzldi0ljc4ncaxms4zotysmjyumtk2idewljg2mywyny4wntggqzeylja4niwyny40mzqgmtmumzg2ldi3ljyznyaxnc43mzmsmjcunjm3iemyms45nswyny42mzcgmjcuodaxldixljgyocayny44mdesmtqunjyyiemyny44mdesny40otugmjeuotusms42odygmtqunzmzldeunjg2iibmawxspsijymqwodfjij48l3bhdgg+pc9npjwvc3znpg==); background-size: 14px 14px; background-color: #bd081c; position: absolute; opacity: 1; z-index: 8675309; display: none; cursor: pointer; border: none; -webkit-font-smoothing: antialiased; top: 899px; left: 21px; background-position: 3px 50%; background-repeat: no-repeat no-repeat;\">Merken<\/span>[\/vc_cta][\/vc_column][\/vc_row]<\/p>\n<div class=\"shariff shariff-align-left shariff-widget-align-left\"><ul class=\"shariff-buttons theme-round orientation-horizontal buttonsize-medium\"><li class=\"shariff-button linkedin shariff-nocustomcolor\" style=\"background-color:#1488bf\"><a href=\"https:\/\/www.linkedin.com\/sharing\/share-offsite\/?url=https%3A%2F%2Fkiller-press.com%2Fde%2Fpress%2Fblog-content-redaktion%2F\" title=\"Bei LinkedIn teilen\" aria-label=\"Bei LinkedIn teilen\" role=\"button\" rel=\"noopener nofollow\" class=\"shariff-link\" style=\"; background-color:#0077b5; color:#fff\" target=\"_blank\"><span class=\"shariff-icon\" style=\"\"><svg width=\"32px\" height=\"20px\" xmlns=\"http:\/\/www.w3.org\/2000\/svg\" viewBox=\"0 0 27 32\"><path fill=\"#0077b5\" d=\"M6.2 11.2v17.7h-5.9v-17.7h5.9zM6.6 5.7q0 1.3-0.9 2.2t-2.4 0.9h0q-1.5 0-2.4-0.9t-0.9-2.2 0.9-2.2 2.4-0.9 2.4 0.9 0.9 2.2zM27.4 18.7v10.1h-5.9v-9.5q0-1.9-0.7-2.9t-2.3-1.1q-1.1 0-1.9 0.6t-1.2 1.5q-0.2 0.5-0.2 1.4v9.9h-5.9q0-7.1 0-11.6t0-5.3l0-0.9h5.9v2.6h0q0.4-0.6 0.7-1t1-0.9 1.6-0.8 2-0.3q3 0 4.9 2t1.9 6z\"\/><\/svg><\/span><\/a><\/li><li class=\"shariff-button facebook shariff-nocustomcolor\" style=\"background-color:#4273c8\"><a href=\"https:\/\/www.facebook.com\/sharer\/sharer.php?u=https%3A%2F%2Fkiller-press.com%2Fde%2Fpress%2Fblog-content-redaktion%2F\" title=\"Bei Facebook teilen\" aria-label=\"Bei Facebook teilen\" role=\"button\" rel=\"nofollow\" class=\"shariff-link\" style=\"; background-color:#3b5998; color:#fff\" target=\"_blank\"><span class=\"shariff-icon\" style=\"\"><svg width=\"32px\" height=\"20px\" xmlns=\"http:\/\/www.w3.org\/2000\/svg\" viewBox=\"0 0 18 32\"><path fill=\"#3b5998\" d=\"M17.1 0.2v4.7h-2.8q-1.5 0-2.1 0.6t-0.5 1.9v3.4h5.2l-0.7 5.3h-4.5v13.6h-5.5v-13.6h-4.5v-5.3h4.5v-3.9q0-3.3 1.9-5.2t5-1.8q2.6 0 4.1 0.2z\"\/><\/svg><\/span><\/a><\/li><li class=\"shariff-button mailto shariff-nocustomcolor\" style=\"background-color:#a8a8a8\"><a href=\"mailto:?body=https%3A%2F%2Fkiller-press.com%2Fde%2Fpress%2Fblog-content-redaktion%2F&subject=Blog%20Content%20%26%20Redaktion\" title=\"Per E-Mail versenden\" aria-label=\"Per E-Mail versenden\" role=\"button\" rel=\"noopener nofollow\" class=\"shariff-link\" style=\"; background-color:#999; color:#fff\"><span class=\"shariff-icon\" style=\"\"><svg width=\"32px\" height=\"20px\" xmlns=\"http:\/\/www.w3.org\/2000\/svg\" viewBox=\"0 0 32 32\"><path fill=\"#999\" d=\"M32 12.7v14.2q0 1.2-0.8 2t-2 0.9h-26.3q-1.2 0-2-0.9t-0.8-2v-14.2q0.8 0.9 1.8 1.6 6.5 4.4 8.9 6.1 1 0.8 1.6 1.2t1.7 0.9 2 0.4h0.1q0.9 0 2-0.4t1.7-0.9 1.6-1.2q3-2.2 8.9-6.1 1-0.7 1.8-1.6zM32 7.4q0 1.4-0.9 2.7t-2.2 2.2q-6.7 4.7-8.4 5.8-0.2 0.1-0.7 0.5t-1 0.7-0.9 0.6-1.1 0.5-0.9 0.2h-0.1q-0.4 0-0.9-0.2t-1.1-0.5-0.9-0.6-1-0.7-0.7-0.5q-1.6-1.1-4.7-3.2t-3.6-2.6q-1.1-0.7-2.1-2t-1-2.5q0-1.4 0.7-2.3t2.1-0.9h26.3q1.2 0 2 0.8t0.9 2z\"\/><\/svg><\/span><\/a><\/li><\/ul><\/div><\/div>","protected":false},"excerpt":{"rendered":"<p>[vc_row][vc_column][vc_cta h2=&#8221;Blog Content &amp; Redaktionelle Texte &#8220;]Man m\u00f6chte gerne einen Blog oder ein Online Magazin ins Leben rufen? Man hat bereits ein Magazin oder einen Blog, aber keine Zeit Content zu erstellen? Wir helfen Ihnen Wir erarbeiten, recherchieren und schreiben<span class=\"read_more_area\"><a class=\"read-more\" href=\"https:\/\/killer-press.com\/de\/press\/blog-content-redaktion\/\"> Continue Reading <\/a><\/span><\/p>\n","protected":false},"author":2,"featured_media":0,"parent":1653,"menu_order":0,"comment_status":"closed","ping_status":"closed","template":"","meta":{"MSN_Categories":"Uncategorized","MSN_Publish_Option":false,"MSN_Is_Local_News":false,"MSN_Is_AIAC_Included":"Empty","MSN_Location":"[]","MSN_Add_Feature_Img_On_Top_Of_Post":false,"MSN_Has_Custom_Author":false,"MSN_Custom_Author":"","MSN_Has_Custom_Canonical_Url":false,"MSN_Custom_Canonical_Url":"","footnotes":""},"class_list":["post-2056","page","type-page","status-publish","hentry"],"yoast_head":"<!-- This site is optimized with the Yoast SEO Premium plugin v20.7 (Yoast SEO v27.4) - https:\/\/yoast.com\/product\/yoast-seo-premium-wordpress\/ -->\n<title>Blog Content &amp; Redaktion - Killer Press<\/title>\n<meta name=\"description\" content=\"Man m\u00f6chte gerne einen Blog oder ein Online Magazin ins Leben rufen? Man hat bereits ein Magazin oder einen Blog, aber keine Zeit Content zu erstellen? Wir helfen Ihnen! Wir erarbeiten, recherchieren und schreiben Ihre Texte. Wir f\u00fcllen Ihren Blog oder Ihr Magazin mit hochwertigem Content auf.\" \/>\n<meta name=\"robots\" content=\"index, follow, max-snippet:-1, max-image-preview:large, max-video-preview:-1\" \/>\n<link rel=\"canonical\" href=\"https:\/\/killer-press.com\/de\/press\/blog-content-redaktion\/\" \/>\n<meta property=\"og:locale\" content=\"de_DE\" \/>\n<meta property=\"og:type\" content=\"article\" \/>\n<meta property=\"og:title\" content=\"Blog Content &amp; Redaktion\" \/>\n<meta property=\"og:description\" content=\"Man m\u00f6chte gerne einen Blog oder ein Online Magazin ins Leben rufen? Man hat bereits ein Magazin oder einen Blog, aber keine Zeit Content zu erstellen? Wir helfen Ihnen! Wir erarbeiten, recherchieren und schreiben Ihre Texte. Wir f\u00fcllen Ihren Blog oder Ihr Magazin mit hochwertigem Content auf.\" \/>\n<meta property=\"og:url\" content=\"https:\/\/killer-press.com\/de\/press\/blog-content-redaktion\/\" \/>\n<meta property=\"og:site_name\" content=\"Killer Press\" \/>\n<meta property=\"og:image\" content=\"https:\/\/killer-press.com\/de\/wp-content\/uploads\/sites\/6\/2018\/06\/kopie-von-killer-press.jpg\" \/>\n<meta name=\"twitter:card\" content=\"summary_large_image\" \/>\n<meta name=\"twitter:label1\" content=\"Gesch\u00e4tzte Lesezeit\" \/>\n\t<meta name=\"twitter:data1\" content=\"1\u00a0Minute\" \/>\n<script type=\"application\/ld+json\" class=\"yoast-schema-graph\">{\"@context\":\"https:\\\/\\\/schema.org\",\"@graph\":[{\"@type\":\"WebPage\",\"@id\":\"https:\\\/\\\/killer-press.com\\\/de\\\/press\\\/blog-content-redaktion\\\/\",\"url\":\"https:\\\/\\\/killer-press.com\\\/de\\\/press\\\/blog-content-redaktion\\\/\",\"name\":\"Blog Content & Redaktion - Killer Press\",\"isPartOf\":{\"@id\":\"https:\\\/\\\/killer-press.com\\\/de\\\/#website\"},\"primaryImageOfPage\":{\"@id\":\"https:\\\/\\\/killer-press.com\\\/de\\\/press\\\/blog-content-redaktion\\\/#primaryimage\"},\"image\":{\"@id\":\"https:\\\/\\\/killer-press.com\\\/de\\\/press\\\/blog-content-redaktion\\\/#primaryimage\"},\"thumbnailUrl\":\"https:\\\/\\\/killer-press.com\\\/de\\\/wp-content\\\/uploads\\\/sites\\\/6\\\/2018\\\/06\\\/kopie-von-killer-press.jpg\",\"datePublished\":\"2018-06-29T07:04:03+00:00\",\"description\":\"Man m\u00f6chte gerne einen Blog oder ein Online Magazin ins Leben rufen? Man hat bereits ein Magazin oder einen Blog, aber keine Zeit Content zu erstellen? Wir helfen Ihnen! Wir erarbeiten, recherchieren und schreiben Ihre Texte. Wir f\u00fcllen Ihren Blog oder Ihr Magazin mit hochwertigem Content auf.\",\"breadcrumb\":{\"@id\":\"https:\\\/\\\/killer-press.com\\\/de\\\/press\\\/blog-content-redaktion\\\/#breadcrumb\"},\"inLanguage\":\"de\",\"potentialAction\":[{\"@type\":\"ReadAction\",\"target\":[\"https:\\\/\\\/killer-press.com\\\/de\\\/press\\\/blog-content-redaktion\\\/\"]}]},{\"@type\":\"ImageObject\",\"inLanguage\":\"de\",\"@id\":\"https:\\\/\\\/killer-press.com\\\/de\\\/press\\\/blog-content-redaktion\\\/#primaryimage\",\"url\":\"https:\\\/\\\/killer-press.com\\\/de\\\/wp-content\\\/uploads\\\/sites\\\/6\\\/2018\\\/06\\\/kopie-von-killer-press.jpg\",\"contentUrl\":\"https:\\\/\\\/killer-press.com\\\/de\\\/wp-content\\\/uploads\\\/sites\\\/6\\\/2018\\\/06\\\/kopie-von-killer-press.jpg\",\"width\":2480,\"height\":3506},{\"@type\":\"BreadcrumbList\",\"@id\":\"https:\\\/\\\/killer-press.com\\\/de\\\/press\\\/blog-content-redaktion\\\/#breadcrumb\",\"itemListElement\":[{\"@type\":\"ListItem\",\"position\":1,\"name\":\"Home\",\"item\":\"https:\\\/\\\/killer-press.com\\\/de\\\/\"},{\"@type\":\"ListItem\",\"position\":2,\"name\":\"Presse\",\"item\":\"https:\\\/\\\/killer-press.com\\\/de\\\/press\\\/\"},{\"@type\":\"ListItem\",\"position\":3,\"name\":\"Blog Content &#038; Redaktion\"}]},{\"@type\":\"WebSite\",\"@id\":\"https:\\\/\\\/killer-press.com\\\/de\\\/#website\",\"url\":\"https:\\\/\\\/killer-press.com\\\/de\\\/\",\"name\":\"Killer Press\",\"description\":\"\",\"publisher\":{\"@id\":\"https:\\\/\\\/killer-press.com\\\/de\\\/#organization\"},\"potentialAction\":[{\"@type\":\"SearchAction\",\"target\":{\"@type\":\"EntryPoint\",\"urlTemplate\":\"https:\\\/\\\/killer-press.com\\\/de\\\/?s={search_term_string}\"},\"query-input\":{\"@type\":\"PropertyValueSpecification\",\"valueRequired\":true,\"valueName\":\"search_term_string\"}}],\"inLanguage\":\"de\"},{\"@type\":\"Organization\",\"@id\":\"https:\\\/\\\/killer-press.com\\\/de\\\/#organization\",\"name\":\"Killer Press\",\"url\":\"https:\\\/\\\/killer-press.com\\\/de\\\/\",\"logo\":{\"@type\":\"ImageObject\",\"inLanguage\":\"de\",\"@id\":\"https:\\\/\\\/killer-press.com\\\/de\\\/#\\\/schema\\\/logo\\\/image\\\/\",\"url\":\"https:\\\/\\\/killer-press.com\\\/de\\\/wp-content\\\/uploads\\\/sites\\\/6\\\/2022\\\/01\\\/photo.jpg\",\"contentUrl\":\"https:\\\/\\\/killer-press.com\\\/de\\\/wp-content\\\/uploads\\\/sites\\\/6\\\/2022\\\/01\\\/photo.jpg\",\"width\":2048,\"height\":1152,\"caption\":\"Killer Press\"},\"image\":{\"@id\":\"https:\\\/\\\/killer-press.com\\\/de\\\/#\\\/schema\\\/logo\\\/image\\\/\"}}]}<\/script>\n<!-- \/ Yoast SEO Premium plugin. -->","yoast_head_json":{"title":"Blog Content & Redaktion - Killer Press","description":"Man m\u00f6chte gerne einen Blog oder ein Online Magazin ins Leben rufen? Man hat bereits ein Magazin oder einen Blog, aber keine Zeit Content zu erstellen? Wir helfen Ihnen! Wir erarbeiten, recherchieren und schreiben Ihre Texte. Wir f\u00fcllen Ihren Blog oder Ihr Magazin mit hochwertigem Content auf.","robots":{"index":"index","follow":"follow","max-snippet":"max-snippet:-1","max-image-preview":"max-image-preview:large","max-video-preview":"max-video-preview:-1"},"canonical":"https:\/\/killer-press.com\/de\/press\/blog-content-redaktion\/","og_locale":"de_DE","og_type":"article","og_title":"Blog Content & Redaktion","og_description":"Man m\u00f6chte gerne einen Blog oder ein Online Magazin ins Leben rufen? Man hat bereits ein Magazin oder einen Blog, aber keine Zeit Content zu erstellen? Wir helfen Ihnen! Wir erarbeiten, recherchieren und schreiben Ihre Texte. Wir f\u00fcllen Ihren Blog oder Ihr Magazin mit hochwertigem Content auf.","og_url":"https:\/\/killer-press.com\/de\/press\/blog-content-redaktion\/","og_site_name":"Killer Press","og_image":[{"url":"https:\/\/killer-press.com\/de\/wp-content\/uploads\/sites\/6\/2018\/06\/kopie-von-killer-press.jpg","type":"","width":"","height":""}],"twitter_card":"summary_large_image","twitter_misc":{"Gesch\u00e4tzte Lesezeit":"1\u00a0Minute"},"schema":{"@context":"https:\/\/schema.org","@graph":[{"@type":"WebPage","@id":"https:\/\/killer-press.com\/de\/press\/blog-content-redaktion\/","url":"https:\/\/killer-press.com\/de\/press\/blog-content-redaktion\/","name":"Blog Content & Redaktion - Killer Press","isPartOf":{"@id":"https:\/\/killer-press.com\/de\/#website"},"primaryImageOfPage":{"@id":"https:\/\/killer-press.com\/de\/press\/blog-content-redaktion\/#primaryimage"},"image":{"@id":"https:\/\/killer-press.com\/de\/press\/blog-content-redaktion\/#primaryimage"},"thumbnailUrl":"https:\/\/killer-press.com\/de\/wp-content\/uploads\/sites\/6\/2018\/06\/kopie-von-killer-press.jpg","datePublished":"2018-06-29T07:04:03+00:00","description":"Man m\u00f6chte gerne einen Blog oder ein Online Magazin ins Leben rufen? Man hat bereits ein Magazin oder einen Blog, aber keine Zeit Content zu erstellen? Wir helfen Ihnen! Wir erarbeiten, recherchieren und schreiben Ihre Texte. Wir f\u00fcllen Ihren Blog oder Ihr Magazin mit hochwertigem Content auf.","breadcrumb":{"@id":"https:\/\/killer-press.com\/de\/press\/blog-content-redaktion\/#breadcrumb"},"inLanguage":"de","potentialAction":[{"@type":"ReadAction","target":["https:\/\/killer-press.com\/de\/press\/blog-content-redaktion\/"]}]},{"@type":"ImageObject","inLanguage":"de","@id":"https:\/\/killer-press.com\/de\/press\/blog-content-redaktion\/#primaryimage","url":"https:\/\/killer-press.com\/de\/wp-content\/uploads\/sites\/6\/2018\/06\/kopie-von-killer-press.jpg","contentUrl":"https:\/\/killer-press.com\/de\/wp-content\/uploads\/sites\/6\/2018\/06\/kopie-von-killer-press.jpg","width":2480,"height":3506},{"@type":"BreadcrumbList","@id":"https:\/\/killer-press.com\/de\/press\/blog-content-redaktion\/#breadcrumb","itemListElement":[{"@type":"ListItem","position":1,"name":"Home","item":"https:\/\/killer-press.com\/de\/"},{"@type":"ListItem","position":2,"name":"Presse","item":"https:\/\/killer-press.com\/de\/press\/"},{"@type":"ListItem","position":3,"name":"Blog Content &#038; Redaktion"}]},{"@type":"WebSite","@id":"https:\/\/killer-press.com\/de\/#website","url":"https:\/\/killer-press.com\/de\/","name":"Killer Press","description":"","publisher":{"@id":"https:\/\/killer-press.com\/de\/#organization"},"potentialAction":[{"@type":"SearchAction","target":{"@type":"EntryPoint","urlTemplate":"https:\/\/killer-press.com\/de\/?s={search_term_string}"},"query-input":{"@type":"PropertyValueSpecification","valueRequired":true,"valueName":"search_term_string"}}],"inLanguage":"de"},{"@type":"Organization","@id":"https:\/\/killer-press.com\/de\/#organization","name":"Killer Press","url":"https:\/\/killer-press.com\/de\/","logo":{"@type":"ImageObject","inLanguage":"de","@id":"https:\/\/killer-press.com\/de\/#\/schema\/logo\/image\/","url":"https:\/\/killer-press.com\/de\/wp-content\/uploads\/sites\/6\/2022\/01\/photo.jpg","contentUrl":"https:\/\/killer-press.com\/de\/wp-content\/uploads\/sites\/6\/2022\/01\/photo.jpg","width":2048,"height":1152,"caption":"Killer Press"},"image":{"@id":"https:\/\/killer-press.com\/de\/#\/schema\/logo\/image\/"}}]}},"_links":{"self":[{"href":"https:\/\/killer-press.com\/de\/wp-json\/wp\/v2\/pages\/2056","targetHints":{"allow":["GET"]}}],"collection":[{"href":"https:\/\/killer-press.com\/de\/wp-json\/wp\/v2\/pages"}],"about":[{"href":"https:\/\/killer-press.com\/de\/wp-json\/wp\/v2\/types\/page"}],"author":[{"embeddable":true,"href":"https:\/\/killer-press.com\/de\/wp-json\/wp\/v2\/users\/2"}],"replies":[{"embeddable":true,"href":"https:\/\/killer-press.com\/de\/wp-json\/wp\/v2\/comments?post=2056"}],"version-history":[{"count":2,"href":"https:\/\/killer-press.com\/de\/wp-json\/wp\/v2\/pages\/2056\/revisions"}],"predecessor-version":[{"id":2059,"href":"https:\/\/killer-press.com\/de\/wp-json\/wp\/v2\/pages\/2056\/revisions\/2059"}],"up":[{"embeddable":true,"href":"https:\/\/killer-press.com\/de\/wp-json\/wp\/v2\/pages\/1653"}],"wp:attachment":[{"href":"https:\/\/killer-press.com\/de\/wp-json\/wp\/v2\/media?parent=2056"}],"curies":[{"name":"wp","href":"https:\/\/api.w.org\/{rel}","templated":true}]}}