{"id":2108,"date":"2018-09-11T19:38:41","date_gmt":"2018-09-11T19:38:41","guid":{"rendered":"https:\/\/killer-press.com\/de\/?page_id=2108"},"modified":"2023-11-28T20:12:18","modified_gmt":"2023-11-28T20:12:18","slug":"personal-branding","status":"publish","type":"page","link":"https:\/\/killer-press.com\/de\/personal-branding\/","title":{"rendered":"Personal Branding"},"content":{"rendered":"<div class=\"wpb-content-wrapper\"><p>[vc_row][vc_column][apress_button button_text=&#8221;Kontakt&#8221; button_size=&#8221;large&#8221; button_alignment=&#8221;center&#8221; button_shape=&#8221;rounded&#8221; button_link=&#8221;url:https%3A%2F%2Fkiller-press.com%2Fde%2Fkontakt%2F||target:%20_blank|&#8221;]<div id=\"ultimate-heading-943569de67ac9fda1\" class=\"uvc-heading ult-adjust-bottom-margin ultimate-heading-943569de67ac9fda1 uvc-5088 \" data-hspacer=\"no_spacer\"  data-halign=\"center\" style=\"text-align:center\"><div class=\"uvc-heading-spacer no_spacer\" style=\"top\"><\/div><div class=\"uvc-main-heading ult-responsive\"  data-ultimate-target='.uvc-heading.ultimate-heading-943569de67ac9fda1 h2'  data-responsive-json-new='{\"font-size\":\"\",\"line-height\":\"\"}' ><h2 style=\"font-weight:normal;\">TOP 10 Personal Branding Coaches<\/h2><\/div><div class=\"uvc-sub-heading ult-responsive\"  data-ultimate-target='.uvc-heading.ultimate-heading-943569de67ac9fda1 .uvc-sub-heading '  data-responsive-json-new='{\"font-size\":\"\",\"line-height\":\"\"}'  style=\"font-weight:normal;\"><\/p>\n<h3>Claudia Scheffler-Perrone wurde 2022 \u00a0unter den TOP 10 Personal Branding Coaches vom Magazin STRIVE gew\u00e4hlt.<\/h3>\n<p><\/div><\/div>[\/vc_column][\/vc_row][vc_row full_width=&#8221;stretch_row_content_no_spaces&#8221; equal_height=&#8221;yes&#8221; content_placement=&#8221;middle&#8221;][vc_column width=&#8221;1\/2&#8243; css=&#8221;.vc_custom_1504849189477{padding-right: 5% !important;padding-left: 5% !important;}&#8221;][apress_heading sub_title=&#8221;WARUM&#8221; content_alignment=&#8221;left&#8221; enable_delimiter=&#8221;&#8221; color_scheme=&#8221;design_your_own&#8221; main_heading_color=&#8221;#333333&#8243; style=&#8221;heading_style2&#8243; title_font_options=&#8221;tag:h2|font_size:35|line_height:50|letter_spacing:1&#8243; subtitle_font_options=&#8221;tag:div&#8221;]PERSONAL BRANDING[\/apress_heading][vc_column_text css_animation=&#8221;fadeIn&#8221;]Personal Branding zeigt Vertrauen, Emotionen und die Einzigartigkeit. Nicht nur der Person, sondern des ganzen Konzerns.<br \/>\nEin gutes Personal Branding verschafft zu mehr Sichtbarkeit. Es hilft den Kunden, den Menschen besser wahrzunehmen.<\/p>\n<p>Sie m\u00fcssen herausfinden, was Sie so einzigartig macht, was Sie hervorhebt. Vielleicht sagt der eine oder andere, dass es an ihm nichts Au\u00dfergew\u00f6hnliches gibt. Doch in unseren Sessions erleben die Menschen oft gro\u00dfe \u00dcberraschungen. Denn jeder von uns hat etwas Besonderes. Das arbeiten wir heraus und stellen das in den Vordergrund. \u00a0Ihr Unternehmen wird alles tun, Sie zu f\u00f6rdern.<\/p>\n<p>Die st\u00e4rksten Brands strahlen etwas aus. Authentizit\u00e4t. Genau diese Authentizit\u00e4t braucht auch Ihr Personal Brand. Heutzutage werden wir \u00fcberflutet von Informationen und k\u00f6nnen mittlerweile recht gut erkennen was Fake ist.<\/p>\n<p>Seien Sie kein Fake. Verkaufen Sie sich nicht als Fake. Seinen Sie stolz auf das was Sie sind. Gemeinsam machen wir daraus Ihr Personal Brand.<\/p>\n<p>Um Einzigartig zu sein, muss sich auch einzigartig pr\u00e4sentieren.[\/vc_column_text][apress_button button_text=&#8221;Learn More&#8221; color_scheme=&#8221;primary_color_scheme&#8221; button_size=&#8221;medium&#8221; data_animation=&#8221;fadeIn&#8221; button_shape=&#8221;round&#8221; button_link=&#8221;url:https%3A%2F%2Fkiller-press.com%2Fde%2Flinkedin%2F||target:%20_blank|&#8221;]<div class=\"ult-spacer spacer-69de67ac9fdd3\" data-id=\"69de67ac9fdd3\" data-height=\"200\" data-height-mobile=\"200\" data-height-tab=\"200\" data-height-tab-portrait=\"\" data-height-mobile-landscape=\"\" style=\"clear:both;display:block;\"><\/div>[\/vc_column][vc_column width=&#8221;1\/2&#8243; css=&#8221;.vc_custom_1504848679489{background-image: url(https:\/\/apressthemes.com\/demo35\/wp-content\/uploads\/2017\/09\/sl03.jpg?id=366) !important;background-position: center !important;background-repeat: no-repeat !important;background-size: cover !important;}&#8221;]<div class=\"ult-spacer spacer-69de67ac9fde6\" data-id=\"69de67ac9fde6\" data-height=\"200\" data-height-mobile=\"200\" data-height-tab=\"200\" data-height-tab-portrait=\"\" data-height-mobile-landscape=\"\" style=\"clear:both;display:block;\"><\/div>[\/vc_column][\/vc_row][vc_row][vc_column][vc_column_text]<img fetchpriority=\"high\" decoding=\"async\" class=\"alignnone wp-image-2258 size-full\" src=\"https:\/\/killer-press.com\/de\/wp-content\/uploads\/sites\/6\/2019\/12\/002.png\" alt=\"\" width=\"1648\" height=\"1616\" srcset=\"https:\/\/killer-press.com\/de\/wp-content\/uploads\/sites\/6\/2019\/12\/002.png 1648w, https:\/\/killer-press.com\/de\/wp-content\/uploads\/sites\/6\/2019\/12\/002-300x294.png 300w, https:\/\/killer-press.com\/de\/wp-content\/uploads\/sites\/6\/2019\/12\/002-768x753.png 768w, https:\/\/killer-press.com\/de\/wp-content\/uploads\/sites\/6\/2019\/12\/002-1024x1004.png 1024w\" sizes=\"(max-width: 1648px) 100vw, 1648px\" \/>[\/vc_column_text][\/vc_column][\/vc_row][vc_row full_width=&#8221;stretch_row_content_no_spaces&#8221; equal_height=&#8221;yes&#8221; content_placement=&#8221;middle&#8221;][vc_column width=&#8221;1\/2&#8243; css=&#8221;.vc_custom_1504848686511{background-image: url(https:\/\/apressthemes.com\/demo35\/wp-content\/uploads\/2017\/09\/sl01.jpg?id=365) !important;background-position: center !important;background-repeat: no-repeat !important;background-size: cover !important;}&#8221;]<div class=\"ult-spacer spacer-69de67ac9fdf6\" data-id=\"69de67ac9fdf6\" data-height=\"200\" data-height-mobile=\"200\" data-height-tab=\"200\" data-height-tab-portrait=\"\" data-height-mobile-landscape=\"\" style=\"clear:both;display:block;\"><\/div>[\/vc_column][vc_column width=&#8221;1\/2&#8243; css=&#8221;.vc_custom_1504849249493{padding-right: 5% !important;padding-left: 5% !important;}&#8221;][apress_heading sub_title=&#8221;Unternehmen profitieren vom Personal Brand&#8221; content_alignment=&#8221;left&#8221; enable_delimiter=&#8221;&#8221; color_scheme=&#8221;design_your_own&#8221; main_heading_color=&#8221;#333333&#8243; style=&#8221;heading_style2&#8243; title_font_options=&#8221;tag:h3|font_size:35|line_height:50|letter_spacing:1&#8243; subtitle_font_options=&#8221;tag:div&#8221;]WARUM nicht nur die Person selbst, sondern auch das Unternehmen profitiert?<\/p>\n<p>[\/apress_heading][vc_column_text]Heutzutage ist es wichtiger denn je f\u00fcr Unternehmen pr\u00e4sent zu sein. Fr\u00fcher haben Unternehmen nach Kunden gesucht. Heutzutage suchen Kunden nach Unternehmen. Viele rationale Entscheidungen werden eher emotional getroffen.<br \/>\nEin Unternehmen was auf diversen Kan\u00e4len aktiv ist, wird wahrgenommen. Eine F\u00fchrungskraft wird mit dem Unternehmen in Verbindung gebracht. Diese Person, ob es der Gesch\u00e4ftsf\u00fchrer ist oder der Vertriebsleiter, sie m\u00fcssen Vertrauen ausstrahlen. Diese Menschen aus dem Unternehmen, die einen Vertrag mit den Kunden abschlie\u00dfen, m\u00fcssen sichtbar sein. Man muss sich informieren k\u00f6nnen, womit man es zu tun hat.<\/p>\n<p>Sogar privat googeln wir die Menschen. Ob es f\u00fcr ein Date oder ein berufliches Gesch\u00e4ft ist. Findet man nichts \u00fcber diesen Gesch\u00e4ftspartner, findet man das mittlerweile &#8220;suspekt&#8221;. Wer ist dieser Mensch, mit dem ich ein Gesch\u00e4ft abschlie\u00dfen m\u00f6chte? Warum gibt es so wenig \u00fcber diese Person im Netz zu finden?<br \/>\nEs macht uns nachdenklich.<br \/>\nEin Konkurrenzunternehmen, was besser aufgestellt ist, kommt uns entgegen. Auf wen f\u00e4llt dann die Entscheidung?<\/p>\n<p>Warum sollte also ein Unternehmen in eine richtige Profilierung seiner Mitarbeiter investieren? Weil das Unternehmen davon profitiert und es sichtbarerer, emotionaler und menschlicher macht. Die Personen aus dem eigenen Unternehmen m\u00fcssen Vorbilder sein. Angefangen beim Gesch\u00e4ftsf\u00fchrer&#8230;<\/p>\n<p>\u00dcbrigens, auch das Recruiting l\u00e4uft besser mit einem starken Personal Brand. Das Unternehmen wird attraktiver f\u00fcr Bewerber. Die Gehaltsgestaltungen werden leichter.[\/vc_column_text]<div class=\"ult-spacer spacer-69de67ac9fe04\" data-id=\"69de67ac9fe04\" data-height=\"20\" data-height-mobile=\"20\" data-height-tab=\"20\" data-height-tab-portrait=\"\" data-height-mobile-landscape=\"\" style=\"clear:both;display:block;\"><\/div>[apress_progress_bar cnt_height=&#8221;5&#8243; cnt_margin=&#8221;10&#8243; title=&#8221;SICHTBARKEIT&#8221; pb_color=&#8221;#4776e6&#8243; pb_alt_color=&#8221;#8e54e9&#8243;][apress_progress_bar cnt_height=&#8221;5&#8243; cnt_margin=&#8221;10&#8243; title=&#8221;EMOTIONALIT\u00c4T&#8221; percentage=&#8221;100&#8243; pb_color=&#8221;#4776e6&#8243; pb_alt_color=&#8221;#8e54e9&#8243;][apress_progress_bar cnt_height=&#8221;5&#8243; cnt_margin=&#8221;10&#8243; title=&#8221;VERTRAUEN&#8221; percentage=&#8221;90&#8243; pb_color=&#8221;#4776e6&#8243; pb_alt_color=&#8221;#8e54e9&#8243;]<div class=\"ult-spacer spacer-69de67ac9fe12\" data-id=\"69de67ac9fe12\" data-height=\"200\" data-height-mobile=\"200\" data-height-tab=\"200\" data-height-tab-portrait=\"\" data-height-mobile-landscape=\"\" style=\"clear:both;display:block;\"><\/div>[vc_row_inner][vc_column_inner][vc_custom_heading text=&#8221;&#8220;Wenn du bei Google nicht erscheinst, dann existierst du gar nicht.&#8220;&#8221;][\/vc_column_inner][\/vc_row_inner][\/vc_column][\/vc_row][vc_row][vc_column][apress_button button_text=&#8221;Unverbindliches Angebot&#8221; button_size=&#8221;large&#8221; button_alignment=&#8221;center&#8221; button_shape=&#8221;rounded&#8221; button_link=&#8221;url:https%3A%2F%2Fkiller-press.com%2Fde%2Fkontakt%2F||target:%20_blank|&#8221;][apress_icon_box box_style=&#8221;box_style_rounded&#8221; iconcolor=&#8221;#0088cc&#8221; boxtitlepad=&#8221;padding-top:10|padding-bottom:5&#8243; icon_family=&#8221;fontawesome&#8221; icon_fontawesome=&#8221;fab fa-accessible-icon&#8221; contentboxtitle=&#8221;Claudia Scheffler-Perrone&#8221; contentboxarea=&#8221;&#8220;Manchmal trifft man Menschen, die unglaubliches Potential haben. Menschen, die bereits einen guten Job machen, aber weitaus mehr machen k\u00f6nnten. Das Problem ist, dass sie nicht richtig wahrgenommen werden. Sie werden niemals die Chance haben, sich so darzustellen, wie sie sind.<br \/>\nDas brachte mich dazu, dass ich mir Gedanken machte \u00fcber Personal Branding und warum man das (bevor man auf allen Kan\u00e4len wirbt) genau ausarbeiten sollte.<\/p>\n<p>Menschen sind dazu geneigt, Firmen oder Personen mit starkem Personal Brand mehr zu zahlen.<\/p>\n<p>Ein starkes Personal Branding wirkt vertrauensw\u00fcrdig.<\/p>\n<p>Ich arbeitete mit verschiedenen Managing Directors aus unterschiedlichen Branchen und wir entwickelten unglaublich starke Personal Brands. Als guter Coach ist man eine Unterst\u00fctzung. Man versucht das Beste aus dem Klienten herauszuholen. Alles was wir zusammen kreierten, war bereits in den F\u00fchrungskr\u00e4ften drin. Es musste nur herausgekitzelt, gesch\u00e4rft und weiterentwickelt werden.<\/p>\n<p>Sobald das Personal Branding stand, begannen wir genau DAS der Menschheit dort drau\u00dfen zu zeigen. Denn was nutzt das beste Branding, wenn keiner wei\u00df, dass es einen gibt.<\/p>\n<p>Das brachte uns zum n\u00e4chsten Punkt. Wie nutze ich die sozialen Medien um auf mich aufmerksam zu machen?<br \/>\nNach wie vor einer meiner Lieblingskan\u00e4le ist (und wird es sicherlich vorerst bleiben) LINKEDIN. Ich fing an mich in diesem Bereich zu spezialisieren um meine Kunden besser unterst\u00fctzen zu k\u00f6nnen.<\/p>\n<p>Das Ende der Geschichte? Nein, denn ich habe die Methoden weiterentwickelt um noch besser sowohl das Personal Branding, als auch die Profile meiner Kunden im Internet zu sch\u00e4rfen.&#8220;&#8221; contentarealink=&#8221;url:https%3A%2F%2Fkiller-press.com%2Fde%2Flinkedin%2F&#8221;][\/vc_column][\/vc_row][vc_row][vc_column][\/vc_column][\/vc_row][vc_row][vc_column][\/vc_column][\/vc_row]<\/p>\n<div class=\"shariff shariff-align-flex-start shariff-widget-align-flex-start\"><ul class=\"shariff-buttons theme-round orientation-horizontal buttonsize-medium\"><li class=\"shariff-button linkedin shariff-nocustomcolor\" style=\"background-color:#1488bf\"><a href=\"https:\/\/www.linkedin.com\/sharing\/share-offsite\/?url=https%3A%2F%2Fkiller-press.com%2Fde%2Fpersonal-branding%2F\" title=\"Bei LinkedIn teilen\" aria-label=\"Bei LinkedIn teilen\" role=\"button\" rel=\"noopener nofollow\" class=\"shariff-link\" style=\"; background-color:#0077b5; color:#fff\" target=\"_blank\"><span class=\"shariff-icon\" style=\"\"><svg width=\"32px\" height=\"20px\" xmlns=\"http:\/\/www.w3.org\/2000\/svg\" viewBox=\"0 0 27 32\"><path fill=\"#0077b5\" d=\"M6.2 11.2v17.7h-5.9v-17.7h5.9zM6.6 5.7q0 1.3-0.9 2.2t-2.4 0.9h0q-1.5 0-2.4-0.9t-0.9-2.2 0.9-2.2 2.4-0.9 2.4 0.9 0.9 2.2zM27.4 18.7v10.1h-5.9v-9.5q0-1.9-0.7-2.9t-2.3-1.1q-1.1 0-1.9 0.6t-1.2 1.5q-0.2 0.5-0.2 1.4v9.9h-5.9q0-7.1 0-11.6t0-5.3l0-0.9h5.9v2.6h0q0.4-0.6 0.7-1t1-0.9 1.6-0.8 2-0.3q3 0 4.9 2t1.9 6z\"\/><\/svg><\/span><\/a><\/li><li class=\"shariff-button facebook shariff-nocustomcolor\" style=\"background-color:#4273c8\"><a href=\"https:\/\/www.facebook.com\/sharer\/sharer.php?u=https%3A%2F%2Fkiller-press.com%2Fde%2Fpersonal-branding%2F\" title=\"Bei Facebook teilen\" aria-label=\"Bei Facebook teilen\" role=\"button\" rel=\"nofollow\" class=\"shariff-link\" style=\"; background-color:#3b5998; color:#fff\" target=\"_blank\"><span class=\"shariff-icon\" style=\"\"><svg width=\"32px\" height=\"20px\" xmlns=\"http:\/\/www.w3.org\/2000\/svg\" viewBox=\"0 0 18 32\"><path fill=\"#3b5998\" d=\"M17.1 0.2v4.7h-2.8q-1.5 0-2.1 0.6t-0.5 1.9v3.4h5.2l-0.7 5.3h-4.5v13.6h-5.5v-13.6h-4.5v-5.3h4.5v-3.9q0-3.3 1.9-5.2t5-1.8q2.6 0 4.1 0.2z\"\/><\/svg><\/span><\/a><\/li><li class=\"shariff-button mailto shariff-nocustomcolor\" style=\"background-color:#a8a8a8\"><a href=\"mailto:?body=https%3A%2F%2Fkiller-press.com%2Fde%2Fpersonal-branding%2F&subject=Personal%20Branding\" title=\"Per E-Mail versenden\" aria-label=\"Per E-Mail versenden\" role=\"button\" rel=\"noopener nofollow\" class=\"shariff-link\" style=\"; background-color:#999; color:#fff\"><span class=\"shariff-icon\" style=\"\"><svg width=\"32px\" height=\"20px\" xmlns=\"http:\/\/www.w3.org\/2000\/svg\" viewBox=\"0 0 32 32\"><path fill=\"#999\" d=\"M32 12.7v14.2q0 1.2-0.8 2t-2 0.9h-26.3q-1.2 0-2-0.9t-0.8-2v-14.2q0.8 0.9 1.8 1.6 6.5 4.4 8.9 6.1 1 0.8 1.6 1.2t1.7 0.9 2 0.4h0.1q0.9 0 2-0.4t1.7-0.9 1.6-1.2q3-2.2 8.9-6.1 1-0.7 1.8-1.6zM32 7.4q0 1.4-0.9 2.7t-2.2 2.2q-6.7 4.7-8.4 5.8-0.2 0.1-0.7 0.5t-1 0.7-0.9 0.6-1.1 0.5-0.9 0.2h-0.1q-0.4 0-0.9-0.2t-1.1-0.5-0.9-0.6-1-0.7-0.7-0.5q-1.6-1.1-4.7-3.2t-3.6-2.6q-1.1-0.7-2.1-2t-1-2.5q0-1.4 0.7-2.3t2.1-0.9h26.3q1.2 0 2 0.8t0.9 2z\"\/><\/svg><\/span><\/a><\/li><\/ul><\/div><\/div>","protected":false},"excerpt":{"rendered":"<p>[vc_row][vc_column][apress_button button_text=&#8221;Kontakt&#8221; button_size=&#8221;large&#8221; button_alignment=&#8221;center&#8221; button_shape=&#8221;rounded&#8221; button_link=&#8221;url:https%3A%2F%2Fkiller-press.com%2Fde%2Fkontakt%2F||target:%20_blank|&#8221;][\/vc_column][\/vc_row][vc_row full_width=&#8221;stretch_row_content_no_spaces&#8221; equal_height=&#8221;yes&#8221; content_placement=&#8221;middle&#8221;][vc_column width=&#8221;1\/2&#8243; css=&#8221;.vc_custom_1504849189477{padding-right: 5% !important;padding-left: 5% !important;}&#8221;][apress_heading sub_title=&#8221;WARUM&#8221; content_alignment=&#8221;left&#8221; enable_delimiter=&#8221;&#8221; color_scheme=&#8221;design_your_own&#8221; main_heading_color=&#8221;#333333&#8243; style=&#8221;heading_style2&#8243; title_font_options=&#8221;tag:h2|font_size:35|line_height:50|letter_spacing:1&#8243; subtitle_font_options=&#8221;tag:div&#8221;]PERSONAL BRANDING[\/apress_heading][vc_column_text css_animation=&#8221;fadeIn&#8221;]Personal Branding zeigt Vertrauen, Emotionen und die Einzigartigkeit. Nicht nur der Person, sondern des ganzen Konzerns.<span class=\"read_more_area\"><a class=\"read-more\" href=\"https:\/\/killer-press.com\/de\/personal-branding\/\"> Continue Reading <\/a><\/span><\/p>\n","protected":false},"author":2,"featured_media":0,"parent":0,"menu_order":0,"comment_status":"closed","ping_status":"closed","template":"","meta":{"MSN_Categories":"Uncategorized","MSN_Publish_Option":false,"MSN_Is_Local_News":false,"MSN_Is_AIAC_Included":"Empty","MSN_Location":"[]","MSN_Add_Feature_Img_On_Top_Of_Post":false,"MSN_Has_Custom_Author":false,"MSN_Custom_Author":"","MSN_Has_Custom_Canonical_Url":false,"MSN_Custom_Canonical_Url":"","footnotes":""},"class_list":["post-2108","page","type-page","status-publish","hentry"],"yoast_head":"<!-- This site is optimized with the Yoast SEO Premium plugin v20.7 (Yoast SEO v25.6) - https:\/\/yoast.com\/wordpress\/plugins\/seo\/ -->\n<title>Personal Branding - Killer Press<\/title>\n<meta name=\"description\" content=\"Personal Branding zeigt Vertrauen, Emotionen und die Einzigartigkeit. Nicht nur die Person profitiert, sondern des ganzen Konzerns. Ein gutes\" \/>\n<meta name=\"robots\" content=\"index, follow, max-snippet:-1, max-image-preview:large, max-video-preview:-1\" \/>\n<link rel=\"canonical\" href=\"https:\/\/killer-press.com\/de\/personal-branding\/\" \/>\n<meta property=\"og:locale\" content=\"de_DE\" \/>\n<meta property=\"og:type\" content=\"article\" \/>\n<meta property=\"og:title\" content=\"Personal Branding\" \/>\n<meta property=\"og:description\" content=\"Personal Branding zeigt Vertrauen, Emotionen und die Einzigartigkeit. Nicht nur die Person profitiert, sondern des ganzen Konzerns. Ein gutes\" \/>\n<meta property=\"og:url\" content=\"https:\/\/killer-press.com\/de\/personal-branding\/\" \/>\n<meta property=\"og:site_name\" content=\"Killer Press\" \/>\n<meta property=\"article:modified_time\" content=\"2023-11-28T20:12:18+00:00\" \/>\n<meta property=\"og:image\" content=\"https:\/\/killer-press.com\/de\/wp-content\/uploads\/sites\/6\/2018\/04\/PortraitCSP2SMall1_Fotor-768x8981.jpg\" \/>\n\t<meta property=\"og:image:width\" content=\"768\" \/>\n\t<meta property=\"og:image:height\" content=\"898\" \/>\n\t<meta property=\"og:image:type\" content=\"image\/jpeg\" \/>\n<meta name=\"twitter:card\" content=\"summary_large_image\" \/>\n<meta name=\"twitter:label1\" content=\"Gesch\u00e4tzte Lesezeit\" \/>\n\t<meta name=\"twitter:data1\" content=\"5\u00a0Minuten\" \/>\n<script type=\"application\/ld+json\" class=\"yoast-schema-graph\">{\"@context\":\"https:\/\/schema.org\",\"@graph\":[{\"@type\":\"WebPage\",\"@id\":\"https:\/\/killer-press.com\/de\/personal-branding\/\",\"url\":\"https:\/\/killer-press.com\/de\/personal-branding\/\",\"name\":\"Personal Branding - Killer Press\",\"isPartOf\":{\"@id\":\"https:\/\/killer-press.com\/de\/#website\"},\"primaryImageOfPage\":{\"@id\":\"https:\/\/killer-press.com\/de\/personal-branding\/#primaryimage\"},\"image\":{\"@id\":\"https:\/\/killer-press.com\/de\/personal-branding\/#primaryimage\"},\"thumbnailUrl\":\"https:\/\/killer-press.com\/de\/wp-content\/uploads\/sites\/6\/2019\/12\/002.png\",\"datePublished\":\"2018-09-11T19:38:41+00:00\",\"dateModified\":\"2023-11-28T20:12:18+00:00\",\"description\":\"Personal Branding zeigt Vertrauen, Emotionen und die Einzigartigkeit. Nicht nur die Person profitiert, sondern des ganzen Konzerns. Ein gutes\",\"breadcrumb\":{\"@id\":\"https:\/\/killer-press.com\/de\/personal-branding\/#breadcrumb\"},\"inLanguage\":\"de\",\"potentialAction\":[{\"@type\":\"ReadAction\",\"target\":[\"https:\/\/killer-press.com\/de\/personal-branding\/\"]}]},{\"@type\":\"ImageObject\",\"inLanguage\":\"de\",\"@id\":\"https:\/\/killer-press.com\/de\/personal-branding\/#primaryimage\",\"url\":\"https:\/\/killer-press.com\/de\/wp-content\/uploads\/sites\/6\/2019\/12\/002.png\",\"contentUrl\":\"https:\/\/killer-press.com\/de\/wp-content\/uploads\/sites\/6\/2019\/12\/002.png\",\"width\":1648,\"height\":1616},{\"@type\":\"BreadcrumbList\",\"@id\":\"https:\/\/killer-press.com\/de\/personal-branding\/#breadcrumb\",\"itemListElement\":[{\"@type\":\"ListItem\",\"position\":1,\"name\":\"Home\",\"item\":\"https:\/\/killer-press.com\/de\/\"},{\"@type\":\"ListItem\",\"position\":2,\"name\":\"Personal Branding\"}]},{\"@type\":\"WebSite\",\"@id\":\"https:\/\/killer-press.com\/de\/#website\",\"url\":\"https:\/\/killer-press.com\/de\/\",\"name\":\"Killer Press\",\"description\":\"\",\"publisher\":{\"@id\":\"https:\/\/killer-press.com\/de\/#organization\"},\"potentialAction\":[{\"@type\":\"SearchAction\",\"target\":{\"@type\":\"EntryPoint\",\"urlTemplate\":\"https:\/\/killer-press.com\/de\/?s={search_term_string}\"},\"query-input\":{\"@type\":\"PropertyValueSpecification\",\"valueRequired\":true,\"valueName\":\"search_term_string\"}}],\"inLanguage\":\"de\"},{\"@type\":\"Organization\",\"@id\":\"https:\/\/killer-press.com\/de\/#organization\",\"name\":\"Killer Press\",\"url\":\"https:\/\/killer-press.com\/de\/\",\"logo\":{\"@type\":\"ImageObject\",\"inLanguage\":\"de\",\"@id\":\"https:\/\/killer-press.com\/de\/#\/schema\/logo\/image\/\",\"url\":\"https:\/\/killer-press.com\/de\/wp-content\/uploads\/sites\/6\/2022\/01\/photo.jpg\",\"contentUrl\":\"https:\/\/killer-press.com\/de\/wp-content\/uploads\/sites\/6\/2022\/01\/photo.jpg\",\"width\":2048,\"height\":1152,\"caption\":\"Killer Press\"},\"image\":{\"@id\":\"https:\/\/killer-press.com\/de\/#\/schema\/logo\/image\/\"}}]}<\/script>\n<!-- \/ Yoast SEO Premium plugin. -->","yoast_head_json":{"title":"Personal Branding - Killer Press","description":"Personal Branding zeigt Vertrauen, Emotionen und die Einzigartigkeit. Nicht nur die Person profitiert, sondern des ganzen Konzerns. Ein gutes","robots":{"index":"index","follow":"follow","max-snippet":"max-snippet:-1","max-image-preview":"max-image-preview:large","max-video-preview":"max-video-preview:-1"},"canonical":"https:\/\/killer-press.com\/de\/personal-branding\/","og_locale":"de_DE","og_type":"article","og_title":"Personal Branding","og_description":"Personal Branding zeigt Vertrauen, Emotionen und die Einzigartigkeit. Nicht nur die Person profitiert, sondern des ganzen Konzerns. Ein gutes","og_url":"https:\/\/killer-press.com\/de\/personal-branding\/","og_site_name":"Killer Press","article_modified_time":"2023-11-28T20:12:18+00:00","og_image":[{"width":768,"height":898,"url":"https:\/\/killer-press.com\/de\/wp-content\/uploads\/sites\/6\/2018\/04\/PortraitCSP2SMall1_Fotor-768x8981.jpg","type":"image\/jpeg"}],"twitter_card":"summary_large_image","twitter_misc":{"Gesch\u00e4tzte Lesezeit":"5\u00a0Minuten"},"schema":{"@context":"https:\/\/schema.org","@graph":[{"@type":"WebPage","@id":"https:\/\/killer-press.com\/de\/personal-branding\/","url":"https:\/\/killer-press.com\/de\/personal-branding\/","name":"Personal Branding - Killer Press","isPartOf":{"@id":"https:\/\/killer-press.com\/de\/#website"},"primaryImageOfPage":{"@id":"https:\/\/killer-press.com\/de\/personal-branding\/#primaryimage"},"image":{"@id":"https:\/\/killer-press.com\/de\/personal-branding\/#primaryimage"},"thumbnailUrl":"https:\/\/killer-press.com\/de\/wp-content\/uploads\/sites\/6\/2019\/12\/002.png","datePublished":"2018-09-11T19:38:41+00:00","dateModified":"2023-11-28T20:12:18+00:00","description":"Personal Branding zeigt Vertrauen, Emotionen und die Einzigartigkeit. Nicht nur die Person profitiert, sondern des ganzen Konzerns. Ein gutes","breadcrumb":{"@id":"https:\/\/killer-press.com\/de\/personal-branding\/#breadcrumb"},"inLanguage":"de","potentialAction":[{"@type":"ReadAction","target":["https:\/\/killer-press.com\/de\/personal-branding\/"]}]},{"@type":"ImageObject","inLanguage":"de","@id":"https:\/\/killer-press.com\/de\/personal-branding\/#primaryimage","url":"https:\/\/killer-press.com\/de\/wp-content\/uploads\/sites\/6\/2019\/12\/002.png","contentUrl":"https:\/\/killer-press.com\/de\/wp-content\/uploads\/sites\/6\/2019\/12\/002.png","width":1648,"height":1616},{"@type":"BreadcrumbList","@id":"https:\/\/killer-press.com\/de\/personal-branding\/#breadcrumb","itemListElement":[{"@type":"ListItem","position":1,"name":"Home","item":"https:\/\/killer-press.com\/de\/"},{"@type":"ListItem","position":2,"name":"Personal Branding"}]},{"@type":"WebSite","@id":"https:\/\/killer-press.com\/de\/#website","url":"https:\/\/killer-press.com\/de\/","name":"Killer Press","description":"","publisher":{"@id":"https:\/\/killer-press.com\/de\/#organization"},"potentialAction":[{"@type":"SearchAction","target":{"@type":"EntryPoint","urlTemplate":"https:\/\/killer-press.com\/de\/?s={search_term_string}"},"query-input":{"@type":"PropertyValueSpecification","valueRequired":true,"valueName":"search_term_string"}}],"inLanguage":"de"},{"@type":"Organization","@id":"https:\/\/killer-press.com\/de\/#organization","name":"Killer Press","url":"https:\/\/killer-press.com\/de\/","logo":{"@type":"ImageObject","inLanguage":"de","@id":"https:\/\/killer-press.com\/de\/#\/schema\/logo\/image\/","url":"https:\/\/killer-press.com\/de\/wp-content\/uploads\/sites\/6\/2022\/01\/photo.jpg","contentUrl":"https:\/\/killer-press.com\/de\/wp-content\/uploads\/sites\/6\/2022\/01\/photo.jpg","width":2048,"height":1152,"caption":"Killer Press"},"image":{"@id":"https:\/\/killer-press.com\/de\/#\/schema\/logo\/image\/"}}]}},"_links":{"self":[{"href":"https:\/\/killer-press.com\/de\/wp-json\/wp\/v2\/pages\/2108","targetHints":{"allow":["GET"]}}],"collection":[{"href":"https:\/\/killer-press.com\/de\/wp-json\/wp\/v2\/pages"}],"about":[{"href":"https:\/\/killer-press.com\/de\/wp-json\/wp\/v2\/types\/page"}],"author":[{"embeddable":true,"href":"https:\/\/killer-press.com\/de\/wp-json\/wp\/v2\/users\/2"}],"replies":[{"embeddable":true,"href":"https:\/\/killer-press.com\/de\/wp-json\/wp\/v2\/comments?post=2108"}],"version-history":[{"count":19,"href":"https:\/\/killer-press.com\/de\/wp-json\/wp\/v2\/pages\/2108\/revisions"}],"predecessor-version":[{"id":2785,"href":"https:\/\/killer-press.com\/de\/wp-json\/wp\/v2\/pages\/2108\/revisions\/2785"}],"wp:attachment":[{"href":"https:\/\/killer-press.com\/de\/wp-json\/wp\/v2\/media?parent=2108"}],"curies":[{"name":"wp","href":"https:\/\/api.w.org\/{rel}","templated":true}]}}