{"id":2168,"date":"2019-02-04T20:43:43","date_gmt":"2019-02-04T20:43:43","guid":{"rendered":"https:\/\/killer-press.com\/de\/?page_id=2168"},"modified":"2023-12-12T16:00:58","modified_gmt":"2023-12-12T16:00:58","slug":"kommunikation","status":"publish","type":"page","link":"https:\/\/killer-press.com\/de\/kommunikation\/","title":{"rendered":"Kommunikation"},"content":{"rendered":"<div class=\"wpb-content-wrapper\"><p>[vc_row][vc_column][apress_morphing start_bg_color=&#8221;#8224e3&#8243; end_bg_color=&#8221;#c5a3e2&#8243; image=&#8221;2821&#8243; opacity=&#8221;0.7&#8243; desktop_height=&#8221;500&#8243; small_desktop_height=&#8221;400&#8243; tablet_height=&#8221;300&#8243; mobile_height=&#8221;250&#8243;][apress_heading sub_title=&#8221;Communication&#8221; delimiter_line_height=&#8221;3&#8243; delimiter_line_width=&#8221;80&#8243; style=&#8221;heading_style1&#8243; title_font_options=&#8221;tag:h2&#8243; subtitle_font_options=&#8221;tag:div&#8221;]Kommunikation[\/apress_heading][apress_tta_tabs active_section=&#8221;1&#8243; tab_icon_color=&#8221;#8224e3&#8243; icon_size=&#8221;16&#8243; style=&#8221;tab_style1&#8243;][vc_tta_section title=&#8221;Krisenkommunikation&#8221; tab_id=&#8221;1702389675274-c9314cc9-4099&#8243;][vc_column_text]Krisen aller Art haben gen\u00fcgend gemeinsame Elemente, um einen umfassenden Krisenplan zu erstellen, der Ihrer Organisation eine starke Position verleiht. Planung und Vorbereitung sind der Schl\u00fcssel zu effektivem Krisenmanagement und Kommunikation.<br \/>\nDie Frage ist nicht \u201eob\u201c eine Krise eintritt, sondern einfach \u201ewann\u201c. Offensichtlich sind einige Branchen krisenanf\u00e4lliger als andere, aber jede Organisation ist gef\u00e4hrdet.<br \/>\nIn einer Zeit der schnellen Globalisierung, des Wirtschaftswachstums und der technologischen Innovation m\u00fcssen Sie auf das Unerwartete vorbereitet sein. Gefangen in schnelllebigen Ereignissen kann es schwierig sein, einen Weg nach vorne zu sehen. Es kann eine Krise sein, die intern oder extern ausgebrochen ist \u2013 eine Krise, die durch schwere Unf\u00e4lle, Terroranschl\u00e4ge oder Naturkatastrophen verursacht wurde. In anderen F\u00e4llen kann es zu unbeabsichtigten negativen Auswirkungen auf den Ruf einer Organisation durch schlechtes Verhalten ihrer Mitarbeiter oder schlechte Entscheidungsfindung von F\u00fchrungskr\u00e4ften.[\/vc_column_text][\/vc_tta_section][vc_tta_section title=&#8221;Pr\u00e4sentieren&#8221; tab_id=&#8221;1702389675301-75c8435f-6365&#8243;][vc_column_text]Ein wichtiger \u00f6ffentlicher Redner zu sein, erfordert inneres Vertrauen, die Beherrschung von \u00c4ngsten und die F\u00e4higkeit, Ideen mit Klarheit und Leidenschaft zu teilen. Die Arbeit mit einem Trainer f\u00fcr \u00f6ffentliches Reden ist eine lebensver\u00e4ndernde Erfahrung. Im Grunde ist es egal, ob Sie in kleinen Meetings in Zoom Calls oder in Gruppen in Pr\u00e4senz, oder aber direkt auf der gro\u00dfen B\u00fchne stehen. Wir helfen Ihnen mit den Techniken, die erfahrene Trainer vor jedem guten Auftritt machen.<\/p>\n<p>Es geht darum, Beziehungen aufzubauen und zu pflegen und gleichzeitig den Grundstein f\u00fcr eine neue Arbeitsweise zu legen. Es geht auch darum, schwierige Wahrheiten zu konfrontieren, Gemeinsamkeiten zu finden und neue Ideen voranzutreiben, die Perspektiven ver\u00e4ndern. Bei inspirierender F\u00fchrungskommunikation geht es darum, den Mut zu haben, sich kraftvoll und authentisch auszudr\u00fccken, genau zuzuh\u00f6ren und auf eine Weise zu sprechen, die die Menschen h\u00f6ren wollen, und ihnen starke Gr\u00fcnde zu geben, Ihnen zu folgen und Ihre Produkte \/ Dienstleistungen zu kaufen. Ihnen zu vertrauen.[\/vc_column_text][\/vc_tta_section][vc_tta_section title=&#8221;Verkaufskommunikation&#8221; tab_id=&#8221;1702396483653-70355ed6-1c7b&#8221;][vc_column_text]Steigern Sie Ihren Verkaufserfolg, indem Sie Ihre Kommunikationsf\u00e4higkeiten verfeinern, um effektiv mit Kunden in Kontakt zu treten und Gesch\u00e4fte selbstbewusst abzuschlie\u00dfen. Lernen Sie, den einzigartigen Wert Ihrer Produkte oder Dienstleistungen klar und \u00fcberzeugend zu kommunizieren, indem Sie auf die Schmerzpunkte und Bed\u00fcrfnisse der Kunden eingehen. Gestalten Sie packende Geschichten, die bei Ihrem Publikum Anklang finden und Ihre Verkaufsargumentation unvergesslich und nachvollziehbar machen.<\/p>\n<p>Beherrschen Sie die Kunst des aktiven Zuh\u00f6rens, um Kundenanforderungen besser zu verstehen, eine Beziehung aufzubauen und Ihre Pr\u00e4sentation an ihre spezifischen Bed\u00fcrfnisse anzupassen.[\/vc_column_text][\/vc_tta_section][\/apress_tta_tabs][\/vc_column][\/vc_row][vc_column][\/vc_column][vc_row][vc_column][apress_heading sub_title=&#8221;Fast alle Coachings \/ Trainings sind auch in Pr\u00e4senz m\u00f6glich. Bitte erfragen Sie die M\u00f6glichkeiten&#8221; content_alignment=&#8221;left&#8221; delimiter_line_height=&#8221;3&#8243; delimiter_line_width=&#8221;80&#8243; style=&#8221;heading_style2&#8243; title_font_options=&#8221;tag:h2&#8243; subtitle_font_options=&#8221;tag:div&#8221;]Auch in Pr\u00e4senz[\/apress_heading][vc_empty_space][apress_button button_text=&#8221;Kontakt&#8221; button_alignment=&#8221;center&#8221; button_link=&#8221;url:https%3A%2F%2Fkiller-press.com%2Fde%2Fkontakt%2F|title:Kontakt|target:%20_blank|&#8221;][vc_column_text]<\/p>\n<div class=\"vc_row wpb_row vc_inner vc_row-fluid\">\n<div class=\"wpb_column vc_column_container vc_col-sm-12\">\n<div class=\"vc_column-inner\">\n<div class=\"wpb_wrapper\">\n<div class=\"wpb_text_column wpb_content_element \">\n<div class=\"wpb_wrapper\">\n<h2>Von Innen nach Au\u00dfen \u2013<\/h2>\n<p>Wie bewusste Kommunikation Ihr Leben und das Ihrer Mitarbeiter ver\u00e4ndern kann<br \/>\nDie meisten Organisationen wissen, dass der Erfolg eines Unternehmens haupts\u00e4chlich von den Menschen abh\u00e4ngt, die daran beteiligt sind. Deshalb ist es wichtig, dass jeder Mitarbeiter, Manager und Gesch\u00e4ftsf\u00fchrer in der Lage ist, bewusster zu kommunizieren. Denn eine effektive Kommunikation ist der Schl\u00fcssel zu einer erfolgreichen Zusammenarbeit.<\/p>\n<p>Es gibt jedoch Menschen, die schnell \u00fcberreagieren oder sich leicht irritieren lassen, w\u00e4hrend andere alles in sich hineinfressen und irgendwann k\u00fcndigen, weil sie es nicht mehr aushalten. Einige wissen auch nicht, wie ihre Aussagen verletzend sein k\u00f6nnen oder wie sie effektiv kommunizieren k\u00f6nnen, ohne dass ihre Botschaften beim Empf\u00e4nger verloren gehen.<\/p>\n<h2>Kommunikation<\/h2>\n<p>Deshalb ist es wichtig, dass Unternehmen in die Kommunikationskompetenz ihrer Mitarbeiter investieren. Durch spezielle Schulungen und Coachings kann jeder lernen, wie er bewusster kommunizieren kann und wie er auf seine Kollegen oder Kunden besser eingehen kann.<br \/>\nAber Kommunikation bedeutet nicht nur das Reden von Mensch zu Mensch. In der heutigen Zeit geht es viel weiter als das. Seit dem Ausbruch der Corona-Pandemie haben wir gelernt, viele unserer Meetings, Veranstaltungen und Kommunikation im Allgemeinen \u00fcber Zoom, Teams und Co abzuhalten. Aber hier gibt es viele Stolperfallen. Denn in Pr\u00e4senz \u00fcberzeugt man immer noch anders als \u00fcber den Bildschirm.<\/p>\n<p>Ein Verk\u00e4ufer verkauft wesentlich besser in Pr\u00e4senz, als \u00fcber einen Computer oder Tablet. Deshalb ist es wichtig, dass Unternehmen auch in die Schulung ihrer Mitarbeiter f\u00fcr die digitale Kommunikation investieren. Durch spezielle Trainings k\u00f6nnen Mitarbeiter lernen, wie sie ihre Botschaften am besten \u00fcber den Bildschirm transportieren und wie sie die Aufmerksamkeit ihrer Zuh\u00f6rer aufrecht erhalten.<br \/>\nKurz gesagt: Eine bewusste und effektive Kommunikation ist der Schl\u00fcssel zu einer erfolgreichen Zusammenarbeit \u2013 sei es pers\u00f6nlich oder digital. Unternehmen sollten in die Kommunikationskompetenz ihrer Mitarbeiter investieren, um langfristige L\u00f6sungen zu schaffen, die das Leben aller Beteiligten positiv ver\u00e4ndern.<\/p>\n<\/div>\n<\/div>\n<\/div>\n<\/div>\n<\/div>\n<\/div>\n<p>[\/vc_column_text][apress_gradient_icon_box description=&#8221;Wir treffen uns Online. Es gibt zudem \u00dcbungen und ein Mini-Quiz am Ende jeder Lektion. Live-Q&amp;A-Call k\u00f6nnen zudem vereinbart werden zwischen den Sessions.&#8221; highlight_border_width=&#8221;3&#8243; icon_family=&#8221;fontawesome&#8221; icon_fontawesome=&#8221;fas fa-external-link-alt&#8221; style=&#8221;iconbox_style8&#8243; title_font_options=&#8221;tag:h3&#8243;]<\/p>\n<p style=\"text-align: left;\">Dar\u00fcber hinaus erwerben Sie Kenntnisse in:<\/p>\n<ul style=\"text-align: left;\">\n<li>Gezielter Kommunikation mit Mitarbeitern, Partnern und Kunden, einschlie\u00dflich des Verst\u00e4ndnisses der richtigen Sprache zur richtigen Zeit sowie der Prinzipien einer erfolgreichen Kommunikation.<\/li>\n<li>Media Training, einschlie\u00dflich der Pr\u00e4sentation vor der Kamera auf Plattformen wie Zoom und Teams und der F\u00e4higkeit, sich selbst darzustellen.<\/li>\n<li>Bew\u00e4ltigung von Krisensituationen, unabh\u00e4ngig von ihrer Gr\u00f6\u00dfe oder Schwere.<\/li>\n<li>Verbesserung von Pr\u00e4sentations- und Verhandlungsf\u00e4higkeiten in virtuellen Verkaufsumgebungen.<\/li>\n<li>Regulierung und Steuerung von Emotionen sowie St\u00e4rkung des Selbstbewusstseins.<\/li>\n<\/ul>\n<p>[\/apress_gradient_icon_box][\/vc_column][vc_column][\/vc_column][\/vc_row][vc_row][vc_column][apress_testimonial authorimage=&#8221;1798&#8243; by=&#8221;Carsten Fl\u00fcgel&#8221; designation=&#8221;Leiter NDR Sportsonderprojekte&#8221;]Claudia Scheffler-Perrone ist DIE Ansprechpartnerin in Social Media Fragen. Ihre Ideen und Kenntnisse sind in jeder Hinsicht eine Inspiration. Ihre Analysen haben mein Team und mich nicht nur einen Schritt, sondern einen ganzen Marathon weitergebracht. Und jeder einzelne Schritt war dabei ein Gewinn.[\/apress_testimonial]<div id=\"ultib3-356095345869e128edd9d7e\" class=\" ultb3-box ult-adjust-bottom-margin  \" style=\"\"><div id=\"Info-banner-wrap1706\" class=\"ultb3-info ib3-info-center\" data-animation=\"\" data-animation-delay=\"03\"><div class=\"ultb3-title ult-responsive\"  data-ultimate-target='#Info-banner-wrap1706 .ultb3-title'  data-responsive-json-new='{\"font-size\":\"\",\"line-height\":\"\"}'  style=\"font-style:italic;font-weight:normal;\">Wer braucht eine gute Kommunikation?<\/div><div class=\"ultb3-desc ult-responsive\"  data-ultimate-target='#Info-banner-wrap1706 .ultb3-desc'  data-responsive-json-new='{\"font-size\":\"\",\"line-height\":\"\"}'  style=\"font-weight:normal;\">Eine gute Kommunikation ist f\u00fcr viele Menschen von gro\u00dfer Bedeutung. Insbesondere f\u00fcr Berufst\u00e4tige, die ihre Soft Skills verbessern und effektiver arbeiten m\u00f6chten, ohne sich mit Missverst\u00e4ndnissen und Kommunikationsproblemen herumschlagen zu m\u00fcssen. Auch Menschen, die ihre Au\u00dfenwirkung verbessern m\u00f6chten, \u00fcberzeugen und Vertrauen ausstrahlen m\u00f6chten, ben\u00f6tigen eine effektive Kommunikation. Zudem k\u00f6nnen Pr\u00e4sentationsskills, Durchsetzungsverm\u00f6gen und Konfliktl\u00f6sungsf\u00e4higkeiten durch eine verbesserte Kommunikation gest\u00e4rkt werden. Eine klare und effektive Kommunikation ist somit f\u00fcr alle von Vorteil, die ihre zwischenmenschlichen F\u00e4higkeiten verbessern m\u00f6chten.<\/div><\/div><\/div><style>\n\t\t\t\t\t#ultib3-356095345869e128edd9d7e {\n\t\t\t\t\t\tmin-height:50px;\n\t\t\t\t\t}\n\t\t\t\t\t#ultib3-356095345869e128edd9d7e img.ultb3-img {\n\t\t\t\t\t\theight: px;\n\t\t\t\t\t}\n\t\t\t\t\t#ultib3-356095345869e128edd9d7e .ultb3-btn {\n\t\t\t\t\t\tborder:2px solid #1e73be;border-radius:50px;color:#898989;\n\t\t\t\t\t}\n\t\t\t\t\t#ultib3-356095345869e128edd9d7e .ultb3-btn:hover {\n\t\t\t\t\t\tbackground:#1e73be;color:#ffffff;\n\t\t\t\t\t}\n\t\t\t\t<\/style>[apress_callto_action calltoaction_title=&#8221;Lieber in Pr\u00e4senz?&#8221; calltoaction_text=&#8221;Sie m\u00f6chten das Training lieber in Pr\u00e4senz durchf\u00fchren? Dann kontaktieren Sie uns gerne.&#8221; calltoaction_boxbgcolor=&#8221;#d0bee2&#8243; calltoaction_button_text=&#8221;Kontakt&#8221; calltoaction_button_link=&#8221;url:https%3A%2F%2Fkiller-press.com%2Fde%2Fkontakt%2F|title:Kontakt|target:%20_blank|&#8221;][\/vc_column][\/vc_row][vc_row][vc_column][apress_expanding_image image=&#8221;2391&#8243; img_size=&#8221;large&#8221; max_width=&#8221;100%&#8221;]<span id=\"creative-link-wrap-2923\" class=\"ult_main_cl ult-adjust-bottom-margin  \" >\n\t \t\t\t<span class=\"  ult_crlink\" >\n\t\t\t\t\t<a  data-ultimate-target='#creative-link-wrap-2923 .ult_colorlink'  data-responsive-json-new='{\"font-size\":\"\",\"line-height\":\"\"}'  href=\"https:\/\/killer-press.com\/de\/agb-social-media\/\" target=\"_blank\" rel=\"noopener\"  class=\"ult_colorlink ult-responsive \" style=\"font-weight:normal; \"  data-textcolor=\"#333333\" data-texthover=\"#333333\"data-style=\"\">\n\t\t\t\t\t\t\n\t\t\t\t\t\t<span data-hover=\"AGB\" style=\"color:#333333;;;\" class=\"ult_btn10_span   \">AGB<\/span>\n\t\t\t\t\t\t\n\t\t\t\t\t<\/a>\n\t\t\t\t<\/span>\n\t\t\t<\/span>[\/vc_column][\/vc_row]<\/p>\n<div class=\"shariff shariff-align-left shariff-widget-align-left\"><ul class=\"shariff-buttons theme-round orientation-horizontal buttonsize-medium\"><li class=\"shariff-button linkedin shariff-nocustomcolor\" style=\"background-color:#1488bf\"><a href=\"https:\/\/www.linkedin.com\/sharing\/share-offsite\/?url=https%3A%2F%2Fkiller-press.com%2Fde%2Fkommunikation%2F\" title=\"Bei LinkedIn teilen\" aria-label=\"Bei LinkedIn teilen\" role=\"button\" rel=\"noopener nofollow\" class=\"shariff-link\" style=\"; background-color:#0077b5; color:#fff\" target=\"_blank\"><span class=\"shariff-icon\" style=\"\"><svg width=\"32px\" height=\"20px\" xmlns=\"http:\/\/www.w3.org\/2000\/svg\" viewBox=\"0 0 27 32\"><path fill=\"#0077b5\" d=\"M6.2 11.2v17.7h-5.9v-17.7h5.9zM6.6 5.7q0 1.3-0.9 2.2t-2.4 0.9h0q-1.5 0-2.4-0.9t-0.9-2.2 0.9-2.2 2.4-0.9 2.4 0.9 0.9 2.2zM27.4 18.7v10.1h-5.9v-9.5q0-1.9-0.7-2.9t-2.3-1.1q-1.1 0-1.9 0.6t-1.2 1.5q-0.2 0.5-0.2 1.4v9.9h-5.9q0-7.1 0-11.6t0-5.3l0-0.9h5.9v2.6h0q0.4-0.6 0.7-1t1-0.9 1.6-0.8 2-0.3q3 0 4.9 2t1.9 6z\"\/><\/svg><\/span><\/a><\/li><li class=\"shariff-button facebook shariff-nocustomcolor\" style=\"background-color:#4273c8\"><a href=\"https:\/\/www.facebook.com\/sharer\/sharer.php?u=https%3A%2F%2Fkiller-press.com%2Fde%2Fkommunikation%2F\" title=\"Bei Facebook teilen\" aria-label=\"Bei Facebook teilen\" role=\"button\" rel=\"nofollow\" class=\"shariff-link\" style=\"; background-color:#3b5998; color:#fff\" target=\"_blank\"><span class=\"shariff-icon\" style=\"\"><svg width=\"32px\" height=\"20px\" xmlns=\"http:\/\/www.w3.org\/2000\/svg\" viewBox=\"0 0 18 32\"><path fill=\"#3b5998\" d=\"M17.1 0.2v4.7h-2.8q-1.5 0-2.1 0.6t-0.5 1.9v3.4h5.2l-0.7 5.3h-4.5v13.6h-5.5v-13.6h-4.5v-5.3h4.5v-3.9q0-3.3 1.9-5.2t5-1.8q2.6 0 4.1 0.2z\"\/><\/svg><\/span><\/a><\/li><li class=\"shariff-button mailto shariff-nocustomcolor\" style=\"background-color:#a8a8a8\"><a href=\"mailto:?body=https%3A%2F%2Fkiller-press.com%2Fde%2Fkommunikation%2F&subject=Kommunikation\" title=\"Per E-Mail versenden\" aria-label=\"Per E-Mail versenden\" role=\"button\" rel=\"noopener nofollow\" class=\"shariff-link\" style=\"; background-color:#999; color:#fff\"><span class=\"shariff-icon\" style=\"\"><svg width=\"32px\" height=\"20px\" xmlns=\"http:\/\/www.w3.org\/2000\/svg\" viewBox=\"0 0 32 32\"><path fill=\"#999\" d=\"M32 12.7v14.2q0 1.2-0.8 2t-2 0.9h-26.3q-1.2 0-2-0.9t-0.8-2v-14.2q0.8 0.9 1.8 1.6 6.5 4.4 8.9 6.1 1 0.8 1.6 1.2t1.7 0.9 2 0.4h0.1q0.9 0 2-0.4t1.7-0.9 1.6-1.2q3-2.2 8.9-6.1 1-0.7 1.8-1.6zM32 7.4q0 1.4-0.9 2.7t-2.2 2.2q-6.7 4.7-8.4 5.8-0.2 0.1-0.7 0.5t-1 0.7-0.9 0.6-1.1 0.5-0.9 0.2h-0.1q-0.4 0-0.9-0.2t-1.1-0.5-0.9-0.6-1-0.7-0.7-0.5q-1.6-1.1-4.7-3.2t-3.6-2.6q-1.1-0.7-2.1-2t-1-2.5q0-1.4 0.7-2.3t2.1-0.9h26.3q1.2 0 2 0.8t0.9 2z\"\/><\/svg><\/span><\/a><\/li><\/ul><\/div><\/div>","protected":false},"excerpt":{"rendered":"<p>[vc_row][vc_column][apress_morphing start_bg_color=&#8221;#8224e3&#8243; end_bg_color=&#8221;#c5a3e2&#8243; image=&#8221;2821&#8243; opacity=&#8221;0.7&#8243; desktop_height=&#8221;500&#8243; small_desktop_height=&#8221;400&#8243; tablet_height=&#8221;300&#8243; mobile_height=&#8221;250&#8243;][apress_heading sub_title=&#8221;Communication&#8221; delimiter_line_height=&#8221;3&#8243; delimiter_line_width=&#8221;80&#8243; style=&#8221;heading_style1&#8243; title_font_options=&#8221;tag:h2&#8243; subtitle_font_options=&#8221;tag:div&#8221;]Kommunikation[\/apress_heading][apress_tta_tabs active_section=&#8221;1&#8243; tab_icon_color=&#8221;#8224e3&#8243; icon_size=&#8221;16&#8243; style=&#8221;tab_style1&#8243;][vc_tta_section title=&#8221;Krisenkommunikation&#8221; tab_id=&#8221;1702389675274-c9314cc9-4099&#8243;][vc_column_text]Krisen aller Art haben gen\u00fcgend gemeinsame Elemente, um einen umfassenden Krisenplan zu erstellen, der Ihrer Organisation eine starke Position verleiht.<span class=\"read_more_area\"><a class=\"read-more\" href=\"https:\/\/killer-press.com\/de\/kommunikation\/\"> Continue Reading <\/a><\/span><\/p>\n","protected":false},"author":2,"featured_media":0,"parent":0,"menu_order":0,"comment_status":"closed","ping_status":"closed","template":"","meta":{"MSN_Categories":"Uncategorized","MSN_Publish_Option":false,"MSN_Is_Local_News":false,"MSN_Is_AIAC_Included":"Empty","MSN_Location":"[]","MSN_Add_Feature_Img_On_Top_Of_Post":false,"MSN_Has_Custom_Author":false,"MSN_Custom_Author":"","MSN_Has_Custom_Canonical_Url":false,"MSN_Custom_Canonical_Url":"","footnotes":""},"class_list":["post-2168","page","type-page","status-publish","hentry"],"yoast_head":"<!-- This site is optimized with the Yoast SEO Premium plugin v20.7 (Yoast SEO v27.4) - https:\/\/yoast.com\/product\/yoast-seo-premium-wordpress\/ -->\n<title>Kommunikation - Killer Press<\/title>\n<meta name=\"description\" content=\"Kommunikation - Der Erfolg einer Organisation h\u00e4ngt gr\u00f6\u00dftenteils mit den Menschen zusammen. Wir helfen Mitarbeitern, Managern, Gesch\u00e4ftsf\u00fchrern und Einzelpersonen bewusster zu kommunizieren. Egal ob digitalen Medien, Positionierung, Strategie, LinkedIn,Videos, Netzwerk, Medientraining, Au\u00dfendarstellung u.v.m.ion\" \/>\n<meta name=\"robots\" content=\"index, follow, max-snippet:-1, max-image-preview:large, max-video-preview:-1\" \/>\n<link rel=\"canonical\" href=\"https:\/\/killer-press.com\/de\/kommunikation\/\" \/>\n<meta property=\"og:locale\" content=\"de_DE\" \/>\n<meta property=\"og:type\" content=\"article\" \/>\n<meta property=\"og:title\" content=\"Kommunikation\" \/>\n<meta property=\"og:description\" content=\"Kommunikation - Der Erfolg einer Organisation h\u00e4ngt gr\u00f6\u00dftenteils mit den Menschen zusammen. Wir helfen Mitarbeitern, Managern, Gesch\u00e4ftsf\u00fchrern und Einzelpersonen bewusster zu kommunizieren. Egal ob digitalen Medien, Positionierung, Strategie, LinkedIn,Videos, Netzwerk, Medientraining, Au\u00dfendarstellung u.v.m.ion\" \/>\n<meta property=\"og:url\" content=\"https:\/\/killer-press.com\/de\/kommunikation\/\" \/>\n<meta property=\"og:site_name\" content=\"Killer Press\" \/>\n<meta property=\"article:modified_time\" content=\"2023-12-12T16:00:58+00:00\" \/>\n<meta property=\"og:image\" content=\"https:\/\/killer-press.com\/de\/wp-content\/uploads\/sites\/6\/2022\/01\/photo.jpg\" \/>\n\t<meta property=\"og:image:width\" content=\"2048\" \/>\n\t<meta property=\"og:image:height\" content=\"1152\" \/>\n\t<meta property=\"og:image:type\" content=\"image\/jpeg\" \/>\n<meta name=\"twitter:card\" content=\"summary_large_image\" \/>\n<meta name=\"twitter:label1\" content=\"Gesch\u00e4tzte Lesezeit\" \/>\n\t<meta name=\"twitter:data1\" content=\"6\u00a0Minuten\" \/>\n<script type=\"application\/ld+json\" class=\"yoast-schema-graph\">{\"@context\":\"https:\\\/\\\/schema.org\",\"@graph\":[{\"@type\":\"WebPage\",\"@id\":\"https:\\\/\\\/killer-press.com\\\/de\\\/kommunikation\\\/\",\"url\":\"https:\\\/\\\/killer-press.com\\\/de\\\/kommunikation\\\/\",\"name\":\"Kommunikation - Killer Press\",\"isPartOf\":{\"@id\":\"https:\\\/\\\/killer-press.com\\\/de\\\/#website\"},\"datePublished\":\"2019-02-04T20:43:43+00:00\",\"dateModified\":\"2023-12-12T16:00:58+00:00\",\"description\":\"Kommunikation - Der Erfolg einer Organisation h\u00e4ngt gr\u00f6\u00dftenteils mit den Menschen zusammen. Wir helfen Mitarbeitern, Managern, Gesch\u00e4ftsf\u00fchrern und Einzelpersonen bewusster zu kommunizieren. Egal ob digitalen Medien, Positionierung, Strategie, LinkedIn,Videos, Netzwerk, Medientraining, Au\u00dfendarstellung u.v.m.ion\",\"breadcrumb\":{\"@id\":\"https:\\\/\\\/killer-press.com\\\/de\\\/kommunikation\\\/#breadcrumb\"},\"inLanguage\":\"de\",\"potentialAction\":[{\"@type\":\"ReadAction\",\"target\":[\"https:\\\/\\\/killer-press.com\\\/de\\\/kommunikation\\\/\"]}]},{\"@type\":\"BreadcrumbList\",\"@id\":\"https:\\\/\\\/killer-press.com\\\/de\\\/kommunikation\\\/#breadcrumb\",\"itemListElement\":[{\"@type\":\"ListItem\",\"position\":1,\"name\":\"Home\",\"item\":\"https:\\\/\\\/killer-press.com\\\/de\\\/\"},{\"@type\":\"ListItem\",\"position\":2,\"name\":\"Kommunikation\"}]},{\"@type\":\"WebSite\",\"@id\":\"https:\\\/\\\/killer-press.com\\\/de\\\/#website\",\"url\":\"https:\\\/\\\/killer-press.com\\\/de\\\/\",\"name\":\"Killer Press\",\"description\":\"\",\"publisher\":{\"@id\":\"https:\\\/\\\/killer-press.com\\\/de\\\/#organization\"},\"potentialAction\":[{\"@type\":\"SearchAction\",\"target\":{\"@type\":\"EntryPoint\",\"urlTemplate\":\"https:\\\/\\\/killer-press.com\\\/de\\\/?s={search_term_string}\"},\"query-input\":{\"@type\":\"PropertyValueSpecification\",\"valueRequired\":true,\"valueName\":\"search_term_string\"}}],\"inLanguage\":\"de\"},{\"@type\":\"Organization\",\"@id\":\"https:\\\/\\\/killer-press.com\\\/de\\\/#organization\",\"name\":\"Killer Press\",\"url\":\"https:\\\/\\\/killer-press.com\\\/de\\\/\",\"logo\":{\"@type\":\"ImageObject\",\"inLanguage\":\"de\",\"@id\":\"https:\\\/\\\/killer-press.com\\\/de\\\/#\\\/schema\\\/logo\\\/image\\\/\",\"url\":\"https:\\\/\\\/killer-press.com\\\/de\\\/wp-content\\\/uploads\\\/sites\\\/6\\\/2022\\\/01\\\/photo.jpg\",\"contentUrl\":\"https:\\\/\\\/killer-press.com\\\/de\\\/wp-content\\\/uploads\\\/sites\\\/6\\\/2022\\\/01\\\/photo.jpg\",\"width\":2048,\"height\":1152,\"caption\":\"Killer Press\"},\"image\":{\"@id\":\"https:\\\/\\\/killer-press.com\\\/de\\\/#\\\/schema\\\/logo\\\/image\\\/\"}}]}<\/script>\n<!-- \/ Yoast SEO Premium plugin. -->","yoast_head_json":{"title":"Kommunikation - Killer Press","description":"Kommunikation - Der Erfolg einer Organisation h\u00e4ngt gr\u00f6\u00dftenteils mit den Menschen zusammen. Wir helfen Mitarbeitern, Managern, Gesch\u00e4ftsf\u00fchrern und Einzelpersonen bewusster zu kommunizieren. Egal ob digitalen Medien, Positionierung, Strategie, LinkedIn,Videos, Netzwerk, Medientraining, Au\u00dfendarstellung u.v.m.ion","robots":{"index":"index","follow":"follow","max-snippet":"max-snippet:-1","max-image-preview":"max-image-preview:large","max-video-preview":"max-video-preview:-1"},"canonical":"https:\/\/killer-press.com\/de\/kommunikation\/","og_locale":"de_DE","og_type":"article","og_title":"Kommunikation","og_description":"Kommunikation - Der Erfolg einer Organisation h\u00e4ngt gr\u00f6\u00dftenteils mit den Menschen zusammen. Wir helfen Mitarbeitern, Managern, Gesch\u00e4ftsf\u00fchrern und Einzelpersonen bewusster zu kommunizieren. Egal ob digitalen Medien, Positionierung, Strategie, LinkedIn,Videos, Netzwerk, Medientraining, Au\u00dfendarstellung u.v.m.ion","og_url":"https:\/\/killer-press.com\/de\/kommunikation\/","og_site_name":"Killer Press","article_modified_time":"2023-12-12T16:00:58+00:00","og_image":[{"width":2048,"height":1152,"url":"https:\/\/killer-press.com\/de\/wp-content\/uploads\/sites\/6\/2022\/01\/photo.jpg","type":"image\/jpeg"}],"twitter_card":"summary_large_image","twitter_misc":{"Gesch\u00e4tzte Lesezeit":"6\u00a0Minuten"},"schema":{"@context":"https:\/\/schema.org","@graph":[{"@type":"WebPage","@id":"https:\/\/killer-press.com\/de\/kommunikation\/","url":"https:\/\/killer-press.com\/de\/kommunikation\/","name":"Kommunikation - Killer Press","isPartOf":{"@id":"https:\/\/killer-press.com\/de\/#website"},"datePublished":"2019-02-04T20:43:43+00:00","dateModified":"2023-12-12T16:00:58+00:00","description":"Kommunikation - Der Erfolg einer Organisation h\u00e4ngt gr\u00f6\u00dftenteils mit den Menschen zusammen. Wir helfen Mitarbeitern, Managern, Gesch\u00e4ftsf\u00fchrern und Einzelpersonen bewusster zu kommunizieren. Egal ob digitalen Medien, Positionierung, Strategie, LinkedIn,Videos, Netzwerk, Medientraining, Au\u00dfendarstellung u.v.m.ion","breadcrumb":{"@id":"https:\/\/killer-press.com\/de\/kommunikation\/#breadcrumb"},"inLanguage":"de","potentialAction":[{"@type":"ReadAction","target":["https:\/\/killer-press.com\/de\/kommunikation\/"]}]},{"@type":"BreadcrumbList","@id":"https:\/\/killer-press.com\/de\/kommunikation\/#breadcrumb","itemListElement":[{"@type":"ListItem","position":1,"name":"Home","item":"https:\/\/killer-press.com\/de\/"},{"@type":"ListItem","position":2,"name":"Kommunikation"}]},{"@type":"WebSite","@id":"https:\/\/killer-press.com\/de\/#website","url":"https:\/\/killer-press.com\/de\/","name":"Killer Press","description":"","publisher":{"@id":"https:\/\/killer-press.com\/de\/#organization"},"potentialAction":[{"@type":"SearchAction","target":{"@type":"EntryPoint","urlTemplate":"https:\/\/killer-press.com\/de\/?s={search_term_string}"},"query-input":{"@type":"PropertyValueSpecification","valueRequired":true,"valueName":"search_term_string"}}],"inLanguage":"de"},{"@type":"Organization","@id":"https:\/\/killer-press.com\/de\/#organization","name":"Killer Press","url":"https:\/\/killer-press.com\/de\/","logo":{"@type":"ImageObject","inLanguage":"de","@id":"https:\/\/killer-press.com\/de\/#\/schema\/logo\/image\/","url":"https:\/\/killer-press.com\/de\/wp-content\/uploads\/sites\/6\/2022\/01\/photo.jpg","contentUrl":"https:\/\/killer-press.com\/de\/wp-content\/uploads\/sites\/6\/2022\/01\/photo.jpg","width":2048,"height":1152,"caption":"Killer Press"},"image":{"@id":"https:\/\/killer-press.com\/de\/#\/schema\/logo\/image\/"}}]}},"_links":{"self":[{"href":"https:\/\/killer-press.com\/de\/wp-json\/wp\/v2\/pages\/2168","targetHints":{"allow":["GET"]}}],"collection":[{"href":"https:\/\/killer-press.com\/de\/wp-json\/wp\/v2\/pages"}],"about":[{"href":"https:\/\/killer-press.com\/de\/wp-json\/wp\/v2\/types\/page"}],"author":[{"embeddable":true,"href":"https:\/\/killer-press.com\/de\/wp-json\/wp\/v2\/users\/2"}],"replies":[{"embeddable":true,"href":"https:\/\/killer-press.com\/de\/wp-json\/wp\/v2\/comments?post=2168"}],"version-history":[{"count":53,"href":"https:\/\/killer-press.com\/de\/wp-json\/wp\/v2\/pages\/2168\/revisions"}],"predecessor-version":[{"id":2824,"href":"https:\/\/killer-press.com\/de\/wp-json\/wp\/v2\/pages\/2168\/revisions\/2824"}],"wp:attachment":[{"href":"https:\/\/killer-press.com\/de\/wp-json\/wp\/v2\/media?parent=2168"}],"curies":[{"name":"wp","href":"https:\/\/api.w.org\/{rel}","templated":true}]}}