{"id":2344,"date":"2021-04-14T08:37:17","date_gmt":"2021-04-14T08:37:17","guid":{"rendered":"https:\/\/killer-press.com\/de\/?page_id=2344"},"modified":"2025-03-13T12:12:03","modified_gmt":"2025-03-13T12:12:03","slug":"about","status":"publish","type":"page","link":"https:\/\/killer-press.com\/de\/about\/","title":{"rendered":"About"},"content":{"rendered":"<div class=\"wpb-content-wrapper\"><p>[vc_row][vc_column][vc_column_text]<\/p>\n<h2>Claudia Scheffler-Perrone<\/h2>\n<p>[\/vc_column_text][\/vc_column][\/vc_row][vc_row][vc_column][vc_single_image image=&#8221;2345&#8243; img_size=&#8221;large&#8221;][\/vc_column][\/vc_row][vc_row][vc_column][vc_column_text css=&#8221;&#8221;]<\/p>\n<p class=\"mb-2 whitespace-pre-line last:mb-0\">Claudia Scheffler-Perrone ist eine anerkannte Expertin f\u00fcr Kommunikation, Krisenmanagement, Personal Branding und F\u00fchrungskr\u00e4fteentwicklung. Mit \u00fcber 25 Jahren Erfahrung hat sie sich als vertrauensvolle Begleiterin f\u00fcr Fach- und F\u00fchrungskr\u00e4fte etabliert, die ihre beruflichen und pers\u00f6nlichen Potenziale entfalten m\u00f6chten. Ihr Ansatz ist dabei tief pers\u00f6nlich und basiert auf der \u00dcberzeugung, dass Erfolg auf starken Verbindungen, authentischem Storytelling und einem klaren F\u00fchrungsstil beruht.<\/p>\n<p class=\"mb-2 whitespace-pre-line last:mb-0\">Als Tochter italienischer Eltern, geboren und aufgewachsen in Bremen, vereint Claudia die Leidenschaft und W\u00e4rme des S\u00fcdens mit der Zuverl\u00e4ssigkeit und Pr\u00e4zision des Nordens. Schon fr\u00fch pr\u00e4gten Bildung und kultureller Austausch ihr Leben. Bereits als Kind \u00fcbersetzte sie simultan auf Sprachreisen, unterrichtete sp\u00e4ter Italienisch in der Erwachsenenbildung und begleitete Bildungsreisen ihrer Eltern, die den ersten italienischen Kulturverein in Bremen gr\u00fcndeten.<\/p>\n<p class=\"mb-2 whitespace-pre-line last:mb-0\">Nach ihrem Abitur studierte Claudia Politikwissenschaft in Italien, arbeitete als Reiseleiterin an der Amalfik\u00fcste und schrieb f\u00fcr italienische Zeitungen. Ihre internationale Erfahrung vertiefte sie in den USA, wo sie sowohl in internationalen Modeunternehmen als auch in Start-ups t\u00e4tig war. Zur\u00fcck in Deutschland setzte sie ihr Wissen in internationalen Unternehmen ein \u2013 stets mit einem Schwerpunkt auf Kommunikation und Marketing. Parallel dazu absolvierte sie zahlreiche Weiterbildungen in den Bereichen Psychologie, Coaching, Marketing, Journalismus und Projektmanagement.<\/p>\n<p class=\"mb-2 whitespace-pre-line last:mb-0\">2008 gr\u00fcndete Claudia ihr eigenes Unternehmen, angetrieben von der wachsenden Nachfrage nach ihrer Expertise. Was zun\u00e4chst mit klassischem Marketing und PR begann, entwickelte sich zu einem umfassenden Angebot aus Coaching, Training und Beratung auf F\u00fchrungsebene. Ihre Leidenschaft f\u00fcr soziale Medien f\u00fchrte dazu, dass sie bereits 2011 ihren preisgekr\u00f6nten Blog \u201enonsoloamore\u201c ins Leben rief, der im Bereich Lifestyle und Reisen gro\u00dfe Erfolge feiert.<\/p>\n<p class=\"mb-2 whitespace-pre-line last:mb-0\">Claudia ist eine gefragte Autorin und hat mehrere B\u00fccher und eBooks ver\u00f6ffentlicht, darunter Werke zu <strong>Personal Branding<\/strong>, <strong>Krisenkommunikation<\/strong> und <strong>F\u00fchrungskr\u00e4fteentwicklung<\/strong>. Ihr neuestes Buch, das 2024 erscheint, widmet sich den Themen <strong>Storytelling und Kommunikationsstrategien f\u00fcr moderne F\u00fchrungskr\u00e4fte<\/strong>. Neben ihrer schriftstellerischen T\u00e4tigkeit ist sie eine gefragte Rednerin auf internationalen B\u00fchnen wie der CEBIT und anderen gro\u00dfen Kongressen. Zudem ist sie regelm\u00e4\u00dfig im Fernsehen (NDR, RTL, Mediaset) und Radio zu Gast und wird als Expertin gesch\u00e4tzt.<\/p>\n<p class=\"mb-2 whitespace-pre-line last:mb-0\">Seit 2020 lehrt Claudia an der Hochschule Fresenius in Hamburg und vermittelt ihr Wissen in den Bereichen Journalismus, Medienpraxis, Sportjournalismus und Krisenkommunikation. Dar\u00fcber hinaus engagiert sie sich als Ambassadorin des \u201eRed Clubs\u201c in Hamburg, wo sie Frauen mit ihrer Expertise unterst\u00fctzt.<\/p>\n<p class=\"mb-2 whitespace-pre-line last:mb-0\">Ein weiteres Highlight ihrer Karriere ist ihre Zusammenarbeit mit Union Instruments GmbH. Dort \u00fcbernahm sie unter anderem die Projektleitung f\u00fcr die Entwicklung und Umsetzung der neuen Unternehmenswebsite, unterst\u00fctzte das HR-Team bei der Auswahl von Marketingpersonal und agierte als Interim-Marketingmanagerin. Zudem war sie eine wichtige Schnittstelle zwischen Management und Mitarbeitern, vermittelte bei Konflikten und unterst\u00fctzte die pers\u00f6nliche und berufliche Weiterentwicklung des Teams.<\/p>\n<p class=\"mb-2 whitespace-pre-line last:mb-0\">Claudias Leidenschaft f\u00fcr den Sport f\u00fchrte dazu, dass sie neben F\u00fchrungskr\u00e4ften auch Profisportler coacht. Ihr Ansatz verbindet praktische Erfahrung mit tiefem psychologischem Verst\u00e4ndnis, das sie durch zahlreiche Weiterbildungen \u2013 zuletzt als individualpsychologische Coach \u2013 erweitert hat.<\/p>\n<p class=\"mb-2 whitespace-pre-line last:mb-0\">Was Claudia besonders macht, ist ihre F\u00e4higkeit, Menschen nicht nur fachlich, sondern auch emotional zu erreichen. Sie kombiniert analytisches Denken mit kreativen L\u00f6sungen und \u00fcberzeugt durch Empathie, Leidenschaft und Authentizit\u00e4t. Ihre Kunden sch\u00e4tzen sie f\u00fcr ihre praktischen Techniken, die einen signifikanten Unterschied in ihrem Leben und ihrer Karriere bewirken.<\/p>\n<p class=\"mb-2 whitespace-pre-line last:mb-0\"><strong>Was entspannt Claudia?<\/strong><br \/>\n\u201eDas Meer. Am liebsten sitze ich am Strand, h\u00f6re den Wellen zu und lese ein spannendes Buch.\u201c<\/p>\n<p class=\"mb-2 whitespace-pre-line last:mb-0\">Und nat\u00fcrlich d\u00fcrfen guter Kaffee und Pasta dabei nicht fehlen.<\/p>\n<p class=\"mb-2 whitespace-pre-line last:mb-0\"><strong>Bereit, mit Selbstbewusstsein und Authentizit\u00e4t zu f\u00fchren?<\/strong><br \/>\nLassen Sie sich von Claudia Scheffler-Perrone begleiten, Ihre Stimme zu finden und Ihre Spuren zu hinterlassen.<\/p>\n<p>[\/vc_column_text][\/vc_column][\/vc_row][vc_row][vc_column][vc_message message_box_color=&#8221;alert-info&#8221; icon_type=&#8221;pixelicons&#8221; css=&#8221;&#8221; icon_pixelicons=&#8221;vc_pixel_icon vc_pixel_icon-heart&#8221;]Einige Meinungen zu Claudia:<\/p>\n<p>\u201eBevor ich mit Claudia gearbeitet habe, hatte ich keine Ahnung, wie wichtig meine pers\u00f6nliche Marke sein k\u00f6nnte. Ich war nicht in der Lage, eine Marke zu formulieren, die mich wirklich repr\u00e4sentiert. Mit ihrer Hilfe konnte ich meine einzigartigen St\u00e4rken identifizieren und eine Marke aufbauen, die mein Publikum anspricht.\u201c \u2013 Christine, Unternehmerin<\/p>\n<p>\u201eIch wollte nie auf die B\u00fchne gehen, aber Claudias Coaching hat alles f\u00fcr mich ver\u00e4ndert. Es ging nicht nur ums Sprechen, sondern darum, Menschen zu erreichen und Botschaften zu vermitteln. Das Selbstvertrauen, das ich durch ihr Training gewonnen habe, hat meine Karriere ver\u00e4ndert.\u201c \u2013 Tanya, Marketingleiterin<\/p>\n<p>\u201eDie interkulturelle Kommunikation in unserer weltweiten Organisation war nicht immer einfach, aber Claudia hat es m\u00fchelos erscheinen lassen. Claudias tiefes Verst\u00e4ndnis f\u00fcr kulturelle Nuancen und Kommunikationsstile hat uns f\u00fcr diese Unterschiede sensibilisiert. Wir sind jetzt viel bewusster im Umgang mit kulturellen Unterschieden, was zu einer reibungsloseren und effektiveren Kommunikation innerhalb unseres Teams und mit unseren internationalen Partnern gef\u00fchrt hat.\u201c \u2013 David, Personalmanager<\/p>\n<p>\u201eUm ehrlich zu sein, als Claudia mir das erste Mal vorschlug, eine zweite Karriere im Sport in Betracht zu ziehen, w\u00e4hrend ich noch im Siegerteam war, musste ich ein wenig dar\u00fcber lachen. Ich konnte mir nicht vorstellen, einen Backup-Plan zu brauchen. Aber ich entschied mich, ihrem Rat eine Chance zu geben, und im R\u00fcckblick h\u00e4tte ich nie gedacht, wie schnell meine Sportkarriere zu Ende gehen w\u00fcrde. Claudia hat mir nicht nur geholfen, den \u00dcbergang reibungslos zu gestalten, sondern mich auch dabei unterst\u00fctzt, ein florierendes Gesch\u00e4ft aufzubauen, auf das ich mich heute verlassen kann. Ohne ihr Weitblick und ihre Unterst\u00fctzung w\u00e4re ich jetzt verloren. Stattdessen bl\u00fche ich in einem ganz neuen Bereich auf.\u201c \u2013 Josh, Profisportler[\/vc_message][\/vc_column][\/vc_row]<\/p>\n<div class=\"shariff shariff-align-flex-start shariff-widget-align-flex-start\"><ul class=\"shariff-buttons theme-round orientation-horizontal buttonsize-medium\"><li class=\"shariff-button linkedin shariff-nocustomcolor\" style=\"background-color:#1488bf\"><a href=\"https:\/\/www.linkedin.com\/sharing\/share-offsite\/?url=https%3A%2F%2Fkiller-press.com%2Fde%2Fabout%2F\" title=\"Bei LinkedIn teilen\" aria-label=\"Bei LinkedIn teilen\" role=\"button\" rel=\"noopener nofollow\" class=\"shariff-link\" style=\"; background-color:#0077b5; color:#fff\" target=\"_blank\"><span class=\"shariff-icon\" style=\"\"><svg width=\"32px\" height=\"20px\" xmlns=\"http:\/\/www.w3.org\/2000\/svg\" viewBox=\"0 0 27 32\"><path fill=\"#0077b5\" d=\"M6.2 11.2v17.7h-5.9v-17.7h5.9zM6.6 5.7q0 1.3-0.9 2.2t-2.4 0.9h0q-1.5 0-2.4-0.9t-0.9-2.2 0.9-2.2 2.4-0.9 2.4 0.9 0.9 2.2zM27.4 18.7v10.1h-5.9v-9.5q0-1.9-0.7-2.9t-2.3-1.1q-1.1 0-1.9 0.6t-1.2 1.5q-0.2 0.5-0.2 1.4v9.9h-5.9q0-7.1 0-11.6t0-5.3l0-0.9h5.9v2.6h0q0.4-0.6 0.7-1t1-0.9 1.6-0.8 2-0.3q3 0 4.9 2t1.9 6z\"\/><\/svg><\/span><\/a><\/li><li class=\"shariff-button facebook shariff-nocustomcolor\" style=\"background-color:#4273c8\"><a href=\"https:\/\/www.facebook.com\/sharer\/sharer.php?u=https%3A%2F%2Fkiller-press.com%2Fde%2Fabout%2F\" title=\"Bei Facebook teilen\" aria-label=\"Bei Facebook teilen\" role=\"button\" rel=\"nofollow\" class=\"shariff-link\" style=\"; background-color:#3b5998; color:#fff\" target=\"_blank\"><span class=\"shariff-icon\" style=\"\"><svg width=\"32px\" height=\"20px\" xmlns=\"http:\/\/www.w3.org\/2000\/svg\" viewBox=\"0 0 18 32\"><path fill=\"#3b5998\" d=\"M17.1 0.2v4.7h-2.8q-1.5 0-2.1 0.6t-0.5 1.9v3.4h5.2l-0.7 5.3h-4.5v13.6h-5.5v-13.6h-4.5v-5.3h4.5v-3.9q0-3.3 1.9-5.2t5-1.8q2.6 0 4.1 0.2z\"\/><\/svg><\/span><\/a><\/li><li class=\"shariff-button mailto shariff-nocustomcolor\" style=\"background-color:#a8a8a8\"><a href=\"mailto:?body=https%3A%2F%2Fkiller-press.com%2Fde%2Fabout%2F&subject=About\" title=\"Per E-Mail versenden\" aria-label=\"Per E-Mail versenden\" role=\"button\" rel=\"noopener nofollow\" class=\"shariff-link\" style=\"; background-color:#999; color:#fff\"><span class=\"shariff-icon\" style=\"\"><svg width=\"32px\" height=\"20px\" xmlns=\"http:\/\/www.w3.org\/2000\/svg\" viewBox=\"0 0 32 32\"><path fill=\"#999\" d=\"M32 12.7v14.2q0 1.2-0.8 2t-2 0.9h-26.3q-1.2 0-2-0.9t-0.8-2v-14.2q0.8 0.9 1.8 1.6 6.5 4.4 8.9 6.1 1 0.8 1.6 1.2t1.7 0.9 2 0.4h0.1q0.9 0 2-0.4t1.7-0.9 1.6-1.2q3-2.2 8.9-6.1 1-0.7 1.8-1.6zM32 7.4q0 1.4-0.9 2.7t-2.2 2.2q-6.7 4.7-8.4 5.8-0.2 0.1-0.7 0.5t-1 0.7-0.9 0.6-1.1 0.5-0.9 0.2h-0.1q-0.4 0-0.9-0.2t-1.1-0.5-0.9-0.6-1-0.7-0.7-0.5q-1.6-1.1-4.7-3.2t-3.6-2.6q-1.1-0.7-2.1-2t-1-2.5q0-1.4 0.7-2.3t2.1-0.9h26.3q1.2 0 2 0.8t0.9 2z\"\/><\/svg><\/span><\/a><\/li><\/ul><\/div><\/div>","protected":false},"excerpt":{"rendered":"<p>[vc_row][vc_column][vc_column_text] Claudia Scheffler-Perrone [\/vc_column_text][\/vc_column][\/vc_row][vc_row][vc_column][vc_single_image image=&#8221;2345&#8243; img_size=&#8221;large&#8221;][\/vc_column][\/vc_row][vc_row][vc_column][vc_column_text css=&#8221;&#8221;] Claudia Scheffler-Perrone ist eine anerkannte Expertin f\u00fcr Kommunikation, Krisenmanagement, Personal Branding und F\u00fchrungskr\u00e4fteentwicklung. Mit \u00fcber 25 Jahren Erfahrung hat sie sich als vertrauensvolle Begleiterin f\u00fcr Fach- und F\u00fchrungskr\u00e4fte etabliert, die ihre beruflichen und<span class=\"read_more_area\"><a class=\"read-more\" href=\"https:\/\/killer-press.com\/de\/about\/\"> Continue Reading <\/a><\/span><\/p>\n","protected":false},"author":2,"featured_media":0,"parent":0,"menu_order":0,"comment_status":"closed","ping_status":"closed","template":"","meta":{"MSN_Categories":"Uncategorized","MSN_Publish_Option":false,"MSN_Is_Local_News":false,"MSN_Is_AIAC_Included":"Empty","MSN_Location":"[]","MSN_Add_Feature_Img_On_Top_Of_Post":false,"MSN_Has_Custom_Author":false,"MSN_Custom_Author":"","MSN_Has_Custom_Canonical_Url":false,"MSN_Custom_Canonical_Url":"","footnotes":""},"class_list":["post-2344","page","type-page","status-publish","hentry"],"yoast_head":"<!-- This site is optimized with the Yoast SEO Premium plugin v20.7 (Yoast SEO v25.6) - https:\/\/yoast.com\/wordpress\/plugins\/seo\/ -->\n<title>About - Killer Press<\/title>\n<meta name=\"description\" content=\"Coaching und Training f\u00fcr Fach- und F\u00fchrungskr\u00e4fte und Profisportler im Bereich Personal Branding, LinkedIn, Kommunikation und Mitarbeiterf\u00fchrung. Media Training vom Profi. Journalistin und Coach mit \u00fcber 20 Jahren Erfahrung. Bekannt aus TV, Radio und Zeitungen.\" \/>\n<meta name=\"robots\" content=\"index, follow, max-snippet:-1, max-image-preview:large, max-video-preview:-1\" \/>\n<link rel=\"canonical\" href=\"https:\/\/killer-press.com\/de\/about\/\" \/>\n<meta property=\"og:locale\" content=\"de_DE\" \/>\n<meta property=\"og:type\" content=\"article\" \/>\n<meta property=\"og:title\" content=\"About\" \/>\n<meta property=\"og:description\" content=\"Coaching und Training f\u00fcr Fach- und F\u00fchrungskr\u00e4fte und Profisportler im Bereich Personal Branding, LinkedIn, Kommunikation und Mitarbeiterf\u00fchrung. Media Training vom Profi. Journalistin und Coach mit \u00fcber 20 Jahren Erfahrung. Bekannt aus TV, Radio und Zeitungen.\" \/>\n<meta property=\"og:url\" content=\"https:\/\/killer-press.com\/de\/about\/\" \/>\n<meta property=\"og:site_name\" content=\"Killer Press\" \/>\n<meta property=\"article:modified_time\" content=\"2025-03-13T12:12:03+00:00\" \/>\n<meta property=\"og:image\" content=\"https:\/\/killer-press.com\/de\/wp-content\/uploads\/sites\/6\/2022\/01\/photo.jpg\" \/>\n\t<meta property=\"og:image:width\" content=\"2048\" \/>\n\t<meta property=\"og:image:height\" content=\"1152\" \/>\n\t<meta property=\"og:image:type\" content=\"image\/jpeg\" \/>\n<meta name=\"twitter:card\" content=\"summary_large_image\" \/>\n<meta name=\"twitter:label1\" content=\"Gesch\u00e4tzte Lesezeit\" \/>\n\t<meta name=\"twitter:data1\" content=\"5\u00a0Minuten\" \/>\n<script type=\"application\/ld+json\" class=\"yoast-schema-graph\">{\"@context\":\"https:\/\/schema.org\",\"@graph\":[{\"@type\":\"WebPage\",\"@id\":\"https:\/\/killer-press.com\/de\/about\/\",\"url\":\"https:\/\/killer-press.com\/de\/about\/\",\"name\":\"About - Killer Press\",\"isPartOf\":{\"@id\":\"https:\/\/killer-press.com\/de\/#website\"},\"datePublished\":\"2021-04-14T08:37:17+00:00\",\"dateModified\":\"2025-03-13T12:12:03+00:00\",\"description\":\"Coaching und Training f\u00fcr Fach- und F\u00fchrungskr\u00e4fte und Profisportler im Bereich Personal Branding, LinkedIn, Kommunikation und Mitarbeiterf\u00fchrung. Media Training vom Profi. Journalistin und Coach mit \u00fcber 20 Jahren Erfahrung. Bekannt aus TV, Radio und Zeitungen.\",\"breadcrumb\":{\"@id\":\"https:\/\/killer-press.com\/de\/about\/#breadcrumb\"},\"inLanguage\":\"de\",\"potentialAction\":[{\"@type\":\"ReadAction\",\"target\":[\"https:\/\/killer-press.com\/de\/about\/\"]}]},{\"@type\":\"BreadcrumbList\",\"@id\":\"https:\/\/killer-press.com\/de\/about\/#breadcrumb\",\"itemListElement\":[{\"@type\":\"ListItem\",\"position\":1,\"name\":\"Home\",\"item\":\"https:\/\/killer-press.com\/de\/\"},{\"@type\":\"ListItem\",\"position\":2,\"name\":\"About\"}]},{\"@type\":\"WebSite\",\"@id\":\"https:\/\/killer-press.com\/de\/#website\",\"url\":\"https:\/\/killer-press.com\/de\/\",\"name\":\"Killer Press\",\"description\":\"\",\"publisher\":{\"@id\":\"https:\/\/killer-press.com\/de\/#organization\"},\"potentialAction\":[{\"@type\":\"SearchAction\",\"target\":{\"@type\":\"EntryPoint\",\"urlTemplate\":\"https:\/\/killer-press.com\/de\/?s={search_term_string}\"},\"query-input\":{\"@type\":\"PropertyValueSpecification\",\"valueRequired\":true,\"valueName\":\"search_term_string\"}}],\"inLanguage\":\"de\"},{\"@type\":\"Organization\",\"@id\":\"https:\/\/killer-press.com\/de\/#organization\",\"name\":\"Killer Press\",\"url\":\"https:\/\/killer-press.com\/de\/\",\"logo\":{\"@type\":\"ImageObject\",\"inLanguage\":\"de\",\"@id\":\"https:\/\/killer-press.com\/de\/#\/schema\/logo\/image\/\",\"url\":\"https:\/\/killer-press.com\/de\/wp-content\/uploads\/sites\/6\/2022\/01\/photo.jpg\",\"contentUrl\":\"https:\/\/killer-press.com\/de\/wp-content\/uploads\/sites\/6\/2022\/01\/photo.jpg\",\"width\":2048,\"height\":1152,\"caption\":\"Killer Press\"},\"image\":{\"@id\":\"https:\/\/killer-press.com\/de\/#\/schema\/logo\/image\/\"}}]}<\/script>\n<!-- \/ Yoast SEO Premium plugin. -->","yoast_head_json":{"title":"About - Killer Press","description":"Coaching und Training f\u00fcr Fach- und F\u00fchrungskr\u00e4fte und Profisportler im Bereich Personal Branding, LinkedIn, Kommunikation und Mitarbeiterf\u00fchrung. Media Training vom Profi. Journalistin und Coach mit \u00fcber 20 Jahren Erfahrung. Bekannt aus TV, Radio und Zeitungen.","robots":{"index":"index","follow":"follow","max-snippet":"max-snippet:-1","max-image-preview":"max-image-preview:large","max-video-preview":"max-video-preview:-1"},"canonical":"https:\/\/killer-press.com\/de\/about\/","og_locale":"de_DE","og_type":"article","og_title":"About","og_description":"Coaching und Training f\u00fcr Fach- und F\u00fchrungskr\u00e4fte und Profisportler im Bereich Personal Branding, LinkedIn, Kommunikation und Mitarbeiterf\u00fchrung. Media Training vom Profi. Journalistin und Coach mit \u00fcber 20 Jahren Erfahrung. Bekannt aus TV, Radio und Zeitungen.","og_url":"https:\/\/killer-press.com\/de\/about\/","og_site_name":"Killer Press","article_modified_time":"2025-03-13T12:12:03+00:00","og_image":[{"width":2048,"height":1152,"url":"https:\/\/killer-press.com\/de\/wp-content\/uploads\/sites\/6\/2022\/01\/photo.jpg","type":"image\/jpeg"}],"twitter_card":"summary_large_image","twitter_misc":{"Gesch\u00e4tzte Lesezeit":"5\u00a0Minuten"},"schema":{"@context":"https:\/\/schema.org","@graph":[{"@type":"WebPage","@id":"https:\/\/killer-press.com\/de\/about\/","url":"https:\/\/killer-press.com\/de\/about\/","name":"About - Killer Press","isPartOf":{"@id":"https:\/\/killer-press.com\/de\/#website"},"datePublished":"2021-04-14T08:37:17+00:00","dateModified":"2025-03-13T12:12:03+00:00","description":"Coaching und Training f\u00fcr Fach- und F\u00fchrungskr\u00e4fte und Profisportler im Bereich Personal Branding, LinkedIn, Kommunikation und Mitarbeiterf\u00fchrung. Media Training vom Profi. Journalistin und Coach mit \u00fcber 20 Jahren Erfahrung. Bekannt aus TV, Radio und Zeitungen.","breadcrumb":{"@id":"https:\/\/killer-press.com\/de\/about\/#breadcrumb"},"inLanguage":"de","potentialAction":[{"@type":"ReadAction","target":["https:\/\/killer-press.com\/de\/about\/"]}]},{"@type":"BreadcrumbList","@id":"https:\/\/killer-press.com\/de\/about\/#breadcrumb","itemListElement":[{"@type":"ListItem","position":1,"name":"Home","item":"https:\/\/killer-press.com\/de\/"},{"@type":"ListItem","position":2,"name":"About"}]},{"@type":"WebSite","@id":"https:\/\/killer-press.com\/de\/#website","url":"https:\/\/killer-press.com\/de\/","name":"Killer Press","description":"","publisher":{"@id":"https:\/\/killer-press.com\/de\/#organization"},"potentialAction":[{"@type":"SearchAction","target":{"@type":"EntryPoint","urlTemplate":"https:\/\/killer-press.com\/de\/?s={search_term_string}"},"query-input":{"@type":"PropertyValueSpecification","valueRequired":true,"valueName":"search_term_string"}}],"inLanguage":"de"},{"@type":"Organization","@id":"https:\/\/killer-press.com\/de\/#organization","name":"Killer Press","url":"https:\/\/killer-press.com\/de\/","logo":{"@type":"ImageObject","inLanguage":"de","@id":"https:\/\/killer-press.com\/de\/#\/schema\/logo\/image\/","url":"https:\/\/killer-press.com\/de\/wp-content\/uploads\/sites\/6\/2022\/01\/photo.jpg","contentUrl":"https:\/\/killer-press.com\/de\/wp-content\/uploads\/sites\/6\/2022\/01\/photo.jpg","width":2048,"height":1152,"caption":"Killer Press"},"image":{"@id":"https:\/\/killer-press.com\/de\/#\/schema\/logo\/image\/"}}]}},"_links":{"self":[{"href":"https:\/\/killer-press.com\/de\/wp-json\/wp\/v2\/pages\/2344","targetHints":{"allow":["GET"]}}],"collection":[{"href":"https:\/\/killer-press.com\/de\/wp-json\/wp\/v2\/pages"}],"about":[{"href":"https:\/\/killer-press.com\/de\/wp-json\/wp\/v2\/types\/page"}],"author":[{"embeddable":true,"href":"https:\/\/killer-press.com\/de\/wp-json\/wp\/v2\/users\/2"}],"replies":[{"embeddable":true,"href":"https:\/\/killer-press.com\/de\/wp-json\/wp\/v2\/comments?post=2344"}],"version-history":[{"count":5,"href":"https:\/\/killer-press.com\/de\/wp-json\/wp\/v2\/pages\/2344\/revisions"}],"predecessor-version":[{"id":2911,"href":"https:\/\/killer-press.com\/de\/wp-json\/wp\/v2\/pages\/2344\/revisions\/2911"}],"wp:attachment":[{"href":"https:\/\/killer-press.com\/de\/wp-json\/wp\/v2\/media?parent=2344"}],"curies":[{"name":"wp","href":"https:\/\/api.w.org\/{rel}","templated":true}]}}