{"id":2485,"date":"2022-10-31T11:08:54","date_gmt":"2022-10-31T11:08:54","guid":{"rendered":"https:\/\/killer-press.com\/de\/?page_id=2485"},"modified":"2023-12-04T18:10:52","modified_gmt":"2023-12-04T18:10:52","slug":"online-training","status":"publish","type":"page","link":"https:\/\/killer-press.com\/de\/online-training\/","title":{"rendered":"Online Training"},"content":{"rendered":"<div class=\"wpb-content-wrapper\"><p>[vc_row full_width=&#8221;stretch_row&#8221; css=&#8221;.vc_custom_1701713397850{padding-top: 50px !important;padding-bottom: 100px !important;}&#8221;][vc_column][apress_heading sub_title=&#8221;Unsere Angebote&#8221; enable_delimiter=&#8221;&#8221; style=&#8221;heading_style2&#8243; title_font_options=&#8221;tag:h2|font_size:50|letter_spacing:1|font_style_bold:1&#8243; subtitle_font_options=&#8221;tag:div&#8221; title_responsive=&#8221;font_size_tablet:35|line_height_tablet:45|letter_spacing_tablet:1|font_size_mobile:25|line_height_mobile:35|letter_spacing_mobile:1&#8243;]Online Training[\/apress_heading]<div class=\"ult-spacer spacer-69e0211f45a75\" data-id=\"69e0211f45a75\" data-height=\"100\" data-height-mobile=\"100\" data-height-tab=\"100\" data-height-tab-portrait=\"\" data-height-mobile-landscape=\"\" style=\"clear:both;display:block;\"><\/div>[\/vc_column][\/vc_row][vc_row][vc_column][vc_column_text]Online Training f\u00fcr Fach- und F\u00fchrungskr\u00e4fte, Nachwuchsf\u00fchrungskr\u00e4fte und Unternehmer ist eine gro\u00dfartige M\u00f6glichkeit, um Ihre Karriere voranzutreiben und Ihre F\u00e4higkeiten zu verbessern. Das Angebot an Online-Trainingsprogrammen ist breit gef\u00e4chert und bietet viele M\u00f6glichkeiten, um pers\u00f6nliche Ziele zu erreichen und die eigenen St\u00e4rken auszubauen.<\/p>\n<p>Unser Basistraining ist ein 2-t\u00e4giges Online-Training, das sich auf die Grundlagen von Personal Branding, Coaching, Weiterentwicklung, Kommunikation, Sales, Vertrieb und Marketing sowie Strategieentwicklung konzentriert. Insgesamt umfasst das Training 14 Stunden und ist somit ein guter Einstieg f\u00fcr alle, die ihre F\u00e4higkeiten in diesen Bereichen ausbauen m\u00f6chten.<\/p>\n<p>F\u00fcr diejenigen, die eine intensivere Unterst\u00fctzung w\u00fcnschen, bieten wir das Gold Plus Programm an. Dieses 12-w\u00f6chige Coaching-Programm umfasst sechs Tage Live Coaching, verteilt auf zwei Tage pro Monat, sowie einen w\u00f6chentlichen 90-min\u00fctigen Call. Zus\u00e4tzlich enth\u00e4lt das Programm ein Workbook und \u00dcbungen, um das Gelernte zu vertiefen und anzuwenden.<\/p>\n<p>Unser umfassendstes Programm ist das Platin Plus Programm. Dieses Programm bietet sechs Monate Online-Coaching und Unterst\u00fctzung, mit 18 Tagen Live Coaching verteilt auf drei Tage pro Monat. Zwei Mal pro Woche gibt es einen 90-min\u00fctigen Call und Austausch. Das Programm enth\u00e4lt auch ein Workbook und \u00dcbungen sowie Zugang zu exklusiven Inhalten und Vernetzung innerhalb der Community. Zus\u00e4tzlich gibt es exklusive Masterclasses, um spezielle F\u00e4higkeiten zu erlernen.<\/p>\n<p>Die Online-Trainingsprogramme f\u00fcr Fach- und F\u00fchrungskr\u00e4fte, Nachwuchsf\u00fchrungskr\u00e4fte und Unternehmer sind darauf ausgerichtet, Ihre Karriereziele zu erreichen. Sie bieten eine flexible und effektive M\u00f6glichkeit, um F\u00e4higkeiten auszubauen und zu verbessern. Durch gezieltes Personal Branding, Coaching, Weiterentwicklung, Kommunikation, Sales, Vertrieb und Marketing sowie Strategieentwicklung k\u00f6nnen Sie Ihre beruflichen Ziele erreichen und erfolgreicher werden. Kaufen Sie jetzt eines unserer Programme und starten Sie Ihre Karriere auf die n\u00e4chste Stufe![\/vc_column_text][\/vc_column][\/vc_row][vc_row][vc_column][vc_cta h2=&#8221;Online Training&#8221;]Online-Training f\u00fcr Fach- und F\u00fchrungskr\u00e4fte, Nachwuchsf\u00fchrungskr\u00e4fte und Unternehmer ist ein wichtiger Bestandteil der Weiterentwicklung von Unternehmen und deren Mitarbeitern. In einer immer schneller werdenden Gesch\u00e4ftswelt sind effektive und zeitgem\u00e4\u00dfe Schulungen von zentraler Bedeutung, um die Kompetenzen der Mitarbeiter zu erweitern und die Konkurrenzf\u00e4higkeit des Unternehmens zu st\u00e4rken.<\/p>\n<p>Das Personal Branding ist in diesem Zusammenhang ein besonders wichtiger Aspekt. Es geht darum, die eigene Pers\u00f6nlichkeit und Kompetenzen gezielt zu pr\u00e4sentieren und sich als Marke zu etablieren. Ein gezieltes Coaching kann hierbei helfen, die eigenen St\u00e4rken zu identifizieren und erfolgreich zu kommunizieren.<\/p>\n<p>Weiterhin sind Schulungen im Bereich Kommunikation, Sales, Vertrieb und Marketing unverzichtbar, um in einer immer komplexer werdenden Gesch\u00e4ftswelt erfolgreich zu sein. Hier geht es darum, die eigenen Produkte und Dienstleistungen bestm\u00f6glich zu verkaufen und Kunden zu gewinnen und zu halten. Eine erfolgreiche Strategieentwicklung spielt dabei ebenfalls eine wichtige Rolle.<\/p>\n<p>Die Vorteile von Online-Training liegen auf der Hand: Es ist flexibel und kann von \u00fcberall aus absolviert werden. Zudem k\u00f6nnen Schulungen individuell auf die Bed\u00fcrfnisse und Vorkenntnisse der Teilnehmer angepasst werden. Durch den Einsatz moderner Technologie wird das Lernen zudem interaktiv und abwechslungsreich gestaltet.<\/p>\n<p>Insgesamt bietet Online-Training somit eine hervorragende M\u00f6glichkeit, die Mitarbeiter und das Unternehmen auf die Zukunft vorzubereiten und erfolgreich am Markt zu agieren. Eine Investition in die Weiterentwicklung der eigenen F\u00fchrungskr\u00e4fte und Mitarbeiter lohnt sich langfristig und kann einen entscheidenden Wettbewerbsvorteil bedeuten.[\/vc_cta][\/vc_column][\/vc_row][vc_row][vc_column][vc_column_text]Lernen Sie direkt von\u00a0Claudia Scheffler-Perrone und Killer Press in Live-Online-, Online- und pers\u00f6nlichen Kursen. Management und F\u00fchrung; Kommunikation und\u00a0Strategie, Innere St\u00e4rke und Personal Branding.\u00a0[\/vc_column_text][\/vc_column][\/vc_row][vc_row][vc_column][apress_icon_box iconcolor=&#8221;#0088cc&#8221; boxtitlepad=&#8221;padding-top:10|padding-bottom:5&#8243; icon_family=&#8221;fontawesome&#8221; icon_fontawesome=&#8221;fas fa-user-plus&#8221; contentboxtitle=&#8221;Eine Stunde buchen&#8221; contentboxarea=&#8221;Sie m\u00f6chten nicht direkt einen ganzen Kurs buchen und lieber st\u00fcndlich bezahlen? Dann buchen Sie erstmal eine Stunde mit Claudia Scheffler-Perrone.&#8221; contentarealink=&#8221;url:https%3A%2F%2Fkiller-press.com%2Fde%2Fkontakt%2F|title:Kontakt|target:%20_blank|&#8221;][\/vc_column][\/vc_row][vc_row][vc_column][apress_button button_text=&#8221;Buchen&#8221; button_link=&#8221;url:https%3A%2F%2Fkiller-press.com%2Fde%2Fkontakt%2F|title:Kontakt||&#8221;][\/vc_column][\/vc_row][vc_row content_placement=&#8221;middle&#8221; bg_type=&#8221;image&#8221; parallax_style=&#8221;vcpb-default&#8221; bg_image_new=&#8221;id^500|url^http:\/\/apressthemes.com\/demo1\/wp-content\/uploads\/2016\/09\/slider-agency.jpg|caption^null|alt^null|title^slider-agency|description^null&#8221; bg_override=&#8221;ex-full&#8221; css=&#8221;.vc_custom_1507360855757{padding-top: 250px !important;padding-bottom: 200px !important;}&#8221;][vc_column]<div id=\"uvc-type-wrap-5907\"  data-ultimate-target='#uvc-type-wrap-5907'  data-responsive-json-new='{\"font-size\":\"desktop:80px;tablet:60px;tablet_portrait:30px;mobile_landscape:25px;mobile:25px;\",\"line-height\":\"desktop:100px;tablet:100px;tablet_portrait:60px;mobile_landscape:50px;mobile:50px;\"}'  class=\"uvc-type-wrap  ult-adjust-bottom-margin ult-responsive  uvc-type-align-center  uvc-wrap-319440658169e0211f45aa5\" style=\"text-align:center;\"><span  data-ultimate-target='#uvc-type-wrap-5907 .mycustfancy'  data-responsive-json-new='{\"font-size\":\"desktop:80px;tablet:60px;tablet_portrait:30px;mobile_landscape:25px;mobile:25px;\",\"line-height\":\"desktop:100px;tablet:100px;tablet_portrait:60px;mobile_landscape:50px;mobile:50px;\"}'  class=\"ultimate-typewriter-prefix mycustfancy ult-responsive\" style=\"font-weight:normal;color:#ffffff; text-transform: unset;\">Online vs Pr\u00e4senz<\/span><span id=\"typed-319440658169e0211f45aa5\" class=\"ultimate-typed-main fancytext-typewriter-background-enabled\" style=\"color:#6348db;background:#d8cee2; font-weight:normal; text-transform: unset;\"><\/span><script type=\"text\/javascript\">\n\t\t\t\t\t\tjQuery(function($){ \n\t\t\t\t\t\t\t$(document).ready(function(){\n\t\t\t\t\t\t\t\tif( typeof jQuery(\"#typed-319440658169e0211f45aa5\").typed == \"function\"){\n\t\t\t\t\t\t\t\t\t$(\"#typed-319440658169e0211f45aa5\").typed({\n\t\t\t\t\t\t\t\t\t\tstrings: [\"Alle Online Kurse auch in Pr\u00e4senz buchbar\"],\n\t\t\t\t\t\t\t\t\t\ttypeSpeed: 35,\n\t\t\t\t\t\t\t\t\t\tbackSpeed: 0,\n\t\t\t\t\t\t\t\t\t\tstartDelay: \"200\",\n\t\t\t\t\t\t\t\t\t\tbackDelay: \"1500\",\n\t\t\t\t\t\t\t\t\t\tloop: \"true\",\n\t\t\t\t\t\t\t\t\t\tloopCount: false,\n\t\t\t\t\t\t\t\t\t\tshowCursor: true,\n\t\t\t\t\t\t\t\t\t\tcursorChar: \"|\",\n\t\t\t\t\t\t\t\t\t\tattr: null\n\t\t\t\t\t\t\t\t\t});\n\t\t\t\t\t\t\t\t}\n\t\t\t\t\t\t\t});\n\t\t\t\t\t\t});\n\t\t\t\t\t<\/script><style>\n\t\t\t\t\t\t\t.uvc-wrap-319440658169e0211f45aa5 .typed-cursor {\n\t\t\t\t\t\t\t\tcolor:#6348db;\n\t\t\t\t\t\t\t}\n\t\t\t\t\t\t<\/style><\/div>[\/vc_column][\/vc_row][vc_row][vc_column][vc_row_inner][vc_column_inner width=&#8221;1\/3&#8243;][apress_pricing_table color_scheme=&#8221;primary_color_scheme&#8221; title=&#8221;Basis Training&#8221; currency_symbol=&#8221;&#8221; price=&#8221;&#8221; recurring_fee=&#8221;&#8221; data_animation=&#8221;fadeIn&#8221; data_delay=&#8221;300&#8243; button_text=&#8221;Buy now&#8221; button_size=&#8221;medium&#8221; button_shape=&#8221;rounded&#8221; style=&#8221;pricing_table_style1&#8243; title_font_options=&#8221;tag:h2&#8243;]Unser Basistraining beinhaltet 14 Stunden.<\/p>\n<p>2 Tage Online Training[\/apress_pricing_table][\/vc_column_inner][vc_column_inner width=&#8221;1\/3&#8243;][apress_pricing_table color_scheme=&#8221;primary_color_scheme&#8221; title=&#8221;Gold Plus&#8221; currency_symbol=&#8221;&#8221; price=&#8221;&#8221; recurring_fee=&#8221;&#8221; data_animation=&#8221;fadeIn&#8221; data_delay=&#8221;300&#8243; button_text=&#8221;Buy now&#8221; button_size=&#8221;medium&#8221; button_shape=&#8221;rounded&#8221; style=&#8221;pricing_table_style1&#8243; title_font_options=&#8221;tag:h2&#8243;]Das Gold Plus Programm beinhaltet 12 Wochen Coaching und Unterst\u00fctzung.<\/p>\n<p>6 Tage Live Coaching \/ 2 pro Monat<\/p>\n<p>1x die Woche 90 Minuten Call<\/p>\n<p>Workbook und \u00dcbungen[\/apress_pricing_table][\/vc_column_inner][vc_column_inner width=&#8221;1\/3&#8243;][apress_pricing_table color_scheme=&#8221;primary_color_scheme&#8221; title=&#8221;Basis Training&#8221; currency_symbol=&#8221;&#8221; price=&#8221;&#8221; recurring_fee=&#8221;&#8221; data_animation=&#8221;fadeIn&#8221; data_delay=&#8221;300&#8243; button_text=&#8221;Buy now&#8221; button_size=&#8221;medium&#8221; button_shape=&#8221;rounded&#8221; style=&#8221;pricing_table_style1&#8243; title_font_options=&#8221;tag:h2&#8243;]Unser Basistraining beinhaltet 14 Stunden.<\/p>\n<p>2 Tage Online Training[\/apress_pricing_table][\/vc_column_inner][\/vc_row_inner][\/vc_column][\/vc_row]<\/p>\n<div class=\"shariff shariff-align-flex-start shariff-widget-align-flex-start\"><ul class=\"shariff-buttons theme-round orientation-horizontal buttonsize-medium\"><li class=\"shariff-button linkedin shariff-nocustomcolor\" style=\"background-color:#1488bf\"><a href=\"https:\/\/www.linkedin.com\/sharing\/share-offsite\/?url=https%3A%2F%2Fkiller-press.com%2Fde%2Fonline-training%2F\" title=\"Bei LinkedIn teilen\" aria-label=\"Bei LinkedIn teilen\" role=\"button\" rel=\"noopener nofollow\" class=\"shariff-link\" style=\"; background-color:#0077b5; color:#fff\" target=\"_blank\"><span class=\"shariff-icon\" style=\"\"><svg width=\"32px\" height=\"20px\" xmlns=\"http:\/\/www.w3.org\/2000\/svg\" viewBox=\"0 0 27 32\"><path fill=\"#0077b5\" d=\"M6.2 11.2v17.7h-5.9v-17.7h5.9zM6.6 5.7q0 1.3-0.9 2.2t-2.4 0.9h0q-1.5 0-2.4-0.9t-0.9-2.2 0.9-2.2 2.4-0.9 2.4 0.9 0.9 2.2zM27.4 18.7v10.1h-5.9v-9.5q0-1.9-0.7-2.9t-2.3-1.1q-1.1 0-1.9 0.6t-1.2 1.5q-0.2 0.5-0.2 1.4v9.9h-5.9q0-7.1 0-11.6t0-5.3l0-0.9h5.9v2.6h0q0.4-0.6 0.7-1t1-0.9 1.6-0.8 2-0.3q3 0 4.9 2t1.9 6z\"\/><\/svg><\/span><\/a><\/li><li class=\"shariff-button facebook shariff-nocustomcolor\" style=\"background-color:#4273c8\"><a href=\"https:\/\/www.facebook.com\/sharer\/sharer.php?u=https%3A%2F%2Fkiller-press.com%2Fde%2Fonline-training%2F\" title=\"Bei Facebook teilen\" aria-label=\"Bei Facebook teilen\" role=\"button\" rel=\"nofollow\" class=\"shariff-link\" style=\"; background-color:#3b5998; color:#fff\" target=\"_blank\"><span class=\"shariff-icon\" style=\"\"><svg width=\"32px\" height=\"20px\" xmlns=\"http:\/\/www.w3.org\/2000\/svg\" viewBox=\"0 0 18 32\"><path fill=\"#3b5998\" d=\"M17.1 0.2v4.7h-2.8q-1.5 0-2.1 0.6t-0.5 1.9v3.4h5.2l-0.7 5.3h-4.5v13.6h-5.5v-13.6h-4.5v-5.3h4.5v-3.9q0-3.3 1.9-5.2t5-1.8q2.6 0 4.1 0.2z\"\/><\/svg><\/span><\/a><\/li><li class=\"shariff-button mailto shariff-nocustomcolor\" style=\"background-color:#a8a8a8\"><a href=\"mailto:?body=https%3A%2F%2Fkiller-press.com%2Fde%2Fonline-training%2F&subject=Online%20Training\" title=\"Per E-Mail versenden\" aria-label=\"Per E-Mail versenden\" role=\"button\" rel=\"noopener nofollow\" class=\"shariff-link\" style=\"; background-color:#999; color:#fff\"><span class=\"shariff-icon\" style=\"\"><svg width=\"32px\" height=\"20px\" xmlns=\"http:\/\/www.w3.org\/2000\/svg\" viewBox=\"0 0 32 32\"><path fill=\"#999\" d=\"M32 12.7v14.2q0 1.2-0.8 2t-2 0.9h-26.3q-1.2 0-2-0.9t-0.8-2v-14.2q0.8 0.9 1.8 1.6 6.5 4.4 8.9 6.1 1 0.8 1.6 1.2t1.7 0.9 2 0.4h0.1q0.9 0 2-0.4t1.7-0.9 1.6-1.2q3-2.2 8.9-6.1 1-0.7 1.8-1.6zM32 7.4q0 1.4-0.9 2.7t-2.2 2.2q-6.7 4.7-8.4 5.8-0.2 0.1-0.7 0.5t-1 0.7-0.9 0.6-1.1 0.5-0.9 0.2h-0.1q-0.4 0-0.9-0.2t-1.1-0.5-0.9-0.6-1-0.7-0.7-0.5q-1.6-1.1-4.7-3.2t-3.6-2.6q-1.1-0.7-2.1-2t-1-2.5q0-1.4 0.7-2.3t2.1-0.9h26.3q1.2 0 2 0.8t0.9 2z\"\/><\/svg><\/span><\/a><\/li><\/ul><\/div><\/div>","protected":false},"excerpt":{"rendered":"<p>[vc_row full_width=&#8221;stretch_row&#8221; css=&#8221;.vc_custom_1701713397850{padding-top: 50px !important;padding-bottom: 100px !important;}&#8221;][vc_column][apress_heading sub_title=&#8221;Unsere Angebote&#8221; enable_delimiter=&#8221;&#8221; style=&#8221;heading_style2&#8243; title_font_options=&#8221;tag:h2|font_size:50|letter_spacing:1|font_style_bold:1&#8243; subtitle_font_options=&#8221;tag:div&#8221; title_responsive=&#8221;font_size_tablet:35|line_height_tablet:45|letter_spacing_tablet:1|font_size_mobile:25|line_height_mobile:35|letter_spacing_mobile:1&#8243;]Online Training[\/apress_heading][\/vc_column][\/vc_row][vc_row][vc_column][vc_column_text]Online Training f\u00fcr Fach- und F\u00fchrungskr\u00e4fte, Nachwuchsf\u00fchrungskr\u00e4fte und Unternehmer ist eine gro\u00dfartige M\u00f6glichkeit, um Ihre Karriere voranzutreiben und Ihre F\u00e4higkeiten zu verbessern. Das Angebot an Online-Trainingsprogrammen<span class=\"read_more_area\"><a class=\"read-more\" href=\"https:\/\/killer-press.com\/de\/online-training\/\"> Continue Reading <\/a><\/span><\/p>\n","protected":false},"author":2,"featured_media":0,"parent":0,"menu_order":0,"comment_status":"closed","ping_status":"closed","template":"","meta":{"MSN_Categories":"Uncategorized","MSN_Publish_Option":false,"MSN_Is_Local_News":false,"MSN_Is_AIAC_Included":"Empty","MSN_Location":"[]","MSN_Add_Feature_Img_On_Top_Of_Post":false,"MSN_Has_Custom_Author":false,"MSN_Custom_Author":"","MSN_Has_Custom_Canonical_Url":false,"MSN_Custom_Canonical_Url":"","footnotes":""},"class_list":["post-2485","page","type-page","status-publish","hentry"],"yoast_head":"<!-- This site is optimized with the Yoast SEO Premium plugin v20.7 (Yoast SEO v25.6) - https:\/\/yoast.com\/wordpress\/plugins\/seo\/ -->\n<title>Online Training - Killer Press<\/title>\n<meta name=\"description\" content=\"Online Training f\u00fcr Fach- und F\u00fchrungskr\u00e4fte, Nachwuchsf\u00fchrungskr\u00e4fte und Unternehmer ist eine gro\u00dfartige M\u00f6glichkeit, um Ihre Karriere\" \/>\n<meta name=\"robots\" content=\"index, follow, max-snippet:-1, max-image-preview:large, max-video-preview:-1\" \/>\n<link rel=\"canonical\" href=\"https:\/\/killer-press.com\/de\/online-training\/\" \/>\n<meta property=\"og:locale\" content=\"de_DE\" \/>\n<meta property=\"og:type\" content=\"article\" \/>\n<meta property=\"og:title\" content=\"Online Training\" \/>\n<meta property=\"og:description\" content=\"Online Training f\u00fcr Fach- und F\u00fchrungskr\u00e4fte, Nachwuchsf\u00fchrungskr\u00e4fte und Unternehmer ist eine gro\u00dfartige M\u00f6glichkeit, um Ihre Karriere\" \/>\n<meta property=\"og:url\" content=\"https:\/\/killer-press.com\/de\/online-training\/\" \/>\n<meta property=\"og:site_name\" content=\"Killer Press\" \/>\n<meta property=\"article:modified_time\" content=\"2023-12-04T18:10:52+00:00\" \/>\n<meta property=\"og:image\" content=\"https:\/\/killer-press.com\/de\/wp-content\/uploads\/sites\/6\/2022\/01\/photo.jpg\" \/>\n\t<meta property=\"og:image:width\" content=\"2048\" \/>\n\t<meta property=\"og:image:height\" content=\"1152\" \/>\n\t<meta property=\"og:image:type\" content=\"image\/jpeg\" \/>\n<meta name=\"twitter:card\" content=\"summary_large_image\" \/>\n<meta name=\"twitter:label1\" content=\"Gesch\u00e4tzte Lesezeit\" \/>\n\t<meta name=\"twitter:data1\" content=\"4\u00a0Minuten\" \/>\n<script type=\"application\/ld+json\" class=\"yoast-schema-graph\">{\"@context\":\"https:\/\/schema.org\",\"@graph\":[{\"@type\":\"WebPage\",\"@id\":\"https:\/\/killer-press.com\/de\/online-training\/\",\"url\":\"https:\/\/killer-press.com\/de\/online-training\/\",\"name\":\"Online Training - Killer Press\",\"isPartOf\":{\"@id\":\"https:\/\/killer-press.com\/de\/#website\"},\"datePublished\":\"2022-10-31T11:08:54+00:00\",\"dateModified\":\"2023-12-04T18:10:52+00:00\",\"description\":\"Online Training f\u00fcr Fach- und F\u00fchrungskr\u00e4fte, Nachwuchsf\u00fchrungskr\u00e4fte und Unternehmer ist eine gro\u00dfartige M\u00f6glichkeit, um Ihre Karriere\",\"breadcrumb\":{\"@id\":\"https:\/\/killer-press.com\/de\/online-training\/#breadcrumb\"},\"inLanguage\":\"de\",\"potentialAction\":[{\"@type\":\"ReadAction\",\"target\":[\"https:\/\/killer-press.com\/de\/online-training\/\"]}]},{\"@type\":\"BreadcrumbList\",\"@id\":\"https:\/\/killer-press.com\/de\/online-training\/#breadcrumb\",\"itemListElement\":[{\"@type\":\"ListItem\",\"position\":1,\"name\":\"Home\",\"item\":\"https:\/\/killer-press.com\/de\/\"},{\"@type\":\"ListItem\",\"position\":2,\"name\":\"Online Training\"}]},{\"@type\":\"WebSite\",\"@id\":\"https:\/\/killer-press.com\/de\/#website\",\"url\":\"https:\/\/killer-press.com\/de\/\",\"name\":\"Killer Press\",\"description\":\"\",\"publisher\":{\"@id\":\"https:\/\/killer-press.com\/de\/#organization\"},\"potentialAction\":[{\"@type\":\"SearchAction\",\"target\":{\"@type\":\"EntryPoint\",\"urlTemplate\":\"https:\/\/killer-press.com\/de\/?s={search_term_string}\"},\"query-input\":{\"@type\":\"PropertyValueSpecification\",\"valueRequired\":true,\"valueName\":\"search_term_string\"}}],\"inLanguage\":\"de\"},{\"@type\":\"Organization\",\"@id\":\"https:\/\/killer-press.com\/de\/#organization\",\"name\":\"Killer Press\",\"url\":\"https:\/\/killer-press.com\/de\/\",\"logo\":{\"@type\":\"ImageObject\",\"inLanguage\":\"de\",\"@id\":\"https:\/\/killer-press.com\/de\/#\/schema\/logo\/image\/\",\"url\":\"https:\/\/killer-press.com\/de\/wp-content\/uploads\/sites\/6\/2022\/01\/photo.jpg\",\"contentUrl\":\"https:\/\/killer-press.com\/de\/wp-content\/uploads\/sites\/6\/2022\/01\/photo.jpg\",\"width\":2048,\"height\":1152,\"caption\":\"Killer Press\"},\"image\":{\"@id\":\"https:\/\/killer-press.com\/de\/#\/schema\/logo\/image\/\"}}]}<\/script>\n<!-- \/ Yoast SEO Premium plugin. -->","yoast_head_json":{"title":"Online Training - Killer Press","description":"Online Training f\u00fcr Fach- und F\u00fchrungskr\u00e4fte, Nachwuchsf\u00fchrungskr\u00e4fte und Unternehmer ist eine gro\u00dfartige M\u00f6glichkeit, um Ihre Karriere","robots":{"index":"index","follow":"follow","max-snippet":"max-snippet:-1","max-image-preview":"max-image-preview:large","max-video-preview":"max-video-preview:-1"},"canonical":"https:\/\/killer-press.com\/de\/online-training\/","og_locale":"de_DE","og_type":"article","og_title":"Online Training","og_description":"Online Training f\u00fcr Fach- und F\u00fchrungskr\u00e4fte, Nachwuchsf\u00fchrungskr\u00e4fte und Unternehmer ist eine gro\u00dfartige M\u00f6glichkeit, um Ihre Karriere","og_url":"https:\/\/killer-press.com\/de\/online-training\/","og_site_name":"Killer Press","article_modified_time":"2023-12-04T18:10:52+00:00","og_image":[{"width":2048,"height":1152,"url":"https:\/\/killer-press.com\/de\/wp-content\/uploads\/sites\/6\/2022\/01\/photo.jpg","type":"image\/jpeg"}],"twitter_card":"summary_large_image","twitter_misc":{"Gesch\u00e4tzte Lesezeit":"4\u00a0Minuten"},"schema":{"@context":"https:\/\/schema.org","@graph":[{"@type":"WebPage","@id":"https:\/\/killer-press.com\/de\/online-training\/","url":"https:\/\/killer-press.com\/de\/online-training\/","name":"Online Training - Killer Press","isPartOf":{"@id":"https:\/\/killer-press.com\/de\/#website"},"datePublished":"2022-10-31T11:08:54+00:00","dateModified":"2023-12-04T18:10:52+00:00","description":"Online Training f\u00fcr Fach- und F\u00fchrungskr\u00e4fte, Nachwuchsf\u00fchrungskr\u00e4fte und Unternehmer ist eine gro\u00dfartige M\u00f6glichkeit, um Ihre Karriere","breadcrumb":{"@id":"https:\/\/killer-press.com\/de\/online-training\/#breadcrumb"},"inLanguage":"de","potentialAction":[{"@type":"ReadAction","target":["https:\/\/killer-press.com\/de\/online-training\/"]}]},{"@type":"BreadcrumbList","@id":"https:\/\/killer-press.com\/de\/online-training\/#breadcrumb","itemListElement":[{"@type":"ListItem","position":1,"name":"Home","item":"https:\/\/killer-press.com\/de\/"},{"@type":"ListItem","position":2,"name":"Online Training"}]},{"@type":"WebSite","@id":"https:\/\/killer-press.com\/de\/#website","url":"https:\/\/killer-press.com\/de\/","name":"Killer Press","description":"","publisher":{"@id":"https:\/\/killer-press.com\/de\/#organization"},"potentialAction":[{"@type":"SearchAction","target":{"@type":"EntryPoint","urlTemplate":"https:\/\/killer-press.com\/de\/?s={search_term_string}"},"query-input":{"@type":"PropertyValueSpecification","valueRequired":true,"valueName":"search_term_string"}}],"inLanguage":"de"},{"@type":"Organization","@id":"https:\/\/killer-press.com\/de\/#organization","name":"Killer Press","url":"https:\/\/killer-press.com\/de\/","logo":{"@type":"ImageObject","inLanguage":"de","@id":"https:\/\/killer-press.com\/de\/#\/schema\/logo\/image\/","url":"https:\/\/killer-press.com\/de\/wp-content\/uploads\/sites\/6\/2022\/01\/photo.jpg","contentUrl":"https:\/\/killer-press.com\/de\/wp-content\/uploads\/sites\/6\/2022\/01\/photo.jpg","width":2048,"height":1152,"caption":"Killer Press"},"image":{"@id":"https:\/\/killer-press.com\/de\/#\/schema\/logo\/image\/"}}]}},"_links":{"self":[{"href":"https:\/\/killer-press.com\/de\/wp-json\/wp\/v2\/pages\/2485","targetHints":{"allow":["GET"]}}],"collection":[{"href":"https:\/\/killer-press.com\/de\/wp-json\/wp\/v2\/pages"}],"about":[{"href":"https:\/\/killer-press.com\/de\/wp-json\/wp\/v2\/types\/page"}],"author":[{"embeddable":true,"href":"https:\/\/killer-press.com\/de\/wp-json\/wp\/v2\/users\/2"}],"replies":[{"embeddable":true,"href":"https:\/\/killer-press.com\/de\/wp-json\/wp\/v2\/comments?post=2485"}],"version-history":[{"count":11,"href":"https:\/\/killer-press.com\/de\/wp-json\/wp\/v2\/pages\/2485\/revisions"}],"predecessor-version":[{"id":2791,"href":"https:\/\/killer-press.com\/de\/wp-json\/wp\/v2\/pages\/2485\/revisions\/2791"}],"wp:attachment":[{"href":"https:\/\/killer-press.com\/de\/wp-json\/wp\/v2\/media?parent=2485"}],"curies":[{"name":"wp","href":"https:\/\/api.w.org\/{rel}","templated":true}]}}