{"id":1844,"date":"2018-04-16T10:14:42","date_gmt":"2018-04-16T10:14:42","guid":{"rendered":"https:\/\/bagony.com\/killgerm\/?page_id=1844"},"modified":"2018-04-16T10:14:42","modified_gmt":"2018-04-16T10:14:42","slug":"imprint","status":"publish","type":"page","link":"https:\/\/killer-press.com\/en\/imprint\/","title":{"rendered":"Imprint"},"content":{"rendered":"<h2>ANGABEN GEM\u00c4SS \u00a7 5 TMG:<\/h2>\n<p>Claudia Scheffler-Perrone<\/p>\n<p>Journalistin<\/p>\n<p>Schwalbenweg 18<\/p>\n<p>21220 Seevetal<\/p>\n<h2>KONTAKT:<\/h2>\n<table>\n<tbody>\n<tr>\n<td>Telefon:<\/td>\n<td>04105 \u2013 59298 98<\/td>\n<\/tr>\n<tr>\n<td>E-Mail:<\/td>\n<td>pr@killer-press.com<\/td>\n<\/tr>\n<\/tbody>\n<\/table>\n<h2><\/h2>\n<h2>UMSATZSTEUER-ID:<\/h2>\n<p>Umsatzsteuer-Identifikationsnummer gem\u00e4\u00df \u00a727 a Umsatzsteuergesetz:<\/p>\n<p>DE271611038<\/p>\n<p>Berufsbezeichnung: Journalist<\/p>\n<h2>VERANTWORTLICH F\u00dcR DEN INHALT NACH \u00a7 55 ABS. 2 RSTV:<\/h2>\n<p>Claudia Scheffler-Perrone<\/p>\n<p>Schwalbenweg 18<\/p>\n<p>21220 Seevetal<\/p>\n<h2>QUELLENANGABEN F\u00dcR DIE VERWENDETEN BILDER UND GRAFIKEN:<\/h2>\n<p>Photo Credits:<\/p>\n<p>Marc Evans Photography<\/p>\n<p>Generell \u2013 mehrere Bilder<\/p>\n<p><a href=\"http:\/\/www.canstockphoto.de\/\" target=\"_blank\" rel=\"noopener\">(c) Can Stock Photo<\/a><\/p>\n<p><strong>Haftungshinweis:<\/strong><\/p>\n<p>Trotz sorgf\u00e4ltiger inhaltlicher Kontrolle \u00fcbernehmen wir keine Haftung f\u00fcr die Inhalte externer Links. F\u00fcr den Inhalt der verlinkten Seiten sind ausschlie\u00dflich deren Betreiber verantwortlich.<\/p>\n<h2>1. HAFTUNGSBESCHR\u00c4NKUNG<\/h2>\n<p><em>Inhalte des Blogs<\/em><\/p>\n<p>Die Inhalte dieses Blogs werden mit gr\u00f6\u00dftm\u00f6glicher Sorgfalt erstellt. Der Anbieter \u00fcbernimmt jedoch keine Gew\u00e4hr f\u00fcr die Richtigkeit, Vollst\u00e4ndigkeit und Aktualit\u00e4t der bereitgestellten Inhalte. Die Nutzung der abrufbaren Inhalte erfolgt auf eigene Gefahr des Nutzers. Namentlich gekennzeichnete Beitr\u00e4ge geben die Meinung des jeweiligen Autors und nicht immer die Meinung des Herausgebers wieder.<\/p>\n<p><em>Externe Links<\/em><\/p>\n<p>Diese Website enth\u00e4lt Verkn\u00fcpfungen zu Websites Dritter (\u201cexterne Links\u201d). Diese Websites unterliegen der Haftung der jeweiligen Betreiber. Der Anbieter hat bei der erstmaligen Verkn\u00fcpfung der externen Links die fremden Inhalte daraufhin \u00fcberpr\u00fcft, ob etwaige Rechtsverst\u00f6\u00dfe bestehen. Zu dem Zeitpunkt waren keine Rechtsverst\u00f6\u00dfe ersichtlich. Der Anbieter hat keinerlei Einfluss auf die aktuelle und zuk\u00fcnftige Gestaltung und auf die Inhalte der verkn\u00fcpften Seiten. Das Setzen von externen Links bedeutet nicht, dass sich der Anbieter die hinter dem Verweis oder Link liegenden Inhalte zu Eigen macht. Eine st\u00e4ndige Kontrolle dieser externen Links ist f\u00fcr den Anbieter ohne konkrete Hinweise auf Rechtsverst\u00f6\u00dfe nicht zumutbar. Bei Kenntnis von Rechtsverst\u00f6\u00dfen werden jedoch derartige externe Links unverz\u00fcglich gel\u00f6scht.<\/p>\n<h2>2. URHEBERRECHT<\/h2>\n<p>Die auf dieser Website ver\u00f6ffentlichten Inhalte und Werke sind urheberrechtlich gesch\u00fctzt. Jede vom deutschen Urheberrecht nicht zugelassene Verwertung bedarf der vorherigen schriftlichen Zustimmung des jeweiligen Autors oder Urhebers. Dies gilt insbesondere f\u00fcr Vervielf\u00e4ltigung, Bearbeitung, \u00dcbersetzung, Einspeicherung, Verarbeitung bzw. Wiedergabe von Inhalten in Datenbanken oder anderen elektronischen Medien und Systemen. Inhalte und Beitr\u00e4ge Dritter sind dabei als solche gekennzeichnet. Die unerlaubte Vervielf\u00e4ltigung oder Weitergabe einzelner Inhalte oder kompletter Seiten ist nicht gestattet und strafbar.<\/p>\n<h2>3. HAFTUNGSBESCHR\u00c4NKUNG<\/h2>\n<p>3.1. Die von den Teilnehmern eingestellten Inhalte sind deren eigene Beitr\u00e4ge und Meinungen. Jeder Teilnehmer ist f\u00fcr die von ihm eingestellten Inhalte selbst verantwortlich. Hierzu ist jeder Beitrag mit dem Pseudonym des Autors bzw. Nutzers gekennzeichnet. Der Anbieter des Blogs \u00fcbernimmt keinerlei Haftung oder Gew\u00e4hr f\u00fcr die fremden Inhalte, insbesondere nicht f\u00fcr deren Richtigkeit, Vollst\u00e4ndigkeit und Aktualit\u00e4t. Er macht sich diese fremden Inhalte auch nicht zu eigen. Sollten fremde Beitr\u00e4ge gegen geltendes Recht oder gegen diese Nutzungsbedingungen versto\u00dfen, distanziert sich der Anbieter des Blogs ausdr\u00fccklich von den betreffenden Inhalten. Entsprechendes gilt f\u00fcr von den Teilnehmern in den Blog eingestellte externe Links.<\/p>\n<p>3.2. Bei Kenntnis von rechtswidrigen Inhalten, externen Links bzw. Beitr\u00e4gen werden diese gel\u00f6scht oder abge\u00e4ndert.<\/p>\n<h2>4. RECHTE DES BLOG-ANBIETERS<\/h2>\n<p>4.1. Die Anbieter hat das Recht, Themen und Beitr\u00e4ge zu l\u00f6schen, zu bearbeiten, zu verschieben oder zu schlie\u00dfen. Ein Anspruch des Teilnehmers auf L\u00f6schung oder Korrektur seiner Eintr\u00e4ge gegen\u00fcber dem Anbieter ist ausgeschlossen.<\/p>\n<p>4.2. Die Anbieter des Blogs hat das Recht, Teilnehmer von der Nutzung des Blogs ganz oder teilweise, insbesondere bei einem Versto\u00df gegen diese Regeln, auszuschliessen.<\/p>\n<p>Links zum Blog des Anbieters sind jederzeit willkommen und bed\u00fcrfen keiner Zustimmung durch den Anbieter der Website. Die Darstellung dieser Website in fremden Frames ist nur mit Erlaubnis zul\u00e4ssig.<\/p>\n<div class=\"shariff\"><ul class=\"shariff-buttons theme-default orientation-horizontal buttonsize-medium\"><li class=\"shariff-button twitter shariff-nocustomcolor\" style=\"background-color:#595959\"><a href=\"https:\/\/twitter.com\/share?url=https%3A%2F%2Fkiller-press.com%2Fen%2Fimprint%2F&text=Imprint\" title=\"Bei X teilen\" aria-label=\"Bei X teilen\" role=\"button\" rel=\"noopener nofollow\" class=\"shariff-link\" style=\"; background-color:#000; color:#fff\" target=\"_blank\"><span class=\"shariff-icon\" style=\"\"><svg width=\"32px\" height=\"20px\" xmlns=\"http:\/\/www.w3.org\/2000\/svg\" viewBox=\"0 0 24 24\"><path fill=\"#000\" d=\"M14.258 10.152L23.176 0h-2.113l-7.747 8.813L7.133 0H0l9.352 13.328L0 23.973h2.113l8.176-9.309 6.531 9.309h7.133zm-2.895 3.293l-.949-1.328L2.875 1.56h3.246l6.086 8.523.945 1.328 7.91 11.078h-3.246zm0 0\"\/><\/svg><\/span><span class=\"shariff-text\">teilen<\/span>&nbsp;<\/a><\/li><li class=\"shariff-button facebook shariff-nocustomcolor\" style=\"background-color:#4273c8\"><a href=\"https:\/\/www.facebook.com\/sharer\/sharer.php?u=https%3A%2F%2Fkiller-press.com%2Fen%2Fimprint%2F\" title=\"Bei Facebook teilen\" aria-label=\"Bei Facebook teilen\" role=\"button\" rel=\"nofollow\" class=\"shariff-link\" style=\"; background-color:#3b5998; color:#fff\" target=\"_blank\"><span class=\"shariff-icon\" style=\"\"><svg width=\"32px\" height=\"20px\" xmlns=\"http:\/\/www.w3.org\/2000\/svg\" viewBox=\"0 0 18 32\"><path fill=\"#3b5998\" d=\"M17.1 0.2v4.7h-2.8q-1.5 0-2.1 0.6t-0.5 1.9v3.4h5.2l-0.7 5.3h-4.5v13.6h-5.5v-13.6h-4.5v-5.3h4.5v-3.9q0-3.3 1.9-5.2t5-1.8q2.6 0 4.1 0.2z\"\/><\/svg><\/span><span class=\"shariff-text\">teilen<\/span>&nbsp;<\/a><\/li><li class=\"shariff-button mailto shariff-nocustomcolor\" style=\"background-color:#a8a8a8\"><a href=\"mailto:?body=https%3A%2F%2Fkiller-press.com%2Fen%2Fimprint%2F&subject=Imprint\" title=\"Per E-Mail versenden\" aria-label=\"Per E-Mail versenden\" role=\"button\" rel=\"noopener nofollow\" class=\"shariff-link\" style=\"; background-color:#999; color:#fff\"><span class=\"shariff-icon\" style=\"\"><svg width=\"32px\" height=\"20px\" xmlns=\"http:\/\/www.w3.org\/2000\/svg\" viewBox=\"0 0 32 32\"><path fill=\"#999\" d=\"M32 12.7v14.2q0 1.2-0.8 2t-2 0.9h-26.3q-1.2 0-2-0.9t-0.8-2v-14.2q0.8 0.9 1.8 1.6 6.5 4.4 8.9 6.1 1 0.8 1.6 1.2t1.7 0.9 2 0.4h0.1q0.9 0 2-0.4t1.7-0.9 1.6-1.2q3-2.2 8.9-6.1 1-0.7 1.8-1.6zM32 7.4q0 1.4-0.9 2.7t-2.2 2.2q-6.7 4.7-8.4 5.8-0.2 0.1-0.7 0.5t-1 0.7-0.9 0.6-1.1 0.5-0.9 0.2h-0.1q-0.4 0-0.9-0.2t-1.1-0.5-0.9-0.6-1-0.7-0.7-0.5q-1.6-1.1-4.7-3.2t-3.6-2.6q-1.1-0.7-2.1-2t-1-2.5q0-1.4 0.7-2.3t2.1-0.9h26.3q1.2 0 2 0.8t0.9 2z\"\/><\/svg><\/span><span class=\"shariff-text\">E-Mail<\/span>&nbsp;<\/a><\/li><li class=\"shariff-button pinterest shariff-nocustomcolor\" style=\"background-color:#e70f18\"><a href=\"https:\/\/www.pinterest.com\/pin\/create\/link\/?url=https%3A%2F%2Fkiller-press.com%2Fen%2Fimprint%2F&media=https%3A%2F%2Fkiller-press.com%2Fen%2Fwp-content%2Fplugins%2Fshariff%2Fimages%2FdefaultHint.png&description=Imprint\" title=\"Bei Pinterest pinnen\" aria-label=\"Bei Pinterest pinnen\" role=\"button\" rel=\"noopener nofollow\" class=\"shariff-link\" style=\"; background-color:#cb2027; color:#fff\" target=\"_blank\"><span class=\"shariff-icon\" style=\"\"><svg width=\"32px\" height=\"20px\" xmlns=\"http:\/\/www.w3.org\/2000\/svg\" viewBox=\"0 0 27 32\"><path fill=\"#cb2027\" d=\"M27.4 16q0 3.7-1.8 6.9t-5 5-6.9 1.9q-2 0-3.9-0.6 1.1-1.7 1.4-2.9 0.2-0.6 1-3.8 0.4 0.7 1.3 1.2t2 0.5q2.1 0 3.8-1.2t2.7-3.4 0.9-4.8q0-2-1.1-3.8t-3.1-2.9-4.5-1.2q-1.9 0-3.5 0.5t-2.8 1.4-2 2-1.2 2.3-0.4 2.4q0 1.9 0.7 3.3t2.1 2q0.5 0.2 0.7-0.4 0-0.1 0.1-0.5t0.2-0.5q0.1-0.4-0.2-0.8-0.9-1.1-0.9-2.7 0-2.7 1.9-4.6t4.9-2q2.7 0 4.2 1.5t1.5 3.8q0 3-1.2 5.2t-3.1 2.1q-1.1 0-1.7-0.8t-0.4-1.9q0.1-0.6 0.5-1.7t0.5-1.8 0.2-1.4q0-0.9-0.5-1.5t-1.4-0.6q-1.1 0-1.9 1t-0.8 2.6q0 1.3 0.4 2.2l-1.8 7.5q-0.3 1.2-0.2 3.2-3.7-1.6-6-5t-2.3-7.6q0-3.7 1.9-6.9t5-5 6.9-1.9 6.9 1.9 5 5 1.8 6.9z\"\/><\/svg><\/span><span class=\"shariff-text\">merken<\/span>&nbsp;<\/a><\/li><\/ul><\/div>","protected":false},"excerpt":{"rendered":"<p>ANGABEN GEM\u00c4SS \u00a7 5 TMG: Claudia Scheffler-Perrone Journalistin Schwalbenweg 18 21220 Seevetal KONTAKT: Telefon: 04105 \u2013 59298 98 E-Mail: pr@killer-press.com UMSATZSTEUER-ID: Umsatzsteuer-Identifikationsnummer gem\u00e4\u00df \u00a727 a Umsatzsteuergesetz: DE271611038 Berufsbezeichnung: Journalist VERANTWORTLICH F\u00dcR DEN INHALT NACH \u00a7 55 ABS. 2 RSTV: Claudia<span class=\"read_more_area\"><a class=\"read-more\" href=\"https:\/\/killer-press.com\/en\/imprint\/\"> Continue Reading <\/a><\/span><\/p>\n","protected":false},"author":12,"featured_media":0,"parent":0,"menu_order":0,"comment_status":"closed","ping_status":"closed","template":"","meta":{"MSN_Categories":"Uncategorized","MSN_Publish_Option":false,"MSN_Is_Local_News":false,"MSN_Is_AIAC_Included":"Empty","MSN_Location":"[]","MSN_Add_Feature_Img_On_Top_Of_Post":false,"MSN_Has_Custom_Author":false,"MSN_Custom_Author":"","MSN_Has_Custom_Canonical_Url":false,"MSN_Custom_Canonical_Url":"","footnotes":""},"class_list":["post-1844","page","type-page","status-publish","hentry"],"yoast_head":"<!-- This site is optimized with the Yoast SEO Premium plugin v20.7 (Yoast SEO v27.4) - https:\/\/yoast.com\/product\/yoast-seo-premium-wordpress\/ -->\n<title>Imprint - Home<\/title>\n<meta name=\"robots\" content=\"index, follow, max-snippet:-1, max-image-preview:large, max-video-preview:-1\" \/>\n<link rel=\"canonical\" href=\"https:\/\/killer-press.com\/en\/imprint\/\" \/>\n<meta property=\"og:locale\" content=\"de_DE\" \/>\n<meta property=\"og:type\" content=\"article\" \/>\n<meta property=\"og:title\" content=\"Imprint\" \/>\n<meta property=\"og:description\" content=\"ANGABEN GEM\u00c4SS \u00a7 5 TMG: Claudia Scheffler-Perrone Journalistin Schwalbenweg 18 21220 Seevetal KONTAKT: Telefon: 04105 \u2013 59298 98 E-Mail: pr@killer-press.com UMSATZSTEUER-ID: Umsatzsteuer-Identifikationsnummer gem\u00e4\u00df \u00a727 a Umsatzsteuergesetz: DE271611038 Berufsbezeichnung: Journalist VERANTWORTLICH F\u00dcR DEN INHALT NACH \u00a7 55 ABS. 2 RSTV: Claudia Continue Reading\" \/>\n<meta property=\"og:url\" content=\"https:\/\/killer-press.com\/en\/imprint\/\" \/>\n<meta property=\"og:site_name\" content=\"Home\" \/>\n<meta name=\"twitter:card\" content=\"summary_large_image\" \/>\n<meta name=\"twitter:label1\" content=\"Gesch\u00e4tzte Lesezeit\" \/>\n\t<meta name=\"twitter:data1\" content=\"3\u00a0Minuten\" \/>\n<script type=\"application\/ld+json\" class=\"yoast-schema-graph\">{\"@context\":\"https:\\\/\\\/schema.org\",\"@graph\":[{\"@type\":\"WebPage\",\"@id\":\"https:\\\/\\\/killer-press.com\\\/en\\\/imprint\\\/\",\"url\":\"https:\\\/\\\/killer-press.com\\\/en\\\/imprint\\\/\",\"name\":\"Imprint - Home\",\"isPartOf\":{\"@id\":\"https:\\\/\\\/killer-press.com\\\/en\\\/#website\"},\"datePublished\":\"2018-04-16T10:14:42+00:00\",\"breadcrumb\":{\"@id\":\"https:\\\/\\\/killer-press.com\\\/en\\\/imprint\\\/#breadcrumb\"},\"inLanguage\":\"de\",\"potentialAction\":[{\"@type\":\"ReadAction\",\"target\":[\"https:\\\/\\\/killer-press.com\\\/en\\\/imprint\\\/\"]}]},{\"@type\":\"BreadcrumbList\",\"@id\":\"https:\\\/\\\/killer-press.com\\\/en\\\/imprint\\\/#breadcrumb\",\"itemListElement\":[{\"@type\":\"ListItem\",\"position\":1,\"name\":\"Home\",\"item\":\"https:\\\/\\\/killer-press.com\\\/en\\\/\"},{\"@type\":\"ListItem\",\"position\":2,\"name\":\"Imprint\"}]},{\"@type\":\"WebSite\",\"@id\":\"https:\\\/\\\/killer-press.com\\\/en\\\/#website\",\"url\":\"https:\\\/\\\/killer-press.com\\\/en\\\/\",\"name\":\"Home\",\"description\":\"Just another Killer-Press Sites site\",\"potentialAction\":[{\"@type\":\"SearchAction\",\"target\":{\"@type\":\"EntryPoint\",\"urlTemplate\":\"https:\\\/\\\/killer-press.com\\\/en\\\/?s={search_term_string}\"},\"query-input\":{\"@type\":\"PropertyValueSpecification\",\"valueRequired\":true,\"valueName\":\"search_term_string\"}}],\"inLanguage\":\"de\"}]}<\/script>\n<!-- \/ Yoast SEO Premium plugin. -->","yoast_head_json":{"title":"Imprint - Home","robots":{"index":"index","follow":"follow","max-snippet":"max-snippet:-1","max-image-preview":"max-image-preview:large","max-video-preview":"max-video-preview:-1"},"canonical":"https:\/\/killer-press.com\/en\/imprint\/","og_locale":"de_DE","og_type":"article","og_title":"Imprint","og_description":"ANGABEN GEM\u00c4SS \u00a7 5 TMG: Claudia Scheffler-Perrone Journalistin Schwalbenweg 18 21220 Seevetal KONTAKT: Telefon: 04105 \u2013 59298 98 E-Mail: pr@killer-press.com UMSATZSTEUER-ID: Umsatzsteuer-Identifikationsnummer gem\u00e4\u00df \u00a727 a Umsatzsteuergesetz: DE271611038 Berufsbezeichnung: Journalist VERANTWORTLICH F\u00dcR DEN INHALT NACH \u00a7 55 ABS. 2 RSTV: Claudia Continue Reading","og_url":"https:\/\/killer-press.com\/en\/imprint\/","og_site_name":"Home","twitter_card":"summary_large_image","twitter_misc":{"Gesch\u00e4tzte Lesezeit":"3\u00a0Minuten"},"schema":{"@context":"https:\/\/schema.org","@graph":[{"@type":"WebPage","@id":"https:\/\/killer-press.com\/en\/imprint\/","url":"https:\/\/killer-press.com\/en\/imprint\/","name":"Imprint - Home","isPartOf":{"@id":"https:\/\/killer-press.com\/en\/#website"},"datePublished":"2018-04-16T10:14:42+00:00","breadcrumb":{"@id":"https:\/\/killer-press.com\/en\/imprint\/#breadcrumb"},"inLanguage":"de","potentialAction":[{"@type":"ReadAction","target":["https:\/\/killer-press.com\/en\/imprint\/"]}]},{"@type":"BreadcrumbList","@id":"https:\/\/killer-press.com\/en\/imprint\/#breadcrumb","itemListElement":[{"@type":"ListItem","position":1,"name":"Home","item":"https:\/\/killer-press.com\/en\/"},{"@type":"ListItem","position":2,"name":"Imprint"}]},{"@type":"WebSite","@id":"https:\/\/killer-press.com\/en\/#website","url":"https:\/\/killer-press.com\/en\/","name":"Home","description":"Just another Killer-Press Sites site","potentialAction":[{"@type":"SearchAction","target":{"@type":"EntryPoint","urlTemplate":"https:\/\/killer-press.com\/en\/?s={search_term_string}"},"query-input":{"@type":"PropertyValueSpecification","valueRequired":true,"valueName":"search_term_string"}}],"inLanguage":"de"}]}},"_links":{"self":[{"href":"https:\/\/killer-press.com\/en\/wp-json\/wp\/v2\/pages\/1844","targetHints":{"allow":["GET"]}}],"collection":[{"href":"https:\/\/killer-press.com\/en\/wp-json\/wp\/v2\/pages"}],"about":[{"href":"https:\/\/killer-press.com\/en\/wp-json\/wp\/v2\/types\/page"}],"author":[{"embeddable":true,"href":"https:\/\/killer-press.com\/en\/wp-json\/wp\/v2\/users\/12"}],"replies":[{"embeddable":true,"href":"https:\/\/killer-press.com\/en\/wp-json\/wp\/v2\/comments?post=1844"}],"version-history":[{"count":0,"href":"https:\/\/killer-press.com\/en\/wp-json\/wp\/v2\/pages\/1844\/revisions"}],"wp:attachment":[{"href":"https:\/\/killer-press.com\/en\/wp-json\/wp\/v2\/media?parent=1844"}],"curies":[{"name":"wp","href":"https:\/\/api.w.org\/{rel}","templated":true}]}}